{"id":5156,"date":"2025-12-02T09:14:54","date_gmt":"2025-12-02T09:14:54","guid":{"rendered":"https:\/\/mountlaser.com\/?post_type=product&#038;p=5156"},"modified":"2025-12-03T05:21:02","modified_gmt":"2025-12-03T05:21:02","slug":"gp180sc-2a-gps-pole-compression-snap-lock","status":"publish","type":"product","link":"https:\/\/mountlaser.com\/fr_fr\/produit\/gp180sc-2a-gps-pole-compression-snap-lock\/","title":{"rendered":"GP180SC-2A Syst\u00e8me de compression et de verrouillage par encliquetage pour poteau GPS"},"content":{"rendered":"<p>Le <a href=\"https:\/\/mountlaser.com\/fr_fr\/categorie-produit\/surveying-pole-rod\/\"><strong>Tige Rover \u00e0 verrouillage rapide en aluminium<\/strong><\/a> Cette perche d&#039;arpentage robuste et pr\u00eate \u00e0 l&#039;emploi est con\u00e7ue pour les professionnels exigeant une stabilit\u00e9 en hauteur fiable et une installation rapide. Fabriqu\u00e9e en aluminium de haute qualit\u00e9, cette perche Rover \u00e0 verrouillage rapide combine un syst\u00e8me de verrouillage par compression et un m\u00e9canisme de verrouillage rapide fiable, garantissant une extension s\u00e9curis\u00e9e m\u00eame sur les terrains difficiles. Con\u00e7ue pour une utilisation polyvalente <a href=\"https:\/\/mountlaser.com\/fr_fr\/about-us\/\">Tige de Rover en aluminium<\/a>, Elle offre une excellente rigidit\u00e9 tout en restant l\u00e9g\u00e8re pour les flux de travail quotidiens li\u00e9s aux syst\u00e8mes GNSS et aux stations totales.<\/p>\n<div>\n<p>Dot\u00e9e d&#039;un filetage 5\/8\u2033-11 et d&#039;une entretoise ronde optionnelle, la tige Rover en aluminium \u00e0 verrouillage rapide s&#039;adapte facilement \u00e0 diff\u00e9rents r\u00e9cepteurs et accessoires. Sa base noire \u00e0 bulle de 32 mm de diam\u00e8tre ext\u00e9rieur assure un alignement vertical pr\u00e9cis, tandis que l&#039;\u00e9tui souple et la bo\u00eete int\u00e9rieure inclus facilitent et s\u00e9curisent le transport. Gr\u00e2ce \u00e0 son syst\u00e8me de verrouillage efficace et \u00e0 sa construction robuste, cette tige Rover en aluminium garantit des mesures stables et r\u00e9p\u00e9tables pour les travaux topographiques professionnels.<\/p>\n<table style=\"border-collapse: collapse; width: 1055.28pt;\" border=\"0\" width=\"1407\" cellspacing=\"0\" cellpadding=\"0\">\n<tbody>\n<tr style=\"height: 14.25pt;\">\n<td class=\"et2\" style=\"height: 14.25pt; width: 235.50pt;\" width=\"314\" height=\"19\">NOMBRE<\/td>\n<td class=\"et2\" style=\"width: 309.00pt;\" width=\"412\">EXTENSION<\/td>\n<td class=\"et3\" style=\"width: 88.50pt;\" width=\"118\">MAT\u00c9RIEL<\/td>\n<td class=\"et4\" style=\"width: 138.00pt;\" width=\"184\">BASE \u00c0 BULLES<\/td>\n<td class=\"et4\" style=\"width: 176.25pt;\" width=\"235\">VERROUILLAGE<\/td>\n<td class=\"et2\" style=\"width: 54.00pt;\" width=\"72\">DIAM\u00c8TRE<\/td>\n<td class=\"et5\" style=\"width: 54.00pt;\" width=\"72\">IMAGE<\/td>\n<\/tr>\n<tr style=\"height: 14.25pt;\">\n<td class=\"et6\" style=\"height: 14.25pt;\" height=\"19\">GP180SC-2A<\/td>\n<td class=\"et7\">180 cm<\/td>\n<td class=\"et6\">Aluminium<\/td>\n<td class=\"et6\" style=\"text-align: center;\">\u2013<\/td>\n<td class=\"et6\">Compression et pression<\/td>\n<td class=\"et6\">18\/25 mm<\/td>\n<td><img fetchpriority=\"high\" decoding=\"async\" class=\"alignnone wp-image-5160\" src=\"https:\/\/mountlaser.com\/wp-content\/uploads\/2025\/12\/GP180SC-AA-4.webp\" alt=\"Aluminum Snap-Lock Rover Rod\" width=\"500\" height=\"500\" srcset=\"https:\/\/mountlaser.com\/wp-content\/uploads\/2025\/12\/GP180SC-AA-4.webp 1000w, https:\/\/mountlaser.com\/wp-content\/uploads\/2025\/12\/GP180SC-AA-4-300x300.webp 300w, https:\/\/mountlaser.com\/wp-content\/uploads\/2025\/12\/GP180SC-AA-4-150x150.webp 150w, https:\/\/mountlaser.com\/wp-content\/uploads\/2025\/12\/GP180SC-AA-4-768x768.webp 768w, https:\/\/mountlaser.com\/wp-content\/uploads\/2025\/12\/GP180SC-AA-4-12x12.webp 12w, https:\/\/mountlaser.com\/wp-content\/uploads\/2025\/12\/GP180SC-AA-4-600x600.webp 600w, https:\/\/mountlaser.com\/wp-content\/uploads\/2025\/12\/GP180SC-AA-4-800x800.webp 800w, https:\/\/mountlaser.com\/wp-content\/uploads\/2025\/12\/GP180SC-AA-4-400x400.webp 400w\" sizes=\"(max-width: 500px) 100vw, 500px\" \/><\/td>\n<\/tr>\n<\/tbody>\n<\/table>\n<\/div>","protected":false},"excerpt":{"rendered":"<ul>\n<li data-start=\"1200\" data-end=\"1286\">\n<p data-start=\"1202\" data-end=\"1286\">Fournit une solution de montage stable pour les r\u00e9cepteurs GNSS et les \u00e9quipements de station totale.<\/p>\n<\/li>\n<li data-start=\"1287\" data-end=\"1368\">\n<p data-start=\"1289\" data-end=\"1368\">Le m\u00e9canisme de verrouillage par enclenchement et par compression assure une extension de perche rapide et s\u00e9curis\u00e9e.<\/p>\n<\/li>\n<li data-start=\"1369\" data-end=\"1449\">\n<p data-start=\"1371\" data-end=\"1449\">Maintient une verticalit\u00e9 pr\u00e9cise gr\u00e2ce \u00e0 une fiole \u00e0 bulle de 30 pieds int\u00e9gr\u00e9e \u00e0 la base.<\/p>\n<\/li>\n<li data-start=\"1450\" data-end=\"1507\">\n<p data-start=\"1452\" data-end=\"1507\">Compatible avec les instruments filet\u00e9s standard 5\/8\u2033-11<\/p>\n<\/li>\n<li data-start=\"1508\" data-end=\"1567\">\n<p data-start=\"1510\" data-end=\"1567\">Sa structure robuste en aluminium permet une utilisation prolong\u00e9e sur le terrain.<\/p>\n<\/li>\n<\/ul>","protected":false},"featured_media":5161,"comment_status":"open","ping_status":"closed","template":"","meta":[],"product_brand":[],"product_cat":[89,145],"product_tag":[],"class_list":{"0":"post-5156","1":"product","2":"type-product","3":"status-publish","4":"has-post-thumbnail","6":"product_cat-surveying-pole-rod","7":"product_cat-gps-pole-compression-snap-lock","9":"first","10":"instock","11":"shipping-taxable","12":"product-type-simple"},"_links":{"self":[{"href":"https:\/\/mountlaser.com\/fr_fr\/wp-json\/wp\/v2\/product\/5156","targetHints":{"allow":["GET"]}}],"collection":[{"href":"https:\/\/mountlaser.com\/fr_fr\/wp-json\/wp\/v2\/product"}],"about":[{"href":"https:\/\/mountlaser.com\/fr_fr\/wp-json\/wp\/v2\/types\/product"}],"replies":[{"embeddable":true,"href":"https:\/\/mountlaser.com\/fr_fr\/wp-json\/wp\/v2\/comments?post=5156"}],"wp:featuredmedia":[{"embeddable":true,"href":"https:\/\/mountlaser.com\/fr_fr\/wp-json\/wp\/v2\/media\/5161"}],"wp:attachment":[{"href":"https:\/\/mountlaser.com\/fr_fr\/wp-json\/wp\/v2\/media?parent=5156"}],"wp:term":[{"taxonomy":"product_brand","embeddable":true,"href":"https:\/\/mountlaser.com\/fr_fr\/wp-json\/wp\/v2\/product_brand?post=5156"},{"taxonomy":"product_cat","embeddable":true,"href":"https:\/\/mountlaser.com\/fr_fr\/wp-json\/wp\/v2\/product_cat?post=5156"},{"taxonomy":"product_tag","embeddable":true,"href":"https:\/\/mountlaser.com\/fr_fr\/wp-json\/wp\/v2\/product_tag?post=5156"}],"curies":[{"name":"wp","href":"https:\/\/api.w.org\/{rel}","templated":true}]}}