{"id":5124,"date":"2025-12-02T08:53:06","date_gmt":"2025-12-02T08:53:06","guid":{"rendered":"https:\/\/mountlaser.com\/?post_type=product&#038;p=5124"},"modified":"2025-12-03T05:22:39","modified_gmt":"2025-12-03T05:22:39","slug":"gp150cl-gps-pole-compression-snap-lock","status":"publish","type":"product","link":"https:\/\/mountlaser.com\/fr_fr\/produit\/gp150cl-gps-pole-compression-snap-lock\/","title":{"rendered":"Syst\u00e8me de compression et de verrouillage par encliquetage pour poteau GPS GP150CL"},"content":{"rendered":"<p>Le <a href=\"https:\/\/mountlaser.com\/fr_fr\/categorie-produit\/surveying-pole-rod\/\"><strong>Poteaux GPS avec verrouillage rapide<\/strong><\/a> Cette s\u00e9rie de poteaux est con\u00e7ue pour les lev\u00e9s GNSS professionnels, offrant stabilit\u00e9, pr\u00e9cision et d\u00e9ploiement rapide sur le terrain. Fabriqu\u00e9s avec une structure robuste en aluminium et dot\u00e9s d&#039;un m\u00e9canisme de compression et de verrouillage rapide tr\u00e8s fiable, ces poteaux garantissent un r\u00e9glage en hauteur s\u00fbr, m\u00eame en cas d&#039;utilisation quotidienne intensive. Chaque poteau GPS avec verrouillage rapide est \u00e9quip\u00e9 d&#039;une fiole circulaire de 9 m (30 pieds) mont\u00e9e sur une base \u00e0 bulle en aluminium robuste, assurant un nivellement pr\u00e9cis pour les r\u00e9cepteurs GNSS et les syst\u00e8mes mobiles.<\/p>\n<p>Con\u00e7u comme un appareil polyvalent <a href=\"https:\/\/mountlaser.com\/fr_fr\/about-us\/\"><strong>tige de rover GT en aluminium \u00e0 verrouillage rapide<\/strong><\/a>, Ce syst\u00e8me permet des r\u00e9glages de hauteur pr\u00e9cis et un alignement constant, ce qui le rend id\u00e9al pour les lev\u00e9s topographiques, le piquetage de chantier et la collecte de donn\u00e9es SIG. La structure en aluminium \u00e0 verrouillage rapide de la perche GT rover am\u00e9liore la portabilit\u00e9 gr\u00e2ce \u00e0 sa conception d\u00e9tachable et inclut une housse de transport souple. Disponibles en plusieurs longueurs et configurations, les perches GPS \u00e0 verrouillage rapide offrent une solution fiable et adaptable aux g\u00e9om\u00e8tres d\u00e9butants et professionnels exigeant un outil durable et performant. <a href=\"https:\/\/mountlaser.com\/fr_fr\/contact-us\/\">tige de rover GT en aluminium \u00e0 verrouillage rapide<\/a> dans le champ.<\/p>\n<div>\n<table style=\"border-collapse: collapse; width: 1055.28pt;\" border=\"0\" width=\"1407\" cellspacing=\"0\" cellpadding=\"0\">\n<tbody>\n<tr style=\"height: 14.25pt;\">\n<td class=\"et2\" style=\"height: 14.25pt; width: 235.50pt;\" width=\"314\" height=\"19\">NOMBRE<\/td>\n<td class=\"et2\" style=\"width: 309.00pt;\" width=\"412\">EXTENSION<\/td>\n<td class=\"et3\" style=\"width: 88.50pt;\" width=\"118\">MAT\u00c9RIEL<\/td>\n<td class=\"et4\" style=\"width: 138.00pt;\" width=\"184\">BASE \u00c0 BULLES<\/td>\n<td class=\"et4\" style=\"width: 176.25pt;\" width=\"235\">VERROUILLAGE<\/td>\n<td class=\"et2\" style=\"width: 54.00pt;\" width=\"72\">DIAM\u00c8TRE<\/td>\n<td class=\"et5\" style=\"width: 54.00pt;\" width=\"72\">IMAGE<\/td>\n<\/tr>\n<tr style=\"height: 14.25pt;\">\n<td class=\"et6\" style=\"height: 14.25pt;\" height=\"19\">GP150CL-4A<\/td>\n<td class=\"et6\">150 cm<\/td>\n<td class=\"et6\">Aluminium<\/td>\n<td class=\"et6\">avec des bulles<\/td>\n<td class=\"et6\">Compression<\/td>\n<td class=\"et6\">20\/24\/28\/32 mm<\/td>\n<td><img fetchpriority=\"high\" decoding=\"async\" class=\"alignnone wp-image-5125\" src=\"https:\/\/mountlaser.com\/wp-content\/uploads\/2025\/12\/GP150CL-4A1.webp\" alt=\"GPS Poles with Snap-Lock\" width=\"500\" height=\"500\" srcset=\"https:\/\/mountlaser.com\/wp-content\/uploads\/2025\/12\/GP150CL-4A1.webp 1000w, https:\/\/mountlaser.com\/wp-content\/uploads\/2025\/12\/GP150CL-4A1-300x300.webp 300w, https:\/\/mountlaser.com\/wp-content\/uploads\/2025\/12\/GP150CL-4A1-150x150.webp 150w, https:\/\/mountlaser.com\/wp-content\/uploads\/2025\/12\/GP150CL-4A1-768x768.webp 768w, https:\/\/mountlaser.com\/wp-content\/uploads\/2025\/12\/GP150CL-4A1-12x12.webp 12w, https:\/\/mountlaser.com\/wp-content\/uploads\/2025\/12\/GP150CL-4A1-600x600.webp 600w, https:\/\/mountlaser.com\/wp-content\/uploads\/2025\/12\/GP150CL-4A1-800x800.webp 800w, https:\/\/mountlaser.com\/wp-content\/uploads\/2025\/12\/GP150CL-4A1-400x400.webp 400w\" sizes=\"(max-width: 500px) 100vw, 500px\" \/><\/td>\n<\/tr>\n<tr style=\"height: 14.25pt;\">\n<td class=\"et6\" style=\"height: 14.25pt;\" height=\"19\">GP180CL-4A<\/td>\n<td class=\"et6\">180 cm<\/td>\n<td class=\"et6\">Aluminium<\/td>\n<td class=\"et6\">avec des bulles<\/td>\n<td class=\"et6\">Compression<\/td>\n<td class=\"et6\">20\/24\/28\/32 mm<\/td>\n<td><img decoding=\"async\" class=\"alignnone wp-image-5146\" src=\"https:\/\/mountlaser.com\/wp-content\/uploads\/2025\/12\/GP180CL-4A7.webp\" alt=\"GPS Poles with Snap-Lock\" width=\"500\" height=\"500\" srcset=\"https:\/\/mountlaser.com\/wp-content\/uploads\/2025\/12\/GP180CL-4A7.webp 1000w, https:\/\/mountlaser.com\/wp-content\/uploads\/2025\/12\/GP180CL-4A7-300x300.webp 300w, https:\/\/mountlaser.com\/wp-content\/uploads\/2025\/12\/GP180CL-4A7-150x150.webp 150w, https:\/\/mountlaser.com\/wp-content\/uploads\/2025\/12\/GP180CL-4A7-768x768.webp 768w, https:\/\/mountlaser.com\/wp-content\/uploads\/2025\/12\/GP180CL-4A7-12x12.webp 12w, https:\/\/mountlaser.com\/wp-content\/uploads\/2025\/12\/GP180CL-4A7-600x600.webp 600w, https:\/\/mountlaser.com\/wp-content\/uploads\/2025\/12\/GP180CL-4A7-800x800.webp 800w, https:\/\/mountlaser.com\/wp-content\/uploads\/2025\/12\/GP180CL-4A7-400x400.webp 400w\" sizes=\"(max-width: 500px) 100vw, 500px\" \/><\/td>\n<\/tr>\n<tr style=\"height: 14.25pt;\">\n<td class=\"et6\" style=\"height: 14.25pt;\" height=\"19\">GP150CL-4AB<\/td>\n<td class=\"et6\">150 cm<\/td>\n<td class=\"et6\">Aluminium<\/td>\n<td class=\"et6\">avec support, boussole, bulle<\/td>\n<td class=\"et6\">Compression<\/td>\n<td class=\"et6\">20\/24\/28\/32 mm<\/td>\n<td><img decoding=\"async\" class=\"alignnone wp-image-5136\" src=\"https:\/\/mountlaser.com\/wp-content\/uploads\/2025\/12\/GP150CL-4AB4.webp\" alt=\"GPS Poles with Snap-Lock\" width=\"500\" height=\"500\" srcset=\"https:\/\/mountlaser.com\/wp-content\/uploads\/2025\/12\/GP150CL-4AB4.webp 1000w, https:\/\/mountlaser.com\/wp-content\/uploads\/2025\/12\/GP150CL-4AB4-300x300.webp 300w, https:\/\/mountlaser.com\/wp-content\/uploads\/2025\/12\/GP150CL-4AB4-150x150.webp 150w, https:\/\/mountlaser.com\/wp-content\/uploads\/2025\/12\/GP150CL-4AB4-768x768.webp 768w, https:\/\/mountlaser.com\/wp-content\/uploads\/2025\/12\/GP150CL-4AB4-12x12.webp 12w, https:\/\/mountlaser.com\/wp-content\/uploads\/2025\/12\/GP150CL-4AB4-600x600.webp 600w, https:\/\/mountlaser.com\/wp-content\/uploads\/2025\/12\/GP150CL-4AB4-800x800.webp 800w, https:\/\/mountlaser.com\/wp-content\/uploads\/2025\/12\/GP150CL-4AB4-400x400.webp 400w\" sizes=\"(max-width: 500px) 100vw, 500px\" \/><\/td>\n<\/tr>\n<tr style=\"height: 14.25pt;\">\n<td class=\"et6\" style=\"height: 14.25pt;\" height=\"19\">GP180CL-4AB<\/td>\n<td class=\"et6\">180 cm<\/td>\n<td class=\"et6\">Aluminium<\/td>\n<td class=\"et6\">avec support, boussole, bulle<\/td>\n<td class=\"et6\">Compression<\/td>\n<td class=\"et6\">20\/24\/28\/32 mm<\/td>\n<td><img loading=\"lazy\" decoding=\"async\" class=\"alignnone wp-image-5150\" src=\"https:\/\/mountlaser.com\/wp-content\/uploads\/2025\/12\/GP180CL-4AB4.webp\" alt=\"GPS Poles with Snap-Lock\" width=\"500\" height=\"500\" srcset=\"https:\/\/mountlaser.com\/wp-content\/uploads\/2025\/12\/GP180CL-4AB4.webp 1000w, https:\/\/mountlaser.com\/wp-content\/uploads\/2025\/12\/GP180CL-4AB4-300x300.webp 300w, https:\/\/mountlaser.com\/wp-content\/uploads\/2025\/12\/GP180CL-4AB4-150x150.webp 150w, https:\/\/mountlaser.com\/wp-content\/uploads\/2025\/12\/GP180CL-4AB4-768x768.webp 768w, https:\/\/mountlaser.com\/wp-content\/uploads\/2025\/12\/GP180CL-4AB4-12x12.webp 12w, https:\/\/mountlaser.com\/wp-content\/uploads\/2025\/12\/GP180CL-4AB4-600x600.webp 600w, https:\/\/mountlaser.com\/wp-content\/uploads\/2025\/12\/GP180CL-4AB4-800x800.webp 800w, https:\/\/mountlaser.com\/wp-content\/uploads\/2025\/12\/GP180CL-4AB4-400x400.webp 400w\" sizes=\"(max-width: 500px) 100vw, 500px\" \/><\/td>\n<\/tr>\n<\/tbody>\n<\/table>\n<\/div>","protected":false},"excerpt":{"rendered":"<ul>\n<li>R\u00e9glage rapide de la hauteur : Le syst\u00e8me de compression et de verrouillage rapide assure une installation rapide et un verrouillage s\u00e9curis\u00e9.<\/li>\n<li>Nivellement de pr\u00e9cision : une fiole circulaire int\u00e9gr\u00e9e de 30 pieds sur une base \u00e0 bulle en aluminium permet un alignement vertical pr\u00e9cis.<\/li>\n<li>Compatibilit\u00e9 universelle : \u00c9quip\u00e9 d&#039;un filetage 5\/8\u2033-11 pour s&#039;adapter \u00e0 la plupart des r\u00e9cepteurs GNSS et des instruments de topographie.<\/li>\n<li>Durabilit\u00e9 \u00e0 toute \u00e9preuve : La conception en tube d&#039;aluminium avec entretoises rondes optionnelles permet une utilisation robuste en ext\u00e9rieur.<\/li>\n<li>Configurations polyvalentes : Disponible en plusieurs longueurs (150 cm \/ 180 cm) et versions avec support ou boussole en option.<\/li>\n<\/ul>","protected":false},"featured_media":5125,"comment_status":"open","ping_status":"closed","template":"","meta":[],"product_brand":[],"product_cat":[89,145],"product_tag":[],"class_list":{"0":"post-5124","1":"product","2":"type-product","3":"status-publish","4":"has-post-thumbnail","6":"product_cat-surveying-pole-rod","7":"product_cat-gps-pole-compression-snap-lock","9":"first","10":"instock","11":"shipping-taxable","12":"product-type-simple"},"_links":{"self":[{"href":"https:\/\/mountlaser.com\/fr_fr\/wp-json\/wp\/v2\/product\/5124","targetHints":{"allow":["GET"]}}],"collection":[{"href":"https:\/\/mountlaser.com\/fr_fr\/wp-json\/wp\/v2\/product"}],"about":[{"href":"https:\/\/mountlaser.com\/fr_fr\/wp-json\/wp\/v2\/types\/product"}],"replies":[{"embeddable":true,"href":"https:\/\/mountlaser.com\/fr_fr\/wp-json\/wp\/v2\/comments?post=5124"}],"wp:featuredmedia":[{"embeddable":true,"href":"https:\/\/mountlaser.com\/fr_fr\/wp-json\/wp\/v2\/media\/5125"}],"wp:attachment":[{"href":"https:\/\/mountlaser.com\/fr_fr\/wp-json\/wp\/v2\/media?parent=5124"}],"wp:term":[{"taxonomy":"product_brand","embeddable":true,"href":"https:\/\/mountlaser.com\/fr_fr\/wp-json\/wp\/v2\/product_brand?post=5124"},{"taxonomy":"product_cat","embeddable":true,"href":"https:\/\/mountlaser.com\/fr_fr\/wp-json\/wp\/v2\/product_cat?post=5124"},{"taxonomy":"product_tag","embeddable":true,"href":"https:\/\/mountlaser.com\/fr_fr\/wp-json\/wp\/v2\/product_tag?post=5124"}],"curies":[{"name":"wp","href":"https:\/\/api.w.org\/{rel}","templated":true}]}}