{"id":5116,"date":"2025-12-02T08:10:15","date_gmt":"2025-12-02T08:10:15","guid":{"rendered":"https:\/\/mountlaser.com\/?post_type=product&#038;p=5116"},"modified":"2025-12-02T08:10:15","modified_gmt":"2025-12-02T08:10:15","slug":"gp300-6c-gps-pole-thread-lock","status":"publish","type":"product","link":"https:\/\/mountlaser.com\/fr_fr\/produit\/gp300-6c-gps-pole-thread-lock\/","title":{"rendered":"GP300-6C Verrouillage de filetage pour poteau GPS"},"content":{"rendered":"<p>Le <a href=\"https:\/\/mountlaser.com\/fr_fr\/\"><strong>GP300-6C Verrouillage de filetage pour poteau GPS<\/strong><\/a> est une perche d&#039;arpenteur haut de gamme de 300 cm con\u00e7ue pour les professionnels exigeant une stabilit\u00e9, une pr\u00e9cision et une portabilit\u00e9 maximales sur le terrain. Con\u00e7ue comme une <a href=\"https:\/\/mountlaser.com\/fr_fr\/categorie-produit\/surveying-pole-rod\/\">Poteau GNSS noir<\/a>, Gr\u00e2ce \u00e0 sa construction enti\u00e8rement en aluminium et \u00e0 son tube de 32 mm de diam\u00e8tre ext\u00e9rieur, cette perche GPS offre une durabilit\u00e9 exceptionnelle. Le syst\u00e8me de verrouillage \u00e0 filetage de la perche GP300-6C est dot\u00e9 d&#039;un m\u00e9canisme fiable qui garantit un r\u00e9glage pr\u00e9cis de la hauteur, m\u00eame lors de travaux de lev\u00e9s GNSS intensifs. Sa structure d\u00e9montable en 6 sections facilite le transport de cette perche GNSS noire tout en lui conservant une forme d\u00e9ploy\u00e9e rigide.<\/p>\n<p>Dot\u00e9 d&#039;une base \u00e0 bulle en aluminium avec un tube de r\u00e9f\u00e9rence circulaire de 9,14 m (30 pi), le syst\u00e8me de verrouillage de filetage pour perche GPS GP300-6C permet un nivellement rapide et pr\u00e9cis pour une collecte de donn\u00e9es fiable. Il est fourni de s\u00e9rie avec un rev\u00eatement antid\u00e9rapant, un filetage de montage 5\/8\u2033-11 et une housse de transport souple, offrant ainsi praticit\u00e9 et fiabilit\u00e9 sur tous les chantiers. Id\u00e9al pour les g\u00e9om\u00e8tres recherchant un outil \u00e0 la fois l\u00e9ger et robuste. <a href=\"https:\/\/mountlaser.com\/fr_fr\/contact-us\/\">Poteau GNSS noir<\/a>, Ce mod\u00e8le offre un \u00e9quilibre optimal entre robustesse, facilit\u00e9 d&#039;utilisation et pr\u00e9cision de mesure.<\/p>\n<div>\n<table style=\"border-collapse: collapse; width: 1055.28pt;\" border=\"0\" width=\"1407\" cellspacing=\"0\" cellpadding=\"0\">\n<tbody>\n<tr style=\"height: 14.25pt;\">\n<td class=\"et2\" style=\"height: 14.25pt; width: 235.50pt;\" width=\"314\" height=\"19\">NOMBRE<\/td>\n<td class=\"et2\" style=\"width: 309.00pt;\" width=\"412\">EXTENSION<\/td>\n<td class=\"et2\" style=\"width: 88.50pt;\" width=\"118\">SECTIONS<\/td>\n<td class=\"et2\" style=\"width: 138.00pt;\" width=\"184\">MAT\u00c9RIEL<\/td>\n<td class=\"et2\" style=\"width: 176.25pt;\" width=\"235\">COULEUR<\/td>\n<td class=\"et2\" style=\"width: 54.00pt;\" width=\"72\">DIAM\u00c8TRE<\/td>\n<td class=\"et3\" style=\"width: 54.00pt;\" width=\"72\">IMAGE<\/td>\n<\/tr>\n<tr style=\"height: 14.25pt;\">\n<td class=\"et4\" style=\"height: 14.25pt;\" height=\"19\">GP300-6C<\/td>\n<td class=\"et4\">300 cm<\/td>\n<td class=\"et5\">6<\/td>\n<td class=\"et4\">Fibre de carbone de qualit\u00e9 sup\u00e9rieure<\/td>\n<td class=\"et4\">Noir<\/td>\n<td class=\"et4\">32 mm<\/td>\n<td><img fetchpriority=\"high\" decoding=\"async\" class=\"alignnone wp-image-5121\" src=\"https:\/\/mountlaser.com\/wp-content\/uploads\/2025\/12\/GP300-6C-5.webp\" alt=\"GP300-6C GPS Pole Thread Lock\" width=\"500\" height=\"500\" srcset=\"https:\/\/mountlaser.com\/wp-content\/uploads\/2025\/12\/GP300-6C-5.webp 1000w, https:\/\/mountlaser.com\/wp-content\/uploads\/2025\/12\/GP300-6C-5-300x300.webp 300w, https:\/\/mountlaser.com\/wp-content\/uploads\/2025\/12\/GP300-6C-5-150x150.webp 150w, https:\/\/mountlaser.com\/wp-content\/uploads\/2025\/12\/GP300-6C-5-768x768.webp 768w, https:\/\/mountlaser.com\/wp-content\/uploads\/2025\/12\/GP300-6C-5-12x12.webp 12w, https:\/\/mountlaser.com\/wp-content\/uploads\/2025\/12\/GP300-6C-5-600x600.webp 600w, https:\/\/mountlaser.com\/wp-content\/uploads\/2025\/12\/GP300-6C-5-800x800.webp 800w, https:\/\/mountlaser.com\/wp-content\/uploads\/2025\/12\/GP300-6C-5-400x400.webp 400w\" sizes=\"(max-width: 500px) 100vw, 500px\" \/><\/td>\n<\/tr>\n<\/tbody>\n<\/table>\n<\/div>","protected":false},"excerpt":{"rendered":"<ul>\n<li>Syst\u00e8me de verrouillage filet\u00e9 s\u00e9curis\u00e9 \u2013 Assure une fixation en hauteur stable tout au long des op\u00e9rations de lev\u00e9 GNSS.<\/li>\n<li>Conception en 6 sections d\u00e9tachables \u2013 Permet \u00e0 la perche de s&#039;\u00e9tendre jusqu&#039;\u00e0 300 cm tout en restant compacte pour le transport.<\/li>\n<li>Nivellement de pr\u00e9cision \u2013 La base \u00e0 bulle en aluminium int\u00e9gr\u00e9e avec fiole circulaire de 30\u2032 am\u00e9liore la pr\u00e9cision d\u2019alignement.<\/li>\n<li>Protection antid\u00e9rapante \u2013 Le rev\u00eatement antid\u00e9rapant standard am\u00e9liore la s\u00e9curit\u00e9 de manipulation et emp\u00eache les glissements sur les terrains accident\u00e9s.<\/li>\n<li>Compatibilit\u00e9 universelle \u2013 Le filetage 5\/8\u2033-11 convient \u00e0 tous les principaux r\u00e9cepteurs GNSS et instruments de topographie.<\/li>\n<li>Construction durable \u2013 Les tubes en aluminium de 32 mm de diam\u00e8tre ext\u00e9rieur offrent robustesse et fiabilit\u00e9 \u00e0 long terme.<\/li>\n<\/ul>","protected":false},"featured_media":5121,"comment_status":"open","ping_status":"closed","template":"","meta":[],"product_brand":[],"product_cat":[89,143],"product_tag":[],"class_list":{"0":"post-5116","1":"product","2":"type-product","3":"status-publish","4":"has-post-thumbnail","6":"product_cat-surveying-pole-rod","7":"product_cat-gps-pole-thread-lock","9":"first","10":"instock","11":"shipping-taxable","12":"product-type-simple"},"_links":{"self":[{"href":"https:\/\/mountlaser.com\/fr_fr\/wp-json\/wp\/v2\/product\/5116","targetHints":{"allow":["GET"]}}],"collection":[{"href":"https:\/\/mountlaser.com\/fr_fr\/wp-json\/wp\/v2\/product"}],"about":[{"href":"https:\/\/mountlaser.com\/fr_fr\/wp-json\/wp\/v2\/types\/product"}],"replies":[{"embeddable":true,"href":"https:\/\/mountlaser.com\/fr_fr\/wp-json\/wp\/v2\/comments?post=5116"}],"wp:featuredmedia":[{"embeddable":true,"href":"https:\/\/mountlaser.com\/fr_fr\/wp-json\/wp\/v2\/media\/5121"}],"wp:attachment":[{"href":"https:\/\/mountlaser.com\/fr_fr\/wp-json\/wp\/v2\/media?parent=5116"}],"wp:term":[{"taxonomy":"product_brand","embeddable":true,"href":"https:\/\/mountlaser.com\/fr_fr\/wp-json\/wp\/v2\/product_brand?post=5116"},{"taxonomy":"product_cat","embeddable":true,"href":"https:\/\/mountlaser.com\/fr_fr\/wp-json\/wp\/v2\/product_cat?post=5116"},{"taxonomy":"product_tag","embeddable":true,"href":"https:\/\/mountlaser.com\/fr_fr\/wp-json\/wp\/v2\/product_tag?post=5116"}],"curies":[{"name":"wp","href":"https:\/\/api.w.org\/{rel}","templated":true}]}}