{"id":5097,"date":"2025-12-02T07:46:21","date_gmt":"2025-12-02T07:46:21","guid":{"rendered":"https:\/\/mountlaser.com\/?post_type=product&#038;p=5097"},"modified":"2025-12-02T07:46:21","modified_gmt":"2025-12-02T07:46:21","slug":"gp200-2a-gps-pole-thread-lock","status":"publish","type":"product","link":"https:\/\/mountlaser.com\/fr_fr\/produit\/gp200-2a-gps-pole-thread-lock\/","title":{"rendered":"GP200-2A Verrouillage de filetage pour poteau GPS"},"content":{"rendered":"<p>Le <a href=\"https:\/\/mountlaser.com\/fr_fr\/categorie-produit\/surveying-pole-rod\/\">GP200-2A Verrouillage de filetage pour poteau GPS<\/a> La perche de topographie GP200-2A est un mod\u00e8le robuste et fiable, con\u00e7u pour les applications GNSS professionnelles. Robuste et fiable, elle est dot\u00e9e d&#039;un syst\u00e8me de verrouillage filet\u00e9 qui garantit un r\u00e9glage pr\u00e9cis de la hauteur et une grande stabilit\u00e9 sur le terrain. La perche GPS GP200-2A \u00e0 verrouillage filet\u00e9 est d\u00e9montable et facile \u00e0 transporter, ce qui la rend id\u00e9ale pour les g\u00e9om\u00e8tres qui recherchent la portabilit\u00e9 sans compromis sur la pr\u00e9cision.<\/p>\n<p>Fabriqu\u00e9 en aluminium de haute qualit\u00e9 et \u00e9quip\u00e9 d&#039;une fiole circulaire de 30 pouces sur une base \u00e0 bulle noire, ce <a href=\"https:\/\/mountlaser.com\/fr_fr\/\">ROUE GNSS<\/a> garantit un nivellement pr\u00e9cis m\u00eame dans des conditions difficiles. Son tube de 32 mm de diam\u00e8tre ext\u00e9rieur, son rev\u00eatement antid\u00e9rapant et son filetage de montage 5\/8\u2033-11 assurent la compatibilit\u00e9 avec une large gamme de r\u00e9cepteurs GNSS. Disponible en plusieurs coloris, <a href=\"https:\/\/mountlaser.com\/fr_fr\/contact-us\/\">GP200-2A Verrouillage de filetage pour poteau GPS<\/a> Elle s&#039;int\u00e8gre parfaitement \u00e0 tout flux de travail topographique. Utilis\u00e9e comme canne GNSS principale ou comme canne de secours fiable sur le terrain, elle offre robustesse, stabilit\u00e9 et durabilit\u00e9.<\/p>\n<div>\n<table style=\"border-collapse: collapse; width: 1055.28pt;\" border=\"0\" width=\"1407\" cellspacing=\"0\" cellpadding=\"0\">\n<tbody>\n<tr style=\"height: 14.25pt;\">\n<td class=\"et2\" style=\"height: 14.25pt; width: 235.50pt;\" width=\"314\" height=\"19\">NOMBRE<\/td>\n<td class=\"et2\" style=\"width: 309.00pt;\" width=\"412\">EXTENSION<\/td>\n<td class=\"et2\" style=\"width: 88.50pt;\" width=\"118\">SECTIONS<\/td>\n<td class=\"et2\" style=\"width: 138.00pt;\" width=\"184\">MAT\u00c9RIEL<\/td>\n<td class=\"et2\" style=\"width: 176.25pt;\" width=\"235\">COULEUR<\/td>\n<td class=\"et2\" style=\"width: 54.00pt;\" width=\"72\">DIAM\u00c8TRE<\/td>\n<td class=\"et3\" style=\"width: 54.00pt;\" width=\"72\">IMAGE<\/td>\n<\/tr>\n<tr style=\"height: 14.25pt;\">\n<td class=\"et4\" style=\"height: 14.25pt;\" height=\"19\">GP200-2ABK<\/td>\n<td class=\"et4\">200 cm<\/td>\n<td class=\"et5\">2<\/td>\n<td class=\"et4\">Aluminium<\/td>\n<td class=\"et4\">Noir<\/td>\n<td class=\"et4\">32 mm<\/td>\n<td><img fetchpriority=\"high\" decoding=\"async\" class=\"alignnone wp-image-5101\" src=\"https:\/\/mountlaser.com\/wp-content\/uploads\/2025\/12\/GP200-2A-4.webp\" alt=\"GP200-2A GPS Pole Thread Lock\" width=\"500\" height=\"500\" srcset=\"https:\/\/mountlaser.com\/wp-content\/uploads\/2025\/12\/GP200-2A-4.webp 1000w, https:\/\/mountlaser.com\/wp-content\/uploads\/2025\/12\/GP200-2A-4-300x300.webp 300w, https:\/\/mountlaser.com\/wp-content\/uploads\/2025\/12\/GP200-2A-4-150x150.webp 150w, https:\/\/mountlaser.com\/wp-content\/uploads\/2025\/12\/GP200-2A-4-768x768.webp 768w, https:\/\/mountlaser.com\/wp-content\/uploads\/2025\/12\/GP200-2A-4-12x12.webp 12w, https:\/\/mountlaser.com\/wp-content\/uploads\/2025\/12\/GP200-2A-4-600x600.webp 600w, https:\/\/mountlaser.com\/wp-content\/uploads\/2025\/12\/GP200-2A-4-800x800.webp 800w, https:\/\/mountlaser.com\/wp-content\/uploads\/2025\/12\/GP200-2A-4-400x400.webp 400w\" sizes=\"(max-width: 500px) 100vw, 500px\" \/><\/td>\n<\/tr>\n<tr style=\"height: 14.25pt;\">\n<td class=\"et4\" style=\"height: 14.25pt;\" height=\"19\">GP200-2AGN<\/td>\n<td class=\"et4\">200 cm<\/td>\n<td class=\"et5\">2<\/td>\n<td class=\"et4\">Aluminium<\/td>\n<td class=\"et4\">Vert<\/td>\n<td class=\"et4\">32 mm<\/td>\n<td><img decoding=\"async\" class=\"alignnone wp-image-5111\" src=\"https:\/\/mountlaser.com\/wp-content\/uploads\/2025\/12\/GP200-2A-5-1.webp\" alt=\"\" width=\"500\" height=\"500\" srcset=\"https:\/\/mountlaser.com\/wp-content\/uploads\/2025\/12\/GP200-2A-5-1.webp 1000w, https:\/\/mountlaser.com\/wp-content\/uploads\/2025\/12\/GP200-2A-5-1-300x300.webp 300w, https:\/\/mountlaser.com\/wp-content\/uploads\/2025\/12\/GP200-2A-5-1-150x150.webp 150w, https:\/\/mountlaser.com\/wp-content\/uploads\/2025\/12\/GP200-2A-5-1-768x768.webp 768w, https:\/\/mountlaser.com\/wp-content\/uploads\/2025\/12\/GP200-2A-5-1-12x12.webp 12w, https:\/\/mountlaser.com\/wp-content\/uploads\/2025\/12\/GP200-2A-5-1-600x600.webp 600w, https:\/\/mountlaser.com\/wp-content\/uploads\/2025\/12\/GP200-2A-5-1-800x800.webp 800w, https:\/\/mountlaser.com\/wp-content\/uploads\/2025\/12\/GP200-2A-5-1-400x400.webp 400w\" sizes=\"(max-width: 500px) 100vw, 500px\" \/><\/td>\n<\/tr>\n<tr style=\"height: 14.25pt;\">\n<td class=\"et4\" style=\"height: 14.25pt;\" height=\"19\">GP200-4AYL<\/td>\n<td class=\"et4\">200 cm<\/td>\n<td class=\"et5\">4<\/td>\n<td class=\"et4\">Aluminium<\/td>\n<td class=\"et4\">Jaune<\/td>\n<td class=\"et4\">32 mm<\/td>\n<td><\/td>\n<\/tr>\n<\/tbody>\n<\/table>\n<\/div>","protected":false},"excerpt":{"rendered":"<ul>\n<li>Permet un r\u00e9glage en hauteur s\u00fbr et stable gr\u00e2ce \u00e0 un syst\u00e8me de verrouillage filet\u00e9<\/li>\n<li>Sert de tige de vis\u00e9e GNSS de haute pr\u00e9cision pour les r\u00e9cepteurs GNSS, les \u00e9quipements GPS et les instruments topographiques.<\/li>\n<li>Assure un nivellement pr\u00e9cis gr\u00e2ce \u00e0 une fiole circulaire int\u00e9gr\u00e9e de 30\u2032<\/li>\n<li>Offre une portabilit\u00e9 gr\u00e2ce \u00e0 sa conception multi-sections d\u00e9tachables.<\/li>\n<li>Offre une excellente adh\u00e9rence et une s\u00e9curit\u00e9 optimale gr\u00e2ce \u00e0 son rev\u00eatement antid\u00e9rapant.<\/li>\n<li>Compatible avec tous les r\u00e9cepteurs GPS\/GNSS \u00e0 filetage 5\/8\u2033-11<\/li>\n<li>Comprend une housse de transport souple pour faciliter le transport et la protection.<\/li>\n<\/ul>","protected":false},"featured_media":5109,"comment_status":"open","ping_status":"closed","template":"","meta":[],"product_brand":[],"product_cat":[89,143],"product_tag":[],"class_list":{"0":"post-5097","1":"product","2":"type-product","3":"status-publish","4":"has-post-thumbnail","6":"product_cat-surveying-pole-rod","7":"product_cat-gps-pole-thread-lock","9":"first","10":"instock","11":"shipping-taxable","12":"product-type-simple"},"_links":{"self":[{"href":"https:\/\/mountlaser.com\/fr_fr\/wp-json\/wp\/v2\/product\/5097","targetHints":{"allow":["GET"]}}],"collection":[{"href":"https:\/\/mountlaser.com\/fr_fr\/wp-json\/wp\/v2\/product"}],"about":[{"href":"https:\/\/mountlaser.com\/fr_fr\/wp-json\/wp\/v2\/types\/product"}],"replies":[{"embeddable":true,"href":"https:\/\/mountlaser.com\/fr_fr\/wp-json\/wp\/v2\/comments?post=5097"}],"wp:featuredmedia":[{"embeddable":true,"href":"https:\/\/mountlaser.com\/fr_fr\/wp-json\/wp\/v2\/media\/5109"}],"wp:attachment":[{"href":"https:\/\/mountlaser.com\/fr_fr\/wp-json\/wp\/v2\/media?parent=5097"}],"wp:term":[{"taxonomy":"product_brand","embeddable":true,"href":"https:\/\/mountlaser.com\/fr_fr\/wp-json\/wp\/v2\/product_brand?post=5097"},{"taxonomy":"product_cat","embeddable":true,"href":"https:\/\/mountlaser.com\/fr_fr\/wp-json\/wp\/v2\/product_cat?post=5097"},{"taxonomy":"product_tag","embeddable":true,"href":"https:\/\/mountlaser.com\/fr_fr\/wp-json\/wp\/v2\/product_tag?post=5097"}],"curies":[{"name":"wp","href":"https:\/\/api.w.org\/{rel}","templated":true}]}}