{"id":5087,"date":"2025-12-02T06:41:46","date_gmt":"2025-12-02T06:41:46","guid":{"rendered":"https:\/\/mountlaser.com\/?post_type=product&#038;p=5087"},"modified":"2025-12-02T06:41:47","modified_gmt":"2025-12-02T06:41:47","slug":"gp180-gps-pole-thread-lock","status":"publish","type":"product","link":"https:\/\/mountlaser.com\/fr_fr\/produit\/gp180-gps-pole-thread-lock\/","title":{"rendered":"GP180 Verrouillage de filetage pour poteau GPS"},"content":{"rendered":"<p>Le <a href=\"https:\/\/mountlaser.com\/fr_fr\/categorie-produit\/surveying-pole-rod\/\"><strong>GP180 Verrouillage de filetage pour poteau GPS<\/strong><\/a> Le syst\u00e8me de verrouillage \u00e0 filetage GP180 est une solution professionnelle con\u00e7ue pour les g\u00e9om\u00e8tres exigeant une stabilit\u00e9 et une fiabilit\u00e9 maximales sur le terrain. Ce syst\u00e8me avanc\u00e9 assure une connexion s\u00e9curis\u00e9e et r\u00e9sistante aux vibrations, id\u00e9ale pour les applications GNSS les plus exigeantes. Polyvalent, le manche est enti\u00e8rement compatible avec tous les manches GPS standard, tandis que sa structure \u00e0 verrouillage \u00e0 filetage amovible facilite sa portabilit\u00e9 et son utilisation. Que ce soit pour la robotique GNSS, les travaux cadastraux ou les lev\u00e9s topographiques de construction, le syst\u00e8me de verrouillage \u00e0 filetage GP180 offre des performances fiables au quotidien.<\/p>\n<p>Fabriqu\u00e9 \u00e0 partir de fibre de carbone de premi\u00e8re qualit\u00e9, chaque <strong><a href=\"https:\/\/mountlaser.com\/fr_fr\/about-us\/\">P\u00f4le GPS<\/a> <\/strong>Il offre une robustesse exceptionnelle pour un poids minimal, et sa base \u00e0 bulle en aluminium comprend une fiole circulaire pr\u00e9cise de 30 pouces pour une mise \u00e0 niveau instantan\u00e9e. Un rev\u00eatement antid\u00e9rapant int\u00e9gr\u00e9 am\u00e9liore la manipulation dans les environnements difficiles, tandis que le filetage 5\/8\u2033-11 assure une compatibilit\u00e9 universelle avec les instruments topographiques conventionnels. Avec de multiples options de configuration, telles que les mod\u00e8les 180 cm et 200 cm, <a href=\"https:\/\/mountlaser.com\/fr_fr\/contact-us\/\">P\u00f4le GPS<\/a> Le syst\u00e8me s&#039;adapte sans effort aux diff\u00e9rentes exigences des chantiers.<\/p>\n<div>\n<table style=\"border-collapse: collapse; width: 1055.28pt;\" border=\"0\" width=\"1407\" cellspacing=\"0\" cellpadding=\"0\">\n<tbody>\n<tr style=\"height: 14.25pt;\">\n<td class=\"et2\" style=\"height: 14.25pt; width: 235.50pt;\" width=\"314\" height=\"19\">NOMBRE<\/td>\n<td class=\"et2\" style=\"width: 309.00pt;\" width=\"412\">EXTENSION<\/td>\n<td class=\"et2\" style=\"width: 88.50pt;\" width=\"118\">SECTIONS<\/td>\n<td class=\"et2\" style=\"width: 138.00pt;\" width=\"184\">MAT\u00c9RIEL<\/td>\n<td class=\"et2\" style=\"width: 176.25pt;\" width=\"235\">COULEUR<\/td>\n<td class=\"et2\" style=\"width: 54.00pt;\" width=\"72\">DIAM\u00c8TRE<\/td>\n<td class=\"et3\" style=\"width: 54.00pt;\" width=\"72\">IMAGE<\/td>\n<\/tr>\n<tr style=\"height: 14.25pt;\">\n<td class=\"et4\" style=\"height: 14.25pt;\" height=\"19\">GP180-4C<\/td>\n<td class=\"et4\">180 cm<\/td>\n<td class=\"et5\">4<\/td>\n<td class=\"et4\">Fibre de carbone de qualit\u00e9 sup\u00e9rieure<\/td>\n<td class=\"et4\">Noir<\/td>\n<td class=\"et4\">32 mm<\/td>\n<td><img fetchpriority=\"high\" decoding=\"async\" class=\"alignnone wp-image-5079\" src=\"https:\/\/mountlaser.com\/wp-content\/uploads\/2025\/12\/GP180-4C-3.webp\" alt=\"GP180 GPS Pole Thread Lock\" width=\"500\" height=\"500\" srcset=\"https:\/\/mountlaser.com\/wp-content\/uploads\/2025\/12\/GP180-4C-3.webp 1000w, https:\/\/mountlaser.com\/wp-content\/uploads\/2025\/12\/GP180-4C-3-300x300.webp 300w, https:\/\/mountlaser.com\/wp-content\/uploads\/2025\/12\/GP180-4C-3-150x150.webp 150w, https:\/\/mountlaser.com\/wp-content\/uploads\/2025\/12\/GP180-4C-3-768x768.webp 768w, https:\/\/mountlaser.com\/wp-content\/uploads\/2025\/12\/GP180-4C-3-12x12.webp 12w, https:\/\/mountlaser.com\/wp-content\/uploads\/2025\/12\/GP180-4C-3-600x600.webp 600w, https:\/\/mountlaser.com\/wp-content\/uploads\/2025\/12\/GP180-4C-3-800x800.webp 800w, https:\/\/mountlaser.com\/wp-content\/uploads\/2025\/12\/GP180-4C-3-400x400.webp 400w\" sizes=\"(max-width: 500px) 100vw, 500px\" \/><\/td>\n<\/tr>\n<tr style=\"height: 14.25pt;\">\n<td class=\"et4\" style=\"height: 14.25pt;\" height=\"19\">GP200-4C<\/td>\n<td class=\"et4\">200 cm<\/td>\n<td class=\"et5\">4<\/td>\n<td class=\"et4\">Fibre de carbone de qualit\u00e9 sup\u00e9rieure<\/td>\n<td class=\"et4\">Noir<\/td>\n<td class=\"et4\">32 mm<\/td>\n<td><img decoding=\"async\" class=\"alignnone wp-image-5081\" src=\"https:\/\/mountlaser.com\/wp-content\/uploads\/2025\/12\/GP180-4C-5.webp\" alt=\"GP180 GPS Pole Thread Lock\" width=\"500\" height=\"500\" srcset=\"https:\/\/mountlaser.com\/wp-content\/uploads\/2025\/12\/GP180-4C-5.webp 1000w, https:\/\/mountlaser.com\/wp-content\/uploads\/2025\/12\/GP180-4C-5-300x300.webp 300w, https:\/\/mountlaser.com\/wp-content\/uploads\/2025\/12\/GP180-4C-5-150x150.webp 150w, https:\/\/mountlaser.com\/wp-content\/uploads\/2025\/12\/GP180-4C-5-768x768.webp 768w, https:\/\/mountlaser.com\/wp-content\/uploads\/2025\/12\/GP180-4C-5-12x12.webp 12w, https:\/\/mountlaser.com\/wp-content\/uploads\/2025\/12\/GP180-4C-5-600x600.webp 600w, https:\/\/mountlaser.com\/wp-content\/uploads\/2025\/12\/GP180-4C-5-800x800.webp 800w, https:\/\/mountlaser.com\/wp-content\/uploads\/2025\/12\/GP180-4C-5-400x400.webp 400w\" sizes=\"(max-width: 500px) 100vw, 500px\" \/><\/td>\n<\/tr>\n<tr style=\"height: 14.25pt;\">\n<td class=\"et4\" style=\"height: 14.25pt;\" height=\"19\">GP200-2C<\/td>\n<td class=\"et4\">200 cm<\/td>\n<td class=\"et5\">2<\/td>\n<td class=\"et4\">Fibre de carbone de qualit\u00e9 sup\u00e9rieure<\/td>\n<td class=\"et4\">Noir<\/td>\n<td class=\"et4\">32 mm<\/td>\n<td><img decoding=\"async\" class=\"alignnone wp-image-5091\" src=\"https:\/\/mountlaser.com\/wp-content\/uploads\/2025\/12\/GP200-2C-4.webp\" alt=\"GP180 GPS Pole Thread Lock\" width=\"500\" height=\"500\" srcset=\"https:\/\/mountlaser.com\/wp-content\/uploads\/2025\/12\/GP200-2C-4.webp 1000w, https:\/\/mountlaser.com\/wp-content\/uploads\/2025\/12\/GP200-2C-4-300x300.webp 300w, https:\/\/mountlaser.com\/wp-content\/uploads\/2025\/12\/GP200-2C-4-150x150.webp 150w, https:\/\/mountlaser.com\/wp-content\/uploads\/2025\/12\/GP200-2C-4-768x768.webp 768w, https:\/\/mountlaser.com\/wp-content\/uploads\/2025\/12\/GP200-2C-4-12x12.webp 12w, https:\/\/mountlaser.com\/wp-content\/uploads\/2025\/12\/GP200-2C-4-600x600.webp 600w, https:\/\/mountlaser.com\/wp-content\/uploads\/2025\/12\/GP200-2C-4-800x800.webp 800w, https:\/\/mountlaser.com\/wp-content\/uploads\/2025\/12\/GP200-2C-4-400x400.webp 400w\" sizes=\"(max-width: 500px) 100vw, 500px\" \/><\/td>\n<\/tr>\n<\/tbody>\n<\/table>\n<\/div>","protected":false},"excerpt":{"rendered":"<ul>\n<li>Syst\u00e8me de verrouillage par filetage s\u00e9curis\u00e9\u00a0: assure une connexion \u00e9tanche et fiable entre les sections de poteau pour une pr\u00e9cision GNSS am\u00e9lior\u00e9e.<\/li>\n<li>Haute durabilit\u00e9 : La construction en fibre de carbone de qualit\u00e9 sup\u00e9rieure offre une rigidit\u00e9 exceptionnelle et une longue dur\u00e9e de vie.<\/li>\n<li>Nivellement pr\u00e9cis : la base \u00e0 bulle en aluminium avec fiole circulaire de 30 pouces permet une installation rapide et un positionnement pr\u00e9cis.<\/li>\n<li>Compact et portable : sa conception d\u00e9tachable et son \u00e9tui de transport souple facilitent le transport et le rangement.<\/li>\n<li>Compatibilit\u00e9 universelle : \u00c9quip\u00e9 d&#039;un filetage 5\/8\u2033-11, convient \u00e0 une large gamme de r\u00e9cepteurs GNSS, de prismes et d&#039;accessoires.<\/li>\n<li>Adh\u00e9rence et stabilit\u00e9 am\u00e9lior\u00e9es\u00a0: le rev\u00eatement antid\u00e9rapant assure une manipulation s\u00fbre sur les terrains humides, poussi\u00e9reux ou accident\u00e9s.<\/li>\n<\/ul>","protected":false},"featured_media":5079,"comment_status":"open","ping_status":"closed","template":"","meta":[],"product_brand":[],"product_cat":[89,143],"product_tag":[],"class_list":{"0":"post-5087","1":"product","2":"type-product","3":"status-publish","4":"has-post-thumbnail","6":"product_cat-surveying-pole-rod","7":"product_cat-gps-pole-thread-lock","9":"first","10":"instock","11":"shipping-taxable","12":"product-type-simple"},"_links":{"self":[{"href":"https:\/\/mountlaser.com\/fr_fr\/wp-json\/wp\/v2\/product\/5087","targetHints":{"allow":["GET"]}}],"collection":[{"href":"https:\/\/mountlaser.com\/fr_fr\/wp-json\/wp\/v2\/product"}],"about":[{"href":"https:\/\/mountlaser.com\/fr_fr\/wp-json\/wp\/v2\/types\/product"}],"replies":[{"embeddable":true,"href":"https:\/\/mountlaser.com\/fr_fr\/wp-json\/wp\/v2\/comments?post=5087"}],"wp:featuredmedia":[{"embeddable":true,"href":"https:\/\/mountlaser.com\/fr_fr\/wp-json\/wp\/v2\/media\/5079"}],"wp:attachment":[{"href":"https:\/\/mountlaser.com\/fr_fr\/wp-json\/wp\/v2\/media?parent=5087"}],"wp:term":[{"taxonomy":"product_brand","embeddable":true,"href":"https:\/\/mountlaser.com\/fr_fr\/wp-json\/wp\/v2\/product_brand?post=5087"},{"taxonomy":"product_cat","embeddable":true,"href":"https:\/\/mountlaser.com\/fr_fr\/wp-json\/wp\/v2\/product_cat?post=5087"},{"taxonomy":"product_tag","embeddable":true,"href":"https:\/\/mountlaser.com\/fr_fr\/wp-json\/wp\/v2\/product_tag?post=5087"}],"curies":[{"name":"wp","href":"https:\/\/api.w.org\/{rel}","templated":true}]}}