{"id":5063,"date":"2025-12-02T05:10:42","date_gmt":"2025-12-02T05:10:42","guid":{"rendered":"https:\/\/mountlaser.com\/?post_type=product&#038;p=5063"},"modified":"2025-12-02T05:10:42","modified_gmt":"2025-12-02T05:10:42","slug":"ad-d64-pole-adapter","status":"publish","type":"product","link":"https:\/\/mountlaser.com\/fr_fr\/produit\/ad-d64-pole-adapter\/","title":{"rendered":"Adaptateur de p\u00f4le AD-D64"},"content":{"rendered":"<p>Le <a href=\"https:\/\/mountlaser.com\/fr_fr\/\"><strong>Adaptateur de p\u00f4le AD-D64<\/strong><\/a> L&#039;adaptateur de perche AD-D64 est un accessoire de pr\u00e9cision con\u00e7u pour am\u00e9liorer la compatibilit\u00e9 et la flexibilit\u00e9 des applications de robotique GNSS et de lev\u00e9s topographiques par station totale. Con\u00e7u pour un usage professionnel sur le terrain, il assure une int\u00e9gration fluide avec les perches de lev\u00e9 interchangeables et un positionnement pr\u00e9cis et stable de la cible. <a href=\"https:\/\/mountlaser.com\/fr_fr\/products\/\"><strong>adaptateur de rallonge<\/strong><\/a>, Il permet aux g\u00e9om\u00e8tres de passer rapidement d&#039;un syst\u00e8me cible \u00e0 un autre tout en maintenant une pr\u00e9cision de mesure constante.<\/p>\n<p>Sp\u00e9cialement con\u00e7u pour la cible suisse GPH1, le <a href=\"https:\/\/mountlaser.com\/fr_fr\/contact-us\/\">Adaptateur de p\u00f4le AD-D64<\/a> L&#039;adaptateur de perche AD-D64 offre une hauteur cible de 86 mm avec une longueur d&#039;adaptateur de 50 mm, garantissant un alignement pr\u00e9cis et une performance fiable sur le terrain. Sa structure d&#039;adaptateur est dot\u00e9e d&#039;un filetage de montage standard 5\/8\u2033-11, assurant une compatibilit\u00e9 \u00e9tendue avec une large gamme d&#039;\u00e9quipements topographiques. Que ce soit pour moderniser une installation existante ou pour l&#039;adapter \u00e0 du nouveau mat\u00e9riel, l&#039;adaptateur de perche AD-D64 garantit une installation rapide, s\u00fbre et pr\u00e9cise.<\/p>\n<div>\n<table style=\"border-collapse: collapse; width: 947.27pt;\" border=\"0\" width=\"1263\" cellspacing=\"0\" cellpadding=\"0\">\n<tbody>\n<tr style=\"height: 17.25pt;\">\n<td class=\"et2\" style=\"height: 17.25pt; width: 235.50pt;\" width=\"314\" height=\"23\">R\u00c9F\u00c9RENCE<\/td>\n<td class=\"et3\" style=\"width: 309.00pt;\" width=\"412\">CIBLE CON\u00c7UE POUR<\/td>\n<td class=\"et3\" style=\"width: 88.50pt;\" width=\"118\">HAUTEUR CIBLE<\/td>\n<td class=\"et3\" style=\"width: 138.00pt;\" width=\"184\">LONGUEUR DE L&#039;ADAPTATEUR<\/td>\n<td class=\"et4\" style=\"width: 176.25pt;\" width=\"235\">IMAGE<\/td>\n<\/tr>\n<tr style=\"height: 14.25pt;\">\n<td class=\"et5\" style=\"height: 14.25pt;\" height=\"19\">AD-D64<\/td>\n<td class=\"et5\">Suisse GPH1<\/td>\n<td class=\"et5\">86 mm<\/td>\n<td class=\"et5\">50 mm<\/td>\n<td><img fetchpriority=\"high\" decoding=\"async\" class=\"alignnone wp-image-5067\" src=\"https:\/\/mountlaser.com\/wp-content\/uploads\/2025\/12\/AD-D64-4.webp\" alt=\"AD-D64 Pole Adapter\" width=\"500\" height=\"500\" srcset=\"https:\/\/mountlaser.com\/wp-content\/uploads\/2025\/12\/AD-D64-4.webp 1000w, https:\/\/mountlaser.com\/wp-content\/uploads\/2025\/12\/AD-D64-4-300x300.webp 300w, https:\/\/mountlaser.com\/wp-content\/uploads\/2025\/12\/AD-D64-4-150x150.webp 150w, https:\/\/mountlaser.com\/wp-content\/uploads\/2025\/12\/AD-D64-4-768x768.webp 768w, https:\/\/mountlaser.com\/wp-content\/uploads\/2025\/12\/AD-D64-4-12x12.webp 12w, https:\/\/mountlaser.com\/wp-content\/uploads\/2025\/12\/AD-D64-4-600x600.webp 600w, https:\/\/mountlaser.com\/wp-content\/uploads\/2025\/12\/AD-D64-4-800x800.webp 800w, https:\/\/mountlaser.com\/wp-content\/uploads\/2025\/12\/AD-D64-4-400x400.webp 400w\" sizes=\"(max-width: 500px) 100vw, 500px\" \/><\/td>\n<\/tr>\n<\/tbody>\n<\/table>\n<\/div>","protected":false},"excerpt":{"rendered":"<ul>\n<li>Compatibilit\u00e9 de conception interchangeable\u00a0: Fonctionne avec les poteaux topographiques con\u00e7us pour la robotique GNSS et les op\u00e9rations de station totale.<\/li>\n<li>Fonctionnalit\u00e9 d&#039;extension\u00a0: Sert d&#039;adaptateur de perche d&#039;extension fiable pour ajuster et convertir les hauteurs cibles.<\/li>\n<li>Alignement de cible de pr\u00e9cision : Con\u00e7u sp\u00e9cifiquement pour la cible suisse GPH1 d&#039;une hauteur de cible de 86 mm.<\/li>\n<li>Filetage de montage standard : Comporte un filetage universel 5\/8\u2033-11 pour une large compatibilit\u00e9 avec les \u00e9quipements.<\/li>\n<li>Longueur d&#039;adaptateur optimis\u00e9e\u00a0: longueur d&#039;adaptateur de 50\u00a0mm con\u00e7ue pour fournir une g\u00e9om\u00e9trie de mesure coh\u00e9rente.<\/li>\n<li>Capacit\u00e9 de conversion rapide\u00a0: permet de basculer rapidement entre les applications en changeant simplement d\u2019adaptateur.<\/li>\n<li>Construction durable : Con\u00e7ue pour une performance durable sur le terrain dans des environnements d&#039;arpentage exigeants.<\/li>\n<\/ul>","protected":false},"featured_media":5064,"comment_status":"open","ping_status":"closed","template":"","meta":[],"product_brand":[],"product_cat":[142,89],"product_tag":[],"class_list":{"0":"post-5063","1":"product","2":"type-product","3":"status-publish","4":"has-post-thumbnail","6":"product_cat-pole-adapter","7":"product_cat-surveying-pole-rod","9":"first","10":"instock","11":"shipping-taxable","12":"product-type-simple"},"_links":{"self":[{"href":"https:\/\/mountlaser.com\/fr_fr\/wp-json\/wp\/v2\/product\/5063","targetHints":{"allow":["GET"]}}],"collection":[{"href":"https:\/\/mountlaser.com\/fr_fr\/wp-json\/wp\/v2\/product"}],"about":[{"href":"https:\/\/mountlaser.com\/fr_fr\/wp-json\/wp\/v2\/types\/product"}],"replies":[{"embeddable":true,"href":"https:\/\/mountlaser.com\/fr_fr\/wp-json\/wp\/v2\/comments?post=5063"}],"wp:featuredmedia":[{"embeddable":true,"href":"https:\/\/mountlaser.com\/fr_fr\/wp-json\/wp\/v2\/media\/5064"}],"wp:attachment":[{"href":"https:\/\/mountlaser.com\/fr_fr\/wp-json\/wp\/v2\/media?parent=5063"}],"wp:term":[{"taxonomy":"product_brand","embeddable":true,"href":"https:\/\/mountlaser.com\/fr_fr\/wp-json\/wp\/v2\/product_brand?post=5063"},{"taxonomy":"product_cat","embeddable":true,"href":"https:\/\/mountlaser.com\/fr_fr\/wp-json\/wp\/v2\/product_cat?post=5063"},{"taxonomy":"product_tag","embeddable":true,"href":"https:\/\/mountlaser.com\/fr_fr\/wp-json\/wp\/v2\/product_tag?post=5063"}],"curies":[{"name":"wp","href":"https:\/\/api.w.org\/{rel}","templated":true}]}}