{"id":5030,"date":"2025-12-02T03:25:10","date_gmt":"2025-12-02T03:25:10","guid":{"rendered":"https:\/\/mountlaser.com\/?post_type=product&#038;p=5030"},"modified":"2025-12-02T03:25:10","modified_gmt":"2025-12-02T03:25:10","slug":"ad-b15-pole-adapter","status":"publish","type":"product","link":"https:\/\/mountlaser.com\/fr_fr\/produit\/ad-b15-pole-adapter\/","title":{"rendered":"Adaptateur de p\u00f4le AD-B15"},"content":{"rendered":"<p>Le <a href=\"https:\/\/mountlaser.com\/fr_fr\/\"><strong>Adaptateur de poteau<\/strong><\/a> Cet accessoire de pr\u00e9cision est con\u00e7u pour optimiser la compatibilit\u00e9 et la flexibilit\u00e9 des cannes topographiques GNSS, robotis\u00e9es et \u00e0 station totale. Destin\u00e9 aux professionnels de terrain qui alternent fr\u00e9quemment entre diff\u00e9rentes cibles, l&#039;adaptateur de canne permet des changements de configuration instantan\u00e9s par simple changement d&#039;adaptateur, ce qui en fait un outil indispensable pour un flux de travail efficace.<\/p>\n<p>Fabriqu\u00e9 avec des mat\u00e9riaux robustes et dot\u00e9 d&#039;un filetage de montage universel 5\/8\u2033-11, ce <a href=\"https:\/\/mountlaser.com\/fr_fr\/about-us\/\"><strong>Adaptateur de poteau filet\u00e9<\/strong> <\/a>Assure une connexion s\u00fbre et stable pour une large gamme de cibles topographiques. Chaque adaptateur de perche filet\u00e9e est con\u00e7u avec des longueurs sp\u00e9cifiques pour atteindre une hauteur de cible pr\u00e9cise de 150 mm, garantissant ainsi une pr\u00e9cision optimale pour de multiples applications.<\/p>\n<p><a href=\"https:\/\/mountlaser.com\/fr_fr\/contact-us\/\">Mod\u00e8les \u00e0 adaptateurs multiples<\/a>Les adaptateurs pour perche, notamment les mod\u00e8les AD-B15, AD-B35, AD-B50, AD-B73, AD-B80 et AD-B100, offrent une compatibilit\u00e9 optimale avec les prismes Trimble, Zeiss, Topcon et MountLaser, garantissant aux g\u00e9om\u00e8tres une polyvalence in\u00e9gal\u00e9e sur le terrain. Que vous utilisiez des prismes 360\u00b0, des mini-prismes ou des cibles de contr\u00f4le r\u00e9glables, l&#039;adaptateur pour perche assure un alignement pr\u00e9cis, une conversion rapide et une grande durabilit\u00e9.<\/p>\n<div>\n<table style=\"border-collapse: collapse; width: 947.27pt;\" border=\"0\" width=\"1263\" cellspacing=\"0\" cellpadding=\"0\">\n<tbody>\n<tr style=\"height: 17.25pt;\">\n<td class=\"et2\" style=\"height: 17.25pt; width: 235.50pt;\" width=\"314\" height=\"23\">R\u00c9F\u00c9RENCE<\/td>\n<td class=\"et3\" style=\"width: 309.00pt;\" width=\"412\">CIBLE CON\u00c7UE POUR<\/td>\n<td class=\"et3\" style=\"width: 88.50pt;\" width=\"118\">HAUTEUR CIBLE<\/td>\n<td class=\"et3\" style=\"width: 138.00pt;\" width=\"184\">LONGUEUR DE L&#039;ADAPTATEUR<\/td>\n<td class=\"et4\" style=\"width: 176.25pt;\" width=\"235\">IMAGE<\/td>\n<\/tr>\n<tr style=\"height: 14.25pt;\">\n<td class=\"et5\" style=\"height: 14.25pt;\" height=\"19\">AD-B15<\/td>\n<td class=\"et5\">TRI RMT, r\u00e9glable<\/td>\n<td class=\"et5\">135 mm<\/td>\n<td class=\"et5\">15 mm<\/td>\n<td><img fetchpriority=\"high\" decoding=\"async\" class=\"alignnone wp-image-5022\" src=\"https:\/\/mountlaser.com\/wp-content\/uploads\/2025\/12\/AD-B15-2.webp\" alt=\"Pole Adapter\" width=\"500\" height=\"500\" srcset=\"https:\/\/mountlaser.com\/wp-content\/uploads\/2025\/12\/AD-B15-2.webp 1000w, https:\/\/mountlaser.com\/wp-content\/uploads\/2025\/12\/AD-B15-2-300x300.webp 300w, https:\/\/mountlaser.com\/wp-content\/uploads\/2025\/12\/AD-B15-2-150x150.webp 150w, https:\/\/mountlaser.com\/wp-content\/uploads\/2025\/12\/AD-B15-2-768x768.webp 768w, https:\/\/mountlaser.com\/wp-content\/uploads\/2025\/12\/AD-B15-2-12x12.webp 12w, https:\/\/mountlaser.com\/wp-content\/uploads\/2025\/12\/AD-B15-2-600x600.webp 600w, https:\/\/mountlaser.com\/wp-content\/uploads\/2025\/12\/AD-B15-2-800x800.webp 800w, https:\/\/mountlaser.com\/wp-content\/uploads\/2025\/12\/AD-B15-2-400x400.webp 400w\" sizes=\"(max-width: 500px) 100vw, 500px\" \/><\/td>\n<\/tr>\n<tr style=\"height: 14.25pt;\">\n<td class=\"et5\" style=\"height: 14.25pt;\" height=\"19\">AD-B35<\/td>\n<td class=\"et5\">Hauteur du prisme du support laser\u00a0: 115\u00a0mm<\/td>\n<td class=\"et5\">115 mm<\/td>\n<td class=\"et5\">35 mm<\/td>\n<td><img decoding=\"async\" class=\"alignnone wp-image-5031\" src=\"https:\/\/mountlaser.com\/wp-content\/uploads\/2025\/12\/AD-B35-1.webp\" alt=\"Pole Adapter\" width=\"500\" height=\"500\" srcset=\"https:\/\/mountlaser.com\/wp-content\/uploads\/2025\/12\/AD-B35-1.webp 1000w, https:\/\/mountlaser.com\/wp-content\/uploads\/2025\/12\/AD-B35-1-300x300.webp 300w, https:\/\/mountlaser.com\/wp-content\/uploads\/2025\/12\/AD-B35-1-150x150.webp 150w, https:\/\/mountlaser.com\/wp-content\/uploads\/2025\/12\/AD-B35-1-768x768.webp 768w, https:\/\/mountlaser.com\/wp-content\/uploads\/2025\/12\/AD-B35-1-12x12.webp 12w, https:\/\/mountlaser.com\/wp-content\/uploads\/2025\/12\/AD-B35-1-600x600.webp 600w, https:\/\/mountlaser.com\/wp-content\/uploads\/2025\/12\/AD-B35-1-800x800.webp 800w, https:\/\/mountlaser.com\/wp-content\/uploads\/2025\/12\/AD-B35-1-400x400.webp 400w\" sizes=\"(max-width: 500px) 100vw, 500px\" \/><\/td>\n<\/tr>\n<tr style=\"height: 14.25pt;\">\n<td class=\"et5\" style=\"height: 14.25pt;\" height=\"19\">AD-B50<\/td>\n<td class=\"et5\">Prisme Zeiss \u00e0 360\u00b0<\/td>\n<td class=\"et5\">100 mm<\/td>\n<td class=\"et5\">50 mm<\/td>\n<td><img decoding=\"async\" class=\"alignnone wp-image-5039\" src=\"https:\/\/mountlaser.com\/wp-content\/uploads\/2025\/12\/AD-B50-1.webp\" alt=\"Pole Adapter\" width=\"500\" height=\"500\" srcset=\"https:\/\/mountlaser.com\/wp-content\/uploads\/2025\/12\/AD-B50-1.webp 1000w, https:\/\/mountlaser.com\/wp-content\/uploads\/2025\/12\/AD-B50-1-300x300.webp 300w, https:\/\/mountlaser.com\/wp-content\/uploads\/2025\/12\/AD-B50-1-150x150.webp 150w, https:\/\/mountlaser.com\/wp-content\/uploads\/2025\/12\/AD-B50-1-768x768.webp 768w, https:\/\/mountlaser.com\/wp-content\/uploads\/2025\/12\/AD-B50-1-12x12.webp 12w, https:\/\/mountlaser.com\/wp-content\/uploads\/2025\/12\/AD-B50-1-600x600.webp 600w, https:\/\/mountlaser.com\/wp-content\/uploads\/2025\/12\/AD-B50-1-800x800.webp 800w, https:\/\/mountlaser.com\/wp-content\/uploads\/2025\/12\/AD-B50-1-400x400.webp 400w\" sizes=\"(max-width: 500px) 100vw, 500px\" \/><\/td>\n<\/tr>\n<tr style=\"height: 14.25pt;\">\n<td class=\"et5\" style=\"height: 14.25pt;\" height=\"19\">AD-B73<\/td>\n<td class=\"et5\">Prisme 360\u00b0<\/td>\n<td class=\"et5\">77 mm<\/td>\n<td class=\"et5\">73 mm<\/td>\n<td><img loading=\"lazy\" decoding=\"async\" class=\"alignnone wp-image-5052\" src=\"https:\/\/mountlaser.com\/wp-content\/uploads\/2025\/12\/AD-B80-5.webp\" alt=\"Pole Adapter\" width=\"500\" height=\"500\" srcset=\"https:\/\/mountlaser.com\/wp-content\/uploads\/2025\/12\/AD-B80-5.webp 1000w, https:\/\/mountlaser.com\/wp-content\/uploads\/2025\/12\/AD-B80-5-300x300.webp 300w, https:\/\/mountlaser.com\/wp-content\/uploads\/2025\/12\/AD-B80-5-150x150.webp 150w, https:\/\/mountlaser.com\/wp-content\/uploads\/2025\/12\/AD-B80-5-768x768.webp 768w, https:\/\/mountlaser.com\/wp-content\/uploads\/2025\/12\/AD-B80-5-12x12.webp 12w, https:\/\/mountlaser.com\/wp-content\/uploads\/2025\/12\/AD-B80-5-600x600.webp 600w, https:\/\/mountlaser.com\/wp-content\/uploads\/2025\/12\/AD-B80-5-800x800.webp 800w, https:\/\/mountlaser.com\/wp-content\/uploads\/2025\/12\/AD-B80-5-400x400.webp 400w\" sizes=\"(max-width: 500px) 100vw, 500px\" \/><\/td>\n<\/tr>\n<tr style=\"height: 14.25pt;\">\n<td class=\"et5\" style=\"height: 14.25pt;\" height=\"19\">AD-B80<\/td>\n<td class=\"et5\">Mini prisme MountLaser<\/td>\n<td class=\"et5\">70 mm<\/td>\n<td class=\"et5\">80 mm<\/td>\n<td><img loading=\"lazy\" decoding=\"async\" class=\"alignnone wp-image-5048\" src=\"https:\/\/mountlaser.com\/wp-content\/uploads\/2025\/12\/AD-B80-1.webp\" alt=\"\" width=\"500\" height=\"500\" srcset=\"https:\/\/mountlaser.com\/wp-content\/uploads\/2025\/12\/AD-B80-1.webp 1000w, https:\/\/mountlaser.com\/wp-content\/uploads\/2025\/12\/AD-B80-1-300x300.webp 300w, https:\/\/mountlaser.com\/wp-content\/uploads\/2025\/12\/AD-B80-1-150x150.webp 150w, https:\/\/mountlaser.com\/wp-content\/uploads\/2025\/12\/AD-B80-1-768x768.webp 768w, https:\/\/mountlaser.com\/wp-content\/uploads\/2025\/12\/AD-B80-1-12x12.webp 12w, https:\/\/mountlaser.com\/wp-content\/uploads\/2025\/12\/AD-B80-1-600x600.webp 600w, https:\/\/mountlaser.com\/wp-content\/uploads\/2025\/12\/AD-B80-1-800x800.webp 800w, https:\/\/mountlaser.com\/wp-content\/uploads\/2025\/12\/AD-B80-1-400x400.webp 400w\" sizes=\"(max-width: 500px) 100vw, 500px\" \/><\/td>\n<\/tr>\n<tr style=\"height: 14.25pt;\">\n<td class=\"et5\" style=\"height: 14.25pt;\" height=\"19\">AD-B100<\/td>\n<td class=\"et5\">Prisme 360\u00b0 TOP ATP1 ATP2<\/td>\n<td class=\"et5\">50 mm<\/td>\n<td class=\"et5\">100 mm<\/td>\n<td class=\"et6\"><img loading=\"lazy\" decoding=\"async\" class=\"alignnone wp-image-5059\" src=\"https:\/\/mountlaser.com\/wp-content\/uploads\/2025\/12\/AD-B100-4.webp\" alt=\"Pole Adapter\" width=\"500\" height=\"500\" srcset=\"https:\/\/mountlaser.com\/wp-content\/uploads\/2025\/12\/AD-B100-4.webp 1000w, https:\/\/mountlaser.com\/wp-content\/uploads\/2025\/12\/AD-B100-4-300x300.webp 300w, https:\/\/mountlaser.com\/wp-content\/uploads\/2025\/12\/AD-B100-4-150x150.webp 150w, https:\/\/mountlaser.com\/wp-content\/uploads\/2025\/12\/AD-B100-4-768x768.webp 768w, https:\/\/mountlaser.com\/wp-content\/uploads\/2025\/12\/AD-B100-4-12x12.webp 12w, https:\/\/mountlaser.com\/wp-content\/uploads\/2025\/12\/AD-B100-4-600x600.webp 600w, https:\/\/mountlaser.com\/wp-content\/uploads\/2025\/12\/AD-B100-4-800x800.webp 800w, https:\/\/mountlaser.com\/wp-content\/uploads\/2025\/12\/AD-B100-4-400x400.webp 400w\" sizes=\"(max-width: 500px) 100vw, 500px\" \/><\/td>\n<\/tr>\n<\/tbody>\n<\/table>\n<\/div>","protected":false},"excerpt":{"rendered":"<ul>\n<li>Permet une fixation s\u00fbre et pr\u00e9cise des poteaux GNSS et des stations totales.<\/li>\n<li>Permet de basculer rapidement entre diff\u00e9rentes cibles d&#039;arpentage<\/li>\n<li>Garantit une hauteur cible constante (150 mm) pour tous les types d&#039;adaptateurs.<\/li>\n<li>Compatible avec de nombreuses marques et syst\u00e8mes \u00e0 prisme<\/li>\n<li>Id\u00e9al pour les lev\u00e9s topographiques, la surveillance et les mesures de construction.<\/li>\n<\/ul>","protected":false},"featured_media":5021,"comment_status":"open","ping_status":"closed","template":"","meta":[],"product_brand":[],"product_cat":[89,142],"product_tag":[],"class_list":{"0":"post-5030","1":"product","2":"type-product","3":"status-publish","4":"has-post-thumbnail","6":"product_cat-surveying-pole-rod","7":"product_cat-pole-adapter","9":"first","10":"instock","11":"shipping-taxable","12":"product-type-simple"},"_links":{"self":[{"href":"https:\/\/mountlaser.com\/fr_fr\/wp-json\/wp\/v2\/product\/5030","targetHints":{"allow":["GET"]}}],"collection":[{"href":"https:\/\/mountlaser.com\/fr_fr\/wp-json\/wp\/v2\/product"}],"about":[{"href":"https:\/\/mountlaser.com\/fr_fr\/wp-json\/wp\/v2\/types\/product"}],"replies":[{"embeddable":true,"href":"https:\/\/mountlaser.com\/fr_fr\/wp-json\/wp\/v2\/comments?post=5030"}],"wp:featuredmedia":[{"embeddable":true,"href":"https:\/\/mountlaser.com\/fr_fr\/wp-json\/wp\/v2\/media\/5021"}],"wp:attachment":[{"href":"https:\/\/mountlaser.com\/fr_fr\/wp-json\/wp\/v2\/media?parent=5030"}],"wp:term":[{"taxonomy":"product_brand","embeddable":true,"href":"https:\/\/mountlaser.com\/fr_fr\/wp-json\/wp\/v2\/product_brand?post=5030"},{"taxonomy":"product_cat","embeddable":true,"href":"https:\/\/mountlaser.com\/fr_fr\/wp-json\/wp\/v2\/product_cat?post=5030"},{"taxonomy":"product_tag","embeddable":true,"href":"https:\/\/mountlaser.com\/fr_fr\/wp-json\/wp\/v2\/product_tag?post=5030"}],"curies":[{"name":"wp","href":"https:\/\/api.w.org\/{rel}","templated":true}]}}