{"id":4942,"date":"2025-11-26T03:29:18","date_gmt":"2025-11-26T03:29:18","guid":{"rendered":"https:\/\/mountlaser.com\/?post_type=product&#038;p=4942"},"modified":"2025-11-26T03:29:18","modified_gmt":"2025-11-26T03:29:18","slug":"auto-levels-b-series","status":"publish","type":"product","link":"https:\/\/mountlaser.com\/fr_fr\/produit\/auto-levels-b-series\/","title":{"rendered":"Auto Levels s\u00e9rie B"},"content":{"rendered":"<p>Obtenez une pr\u00e9cision et une fiabilit\u00e9 in\u00e9gal\u00e9es sur le terrain gr\u00e2ce \u00e0 <a href=\"https:\/\/mountlaser.com\/fr_fr\/about-us\/\">Auto Levels S\u00e9rie B<\/a> du Mont Laser.<br \/>\nCette gamme polyvalente Auto Levels s\u00e9rie B comprend\u00a0:<br \/>\nNiveaux automatiques B20<br \/>\nNiveaux automatiques B30<br \/>\nNiveaux automatiques B30A<br \/>\nNiveaux automatiques B40<br \/>\nLes mod\u00e8les Auto Levels B40A sont con\u00e7us pour r\u00e9pondre aux exigences rigoureuses de toutes les situations. <a href=\"https:\/\/mountlaser.com\/fr_fr\/about-us\/\">enqu\u00eate de niveau automatique<\/a>. Du piquetage de haute pr\u00e9cision pour la construction aux travaux de nivellement g\u00e9n\u00e9raux, il existe un instrument de la s\u00e9rie B parfaitement adapt\u00e9 aux exigences de pr\u00e9cision de votre projet.<br \/>\nLors de la planification de votre prochain lev\u00e9 topographique automatique, le choix de l&#039;\u00e9quipement est crucial, et la s\u00e9rie B offre les performances fiables sur lesquelles les professionnels comptent. Investir dans un outil de lev\u00e9 topographique automatique robuste n&#039;a jamais \u00e9t\u00e9 aussi accessible, gr\u00e2ce \u00e0 la combinaison de fonctionnalit\u00e9s avanc\u00e9es et d&#039;un excellent rapport qualit\u00e9-prix de la s\u00e9rie B.<\/p>\n<p>La s\u00e9rie offre une gamme de pr\u00e9cisions, allant d&#039;une haute pr\u00e9cision de 0,7 mm (B20) \u00e0 un \u00e9cart type robuste de 2,0 mm par nivellement double de 1 km, garantissant l&#039;int\u00e9grit\u00e9 des donn\u00e9es pour chaque t\u00e2che.<\/p>\n<p><strong>Sp\u00e9cifications de la s\u00e9rie B des niveleuses automatiques<\/strong><\/p>\n<table width=\"1552\">\n<tbody>\n<tr>\n<td width=\"266\">Num\u00e9ro de mod\u00e8le.<\/td>\n<td width=\"256\">B20<\/td>\n<td width=\"257\">B30<\/td>\n<td width=\"258\">B30A<\/td>\n<td width=\"254\">B40<\/td>\n<td width=\"261\">B40A<\/td>\n<\/tr>\n<tr>\n<td>Marque<\/td>\n<td>TP\/ SK<\/td>\n<td>TP\/ SK<\/td>\n<td>TP\/ SK<\/td>\n<td>TP\/ SK<\/td>\n<td>TP\/ SK<\/td>\n<\/tr>\n<tr>\n<td>\u00c9cart type pour un nivellement \u00e0 double parcours de 1 km<\/td>\n<td>0,7 mm<\/td>\n<td>1,5 mm<\/td>\n<td>2,0 mm<\/td>\n<td>2,0 mm<\/td>\n<td>1,5 mm<\/td>\n<\/tr>\n<tr>\n<td>Grossissement du t\u00e9lescope<\/td>\n<td>32X<\/td>\n<td>28X<\/td>\n<td>24X<\/td>\n<td>24X<\/td>\n<td>28X<\/td>\n<\/tr>\n<tr>\n<td>Image du t\u00e9lescope<\/td>\n<td>\u00c9riger<\/td>\n<td>\u00c9riger<\/td>\n<td>\u00c9riger<\/td>\n<td>\u00c9riger<\/td>\n<td>\u00c9riger<\/td>\n<\/tr>\n<tr>\n<td>Distance de vis\u00e9e la plus courte<\/td>\n<td>0,3 m<\/td>\n<td>0,3 m<\/td>\n<td>0,3 m<\/td>\n<td>0,3 m<\/td>\n<td>0,3 m<\/td>\n<\/tr>\n<tr>\n<td>Erreur de distance de vue<\/td>\n<td>\u2264\u00b10,4%<\/td>\n<td>\u2264\u00b10,4%<\/td>\n<td>\u2264\u00b10,4%<\/td>\n<td>\u2264\u00b10,4%<\/td>\n<td>\u2264\u00b10,4%<\/td>\n<\/tr>\n<tr>\n<td>Taille d&#039;ouverture effective de la lentille d&#039;objectif<\/td>\n<td>42 mm<\/td>\n<td>36 mm<\/td>\n<td>36 mm<\/td>\n<td>32 mm<\/td>\n<td>32 mm<\/td>\n<\/tr>\n<tr>\n<td>R\u00e9solution<\/td>\n<td>\u22643,0\u2033<\/td>\n<td>\u22643,5\u2033<\/td>\n<td>\u22643,5\u2033<\/td>\n<td>\u22644,0\u2033<\/td>\n<td>\u22644,0\u2033<\/td>\n<\/tr>\n<tr>\n<td>Angle de vue<\/td>\n<td>1\u00b025\u2032<\/td>\n<td>1\u00b025\u2032<\/td>\n<td>1\u00b025\u2032<\/td>\n<td>1\u00b025\u2032<\/td>\n<td>1\u00b025\u2032<\/td>\n<\/tr>\n<tr>\n<td>Erreur de mise au point<\/td>\n<td>\u22640,5 mm<\/td>\n<td>\u22641,0 mm<\/td>\n<td>\u22641,0 mm<\/td>\n<td>\u22641,0 mm<\/td>\n<td>\u22641,0 mm<\/td>\n<\/tr>\n<tr>\n<td>Type de compensateur<\/td>\n<td>Amortissement magn\u00e9tique<\/td>\n<td>Amortissement magn\u00e9tique<\/td>\n<td>Amortissement magn\u00e9tique<\/td>\n<td>Amortissement magn\u00e9tique<\/td>\n<td>Amortissement magn\u00e9tique<\/td>\n<\/tr>\n<tr>\n<td>Plage de fonctionnement du compensateur<\/td>\n<td>\u00b115\u2032<\/td>\n<td>\u00b115\u2032<\/td>\n<td>\u00b115\u2032<\/td>\n<td>\u00b115\u2032<\/td>\n<td>\u00b115\u2032<\/td>\n<\/tr>\n<tr>\n<td>Erreur compensatoire<\/td>\n<td>\u22640,3\u2033<\/td>\n<td>\u22640,5\u2033<\/td>\n<td>\u22640,5\u2033<\/td>\n<td>\u22640,5\u2033<\/td>\n<td>\u22640,5\u2033<\/td>\n<\/tr>\n<tr>\n<td>R\u00e9ticule<\/td>\n<td>Forme de coin<\/td>\n<td>R\u00e9ticule en croix<\/td>\n<td>R\u00e9ticule en croix<\/td>\n<td>R\u00e9ticule en croix<\/td>\n<td>R\u00e9ticule en croix<\/td>\n<\/tr>\n<tr>\n<td>R\u00e9glage de la pr\u00e9cision<\/td>\n<td>\u00b10,3\u2033<\/td>\n<td>\u00b10,5\u2033<\/td>\n<td>\u00b10,5\u2033<\/td>\n<td>\u00b10,5\u2033<\/td>\n<td>\u00b10,5\u2033<\/td>\n<\/tr>\n<tr>\n<td>R\u00e9glage de l&#039;heure<\/td>\n<td>\u2264 1,5S<\/td>\n<td>\u2264 1,5S<\/td>\n<td>\u2264 1,5S<\/td>\n<td>\u2264 1,5S<\/td>\n<td>\u2264 1,5S<\/td>\n<\/tr>\n<tr>\n<td>Constante de multiplication des stades<\/td>\n<td>100<\/td>\n<td>100<\/td>\n<td>100<\/td>\n<td>100<\/td>\n<td>100<\/td>\n<\/tr>\n<tr>\n<td>Constante additive de Stadia<\/td>\n<td>0<\/td>\n<td>0<\/td>\n<td>0<\/td>\n<td>0<\/td>\n<td>0<\/td>\n<\/tr>\n<tr>\n<td>Sensibilit\u00e9 du niveau circulaire<\/td>\n<td>8\u2032 \/ 2 mm<\/td>\n<td>10\u2032 \/ 2 mm<\/td>\n<td>10\u2032 \/ 2 mm<\/td>\n<td>10\u2032 \/ 2 mm<\/td>\n<td>10\u2032 \/ 2 mm<\/td>\n<\/tr>\n<tr>\n<td>Intervalle de remise des dipl\u00f4mes du Cercle<\/td>\n<td>360\u00b0 ou 400 gon en option<\/td>\n<td>360\u00b0 ou 400 gon en option<\/td>\n<td>360\u00b0 ou 400 gon en option<\/td>\n<td>360\u00b0 ou 400 gon en option<\/td>\n<td>360\u00b0 ou 400 gon en option<\/td>\n<\/tr>\n<tr>\n<td>\u00e9tanche \u00e0 l&#039;eau et \u00e0 la poussi\u00e8re<\/td>\n<td>IPX6<\/td>\n<td>IPX6<\/td>\n<td>IPX6<\/td>\n<td>IPX6<\/td>\n<td>IPX6<\/td>\n<\/tr>\n<tr>\n<td>Accessoire standard<\/td>\n<td>Manuel, cl\u00e9 Allen, goupille de r\u00e9glage, \u00e9tui en plastique<\/td>\n<td>Manuel, cl\u00e9 Allen, goupille de r\u00e9glage, \u00e9tui en plastique<\/td>\n<td>Manuel, cl\u00e9 Allen, goupille de r\u00e9glage, \u00e9tui en plastique<\/td>\n<td>Manuel, cl\u00e9 Allen, goupille de r\u00e9glage, \u00e9tui en plastique<\/td>\n<td>Manuel, cl\u00e9 Allen, goupille de r\u00e9glage, \u00e9tui en plastique<\/td>\n<\/tr>\n<tr>\n<td>Image<\/td>\n<td><img fetchpriority=\"high\" decoding=\"async\" class=\"alignnone wp-image-4943 size-medium\" src=\"https:\/\/mountlaser.com\/wp-content\/uploads\/2025\/11\/B20-300x300.webp\" alt=\"auto level survey\" width=\"300\" height=\"300\" srcset=\"https:\/\/mountlaser.com\/wp-content\/uploads\/2025\/11\/B20-300x300.webp 300w, https:\/\/mountlaser.com\/wp-content\/uploads\/2025\/11\/B20-400x400.webp 400w, https:\/\/mountlaser.com\/wp-content\/uploads\/2025\/11\/B20-800x800.webp 800w, https:\/\/mountlaser.com\/wp-content\/uploads\/2025\/11\/B20-600x600.webp 600w, https:\/\/mountlaser.com\/wp-content\/uploads\/2025\/11\/B20-150x150.webp 150w, https:\/\/mountlaser.com\/wp-content\/uploads\/2025\/11\/B20-768x768.webp 768w, https:\/\/mountlaser.com\/wp-content\/uploads\/2025\/11\/B20-12x12.webp 12w, https:\/\/mountlaser.com\/wp-content\/uploads\/2025\/11\/B20.webp 1000w\" sizes=\"(max-width: 300px) 100vw, 300px\" \/><\/td>\n<td><\/td>\n<td><img decoding=\"async\" class=\"alignnone wp-image-4944 size-medium\" src=\"https:\/\/mountlaser.com\/wp-content\/uploads\/2025\/11\/B30A-300x300.webp\" alt=\"auto level survey\" width=\"300\" height=\"300\" srcset=\"https:\/\/mountlaser.com\/wp-content\/uploads\/2025\/11\/B30A-300x300.webp 300w, https:\/\/mountlaser.com\/wp-content\/uploads\/2025\/11\/B30A-400x400.webp 400w, https:\/\/mountlaser.com\/wp-content\/uploads\/2025\/11\/B30A-800x800.webp 800w, https:\/\/mountlaser.com\/wp-content\/uploads\/2025\/11\/B30A-600x600.webp 600w, https:\/\/mountlaser.com\/wp-content\/uploads\/2025\/11\/B30A-150x150.webp 150w, https:\/\/mountlaser.com\/wp-content\/uploads\/2025\/11\/B30A-768x768.webp 768w, https:\/\/mountlaser.com\/wp-content\/uploads\/2025\/11\/B30A-12x12.webp 12w, https:\/\/mountlaser.com\/wp-content\/uploads\/2025\/11\/B30A.webp 1000w\" sizes=\"(max-width: 300px) 100vw, 300px\" \/><\/td>\n<td><img decoding=\"async\" class=\"alignnone wp-image-4945 size-medium\" src=\"https:\/\/mountlaser.com\/wp-content\/uploads\/2025\/11\/B40-300x300.webp\" alt=\"auto level survey\" width=\"300\" height=\"300\" srcset=\"https:\/\/mountlaser.com\/wp-content\/uploads\/2025\/11\/B40-300x300.webp 300w, https:\/\/mountlaser.com\/wp-content\/uploads\/2025\/11\/B40-400x400.webp 400w, https:\/\/mountlaser.com\/wp-content\/uploads\/2025\/11\/B40-800x800.webp 800w, https:\/\/mountlaser.com\/wp-content\/uploads\/2025\/11\/B40-600x600.webp 600w, https:\/\/mountlaser.com\/wp-content\/uploads\/2025\/11\/B40-150x150.webp 150w, https:\/\/mountlaser.com\/wp-content\/uploads\/2025\/11\/B40-768x768.webp 768w, https:\/\/mountlaser.com\/wp-content\/uploads\/2025\/11\/B40-12x12.webp 12w, https:\/\/mountlaser.com\/wp-content\/uploads\/2025\/11\/B40.webp 1000w\" sizes=\"(max-width: 300px) 100vw, 300px\" \/><\/td>\n<td><img loading=\"lazy\" decoding=\"async\" class=\"alignnone wp-image-4946 size-medium\" src=\"https:\/\/mountlaser.com\/wp-content\/uploads\/2025\/11\/B40A-300x300.webp\" alt=\"auto level survey\" width=\"300\" height=\"300\" srcset=\"https:\/\/mountlaser.com\/wp-content\/uploads\/2025\/11\/B40A-300x300.webp 300w, https:\/\/mountlaser.com\/wp-content\/uploads\/2025\/11\/B40A-150x150.webp 150w, https:\/\/mountlaser.com\/wp-content\/uploads\/2025\/11\/B40A-768x768.webp 768w, https:\/\/mountlaser.com\/wp-content\/uploads\/2025\/11\/B40A-12x12.webp 12w, https:\/\/mountlaser.com\/wp-content\/uploads\/2025\/11\/B40A-600x600.webp 600w, https:\/\/mountlaser.com\/wp-content\/uploads\/2025\/11\/B40A-800x800.webp 800w, https:\/\/mountlaser.com\/wp-content\/uploads\/2025\/11\/B40A-400x400.webp 400w, https:\/\/mountlaser.com\/wp-content\/uploads\/2025\/11\/B40A.webp 1000w\" sizes=\"(max-width: 300px) 100vw, 300px\" \/><\/td>\n<\/tr>\n<\/tbody>\n<\/table>","protected":false},"excerpt":{"rendered":"<ul>\n<li>Il est dot\u00e9 de t\u00e9lescopes \u00e0 image redress\u00e9e avec des grossissements de 24X \u00e0 32X, offrant une vue claire et \u00e0 l&#039;endroit pour un ciblage facile et une r\u00e9duction des erreurs de l&#039;op\u00e9rateur.<\/li>\n<li>Con\u00e7ue avec un indice de protection IPX6 contre l&#039;eau et la poussi\u00e8re, la s\u00e9rie B est pr\u00eate pour les environnements difficiles.<\/li>\n<li>Tous les mod\u00e8les ont une distance de vis\u00e9e minimale tr\u00e8s courte de 0,3 m.<\/li>\n<\/ul>","protected":false},"featured_media":4943,"comment_status":"open","ping_status":"closed","template":"","meta":[],"product_brand":[],"product_cat":[95,141],"product_tag":[],"class_list":{"0":"post-4942","1":"product","2":"type-product","3":"status-publish","4":"has-post-thumbnail","6":"product_cat-agent-sales","7":"product_cat-auto-level-agent-sales","9":"first","10":"instock","11":"shipping-taxable","12":"product-type-simple"},"_links":{"self":[{"href":"https:\/\/mountlaser.com\/fr_fr\/wp-json\/wp\/v2\/product\/4942","targetHints":{"allow":["GET"]}}],"collection":[{"href":"https:\/\/mountlaser.com\/fr_fr\/wp-json\/wp\/v2\/product"}],"about":[{"href":"https:\/\/mountlaser.com\/fr_fr\/wp-json\/wp\/v2\/types\/product"}],"replies":[{"embeddable":true,"href":"https:\/\/mountlaser.com\/fr_fr\/wp-json\/wp\/v2\/comments?post=4942"}],"wp:featuredmedia":[{"embeddable":true,"href":"https:\/\/mountlaser.com\/fr_fr\/wp-json\/wp\/v2\/media\/4943"}],"wp:attachment":[{"href":"https:\/\/mountlaser.com\/fr_fr\/wp-json\/wp\/v2\/media?parent=4942"}],"wp:term":[{"taxonomy":"product_brand","embeddable":true,"href":"https:\/\/mountlaser.com\/fr_fr\/wp-json\/wp\/v2\/product_brand?post=4942"},{"taxonomy":"product_cat","embeddable":true,"href":"https:\/\/mountlaser.com\/fr_fr\/wp-json\/wp\/v2\/product_cat?post=4942"},{"taxonomy":"product_tag","embeddable":true,"href":"https:\/\/mountlaser.com\/fr_fr\/wp-json\/wp\/v2\/product_tag?post=4942"}],"curies":[{"name":"wp","href":"https:\/\/api.w.org\/{rel}","templated":true}]}}