{"id":4938,"date":"2025-11-26T03:07:09","date_gmt":"2025-11-26T03:07:09","guid":{"rendered":"https:\/\/mountlaser.com\/?post_type=product&#038;p=4938"},"modified":"2025-11-26T03:07:10","modified_gmt":"2025-11-26T03:07:10","slug":"auto-levels-at-b-series","status":"publish","type":"product","link":"https:\/\/mountlaser.com\/fr_fr\/produit\/auto-levels-at-b-series\/","title":{"rendered":"Syst\u00e8mes de mise \u00e0 niveau automatique s\u00e9rie AT-B"},"content":{"rendered":"<p>Am\u00e9liorez vos projets de lev\u00e9s topographiques gr\u00e2ce \u00e0 la s\u00e9rie de niveaux automatiques AT-B, un instrument de niveau automatique fiable et pr\u00e9cis de Mount Laser.<br \/>\n<a href=\"https:\/\/mountlaser.com\/fr_fr\/contact-us\/\"><strong>Syst\u00e8mes de mise \u00e0 niveau automatique s\u00e9rie AT-B<\/strong><\/a> propose cinq mod\u00e8les distincts :<br \/>\nNiveaux automatiques ATB2<br \/>\nNiveaux automatiques ATB3<br \/>\nNiveaux automatiques ATB3A<br \/>\nNiveaux automatiques ATB4<br \/>\nNiveaux automatiques ATB4A<br \/>\nPour r\u00e9pondre \u00e0 un large \u00e9ventail d&#039;exigences de pr\u00e9cision et de budgets de projet, la s\u00e9rie AT-B offre des performances constantes, que ce soit pour l&#039;implantation de chantiers, le terrassement ou d&#039;autres travaux de nivellement.<\/p>\n<p>Lorsqu&#039;on envisage un <a href=\"https:\/\/mountlaser.com\/fr_fr\/contact-us\/\"><strong>instrument de niveau automatique<\/strong><\/a>, Le prix comp\u00e9titif du niveau automatique de la s\u00e9rie AT-B en fait un produit d&#039;une valeur exceptionnelle. Nous vous garantissons un instrument de haute qualit\u00e9, sans compromis, \u00e0 un prix remarquable pour les professionnels exigeants qui recherchent \u00e0 la fois pr\u00e9cision et accessibilit\u00e9.<\/p>\n<p>&nbsp;<\/p>\n<p><strong>Sp\u00e9cifications de la s\u00e9rie AT-B des niveaux automatiques<\/strong><\/p>\n<table width=\"1552\">\n<tbody>\n<tr>\n<td width=\"266\">Num\u00e9ro de mod\u00e8le.<\/td>\n<td width=\"256\">ATB2<\/td>\n<td width=\"257\">ATB3<\/td>\n<td width=\"258\">ATB3A<\/td>\n<td width=\"254\">ATB4<\/td>\n<td width=\"261\">ATB4A<\/td>\n<\/tr>\n<tr>\n<td>Marque<\/td>\n<td>TP\/ SK<\/td>\n<td>TP\/ SK<\/td>\n<td>TP\/ SK<\/td>\n<td>TP\/ SK<\/td>\n<td>TP\/ SK<\/td>\n<\/tr>\n<tr>\n<td>\u00c9cart type pour un nivellement \u00e0 double parcours de 1 km<\/td>\n<td>0,7 mm<\/td>\n<td>1,5 mm<\/td>\n<td>2,0 mm<\/td>\n<td>2,0 mm<\/td>\n<td>1,5 mm<\/td>\n<\/tr>\n<tr>\n<td>Grossissement du t\u00e9lescope<\/td>\n<td>32X<\/td>\n<td>28X<\/td>\n<td>24X<\/td>\n<td>24X<\/td>\n<td>28X<\/td>\n<\/tr>\n<tr>\n<td>Image du t\u00e9lescope<\/td>\n<td>\u00c9riger<\/td>\n<td>\u00c9riger<\/td>\n<td>\u00c9riger<\/td>\n<td>\u00c9riger<\/td>\n<td>\u00c9riger<\/td>\n<\/tr>\n<tr>\n<td>Distance de vis\u00e9e la plus courte<\/td>\n<td>0,3 m<\/td>\n<td>0,3 m<\/td>\n<td>0,3 m<\/td>\n<td>0,3 m<\/td>\n<td>0,3 m<\/td>\n<\/tr>\n<tr>\n<td>Erreur de distance de vue<\/td>\n<td>\u2264\u00b10,4%<\/td>\n<td>\u2264\u00b10,4%<\/td>\n<td>\u2264\u00b10,4%<\/td>\n<td>\u2264\u00b10,4%<\/td>\n<td>\u2264\u00b10,4%<\/td>\n<\/tr>\n<tr>\n<td>Taille d&#039;ouverture effective de la lentille d&#039;objectif<\/td>\n<td>42 mm<\/td>\n<td>36 mm<\/td>\n<td>36 mm<\/td>\n<td>32 mm<\/td>\n<td>32 mm<\/td>\n<\/tr>\n<tr>\n<td>R\u00e9solution<\/td>\n<td>\u22643,0\u2033<\/td>\n<td>\u22643,5\u2033<\/td>\n<td>\u22643,5\u2033<\/td>\n<td>\u22644,0\u2033<\/td>\n<td>\u22644,0\u2033<\/td>\n<\/tr>\n<tr>\n<td>Angle de vue<\/td>\n<td>1\u00b025\u2032<\/td>\n<td>1\u00b025\u2032<\/td>\n<td>1\u00b025\u2032<\/td>\n<td>1\u00b025\u2032<\/td>\n<td>1\u00b025\u2032<\/td>\n<\/tr>\n<tr>\n<td>Erreur de mise au point<\/td>\n<td>\u22640,5 mm<\/td>\n<td>\u22641,0 mm<\/td>\n<td>\u22641,0 mm<\/td>\n<td>\u22641,0 mm<\/td>\n<td>\u22641,0 mm<\/td>\n<\/tr>\n<tr>\n<td>Type de compensateur<\/td>\n<td>Amortissement magn\u00e9tique<\/td>\n<td>Amortissement magn\u00e9tique<\/td>\n<td>Amortissement magn\u00e9tique<\/td>\n<td>Amortissement magn\u00e9tique<\/td>\n<td>Amortissement magn\u00e9tique<\/td>\n<\/tr>\n<tr>\n<td>Plage de fonctionnement du compensateur<\/td>\n<td>\u00b115\u2032<\/td>\n<td>\u00b115\u2032<\/td>\n<td>\u00b115\u2032<\/td>\n<td>\u00b115\u2032<\/td>\n<td>\u00b115\u2032<\/td>\n<\/tr>\n<tr>\n<td>Erreur compensatoire<\/td>\n<td>\u22640,3\u2033<\/td>\n<td>\u22640,5\u2033<\/td>\n<td>\u22640,5\u2033<\/td>\n<td>\u22640,5\u2033<\/td>\n<td>\u22640,5\u2033<\/td>\n<\/tr>\n<tr>\n<td>R\u00e9ticule<\/td>\n<td>Forme de coin<\/td>\n<td>R\u00e9ticule en croix<\/td>\n<td>R\u00e9ticule en croix<\/td>\n<td>R\u00e9ticule en croix<\/td>\n<td>R\u00e9ticule en croix<\/td>\n<\/tr>\n<tr>\n<td>R\u00e9glage de la pr\u00e9cision<\/td>\n<td>\u00b10,3\u2033<\/td>\n<td>\u00b10,5\u2033<\/td>\n<td>\u00b10,5\u2033<\/td>\n<td>\u00b10,5\u2033<\/td>\n<td>\u00b10,5\u2033<\/td>\n<\/tr>\n<tr>\n<td>R\u00e9glage de l&#039;heure<\/td>\n<td>\u2264 1,5S<\/td>\n<td>\u2264 1,5S<\/td>\n<td>\u2264 1,5S<\/td>\n<td>\u2264 1,5S<\/td>\n<td>\u2264 1,5S<\/td>\n<\/tr>\n<tr>\n<td>Constante de multiplication des stades<\/td>\n<td>100<\/td>\n<td>100<\/td>\n<td>100<\/td>\n<td>100<\/td>\n<td>100<\/td>\n<\/tr>\n<tr>\n<td>Constante additive de Stadia<\/td>\n<td>0<\/td>\n<td>0<\/td>\n<td>0<\/td>\n<td>0<\/td>\n<td>0<\/td>\n<\/tr>\n<tr>\n<td>Sensibilit\u00e9 du niveau circulaire<\/td>\n<td>8\u2032 \/ 2 mm<\/td>\n<td>10\u2032 \/ 2 mm<\/td>\n<td>10\u2032 \/ 2 mm<\/td>\n<td>10\u2032 \/ 2 mm<\/td>\n<td>10\u2032 \/ 2 mm<\/td>\n<\/tr>\n<tr>\n<td>Intervalle de remise des dipl\u00f4mes du Cercle<\/td>\n<td>360\u00b0 ou 400 gon en option<\/td>\n<td>360\u00b0 ou 400 gon en option<\/td>\n<td>360\u00b0 ou 400 gon en option<\/td>\n<td>360\u00b0 ou 400 gon en option<\/td>\n<td>360\u00b0 ou 400 gon en option<\/td>\n<\/tr>\n<tr>\n<td>\u00e9tanche \u00e0 l&#039;eau et \u00e0 la poussi\u00e8re<\/td>\n<td>IPX6<\/td>\n<td>IPX6<\/td>\n<td>IPX6<\/td>\n<td>IPX6<\/td>\n<td>IPX6<\/td>\n<\/tr>\n<tr>\n<td>Accessoire standard<\/td>\n<td>Manuel, cl\u00e9 Allen, goupille de r\u00e9glage, \u00e9tui en plastique<\/td>\n<td>Manuel, cl\u00e9 Allen, goupille de r\u00e9glage, \u00e9tui en plastique<\/td>\n<td>Manuel, cl\u00e9 Allen, goupille de r\u00e9glage, \u00e9tui en plastique<\/td>\n<td>Manuel, cl\u00e9 Allen, goupille de r\u00e9glage, \u00e9tui en plastique<\/td>\n<td>Manuel, cl\u00e9 Allen, goupille de r\u00e9glage, \u00e9tui en plastique<\/td>\n<\/tr>\n<tr>\n<td>Image<\/td>\n<td><img fetchpriority=\"high\" decoding=\"async\" class=\"alignnone wp-image-4932 size-medium\" src=\"https:\/\/mountlaser.com\/wp-content\/uploads\/2025\/11\/ATB2-300x300.webp\" alt=\"Auto level instrument\" width=\"300\" height=\"300\" srcset=\"https:\/\/mountlaser.com\/wp-content\/uploads\/2025\/11\/ATB2-300x300.webp 300w, https:\/\/mountlaser.com\/wp-content\/uploads\/2025\/11\/ATB2-400x400.webp 400w, https:\/\/mountlaser.com\/wp-content\/uploads\/2025\/11\/ATB2-800x800.webp 800w, https:\/\/mountlaser.com\/wp-content\/uploads\/2025\/11\/ATB2-600x600.webp 600w, https:\/\/mountlaser.com\/wp-content\/uploads\/2025\/11\/ATB2-150x150.webp 150w, https:\/\/mountlaser.com\/wp-content\/uploads\/2025\/11\/ATB2-768x768.webp 768w, https:\/\/mountlaser.com\/wp-content\/uploads\/2025\/11\/ATB2-12x12.webp 12w, https:\/\/mountlaser.com\/wp-content\/uploads\/2025\/11\/ATB2.webp 1000w\" sizes=\"(max-width: 300px) 100vw, 300px\" \/><\/td>\n<td><img decoding=\"async\" class=\"alignnone wp-image-4933 size-medium\" src=\"https:\/\/mountlaser.com\/wp-content\/uploads\/2025\/11\/ATB3-300x300.webp\" alt=\"Auto level instrument\" width=\"300\" height=\"300\" srcset=\"https:\/\/mountlaser.com\/wp-content\/uploads\/2025\/11\/ATB3-300x300.webp 300w, https:\/\/mountlaser.com\/wp-content\/uploads\/2025\/11\/ATB3-400x400.webp 400w, https:\/\/mountlaser.com\/wp-content\/uploads\/2025\/11\/ATB3-800x800.webp 800w, https:\/\/mountlaser.com\/wp-content\/uploads\/2025\/11\/ATB3-600x600.webp 600w, https:\/\/mountlaser.com\/wp-content\/uploads\/2025\/11\/ATB3-150x150.webp 150w, https:\/\/mountlaser.com\/wp-content\/uploads\/2025\/11\/ATB3-768x768.webp 768w, https:\/\/mountlaser.com\/wp-content\/uploads\/2025\/11\/ATB3-12x12.webp 12w, https:\/\/mountlaser.com\/wp-content\/uploads\/2025\/11\/ATB3.webp 1000w\" sizes=\"(max-width: 300px) 100vw, 300px\" \/><\/td>\n<td><img decoding=\"async\" class=\"alignnone wp-image-4934 size-medium\" src=\"https:\/\/mountlaser.com\/wp-content\/uploads\/2025\/11\/ATB3A-300x300.webp\" alt=\"Auto level instrument\" width=\"300\" height=\"300\" srcset=\"https:\/\/mountlaser.com\/wp-content\/uploads\/2025\/11\/ATB3A-300x300.webp 300w, https:\/\/mountlaser.com\/wp-content\/uploads\/2025\/11\/ATB3A-400x400.webp 400w, https:\/\/mountlaser.com\/wp-content\/uploads\/2025\/11\/ATB3A-800x800.webp 800w, https:\/\/mountlaser.com\/wp-content\/uploads\/2025\/11\/ATB3A-600x600.webp 600w, https:\/\/mountlaser.com\/wp-content\/uploads\/2025\/11\/ATB3A-150x150.webp 150w, https:\/\/mountlaser.com\/wp-content\/uploads\/2025\/11\/ATB3A-768x768.webp 768w, https:\/\/mountlaser.com\/wp-content\/uploads\/2025\/11\/ATB3A-12x12.webp 12w, https:\/\/mountlaser.com\/wp-content\/uploads\/2025\/11\/ATB3A.webp 1000w\" sizes=\"(max-width: 300px) 100vw, 300px\" \/><\/td>\n<td><img loading=\"lazy\" decoding=\"async\" class=\"alignnone wp-image-4935 size-medium\" src=\"https:\/\/mountlaser.com\/wp-content\/uploads\/2025\/11\/ATB4-300x300.webp\" alt=\"Auto level instrument\" width=\"300\" height=\"300\" srcset=\"https:\/\/mountlaser.com\/wp-content\/uploads\/2025\/11\/ATB4-300x300.webp 300w, https:\/\/mountlaser.com\/wp-content\/uploads\/2025\/11\/ATB4-400x400.webp 400w, https:\/\/mountlaser.com\/wp-content\/uploads\/2025\/11\/ATB4-800x800.webp 800w, https:\/\/mountlaser.com\/wp-content\/uploads\/2025\/11\/ATB4-600x600.webp 600w, https:\/\/mountlaser.com\/wp-content\/uploads\/2025\/11\/ATB4-150x150.webp 150w, https:\/\/mountlaser.com\/wp-content\/uploads\/2025\/11\/ATB4-768x768.webp 768w, https:\/\/mountlaser.com\/wp-content\/uploads\/2025\/11\/ATB4-12x12.webp 12w, https:\/\/mountlaser.com\/wp-content\/uploads\/2025\/11\/ATB4.webp 1000w\" sizes=\"(max-width: 300px) 100vw, 300px\" \/><\/td>\n<td><img loading=\"lazy\" decoding=\"async\" class=\"alignnone wp-image-4936 size-medium\" src=\"https:\/\/mountlaser.com\/wp-content\/uploads\/2025\/11\/ATB4A-300x300.webp\" alt=\"Auto level instrument\" width=\"300\" height=\"300\" srcset=\"https:\/\/mountlaser.com\/wp-content\/uploads\/2025\/11\/ATB4A-300x300.webp 300w, https:\/\/mountlaser.com\/wp-content\/uploads\/2025\/11\/ATB4A-400x400.webp 400w, https:\/\/mountlaser.com\/wp-content\/uploads\/2025\/11\/ATB4A-800x800.webp 800w, https:\/\/mountlaser.com\/wp-content\/uploads\/2025\/11\/ATB4A-600x600.webp 600w, https:\/\/mountlaser.com\/wp-content\/uploads\/2025\/11\/ATB4A-150x150.webp 150w, https:\/\/mountlaser.com\/wp-content\/uploads\/2025\/11\/ATB4A-768x768.webp 768w, https:\/\/mountlaser.com\/wp-content\/uploads\/2025\/11\/ATB4A-12x12.webp 12w, https:\/\/mountlaser.com\/wp-content\/uploads\/2025\/11\/ATB4A.webp 1000w\" sizes=\"(max-width: 300px) 100vw, 300px\" \/><\/td>\n<\/tr>\n<\/tbody>\n<\/table>","protected":false},"excerpt":{"rendered":"<ul>\n<li>Tous les mod\u00e8les sont \u00e9quip\u00e9s d&#039;un compensateur \u00e0 amortissement magn\u00e9tique avec une plage de fonctionnement de \u00b115\u2032<\/li>\n<li>assurant une ligne de vis\u00e9e horizontale et stable en moins de 1,5 seconde pour des lectures rapides et fiables.<\/li>\n<li>Les t\u00e9lescopes offrent une image claire et \u00e0 l&#039;endroit avec des grossissements de 24X \u00e0 32X, facilitant ainsi le rep\u00e9rage des cibles et r\u00e9duisant les erreurs de l&#039;op\u00e9rateur.<\/li>\n<\/ul>","protected":false},"featured_media":4933,"comment_status":"open","ping_status":"closed","template":"","meta":[],"product_brand":[],"product_cat":[95,141],"product_tag":[],"class_list":{"0":"post-4938","1":"product","2":"type-product","3":"status-publish","4":"has-post-thumbnail","6":"product_cat-agent-sales","7":"product_cat-auto-level-agent-sales","9":"first","10":"instock","11":"shipping-taxable","12":"product-type-simple"},"_links":{"self":[{"href":"https:\/\/mountlaser.com\/fr_fr\/wp-json\/wp\/v2\/product\/4938","targetHints":{"allow":["GET"]}}],"collection":[{"href":"https:\/\/mountlaser.com\/fr_fr\/wp-json\/wp\/v2\/product"}],"about":[{"href":"https:\/\/mountlaser.com\/fr_fr\/wp-json\/wp\/v2\/types\/product"}],"replies":[{"embeddable":true,"href":"https:\/\/mountlaser.com\/fr_fr\/wp-json\/wp\/v2\/comments?post=4938"}],"wp:featuredmedia":[{"embeddable":true,"href":"https:\/\/mountlaser.com\/fr_fr\/wp-json\/wp\/v2\/media\/4933"}],"wp:attachment":[{"href":"https:\/\/mountlaser.com\/fr_fr\/wp-json\/wp\/v2\/media?parent=4938"}],"wp:term":[{"taxonomy":"product_brand","embeddable":true,"href":"https:\/\/mountlaser.com\/fr_fr\/wp-json\/wp\/v2\/product_brand?post=4938"},{"taxonomy":"product_cat","embeddable":true,"href":"https:\/\/mountlaser.com\/fr_fr\/wp-json\/wp\/v2\/product_cat?post=4938"},{"taxonomy":"product_tag","embeddable":true,"href":"https:\/\/mountlaser.com\/fr_fr\/wp-json\/wp\/v2\/product_tag?post=4938"}],"curies":[{"name":"wp","href":"https:\/\/api.w.org\/{rel}","templated":true}]}}