{"id":4868,"date":"2025-11-25T06:24:10","date_gmt":"2025-11-25T06:24:10","guid":{"rendered":"https:\/\/mountlaser.com\/?post_type=product&#038;p=4868"},"modified":"2025-11-25T06:31:53","modified_gmt":"2025-11-25T06:31:53","slug":"st360-360prism-with-pole","status":"publish","type":"product","link":"https:\/\/mountlaser.com\/fr_fr\/produit\/st360-360prism-with-pole\/","title":{"rendered":"Prisme 360\u00b0 ST360 avec perche"},"content":{"rendered":"<p>Le <a href=\"https:\/\/mountlaser.com\/fr_fr\/categorie-produit\/reflective-target-prism\/\"><strong>ST360 PRISME 360\u00b0 AVEC PISTON<\/strong><\/a> Le syst\u00e8me de prisme grand angle ST360 est con\u00e7u pour les applications topographiques professionnelles exigeant des mesures multidirectionnelles fiables. Gr\u00e2ce \u00e0 sa structure optique robuste \u00e0 360\u00b0, il garantit une pr\u00e9cision constante, que ce soit pour la surveillance des d\u00e9formations, les lev\u00e9s topographiques ou l&#039;implantation de chantiers. Le prisme ST360 avec perche offre une r\u00e9flectivit\u00e9 circulaire compl\u00e8te, ce qui le rend id\u00e9al pour les stations totales robotis\u00e9es et les flux de travail de suivi automatis\u00e9s.<\/p>\n<p>Compos\u00e9 de six mini-prismes align\u00e9s avec pr\u00e9cision, le <a href=\"https:\/\/mountlaser.com\/fr_fr\/\"><strong>Mini-prisme 360\u00b0 pour station totale<\/strong><\/a> Il offre un retour de signal exceptionnel et une stabilit\u00e9 de mesure optimale quelle que soit la direction. Avec une constante de prisme de 0 mm, il garantit la compatibilit\u00e9 avec une large gamme d&#039;instruments topographiques. La fiole circulaire int\u00e9gr\u00e9e de 40\u2032 permet aux g\u00e9om\u00e8tres d&#039;effectuer un nivellement rapide et pr\u00e9cis sur le terrain, assurant des r\u00e9sultats fiables m\u00eame dans des environnements difficiles.<\/p>\n<p><img fetchpriority=\"high\" decoding=\"async\" class=\"aligncenter wp-image-4874\" src=\"https:\/\/mountlaser.com\/wp-content\/uploads\/2025\/11\/ST360\uff086\uff09.webp\" alt=\"ST360 360\u00b0PRISM WITH POLE\" width=\"500\" height=\"500\" srcset=\"https:\/\/mountlaser.com\/wp-content\/uploads\/2025\/11\/ST360\uff086\uff09.webp 1000w, https:\/\/mountlaser.com\/wp-content\/uploads\/2025\/11\/ST360\uff086\uff09-300x300.webp 300w, https:\/\/mountlaser.com\/wp-content\/uploads\/2025\/11\/ST360\uff086\uff09-400x400.webp 400w, https:\/\/mountlaser.com\/wp-content\/uploads\/2025\/11\/ST360\uff086\uff09-800x800.webp 800w, https:\/\/mountlaser.com\/wp-content\/uploads\/2025\/11\/ST360\uff086\uff09-600x600.webp 600w, https:\/\/mountlaser.com\/wp-content\/uploads\/2025\/11\/ST360\uff086\uff09-150x150.webp 150w, https:\/\/mountlaser.com\/wp-content\/uploads\/2025\/11\/ST360\uff086\uff09-768x768.webp 768w, https:\/\/mountlaser.com\/wp-content\/uploads\/2025\/11\/ST360\uff086\uff09-12x12.webp 12w\" sizes=\"(max-width: 500px) 100vw, 500px\" \/><\/p>\n<p><a href=\"https:\/\/mountlaser.com\/fr_fr\/contact-us\/\">Mini-prisme \u00e0 360 degr\u00e9s pour station totale<\/a> Mont\u00e9 sur une mini-perche robuste en aluminium, le prisme ST360 360\u00b0 avec perche permet un r\u00e9glage pr\u00e9cis de la hauteur gr\u00e2ce \u00e0 un porte-prisme coulissant qui optimise la mise en place. Sa structure renforc\u00e9e garantit une durabilit\u00e9 et une stabilit\u00e9 optique \u00e0 long terme, faisant du prisme ST360 360\u00b0 avec perche une solution fiable pour les mesures tous angles dans diverses conditions.<\/p>","protected":false},"excerpt":{"rendered":"<ul>\n<li>Fournit une r\u00e9flexion du signal \u00e0 360\u00b0 pour les stations totales et les syst\u00e8mes de lev\u00e9s robotis\u00e9s.<\/li>\n<li>Assure des mesures stables gr\u00e2ce \u00e0 six mini-prismes align\u00e9s avec pr\u00e9cision.<\/li>\n<li>Permet une installation rapide sur le terrain gr\u00e2ce \u00e0 son flacon circulaire int\u00e9gr\u00e9 de 40 pieds.<\/li>\n<li>Offre un r\u00e9glage en hauteur flexible gr\u00e2ce \u00e0 un support \u00e0 prisme coulissant<\/li>\n<li>Compatible avec une large gamme d&#039;instruments topographiques gr\u00e2ce \u00e0 sa constante de prisme de 0 mm<\/li>\n<\/ul>","protected":false},"featured_media":4869,"comment_status":"open","ping_status":"closed","template":"","meta":[],"product_brand":[],"product_cat":[115,72],"product_tag":[],"class_list":{"0":"post-4868","1":"product","2":"type-product","3":"status-publish","4":"has-post-thumbnail","6":"product_cat-wide-angle-prism","7":"product_cat-reflective-target-prism","9":"first","10":"instock","11":"shipping-taxable","12":"product-type-simple"},"_links":{"self":[{"href":"https:\/\/mountlaser.com\/fr_fr\/wp-json\/wp\/v2\/product\/4868","targetHints":{"allow":["GET"]}}],"collection":[{"href":"https:\/\/mountlaser.com\/fr_fr\/wp-json\/wp\/v2\/product"}],"about":[{"href":"https:\/\/mountlaser.com\/fr_fr\/wp-json\/wp\/v2\/types\/product"}],"replies":[{"embeddable":true,"href":"https:\/\/mountlaser.com\/fr_fr\/wp-json\/wp\/v2\/comments?post=4868"}],"wp:featuredmedia":[{"embeddable":true,"href":"https:\/\/mountlaser.com\/fr_fr\/wp-json\/wp\/v2\/media\/4869"}],"wp:attachment":[{"href":"https:\/\/mountlaser.com\/fr_fr\/wp-json\/wp\/v2\/media?parent=4868"}],"wp:term":[{"taxonomy":"product_brand","embeddable":true,"href":"https:\/\/mountlaser.com\/fr_fr\/wp-json\/wp\/v2\/product_brand?post=4868"},{"taxonomy":"product_cat","embeddable":true,"href":"https:\/\/mountlaser.com\/fr_fr\/wp-json\/wp\/v2\/product_cat?post=4868"},{"taxonomy":"product_tag","embeddable":true,"href":"https:\/\/mountlaser.com\/fr_fr\/wp-json\/wp\/v2\/product_tag?post=4868"}],"curies":[{"name":"wp","href":"https:\/\/api.w.org\/{rel}","templated":true}]}}