{"id":4867,"date":"2025-11-25T06:08:12","date_gmt":"2025-11-25T06:08:12","guid":{"rendered":"https:\/\/mountlaser.com\/?post_type=product&#038;p=4867"},"modified":"2025-11-25T06:44:26","modified_gmt":"2025-11-25T06:44:26","slug":"grz101s-medium-quality-metal-design","status":"publish","type":"product","link":"https:\/\/mountlaser.com\/fr_fr\/produit\/grz101s-medium-quality-metal-design\/","title":{"rendered":"GRZ101S Conception en m\u00e9tal de qualit\u00e9 moyenne"},"content":{"rendered":"<p>Le <a href=\"https:\/\/mountlaser.com\/fr_fr\/categorie-produit\/reflective-target-prism\/\"><strong>Prisme GRZ101S \u00e0 360\u00b0<\/strong><\/a> est con\u00e7u pour les t\u00e2ches de lev\u00e9 topographique de haute pr\u00e9cision n\u00e9cessitant une capacit\u00e9 de mesure stable et compl\u00e8te. Construit avec un <a href=\"https:\/\/mountlaser.com\/fr_fr\/about-us\/\"><strong>GRZ101S Conception en m\u00e9tal de qualit\u00e9 moyenne<\/strong><\/a>, Ce prisme offre une pr\u00e9cision fiable et une durabilit\u00e9 \u00e0 long terme, m\u00eame dans des environnements de terrain exigeants. Sa structure avanc\u00e9e se compose de six mini-prismes assembl\u00e9s, formant une surface r\u00e9fl\u00e9chissante continue \u00e0 360\u00b0, id\u00e9ale pour les stations totales robotis\u00e9es et les applications de surveillance continue.<\/p>\n<figure id=\"attachment_4846\" aria-describedby=\"caption-attachment-4846\" style=\"width: 500px\" class=\"wp-caption aligncenter\"><img fetchpriority=\"high\" decoding=\"async\" class=\"wp-image-4846\" src=\"https:\/\/mountlaser.com\/wp-content\/uploads\/2025\/11\/GRZ101S-B1.webp\" alt=\"GRZ101S 360\u00b0 Prism\" width=\"500\" height=\"500\" srcset=\"https:\/\/mountlaser.com\/wp-content\/uploads\/2025\/11\/GRZ101S-B1.webp 1000w, https:\/\/mountlaser.com\/wp-content\/uploads\/2025\/11\/GRZ101S-B1-300x300.webp 300w, https:\/\/mountlaser.com\/wp-content\/uploads\/2025\/11\/GRZ101S-B1-400x400.webp 400w, https:\/\/mountlaser.com\/wp-content\/uploads\/2025\/11\/GRZ101S-B1-800x800.webp 800w, https:\/\/mountlaser.com\/wp-content\/uploads\/2025\/11\/GRZ101S-B1-600x600.webp 600w, https:\/\/mountlaser.com\/wp-content\/uploads\/2025\/11\/GRZ101S-B1-150x150.webp 150w, https:\/\/mountlaser.com\/wp-content\/uploads\/2025\/11\/GRZ101S-B1-768x768.webp 768w, https:\/\/mountlaser.com\/wp-content\/uploads\/2025\/11\/GRZ101S-B1-12x12.webp 12w\" sizes=\"(max-width: 500px) 100vw, 500px\" \/><figcaption id=\"caption-attachment-4846\" class=\"wp-caption-text\">GRZ101S-B<\/figcaption><\/figure>\n<figure id=\"attachment_4857\" aria-describedby=\"caption-attachment-4857\" style=\"width: 500px\" class=\"wp-caption aligncenter\"><img decoding=\"async\" class=\"wp-image-4857\" src=\"https:\/\/mountlaser.com\/wp-content\/uploads\/2025\/11\/GRZ101S-H5.webp\" alt=\"GRZ101S 360\u00b0 Prism\" width=\"500\" height=\"500\" srcset=\"https:\/\/mountlaser.com\/wp-content\/uploads\/2025\/11\/GRZ101S-H5.webp 1000w, https:\/\/mountlaser.com\/wp-content\/uploads\/2025\/11\/GRZ101S-H5-300x300.webp 300w, https:\/\/mountlaser.com\/wp-content\/uploads\/2025\/11\/GRZ101S-H5-400x400.webp 400w, https:\/\/mountlaser.com\/wp-content\/uploads\/2025\/11\/GRZ101S-H5-800x800.webp 800w, https:\/\/mountlaser.com\/wp-content\/uploads\/2025\/11\/GRZ101S-H5-600x600.webp 600w, https:\/\/mountlaser.com\/wp-content\/uploads\/2025\/11\/GRZ101S-H5-150x150.webp 150w, https:\/\/mountlaser.com\/wp-content\/uploads\/2025\/11\/GRZ101S-H5-768x768.webp 768w, https:\/\/mountlaser.com\/wp-content\/uploads\/2025\/11\/GRZ101S-H5-12x12.webp 12w\" sizes=\"(max-width: 500px) 100vw, 500px\" \/><figcaption id=\"caption-attachment-4857\" class=\"wp-caption-text\">GRZ101S-H<\/figcaption><\/figure>\n<figure id=\"attachment_4860\" aria-describedby=\"caption-attachment-4860\" style=\"width: 500px\" class=\"wp-caption aligncenter\"><img decoding=\"async\" class=\"wp-image-4860\" src=\"https:\/\/mountlaser.com\/wp-content\/uploads\/2025\/11\/GRZ101S-L1.webp\" alt=\"GRZ101S 360\u00b0 Prism\" width=\"500\" height=\"500\" srcset=\"https:\/\/mountlaser.com\/wp-content\/uploads\/2025\/11\/GRZ101S-L1.webp 1000w, https:\/\/mountlaser.com\/wp-content\/uploads\/2025\/11\/GRZ101S-L1-300x300.webp 300w, https:\/\/mountlaser.com\/wp-content\/uploads\/2025\/11\/GRZ101S-L1-400x400.webp 400w, https:\/\/mountlaser.com\/wp-content\/uploads\/2025\/11\/GRZ101S-L1-800x800.webp 800w, https:\/\/mountlaser.com\/wp-content\/uploads\/2025\/11\/GRZ101S-L1-600x600.webp 600w, https:\/\/mountlaser.com\/wp-content\/uploads\/2025\/11\/GRZ101S-L1-150x150.webp 150w, https:\/\/mountlaser.com\/wp-content\/uploads\/2025\/11\/GRZ101S-L1-768x768.webp 768w, https:\/\/mountlaser.com\/wp-content\/uploads\/2025\/11\/GRZ101S-L1-12x12.webp 12w\" sizes=\"(max-width: 500px) 100vw, 500px\" \/><figcaption id=\"caption-attachment-4860\" class=\"wp-caption-text\">GRZ101S-L<\/figcaption><\/figure>\n<p>D\u00e9pourvu d&#039;axe central en acier inoxydable, le prisme GRZ101S 360\u00b0 b\u00e9n\u00e9ficie d&#039;une construction l\u00e9g\u00e8re et \u00e9quilibr\u00e9e, garantissant un suivi fluide et continu. Fabriqu\u00e9 selon la constante de prisme suisse de +30 mm, il offre des performances constantes sur toute la surface de l&#039;image. <a href=\"https:\/\/mountlaser.com\/fr_fr\/contact-us\/\">instruments professionnels<\/a>. La hauteur compacte du prisme de 56 mm et l&#039;excellente pr\u00e9cision de pointage de \u00b12,0 mm font du prisme GRZ101S 360\u00b0 un choix optimal pour les g\u00e9om\u00e8tres qui exigent efficacit\u00e9, portabilit\u00e9 et pr\u00e9cision.<\/p>","protected":false},"excerpt":{"rendered":"<ul>\n<li>Permet une mesure compl\u00e8te \u00e0 360\u00b0 gr\u00e2ce \u00e0 un ensemble \u00e0 six prismes.<\/li>\n<li>Assure un suivi automatique pr\u00e9cis des stations totales robotis\u00e9es<\/li>\n<li>Offre des performances stables et l\u00e9g\u00e8res gr\u00e2ce \u00e0 sa construction sans axe<\/li>\n<li>Offre des r\u00e9sultats fiables avec une constante de prisme suisse de +30 mm<\/li>\n<\/ul>","protected":false},"featured_media":4860,"comment_status":"open","ping_status":"closed","template":"","meta":[],"product_brand":[],"product_cat":[115,72],"product_tag":[],"class_list":{"0":"post-4867","1":"product","2":"type-product","3":"status-publish","4":"has-post-thumbnail","6":"product_cat-wide-angle-prism","7":"product_cat-reflective-target-prism","9":"first","10":"instock","11":"shipping-taxable","12":"product-type-simple"},"_links":{"self":[{"href":"https:\/\/mountlaser.com\/fr_fr\/wp-json\/wp\/v2\/product\/4867","targetHints":{"allow":["GET"]}}],"collection":[{"href":"https:\/\/mountlaser.com\/fr_fr\/wp-json\/wp\/v2\/product"}],"about":[{"href":"https:\/\/mountlaser.com\/fr_fr\/wp-json\/wp\/v2\/types\/product"}],"replies":[{"embeddable":true,"href":"https:\/\/mountlaser.com\/fr_fr\/wp-json\/wp\/v2\/comments?post=4867"}],"wp:featuredmedia":[{"embeddable":true,"href":"https:\/\/mountlaser.com\/fr_fr\/wp-json\/wp\/v2\/media\/4860"}],"wp:attachment":[{"href":"https:\/\/mountlaser.com\/fr_fr\/wp-json\/wp\/v2\/media?parent=4867"}],"wp:term":[{"taxonomy":"product_brand","embeddable":true,"href":"https:\/\/mountlaser.com\/fr_fr\/wp-json\/wp\/v2\/product_brand?post=4867"},{"taxonomy":"product_cat","embeddable":true,"href":"https:\/\/mountlaser.com\/fr_fr\/wp-json\/wp\/v2\/product_cat?post=4867"},{"taxonomy":"product_tag","embeddable":true,"href":"https:\/\/mountlaser.com\/fr_fr\/wp-json\/wp\/v2\/product_tag?post=4867"}],"curies":[{"name":"wp","href":"https:\/\/api.w.org\/{rel}","templated":true}]}}