{"id":4838,"date":"2025-11-25T05:30:26","date_gmt":"2025-11-25T05:30:26","guid":{"rendered":"https:\/\/mountlaser.com\/?post_type=product&#038;p=4838"},"modified":"2025-11-25T06:55:12","modified_gmt":"2025-11-25T06:55:12","slug":"mp090-mini-prism","status":"publish","type":"product","link":"https:\/\/mountlaser.com\/fr_fr\/produit\/mp090-mini-prism\/","title":{"rendered":"Mini prisme MP090"},"content":{"rendered":"<p>Le <a href=\"https:\/\/mountlaser.com\/fr_fr\/categorie-produit\/reflective-target-prism\/\"><strong>Mini prisme MP090<\/strong><\/a> Le MP090 est une solution de surveillance de haute pr\u00e9cision con\u00e7ue pour les relev\u00e9s de d\u00e9formation structurelle, les mesures g\u00e9otechniques et les installations de terrain \u00e0 long terme. Con\u00e7u pour une polyvalence maximale, ce mini-prisme est largement reconnu pour sa fiabilit\u00e9.<a href=\"https:\/\/mountlaser.com\/fr_fr\/\"><strong> Mini prisme pour station totale Trimble<\/strong><\/a>, offrant une excellente compatibilit\u00e9 et des performances stables sur longue port\u00e9e.<\/p>\n<p>Dot\u00e9 d&#039;un bo\u00eetier robuste en aluminium, le mini-prisme MP090 offre une durabilit\u00e9 et une r\u00e9sistance \u00e0 la corrosion exceptionnelles, garantissant une pr\u00e9cision de mesure constante m\u00eame dans les environnements ext\u00e9rieurs les plus exigeants. Compatible avec les stations totales Trimble, il assure un suivi automatique pr\u00e9cis et un alignement parfait, m\u00eame dans les espaces d&#039;installation restreints ou irr\u00e9guliers.<\/p>\n<p><img fetchpriority=\"high\" decoding=\"async\" class=\"aligncenter wp-image-4840\" src=\"https:\/\/mountlaser.com\/wp-content\/uploads\/2025\/11\/MP090B1.webp\" alt=\"MP090 mini prism\" width=\"500\" height=\"500\" srcset=\"https:\/\/mountlaser.com\/wp-content\/uploads\/2025\/11\/MP090B1.webp 1000w, https:\/\/mountlaser.com\/wp-content\/uploads\/2025\/11\/MP090B1-300x300.webp 300w, https:\/\/mountlaser.com\/wp-content\/uploads\/2025\/11\/MP090B1-400x400.webp 400w, https:\/\/mountlaser.com\/wp-content\/uploads\/2025\/11\/MP090B1-800x800.webp 800w, https:\/\/mountlaser.com\/wp-content\/uploads\/2025\/11\/MP090B1-600x600.webp 600w, https:\/\/mountlaser.com\/wp-content\/uploads\/2025\/11\/MP090B1-150x150.webp 150w, https:\/\/mountlaser.com\/wp-content\/uploads\/2025\/11\/MP090B1-768x768.webp 768w, https:\/\/mountlaser.com\/wp-content\/uploads\/2025\/11\/MP090B1-12x12.webp 12w\" sizes=\"(max-width: 500px) 100vw, 500px\" \/><\/p>\n<p>Le <a href=\"https:\/\/mountlaser.com\/fr_fr\/about-us\/\">Conception de barre en U<\/a> Ce mini-prisme pour station totale Trimble permet une rotation et une inclinaison optimales, offrant ainsi une grande flexibilit\u00e9 d&#039;ajustement de la vis\u00e9e pour les applications de surveillance complexes. Disponible en deux pr\u00e9cisions (2\u2033 ou 3-4\u2033), il r\u00e9pond aux exigences des diff\u00e9rents lev\u00e9s topographiques. Deux configurations de prisme, MP090A (12,7 mm) et MP090B (25,4 mm), garantissent une adaptabilit\u00e9 accrue aux besoins vari\u00e9s des projets. Gr\u00e2ce \u00e0 son syst\u00e8me de verrouillage lat\u00e9ral s\u00e9curis\u00e9 et \u00e0 sa base compacte de 35 \u00d7 38 mm, ce mini-prisme assure un positionnement stable et durable, id\u00e9al pour les applications de surveillance de haute pr\u00e9cision.<\/p>","protected":false},"excerpt":{"rendered":"<ul>\n<li>Fournit une r\u00e9flexion pr\u00e9cise pour la surveillance des d\u00e9formations et les relev\u00e9s de mouvements structuraux<\/li>\n<li>Prisme rotatif et inclinable pour des angles de vis\u00e9e optimis\u00e9s<\/li>\n<li>Compatible avec les fonctions ATR des stations totales Trimble<\/li>\n<li>Disponible en plusieurs tailles de prismes et niveaux de pr\u00e9cision.<\/li>\n<li>Con\u00e7u pour r\u00e9sister \u00e0 une exposition prolong\u00e9e aux intemp\u00e9ries<\/li>\n<\/ul>","protected":false},"featured_media":4841,"comment_status":"open","ping_status":"closed","template":"","meta":[],"product_brand":[],"product_cat":[112,72],"product_tag":[],"class_list":{"0":"post-4838","1":"product","2":"type-product","3":"status-publish","4":"has-post-thumbnail","6":"product_cat-monitoring-prism","7":"product_cat-reflective-target-prism","9":"first","10":"instock","11":"shipping-taxable","12":"product-type-simple"},"_links":{"self":[{"href":"https:\/\/mountlaser.com\/fr_fr\/wp-json\/wp\/v2\/product\/4838","targetHints":{"allow":["GET"]}}],"collection":[{"href":"https:\/\/mountlaser.com\/fr_fr\/wp-json\/wp\/v2\/product"}],"about":[{"href":"https:\/\/mountlaser.com\/fr_fr\/wp-json\/wp\/v2\/types\/product"}],"replies":[{"embeddable":true,"href":"https:\/\/mountlaser.com\/fr_fr\/wp-json\/wp\/v2\/comments?post=4838"}],"wp:featuredmedia":[{"embeddable":true,"href":"https:\/\/mountlaser.com\/fr_fr\/wp-json\/wp\/v2\/media\/4841"}],"wp:attachment":[{"href":"https:\/\/mountlaser.com\/fr_fr\/wp-json\/wp\/v2\/media?parent=4838"}],"wp:term":[{"taxonomy":"product_brand","embeddable":true,"href":"https:\/\/mountlaser.com\/fr_fr\/wp-json\/wp\/v2\/product_brand?post=4838"},{"taxonomy":"product_cat","embeddable":true,"href":"https:\/\/mountlaser.com\/fr_fr\/wp-json\/wp\/v2\/product_cat?post=4838"},{"taxonomy":"product_tag","embeddable":true,"href":"https:\/\/mountlaser.com\/fr_fr\/wp-json\/wp\/v2\/product_tag?post=4838"}],"curies":[{"name":"wp","href":"https:\/\/api.w.org\/{rel}","templated":true}]}}