{"id":4829,"date":"2025-11-25T03:15:48","date_gmt":"2025-11-25T03:15:48","guid":{"rendered":"https:\/\/mountlaser.com\/?post_type=product&#038;p=4829"},"modified":"2025-11-25T07:09:28","modified_gmt":"2025-11-25T07:09:28","slug":"mp096-mini-prism","status":"publish","type":"product","link":"https:\/\/mountlaser.com\/fr_fr\/produit\/mp096-mini-prism\/","title":{"rendered":"Mini prisme MP096"},"content":{"rendered":"<p>Le <a href=\"https:\/\/mountlaser.com\/fr_fr\/categorie-produit\/reflective-target-prism\/\"><strong>Mini prisme MP096<\/strong><\/a> Le MP096 est une solution de surveillance compacte et de haute pr\u00e9cision, con\u00e7ue pour les applications o\u00f9 l&#039;espace d&#039;installation est extr\u00eamement limit\u00e9. Destin\u00e9 aux environnements exigeants tels que les tunnels, les ponts et les infrastructures ferroviaires, le mini-prisme offre des performances de mesure stables et pr\u00e9cises dans un format robuste et discret. Dot\u00e9 d&#039;un centreur pr\u00e9cis\u2026 <a href=\"https:\/\/mountlaser.com\/fr_fr\/\"><strong>MP096 Mini prisme de 25,4 mm<\/strong><\/a>, Cet instrument assure un excellent retour de signal et un alignement constant pour les t\u00e2ches de surveillance \u00e0 courte port\u00e9e.<\/p>\n<p><img fetchpriority=\"high\" decoding=\"async\" class=\"aligncenter wp-image-4831\" src=\"https:\/\/mountlaser.com\/wp-content\/uploads\/2025\/11\/MP0962.webp\" alt=\"MP096 mini prism\" width=\"500\" height=\"500\" srcset=\"https:\/\/mountlaser.com\/wp-content\/uploads\/2025\/11\/MP0962.webp 1000w, https:\/\/mountlaser.com\/wp-content\/uploads\/2025\/11\/MP0962-300x300.webp 300w, https:\/\/mountlaser.com\/wp-content\/uploads\/2025\/11\/MP0962-400x400.webp 400w, https:\/\/mountlaser.com\/wp-content\/uploads\/2025\/11\/MP0962-800x800.webp 800w, https:\/\/mountlaser.com\/wp-content\/uploads\/2025\/11\/MP0962-600x600.webp 600w, https:\/\/mountlaser.com\/wp-content\/uploads\/2025\/11\/MP0962-150x150.webp 150w, https:\/\/mountlaser.com\/wp-content\/uploads\/2025\/11\/MP0962-768x768.webp 768w, https:\/\/mountlaser.com\/wp-content\/uploads\/2025\/11\/MP0962-12x12.webp 12w\" sizes=\"(max-width: 500px) 100vw, 500px\" \/><\/p>\n<p>Fabriqu\u00e9 avec un bo\u00eetier en aluminium massif, le <a href=\"https:\/\/mountlaser.com\/fr_fr\/about-us\/\">MP096 Mini prisme de 25,4 mm<\/a> Offrant une durabilit\u00e9 \u00e0 long terme face aux conditions environnementales difficiles, le mini-prisme MP096 se distingue par sa structure compacte (plaque de base de 100 mm et hauteur totale de seulement 35 mm), permettant une installation ais\u00e9e m\u00eame dans les espaces restreints. Ses options de montage flexibles (adh\u00e9sif ou goujons) permettent des installations temporaires ou permanentes. Disponible en versions 30\u00b0 et 45\u00b0, il s&#039;adapte \u00e0 diff\u00e9rents angles de mesure et garantit une visibilit\u00e9 optimale depuis diverses positions. Enti\u00e8rement compatible avec les syst\u00e8mes ATR, le mini-prisme MP096 assure un suivi fiable pour les applications de surveillance professionnelles.<\/p>","protected":false},"excerpt":{"rendered":"<ul>\n<li>Permet une surveillance pr\u00e9cise \u00e0 courte port\u00e9e dans des espaces \u00e9troits ou restreints.<\/li>\n<li>Assure une stabilit\u00e9 \u00e0 long terme gr\u00e2ce \u00e0 un bo\u00eetier robuste en aluminium.<\/li>\n<li>Offre un retour de signal puissant gr\u00e2ce \u00e0 un mini-prisme de 25,4 mm de haute qualit\u00e9.<\/li>\n<li>Prend en charge plusieurs m\u00e9thodes d&#039;installation pour r\u00e9pondre aux exigences vari\u00e9es des projets.<\/li>\n<li>Permet une s\u00e9lection optimale de l&#039;angle gr\u00e2ce \u00e0 des variantes de prisme \u00e0 30\u00b0 et 45\u00b0.<\/li>\n<li>S&#039;int\u00e8gre parfaitement aux \u00e9quipements de mesure ATR pour une collecte de donn\u00e9es efficace<\/li>\n<\/ul>","protected":false},"featured_media":4830,"comment_status":"open","ping_status":"closed","template":"","meta":[],"product_brand":[],"product_cat":[112,72],"product_tag":[],"class_list":{"0":"post-4829","1":"product","2":"type-product","3":"status-publish","4":"has-post-thumbnail","6":"product_cat-monitoring-prism","7":"product_cat-reflective-target-prism","9":"first","10":"instock","11":"shipping-taxable","12":"product-type-simple"},"_links":{"self":[{"href":"https:\/\/mountlaser.com\/fr_fr\/wp-json\/wp\/v2\/product\/4829","targetHints":{"allow":["GET"]}}],"collection":[{"href":"https:\/\/mountlaser.com\/fr_fr\/wp-json\/wp\/v2\/product"}],"about":[{"href":"https:\/\/mountlaser.com\/fr_fr\/wp-json\/wp\/v2\/types\/product"}],"replies":[{"embeddable":true,"href":"https:\/\/mountlaser.com\/fr_fr\/wp-json\/wp\/v2\/comments?post=4829"}],"wp:featuredmedia":[{"embeddable":true,"href":"https:\/\/mountlaser.com\/fr_fr\/wp-json\/wp\/v2\/media\/4830"}],"wp:attachment":[{"href":"https:\/\/mountlaser.com\/fr_fr\/wp-json\/wp\/v2\/media?parent=4829"}],"wp:term":[{"taxonomy":"product_brand","embeddable":true,"href":"https:\/\/mountlaser.com\/fr_fr\/wp-json\/wp\/v2\/product_brand?post=4829"},{"taxonomy":"product_cat","embeddable":true,"href":"https:\/\/mountlaser.com\/fr_fr\/wp-json\/wp\/v2\/product_cat?post=4829"},{"taxonomy":"product_tag","embeddable":true,"href":"https:\/\/mountlaser.com\/fr_fr\/wp-json\/wp\/v2\/product_tag?post=4829"}],"curies":[{"name":"wp","href":"https:\/\/api.w.org\/{rel}","templated":true}]}}