{"id":4810,"date":"2025-11-25T01:54:35","date_gmt":"2025-11-25T01:54:35","guid":{"rendered":"https:\/\/mountlaser.com\/?post_type=product&#038;p=4810"},"modified":"2025-11-25T07:12:46","modified_gmt":"2025-11-25T07:12:46","slug":"rt111-reflective-target","status":"publish","type":"product","link":"https:\/\/mountlaser.com\/fr_fr\/produit\/rt111-reflective-target\/","title":{"rendered":"Cible r\u00e9fl\u00e9chissante RT111"},"content":{"rendered":"<p>Le <a href=\"https:\/\/mountlaser.com\/fr_fr\/categorie-produit\/reflective-target-prism\/\"><strong>Cible r\u00e9fl\u00e9chissante RT111<\/strong><\/a> Cette s\u00e9rie est con\u00e7ue pour les applications de surveillance de haute pr\u00e9cision, et plus particuli\u00e8rement pour les syst\u00e8mes de stations totales de type suisse. Fabriqu\u00e9e avec un corps en aluminium usin\u00e9 avec pr\u00e9cision, chaque cible r\u00e9fl\u00e9chissante RT111 offre une durabilit\u00e9 exceptionnelle, une stabilit\u00e9 remarquable et une pr\u00e9cision de positionnement fiable, m\u00eame dans les environnements de terrain les plus exigeants.<\/p>\n<p>Dot\u00e9 d&#039;une bande r\u00e9fl\u00e9chissante haute visibilit\u00e9 et d&#039;une base magn\u00e9tique int\u00e9gr\u00e9e, le <a href=\"https:\/\/mountlaser.com\/fr_fr\/about-us\/\"><strong>Cible magn\u00e9tique r\u00e9fl\u00e9chissante RT111<\/strong><\/a> Ces mod\u00e8les permettent une fixation rapide et s\u00fbre sur les surfaces m\u00e9talliques, garantissant un alignement constant lors des contr\u00f4les continus. Avec un diam\u00e8tre ext\u00e9rieur compact de 20 mm, la cible magn\u00e9tique r\u00e9fl\u00e9chissante RT111 s&#039;int\u00e8gre facilement dans les espaces restreints ou discrets sans compromettre la pr\u00e9cision des mesures.<\/p>\n<p><img fetchpriority=\"high\" decoding=\"async\" class=\"aligncenter wp-image-4813\" src=\"https:\/\/mountlaser.com\/wp-content\/uploads\/2025\/11\/RT1113.webp\" alt=\"RT111 Reflective Target\" width=\"500\" height=\"500\" srcset=\"https:\/\/mountlaser.com\/wp-content\/uploads\/2025\/11\/RT1113.webp 1000w, https:\/\/mountlaser.com\/wp-content\/uploads\/2025\/11\/RT1113-300x300.webp 300w, https:\/\/mountlaser.com\/wp-content\/uploads\/2025\/11\/RT1113-400x400.webp 400w, https:\/\/mountlaser.com\/wp-content\/uploads\/2025\/11\/RT1113-800x800.webp 800w, https:\/\/mountlaser.com\/wp-content\/uploads\/2025\/11\/RT1113-600x600.webp 600w, https:\/\/mountlaser.com\/wp-content\/uploads\/2025\/11\/RT1113-150x150.webp 150w, https:\/\/mountlaser.com\/wp-content\/uploads\/2025\/11\/RT1113-768x768.webp 768w, https:\/\/mountlaser.com\/wp-content\/uploads\/2025\/11\/RT1113-12x12.webp 12w\" sizes=\"(max-width: 500px) 100vw, 500px\" \/><\/p>\n<p>Disponible en <a href=\"https:\/\/mountlaser.com\/fr_fr\/contact-us\/\">orientations multiples<\/a>\u2014 y compris horizontale, \u00e0 45 degr\u00e9s et verticale \u2014 la s\u00e9rie de cibles r\u00e9fl\u00e9chissantes RT111 prend en charge des sc\u00e9narios d&#039;installation flexibles, offrant des performances fiables pour la surveillance structurelle, le suivi des d\u00e9formations et les flux de travail de mesure de pr\u00e9cision.<\/p>","protected":false},"excerpt":{"rendered":"<ul>\n<li>Assure un alignement r\u00e9flectif pr\u00e9cis pour les syst\u00e8mes de surveillance par station totale de type suisse.<\/li>\n<li>La bande r\u00e9fl\u00e9chissante haute visibilit\u00e9 assure un ciblage pr\u00e9cis et constant<\/li>\n<li>La base magn\u00e9tique permet une fixation rapide et stable sur les surfaces m\u00e9talliques.<\/li>\n<li>Son diam\u00e8tre compact de 20 mm permet une installation dans des espaces restreints.<\/li>\n<li>Disponible en plusieurs angles (0\u00b0, 45\u00b0, 90\u00b0) pour un positionnement polyvalent<\/li>\n<li>Garantit des performances stables et durables dans les applications de surveillance structurelle et g\u00e9od\u00e9sique<\/li>\n<\/ul>","protected":false},"featured_media":4811,"comment_status":"open","ping_status":"closed","template":"","meta":[],"product_brand":[],"product_cat":[72,104],"product_tag":[],"class_list":{"0":"post-4810","1":"product","2":"type-product","3":"status-publish","4":"has-post-thumbnail","6":"product_cat-reflective-target-prism","7":"product_cat-reflective-target","9":"first","10":"instock","11":"shipping-taxable","12":"product-type-simple"},"_links":{"self":[{"href":"https:\/\/mountlaser.com\/fr_fr\/wp-json\/wp\/v2\/product\/4810","targetHints":{"allow":["GET"]}}],"collection":[{"href":"https:\/\/mountlaser.com\/fr_fr\/wp-json\/wp\/v2\/product"}],"about":[{"href":"https:\/\/mountlaser.com\/fr_fr\/wp-json\/wp\/v2\/types\/product"}],"replies":[{"embeddable":true,"href":"https:\/\/mountlaser.com\/fr_fr\/wp-json\/wp\/v2\/comments?post=4810"}],"wp:featuredmedia":[{"embeddable":true,"href":"https:\/\/mountlaser.com\/fr_fr\/wp-json\/wp\/v2\/media\/4811"}],"wp:attachment":[{"href":"https:\/\/mountlaser.com\/fr_fr\/wp-json\/wp\/v2\/media?parent=4810"}],"wp:term":[{"taxonomy":"product_brand","embeddable":true,"href":"https:\/\/mountlaser.com\/fr_fr\/wp-json\/wp\/v2\/product_brand?post=4810"},{"taxonomy":"product_cat","embeddable":true,"href":"https:\/\/mountlaser.com\/fr_fr\/wp-json\/wp\/v2\/product_cat?post=4810"},{"taxonomy":"product_tag","embeddable":true,"href":"https:\/\/mountlaser.com\/fr_fr\/wp-json\/wp\/v2\/product_tag?post=4810"}],"curies":[{"name":"wp","href":"https:\/\/api.w.org\/{rel}","templated":true}]}}