{"id":4801,"date":"2025-11-25T01:20:38","date_gmt":"2025-11-25T01:20:38","guid":{"rendered":"https:\/\/mountlaser.com\/?post_type=product&#038;p=4801"},"modified":"2025-11-25T07:23:25","modified_gmt":"2025-11-25T07:23:25","slug":"pb254-corner-cube-prism","status":"publish","type":"product","link":"https:\/\/mountlaser.com\/fr_fr\/produit\/pb254-corner-cube-prism\/","title":{"rendered":"Prisme cubique d&#039;angle PB254"},"content":{"rendered":"<p>Pr\u00e9sentation de <a href=\"https:\/\/mountlaser.com\/fr_fr\/categorie-produit\/reflective-target-prism\/\"><strong>Prisme cubique d&#039;angle PB254<\/strong><\/a>, un composant optique de haute pr\u00e9cision con\u00e7u pour les applications de mesure, d&#039;alignement et laser exigeant une pr\u00e9cision exceptionnelle de retour de faisceau. Con\u00e7u avec un<a href=\"https:\/\/mountlaser.com\/fr_fr\/contact-us\/\"> <strong>Prisme cubique d&#039;angle de 25,4 mm<\/strong> <\/a>Gr\u00e2ce \u00e0 sa structure, le prisme \u00e0 cube d&#039;angle PB254 offre des performances de r\u00e9tro-r\u00e9flexion stables et constantes, m\u00eame dans des environnements exigeants.<br \/>\nUtilis\u00e9 dans les instruments de topographie, les syst\u00e8mes d&#039;alignement ou les applications scientifiques, le prisme \u00e0 cube d&#039;angle PB254 garantit un retour de faisceau fiable et sans distorsion sur de longues distances. Gr\u00e2ce \u00e0 son ouverture de 25,4 mm, ce prisme offre une excellente stabilit\u00e9 optique et une r\u00e9flectivit\u00e9 \u00e9lev\u00e9e.<\/p>\n<p><img fetchpriority=\"high\" decoding=\"async\" class=\"aligncenter wp-image-4803\" src=\"https:\/\/mountlaser.com\/wp-content\/uploads\/2025\/11\/PB254-2.webp\" alt=\"PB254 Corner Cube Prism\" width=\"500\" height=\"500\" srcset=\"https:\/\/mountlaser.com\/wp-content\/uploads\/2025\/11\/PB254-2.webp 1000w, https:\/\/mountlaser.com\/wp-content\/uploads\/2025\/11\/PB254-2-300x300.webp 300w, https:\/\/mountlaser.com\/wp-content\/uploads\/2025\/11\/PB254-2-400x400.webp 400w, https:\/\/mountlaser.com\/wp-content\/uploads\/2025\/11\/PB254-2-800x800.webp 800w, https:\/\/mountlaser.com\/wp-content\/uploads\/2025\/11\/PB254-2-600x600.webp 600w, https:\/\/mountlaser.com\/wp-content\/uploads\/2025\/11\/PB254-2-150x150.webp 150w, https:\/\/mountlaser.com\/wp-content\/uploads\/2025\/11\/PB254-2-768x768.webp 768w, https:\/\/mountlaser.com\/wp-content\/uploads\/2025\/11\/PB254-2-12x12.webp 12w\" sizes=\"(max-width: 500px) 100vw, 500px\" \/><\/p>\n<p>Con\u00e7u pour les professionnels exigeants en mati\u00e8re de pr\u00e9cision, de durabilit\u00e9 et de fiabilit\u00e9, le <a href=\"https:\/\/mountlaser.com\/fr_fr\/about-us\/\">Prisme cubique d&#039;angle PB254<\/a> s&#039;int\u00e8gre parfaitement \u00e0 une large gamme de configurations optiques.<\/p>","protected":false},"excerpt":{"rendered":"<ul>\n<li>R\u00e9tro-r\u00e9flexion pr\u00e9cise du faisceau : redirige les faisceaux laser entrants vers la source avec une d\u00e9viation extr\u00eamement faible.<\/li>\n<li>Conception avec ouverture de 25,4 mm\u00a0: assure une r\u00e9flectivit\u00e9 \u00e9lev\u00e9e et des performances stables \u00e0 longue port\u00e9e.<\/li>\n<li>Int\u00e9gration polyvalente\u00a0: Convient aux \u00e9quipements topographiques, aux syst\u00e8mes d\u2019alignement, aux tests optiques et aux outils de mesure de pr\u00e9cision.<\/li>\n<li>Haute qualit\u00e9 de surface : La conception PB254 offre une excellente plan\u00e9it\u00e9 optique et une erreur angulaire minimale.<\/li>\n<li>Construction durable : Con\u00e7ue pour les environnements professionnels et industriels exigeant une stabilit\u00e9 \u00e0 long terme.<\/li>\n<\/ul>","protected":false},"featured_media":4809,"comment_status":"open","ping_status":"closed","template":"","meta":[],"product_brand":[],"product_cat":[105,72],"product_tag":[],"class_list":{"0":"post-4801","1":"product","2":"type-product","3":"status-publish","4":"has-post-thumbnail","6":"product_cat-corner-cube-prisms","7":"product_cat-reflective-target-prism","9":"first","10":"instock","11":"shipping-taxable","12":"product-type-simple"},"_links":{"self":[{"href":"https:\/\/mountlaser.com\/fr_fr\/wp-json\/wp\/v2\/product\/4801","targetHints":{"allow":["GET"]}}],"collection":[{"href":"https:\/\/mountlaser.com\/fr_fr\/wp-json\/wp\/v2\/product"}],"about":[{"href":"https:\/\/mountlaser.com\/fr_fr\/wp-json\/wp\/v2\/types\/product"}],"replies":[{"embeddable":true,"href":"https:\/\/mountlaser.com\/fr_fr\/wp-json\/wp\/v2\/comments?post=4801"}],"wp:featuredmedia":[{"embeddable":true,"href":"https:\/\/mountlaser.com\/fr_fr\/wp-json\/wp\/v2\/media\/4809"}],"wp:attachment":[{"href":"https:\/\/mountlaser.com\/fr_fr\/wp-json\/wp\/v2\/media?parent=4801"}],"wp:term":[{"taxonomy":"product_brand","embeddable":true,"href":"https:\/\/mountlaser.com\/fr_fr\/wp-json\/wp\/v2\/product_brand?post=4801"},{"taxonomy":"product_cat","embeddable":true,"href":"https:\/\/mountlaser.com\/fr_fr\/wp-json\/wp\/v2\/product_cat?post=4801"},{"taxonomy":"product_tag","embeddable":true,"href":"https:\/\/mountlaser.com\/fr_fr\/wp-json\/wp\/v2\/product_tag?post=4801"}],"curies":[{"name":"wp","href":"https:\/\/api.w.org\/{rel}","templated":true}]}}