{"id":4791,"date":"2025-11-21T09:07:18","date_gmt":"2025-11-21T09:07:18","guid":{"rendered":"https:\/\/mountlaser.com\/?post_type=product&#038;p=4791"},"modified":"2025-11-25T07:45:48","modified_gmt":"2025-11-25T07:45:48","slug":"rotary-laser-krl-640","status":"publish","type":"product","link":"https:\/\/mountlaser.com\/fr_fr\/produit\/rotary-laser-krl-640\/","title":{"rendered":"Laser rotatif KRL-640"},"content":{"rendered":"<p>Le <a href=\"https:\/\/mountlaser.com\/fr_fr\/\">Monter le laser<\/a> Le KRL-640 repr\u00e9sente le summum de l&#039;innovation et de la pr\u00e9cision en mati\u00e8re de technologie d&#039;implantation de chantier. Con\u00e7u pour les projets de terrassement et de construction les plus exigeants, cet outil est un kit laser rotatif double pente complet qui offre un contr\u00f4le et une pr\u00e9cision in\u00e9gal\u00e9s. <a href=\"https:\/\/mountlaser.com\/fr_fr\/categorie-produit\/rotary-laser\/\"><strong>Laser rotatif KRL-640<\/strong><\/a> fonctionne comme un laser rotatif \u00e9lectronique horizontal et vertical sophistiqu\u00e9, utilisant un syst\u00e8me de nivellement de pointe avec deux gyroscopes et trois capteurs \u00e9lectroniques individuels pour atteindre une pr\u00e9cision de nivellement de premier ordre de \u00b10,25 mm\/10 m.<\/p>\n<p>Ce tout-en-un <a href=\"https:\/\/mountlaser.com\/fr_fr\/about-us\/\"><strong>Kit laser rotatif \u00e0 double pente<\/strong><\/a> Con\u00e7u pour une utilisation optimale et des performances maximales sur le terrain, le KRL-640 projette un plan parfait \u00e0 360\u00b0 aussi bien \u00e0 l&#039;horizontale qu&#039;\u00e0 la verticale, offrant ainsi un syst\u00e8me de r\u00e9f\u00e9rence spatiale complet. La t\u00e9l\u00e9commande RC200 incluse permet de g\u00e9rer toutes les fonctions, y compris le r\u00e9glage pr\u00e9cis de l&#039;inclinaison bidirectionnelle, jusqu&#039;\u00e0 une distance impressionnante de 300 m\u00e8tres. Robuste et dot\u00e9 d&#039;un indice de protection IP66, ce laser rotatif \u00e9lectronique horizontal et vertical est con\u00e7u pour r\u00e9sister aux conditions ext\u00e9rieures les plus difficiles, garantissant un fonctionnement fiable sous la poussi\u00e8re, la pluie et des temp\u00e9ratures extr\u00eames allant de -20 \u00b0C \u00e0 +60 \u00b0C.<\/p>\n<p>&nbsp;<\/p>\n<p><img fetchpriority=\"high\" decoding=\"async\" class=\"aligncenter wp-image-4793\" src=\"https:\/\/mountlaser.com\/wp-content\/uploads\/2025\/11\/KRL-6402.webp\" alt=\"Dual Slope Rotary Laser Kit\" width=\"500\" height=\"500\" srcset=\"https:\/\/mountlaser.com\/wp-content\/uploads\/2025\/11\/KRL-6402.webp 800w, https:\/\/mountlaser.com\/wp-content\/uploads\/2025\/11\/KRL-6402-300x300.webp 300w, https:\/\/mountlaser.com\/wp-content\/uploads\/2025\/11\/KRL-6402-400x400.webp 400w, https:\/\/mountlaser.com\/wp-content\/uploads\/2025\/11\/KRL-6402-600x600.webp 600w, https:\/\/mountlaser.com\/wp-content\/uploads\/2025\/11\/KRL-6402-150x150.webp 150w, https:\/\/mountlaser.com\/wp-content\/uploads\/2025\/11\/KRL-6402-768x768.webp 768w, https:\/\/mountlaser.com\/wp-content\/uploads\/2025\/11\/KRL-6402-12x12.webp 12w\" sizes=\"(max-width: 500px) 100vw, 500px\" \/><\/p>\n<p><strong>Sp\u00e9cifications du laser rotatif KRL-640<\/strong><\/p>\n<table style=\"height: 686px;\" width=\"1051\">\n<tbody>\n<tr>\n<td>Type laser<\/td>\n<td>KRL-640R<\/td>\n<td>KRL-640G<\/td>\n<\/tr>\n<tr>\n<td>Type\/longueur d&#039;onde du laser<\/td>\n<td>Laser rouge (635 nm - 30 mW) Point sup\u00e9rieur\/inf\u00e9rieur<\/td>\n<td>Laser vert (515 nm - 30 mW) Point sup\u00e9rieur\/inf\u00e9rieur<\/td>\n<\/tr>\n<tr>\n<td>Nivellement<\/td>\n<td colspan=\"2\">Nivellement \u00e9lectronique (2 gyroscopes + 3 capteurs \u00e9lectroniques individuels)<\/td>\n<\/tr>\n<tr>\n<td>Plage de nivellement<\/td>\n<td colspan=\"2\">\u00b15\u00b0<\/td>\n<\/tr>\n<tr>\n<td>Pr\u00e9cision de nivellement<\/td>\n<td colspan=\"2\">\u00b10,25 mm\/10 m<\/td>\n<\/tr>\n<tr>\n<td>Diam\u00e8tre de travail (avec LP500)<\/td>\n<td colspan=\"2\">\u22651000m<\/td>\n<\/tr>\n<tr>\n<td>Diam\u00e8tre de travail (avec LP700)<\/td>\n<td colspan=\"2\">\u2265800 m<\/td>\n<\/tr>\n<tr>\n<td>Temp\u00e9rature de fonctionnement<\/td>\n<td colspan=\"2\">-20\u2103\uff5e+60\u2103<\/td>\n<\/tr>\n<tr>\n<td>vitesse de rotation du laser<\/td>\n<td colspan=\"2\">0\/300\/600\/1000\/1500 tr\/min (moteur creux sans balais \u00e0 aimant permanent)<\/td>\n<\/tr>\n<tr>\n<td>balayage de zone<\/td>\n<td colspan=\"2\">15\u00b0\/45\u00b0\/90\u00b0\/180\u00b0<\/td>\n<\/tr>\n<tr>\n<td>R\u00e9glage de l&#039;inclinaison<\/td>\n<td colspan=\"2\">Bidirectionnel<\/td>\n<\/tr>\n<tr>\n<td>Op\u00e9rations sur les pentes<\/td>\n<td colspan=\"2\">Utilisez la t\u00e9l\u00e9commande RC200<\/td>\n<\/tr>\n<tr>\n<td>Fonctionnement de l&#039;unit\u00e9 principale<\/td>\n<td colspan=\"2\">12 touches \/ 5 lumi\u00e8res (Synchronisation avec le signal de la t\u00e9l\u00e9commande)<\/td>\n<\/tr>\n<tr>\n<td>fonctionnement \u00e0 distance<\/td>\n<td colspan=\"2\">12 touches \/ 5 lumi\u00e8res (Synchronisation avec les signaux de l&#039;h\u00f4te Port\u00e9e de la t\u00e9l\u00e9commande \u2265 300 m)<\/td>\n<\/tr>\n<tr>\n<td>M\u00e9thode d&#039;alimentation \u00e9lectrique<\/td>\n<td colspan=\"2\">Lithium (section rempla\u00e7able en une seule pi\u00e8ce) Alimentation secteur directe<\/td>\n<\/tr>\n<tr>\n<td>Dur\u00e9e de fonctionnement du lithium<\/td>\n<td colspan=\"2\">15-20 h (Batterie \u00e0 autonomie prolong\u00e9e en option)<\/td>\n<\/tr>\n<tr>\n<td>M\u00e9thode d&#039;\u00e9talonnage<\/td>\n<td colspan=\"2\">T\u00e9l\u00e9commande \/ Application<\/td>\n<\/tr>\n<tr>\n<td>Conditionnement<\/td>\n<td colspan=\"2\">bo\u00eete en plastique<\/td>\n<\/tr>\n<tr>\n<td>Taille<\/td>\n<td colspan=\"2\">Longueur 217 Largeur 217 Hauteur 244 (mm)<\/td>\n<\/tr>\n<tr>\n<td>Niveau de protection<\/td>\n<td colspan=\"2\">IP66<\/td>\n<\/tr>\n<tr>\n<td>hauteur de chute<\/td>\n<td colspan=\"2\">Machine principale 1M uniquement<\/td>\n<\/tr>\n<tr>\n<td>Plage de r\u00e9glage de la pente<\/td>\n<td colspan=\"2\">\u00b110%<\/td>\n<\/tr>\n<\/tbody>\n<\/table>","protected":false},"excerpt":{"rendered":"<ul>\n<li>Pr\u00e9cision de pointe : atteint une pr\u00e9cision de \u00b10,25 mm\/10 m gr\u00e2ce \u00e0 un syst\u00e8me de nivellement \u00e9lectronique avanc\u00e9 \u00e0 2 gyroscopes et 3 capteurs.<\/li>\n<li>Kit complet pour double pente : Propos\u00e9 sous forme de kit laser rotatif double pente pr\u00eat \u00e0 l&#039;emploi avec t\u00e9l\u00e9commande pour une gestion compl\u00e8te des pentes.<\/li>\n<li>T\u00e9l\u00e9commande \u00e0 tr\u00e8s longue port\u00e9e\u00a0: Commande compl\u00e8te et r\u00e9glage de la pente jusqu\u2019\u00e0 300 m\u00e8tres avec la t\u00e9l\u00e9commande RC200.<\/li>\n<\/ul>","protected":false},"featured_media":4792,"comment_status":"open","ping_status":"closed","template":"","meta":[],"product_brand":[],"product_cat":[93,139],"product_tag":[],"class_list":{"0":"post-4791","1":"product","2":"type-product","3":"status-publish","4":"has-post-thumbnail","6":"product_cat-rotary-laser","7":"product_cat-rotary-laser-6-series","9":"first","10":"instock","11":"shipping-taxable","12":"product-type-simple"},"_links":{"self":[{"href":"https:\/\/mountlaser.com\/fr_fr\/wp-json\/wp\/v2\/product\/4791","targetHints":{"allow":["GET"]}}],"collection":[{"href":"https:\/\/mountlaser.com\/fr_fr\/wp-json\/wp\/v2\/product"}],"about":[{"href":"https:\/\/mountlaser.com\/fr_fr\/wp-json\/wp\/v2\/types\/product"}],"replies":[{"embeddable":true,"href":"https:\/\/mountlaser.com\/fr_fr\/wp-json\/wp\/v2\/comments?post=4791"}],"wp:featuredmedia":[{"embeddable":true,"href":"https:\/\/mountlaser.com\/fr_fr\/wp-json\/wp\/v2\/media\/4792"}],"wp:attachment":[{"href":"https:\/\/mountlaser.com\/fr_fr\/wp-json\/wp\/v2\/media?parent=4791"}],"wp:term":[{"taxonomy":"product_brand","embeddable":true,"href":"https:\/\/mountlaser.com\/fr_fr\/wp-json\/wp\/v2\/product_brand?post=4791"},{"taxonomy":"product_cat","embeddable":true,"href":"https:\/\/mountlaser.com\/fr_fr\/wp-json\/wp\/v2\/product_cat?post=4791"},{"taxonomy":"product_tag","embeddable":true,"href":"https:\/\/mountlaser.com\/fr_fr\/wp-json\/wp\/v2\/product_tag?post=4791"}],"curies":[{"name":"wp","href":"https:\/\/api.w.org\/{rel}","templated":true}]}}