{"id":4786,"date":"2025-11-21T09:02:35","date_gmt":"2025-11-21T09:02:35","guid":{"rendered":"https:\/\/mountlaser.com\/?post_type=product&#038;p=4786"},"modified":"2025-11-25T07:47:28","modified_gmt":"2025-11-25T07:47:28","slug":"rotary-laser-krl-540","status":"publish","type":"product","link":"https:\/\/mountlaser.com\/fr_fr\/produit\/rotary-laser-krl-540\/","title":{"rendered":"Laser rotatif KRL-540"},"content":{"rendered":"<p><a href=\"https:\/\/mountlaser.com\/fr_fr\/categorie-produit\/rotary-laser\/\"><strong>Laser rotatif KRL-540<\/strong> <\/a>Ce niveau laser rotatif ext\u00e9rieur est la solution id\u00e9ale pour les professionnels exigeant une pr\u00e9cision et une robustesse sans faille en ext\u00e9rieur. Propos\u00e9 sous forme de kit complet, il est con\u00e7u pour r\u00e9sister aux conditions difficiles des chantiers, m\u00eame en plein soleil ou sur de longues distances. Il repr\u00e9sente une avanc\u00e9e majeure en mati\u00e8re de performance, gr\u00e2ce \u00e0 un syst\u00e8me de nivellement r\u00e9volutionnaire dot\u00e9 de deux gyroscopes et de trois capteurs \u00e9lectroniques individuels, garantissant une pr\u00e9cision de \u00b10,35 mm\/10 m.<\/p>\n<p>En tant que solution globale <a href=\"https:\/\/mountlaser.com\/fr_fr\/about-us\/\"><strong>Kit de niveau laser rotatif ext\u00e9rieur<\/strong><\/a>, Le KRL-540 comprend tout le n\u00e9cessaire pour les projets d&#039;envergure. Il projette un faisceau complet \u00e0 360\u00b0 sur les plans horizontal et vertical et est disponible en versions laser rouge puissant et laser vert ultra-lumineux pour une visibilit\u00e9 maximale jusqu&#039;\u00e0 1\u00a0000\u00a0m. Le kit est fourni avec la t\u00e9l\u00e9commande avanc\u00e9e RC200, qui double la port\u00e9e op\u00e9rationnelle \u00e0 300\u00a0m\u00e8tres, permettant ainsi un r\u00e9glage et un contr\u00f4le pr\u00e9cis de la pente depuis pratiquement n&#039;importe quel point du chantier.<\/p>\n<p><a href=\"https:\/\/mountlaser.com\/fr_fr\/contact-us\/\">Laser rotatif KRL-540<\/a> Avec un indice de protection IP66 am\u00e9lior\u00e9 pour une protection totale contre la poussi\u00e8re et les jets d&#039;eau puissants, ainsi qu&#039;une plage de temp\u00e9ratures de fonctionnement \u00e9tendue, ce kit de niveau laser rotatif ext\u00e9rieur est con\u00e7u pour offrir des performances fiables et de haute pr\u00e9cision jour apr\u00e8s jour, par tous les temps.<\/p>\n<p>&nbsp;<\/p>\n<p><img fetchpriority=\"high\" decoding=\"async\" class=\"aligncenter wp-image-4788\" src=\"https:\/\/mountlaser.com\/wp-content\/uploads\/2025\/11\/KRL-5402.webp\" alt=\"Exterior Rotary Laser Level Kit\" width=\"500\" height=\"500\" srcset=\"https:\/\/mountlaser.com\/wp-content\/uploads\/2025\/11\/KRL-5402.webp 800w, https:\/\/mountlaser.com\/wp-content\/uploads\/2025\/11\/KRL-5402-300x300.webp 300w, https:\/\/mountlaser.com\/wp-content\/uploads\/2025\/11\/KRL-5402-400x400.webp 400w, https:\/\/mountlaser.com\/wp-content\/uploads\/2025\/11\/KRL-5402-600x600.webp 600w, https:\/\/mountlaser.com\/wp-content\/uploads\/2025\/11\/KRL-5402-150x150.webp 150w, https:\/\/mountlaser.com\/wp-content\/uploads\/2025\/11\/KRL-5402-768x768.webp 768w, https:\/\/mountlaser.com\/wp-content\/uploads\/2025\/11\/KRL-5402-12x12.webp 12w\" sizes=\"(max-width: 500px) 100vw, 500px\" \/><\/p>\n<p><strong>Sp\u00e9cifications du laser rotatif KRL-540<\/strong><\/p>\n<table style=\"height: 698px;\" width=\"1057\">\n<tbody>\n<tr>\n<td>Type laser<\/td>\n<td>KRL-540R<\/td>\n<td>KRL-540G<\/td>\n<\/tr>\n<tr>\n<td>Type\/longueur d&#039;onde du laser<\/td>\n<td>Laser rouge (635 nm - 30 mW) Point sup\u00e9rieur\/inf\u00e9rieur<\/td>\n<td>Laser vert (515 nm - 30 mW) Point sup\u00e9rieur\/inf\u00e9rieur<\/td>\n<\/tr>\n<tr>\n<td>Nivellement<\/td>\n<td colspan=\"2\">Nivellement \u00e9lectronique (2 gyroscopes + 3 capteurs \u00e9lectroniques individuels)<\/td>\n<\/tr>\n<tr>\n<td>Plage de nivellement<\/td>\n<td colspan=\"2\">\u00b15\u00b0<\/td>\n<\/tr>\n<tr>\n<td>Pr\u00e9cision de nivellement<\/td>\n<td colspan=\"2\">\u00b10,35 mm\/10 m<\/td>\n<\/tr>\n<tr>\n<td>Diam\u00e8tre de travail (avec LP500)<\/td>\n<td colspan=\"2\">\u22651000m<\/td>\n<\/tr>\n<tr>\n<td>Diam\u00e8tre de travail (avec LP700)<\/td>\n<td colspan=\"2\">\u2265800 m<\/td>\n<\/tr>\n<tr>\n<td>Temp\u00e9rature de fonctionnement<\/td>\n<td colspan=\"2\">-20\u2103\uff5e+60\u2103<\/td>\n<\/tr>\n<tr>\n<td>vitesse de rotation du laser<\/td>\n<td colspan=\"2\">0\/300\/600\/1000\/1500 tr\/min (moteur creux sans balais \u00e0 aimant permanent)<\/td>\n<\/tr>\n<tr>\n<td>balayage de zone<\/td>\n<td colspan=\"2\">15\u00b0\/45\u00b0\/90\u00b0\/180\u00b0<\/td>\n<\/tr>\n<tr>\n<td>R\u00e9glage de l&#039;inclinaison<\/td>\n<td colspan=\"2\">Bidirectionnel<\/td>\n<\/tr>\n<tr>\n<td>Op\u00e9rations sur les pentes<\/td>\n<td colspan=\"2\">Utilisez la t\u00e9l\u00e9commande RC200<\/td>\n<\/tr>\n<tr>\n<td>Fonctionnement de l&#039;unit\u00e9 principale<\/td>\n<td colspan=\"2\">12 touches \/ 5 lumi\u00e8res (Synchronisation avec le signal de la t\u00e9l\u00e9commande)<\/td>\n<\/tr>\n<tr>\n<td>fonctionnement \u00e0 distance<\/td>\n<td colspan=\"2\">12 touches \/ 5 lumi\u00e8res (Synchronisation avec les signaux de l&#039;h\u00f4te Port\u00e9e de la t\u00e9l\u00e9commande \u2265 300 m)<\/td>\n<\/tr>\n<tr>\n<td>M\u00e9thode d&#039;alimentation \u00e9lectrique<\/td>\n<td colspan=\"2\">Lithium (section rempla\u00e7able en une seule pi\u00e8ce) Alimentation secteur directe<\/td>\n<\/tr>\n<tr>\n<td>Dur\u00e9e de fonctionnement du lithium<\/td>\n<td colspan=\"2\">15-20 h (Batterie \u00e0 autonomie prolong\u00e9e en option)<\/td>\n<\/tr>\n<tr>\n<td>M\u00e9thode d&#039;\u00e9talonnage<\/td>\n<td colspan=\"2\">T\u00e9l\u00e9commande \/ Application<\/td>\n<\/tr>\n<tr>\n<td>Conditionnement<\/td>\n<td colspan=\"2\">bo\u00eete en plastique<\/td>\n<\/tr>\n<tr>\n<td>Taille<\/td>\n<td colspan=\"2\">Longueur 215 Largeur 215 Hauteur 232 (mm)<\/td>\n<\/tr>\n<tr>\n<td>Niveau de protection<\/td>\n<td colspan=\"2\">IP66<\/td>\n<\/tr>\n<tr>\n<td>hauteur de chute<\/td>\n<td colspan=\"2\">Machine principale 1M uniquement<\/td>\n<\/tr>\n<tr>\n<td>Plage de r\u00e9glage de la pente<\/td>\n<td colspan=\"2\">\u00b110%<\/td>\n<\/tr>\n<\/tbody>\n<\/table>","protected":false},"excerpt":{"rendered":"<ul>\n<li>Syst\u00e8me de nivellement sup\u00e9rieur : int\u00e8gre 2 gyroscopes et 3 capteurs \u00e9lectroniques pour une pr\u00e9cision et une stabilit\u00e9 exceptionnelles de \u00b10,35 mm\/10 m.<\/li>\n<li>Port\u00e9e \u00e9tendue de la t\u00e9l\u00e9commande : la t\u00e9l\u00e9commande RC200 offre une fonctionnalit\u00e9 compl\u00e8te jusqu&#039;\u00e0 une distance de 300 m\u00e8tres.<\/li>\n<li>Double laser haute visibilit\u00e9\u00a0: choisissez entre un faisceau rouge standard ou un faisceau vert sup\u00e9rieur pour une utilisation optimale \u00e0 longue port\u00e9e en ext\u00e9rieur.<\/li>\n<\/ul>","protected":false},"featured_media":4787,"comment_status":"open","ping_status":"closed","template":"","meta":[],"product_brand":[],"product_cat":[93,138],"product_tag":[],"class_list":{"0":"post-4786","1":"product","2":"type-product","3":"status-publish","4":"has-post-thumbnail","6":"product_cat-rotary-laser","7":"product_cat-rotary-laser-5-series","9":"first","10":"instock","11":"shipping-taxable","12":"product-type-simple"},"_links":{"self":[{"href":"https:\/\/mountlaser.com\/fr_fr\/wp-json\/wp\/v2\/product\/4786","targetHints":{"allow":["GET"]}}],"collection":[{"href":"https:\/\/mountlaser.com\/fr_fr\/wp-json\/wp\/v2\/product"}],"about":[{"href":"https:\/\/mountlaser.com\/fr_fr\/wp-json\/wp\/v2\/types\/product"}],"replies":[{"embeddable":true,"href":"https:\/\/mountlaser.com\/fr_fr\/wp-json\/wp\/v2\/comments?post=4786"}],"wp:featuredmedia":[{"embeddable":true,"href":"https:\/\/mountlaser.com\/fr_fr\/wp-json\/wp\/v2\/media\/4787"}],"wp:attachment":[{"href":"https:\/\/mountlaser.com\/fr_fr\/wp-json\/wp\/v2\/media?parent=4786"}],"wp:term":[{"taxonomy":"product_brand","embeddable":true,"href":"https:\/\/mountlaser.com\/fr_fr\/wp-json\/wp\/v2\/product_brand?post=4786"},{"taxonomy":"product_cat","embeddable":true,"href":"https:\/\/mountlaser.com\/fr_fr\/wp-json\/wp\/v2\/product_cat?post=4786"},{"taxonomy":"product_tag","embeddable":true,"href":"https:\/\/mountlaser.com\/fr_fr\/wp-json\/wp\/v2\/product_tag?post=4786"}],"curies":[{"name":"wp","href":"https:\/\/api.w.org\/{rel}","templated":true}]}}