{"id":4782,"date":"2025-11-21T08:56:28","date_gmt":"2025-11-21T08:56:28","guid":{"rendered":"https:\/\/mountlaser.com\/?post_type=product&#038;p=4782"},"modified":"2025-11-25T08:11:58","modified_gmt":"2025-11-25T08:11:58","slug":"rotary-laser-krl-440","status":"publish","type":"product","link":"https:\/\/mountlaser.com\/fr_fr\/produit\/rotary-laser-krl-440\/","title":{"rendered":"Laser rotatif KRL-440"},"content":{"rendered":"<p><a href=\"https:\/\/mountlaser.com\/fr_fr\/categorie-produit\/rotary-laser\/\"><strong>Laser rotatif KRL-440<\/strong> <\/a>Cet outil \u00e9tablit une nouvelle r\u00e9f\u00e9rence en mati\u00e8re d&#039;instruments de tra\u00e7age professionnels, con\u00e7u pour offrir des performances sans compromis sur les chantiers les plus exigeants. V\u00e9ritable niveau laser de haute pr\u00e9cision, il atteint une pr\u00e9cision de nivellement exceptionnelle de \u00b10,5 mm\/10 m gr\u00e2ce \u00e0 son syst\u00e8me de nivellement \u00e9lectronique avanc\u00e9 combinant un gyroscope et un capteur \u00e0 deux axes. Il projette un plan parfait \u00e0 360 degr\u00e9s, aussi bien \u00e0 l&#039;horizontale qu&#039;\u00e0 la verticale, ce qui en fait un outil indispensable. <a href=\"https:\/\/mountlaser.com\/fr_fr\/\"><strong>Niveau laser de haute pr\u00e9cision<\/strong><\/a> pour tout, de la construction neuve aux am\u00e9nagements int\u00e9rieurs les plus complexes.<\/p>\n<p><a href=\"https:\/\/mountlaser.com\/fr_fr\/contact-us\/\">Laser rotatif KRL-440<\/a> Disponible en versions laser rouge (KRL-440R) et vert ultra-visible (KRL-440G), cet outil garantit des lignes laser nettes sur un diam\u00e8tre de travail pouvant atteindre 1\u00a0000 m\u00e8tres avec d\u00e9tecteur. Gr\u00e2ce \u00e0 la t\u00e9l\u00e9commande RC100, l&#039;op\u00e9rateur peut contr\u00f4ler facilement toutes les fonctions jusqu&#039;\u00e0 150 m\u00e8tres de distance, y compris le r\u00e9glage de la pente dans les deux sens. Log\u00e9 dans un bo\u00eetier robuste conforme \u00e0 la norme IP65, le laser rotatif KRL-440 est con\u00e7u pour r\u00e9sister \u00e0 la poussi\u00e8re et \u00e0 l&#039;eau, assurant ainsi la fiabilit\u00e9 et la pr\u00e9cision de ce niveau laser de haute pr\u00e9cision en toutes circonstances, saison apr\u00e8s saison.<\/p>\n<p>&nbsp;<\/p>\n<p>&nbsp;<\/p>\n<p><img fetchpriority=\"high\" decoding=\"async\" class=\"aligncenter wp-image-4785\" src=\"https:\/\/mountlaser.com\/wp-content\/uploads\/2025\/11\/KRL-4403.webp\" alt=\"High-precision Laser Level\" width=\"500\" height=\"500\" srcset=\"https:\/\/mountlaser.com\/wp-content\/uploads\/2025\/11\/KRL-4403.webp 800w, https:\/\/mountlaser.com\/wp-content\/uploads\/2025\/11\/KRL-4403-300x300.webp 300w, https:\/\/mountlaser.com\/wp-content\/uploads\/2025\/11\/KRL-4403-400x400.webp 400w, https:\/\/mountlaser.com\/wp-content\/uploads\/2025\/11\/KRL-4403-600x600.webp 600w, https:\/\/mountlaser.com\/wp-content\/uploads\/2025\/11\/KRL-4403-150x150.webp 150w, https:\/\/mountlaser.com\/wp-content\/uploads\/2025\/11\/KRL-4403-768x768.webp 768w, https:\/\/mountlaser.com\/wp-content\/uploads\/2025\/11\/KRL-4403-12x12.webp 12w\" sizes=\"(max-width: 500px) 100vw, 500px\" \/><\/p>\n<p><strong>Sp\u00e9cifications du laser rotatif KRL-440<\/strong><\/p>\n<table style=\"height: 686px;\" width=\"1068\">\n<tbody>\n<tr>\n<td>Type laser<\/td>\n<td>KRL-440R<\/td>\n<td>KRL-440G<\/td>\n<\/tr>\n<tr>\n<td>Type\/longueur d&#039;onde du laser<\/td>\n<td>Laser rouge (635 nm - 30 mW) Point sup\u00e9rieur\/inf\u00e9rieur<\/td>\n<td>Laser vert (515 nm - 30 mW) Point sup\u00e9rieur\/inf\u00e9rieur<\/td>\n<\/tr>\n<tr>\n<td>Nivellement<\/td>\n<td colspan=\"2\">Nivellement \u00e9lectronique (1 gyroscope + 1 capteur \u00e9lectronique \u00e0 double axe)<\/td>\n<\/tr>\n<tr>\n<td>Plage de nivellement<\/td>\n<td colspan=\"2\">\u00b15\u00b0<\/td>\n<\/tr>\n<tr>\n<td>Pr\u00e9cision de nivellement<\/td>\n<td colspan=\"2\">\u00b10,5 mm\/10 m<\/td>\n<\/tr>\n<tr>\n<td>Diam\u00e8tre de travail (avec LP500)<\/td>\n<td colspan=\"2\">\u22651000m<\/td>\n<\/tr>\n<tr>\n<td>Diam\u00e8tre de travail (avec LP700)<\/td>\n<td colspan=\"2\">\u2265800 m<\/td>\n<\/tr>\n<tr>\n<td>Temp\u00e9rature de fonctionnement<\/td>\n<td colspan=\"2\">-20\u2103\uff5e+50\u2103<\/td>\n<\/tr>\n<tr>\n<td>vitesse de rotation du laser<\/td>\n<td colspan=\"2\">0\/300\/600\/1000\/1500 tr\/min (moteur creux sans balais \u00e0 aimant permanent)<\/td>\n<\/tr>\n<tr>\n<td>balayage de zone<\/td>\n<td colspan=\"2\">15\u00b0\/45\u00b0\/90\u00b0\/180\u00b0<\/td>\n<\/tr>\n<tr>\n<td>R\u00e9glage de l&#039;inclinaison<\/td>\n<td colspan=\"2\">Bidirectionnel<\/td>\n<\/tr>\n<tr>\n<td>Op\u00e9rations sur les pentes<\/td>\n<td colspan=\"2\">Utilisez la t\u00e9l\u00e9commande RC100<\/td>\n<\/tr>\n<tr>\n<td>Fonctionnement de l&#039;unit\u00e9 principale<\/td>\n<td colspan=\"2\">12 touches \/ 5 lumi\u00e8res (Synchronisation avec le signal de la t\u00e9l\u00e9commande)<\/td>\n<\/tr>\n<tr>\n<td>fonctionnement \u00e0 distance<\/td>\n<td colspan=\"2\">12 touches \/ 5 lumi\u00e8res (Synchronisation avec les signaux de l&#039;h\u00f4te Port\u00e9e de la t\u00e9l\u00e9commande \u2265 150 m)<\/td>\n<\/tr>\n<tr>\n<td>M\u00e9thode d&#039;alimentation \u00e9lectrique<\/td>\n<td colspan=\"2\">Lithium (section rempla\u00e7able en une seule pi\u00e8ce) Alimentation secteur directe<\/td>\n<\/tr>\n<tr>\n<td>Dur\u00e9e de fonctionnement du lithium<\/td>\n<td colspan=\"2\">15-20 h (Batterie \u00e0 autonomie prolong\u00e9e en option)<\/td>\n<\/tr>\n<tr>\n<td>M\u00e9thode d&#039;\u00e9talonnage<\/td>\n<td colspan=\"2\">T\u00e9l\u00e9commande \/ Application<\/td>\n<\/tr>\n<tr>\n<td>Conditionnement<\/td>\n<td colspan=\"2\">bo\u00eete en plastique<\/td>\n<\/tr>\n<tr>\n<td>Taille<\/td>\n<td colspan=\"2\">Longueur 215 Largeur 215 Hauteur 232 (mm)<\/td>\n<\/tr>\n<tr>\n<td>Niveau de protection<\/td>\n<td colspan=\"2\">IP65<\/td>\n<\/tr>\n<tr>\n<td>hauteur de chute<\/td>\n<td colspan=\"2\">Machine principale 1M uniquement<\/td>\n<\/tr>\n<tr>\n<td>Plage de r\u00e9glage de la pente<\/td>\n<td colspan=\"2\">\u00b110%<\/td>\n<\/tr>\n<\/tbody>\n<\/table>","protected":false},"excerpt":{"rendered":"<ul>\n<li>Projection \u00e0 double plan : G\u00e9n\u00e8re un plan de r\u00e9f\u00e9rence horizontal et vertical complet \u00e0 360 degr\u00e9s pour une implantation compl\u00e8te du site.<\/li>\n<li>Pr\u00e9cision exceptionnelle : Niveau laser haute pr\u00e9cision avec autonivellement \u00e9lectronique pour une pr\u00e9cision de \u00b10,5 mm\/10 m dans une plage de \u00b15\u00b0.<\/li>\n<li>Visibilit\u00e9 laser sup\u00e9rieure\u00a0: choix entre un laser rouge ou un laser vert 6 fois plus lumineux pour des performances optimales dans diverses conditions d\u2019\u00e9clairage et sur de longues distances.<\/li>\n<\/ul>","protected":false},"featured_media":4783,"comment_status":"open","ping_status":"closed","template":"","meta":[],"product_brand":[],"product_cat":[93,137],"product_tag":[],"class_list":{"0":"post-4782","1":"product","2":"type-product","3":"status-publish","4":"has-post-thumbnail","6":"product_cat-rotary-laser","7":"product_cat-rotary-laser-4-series","9":"first","10":"instock","11":"shipping-taxable","12":"product-type-simple"},"_links":{"self":[{"href":"https:\/\/mountlaser.com\/fr_fr\/wp-json\/wp\/v2\/product\/4782","targetHints":{"allow":["GET"]}}],"collection":[{"href":"https:\/\/mountlaser.com\/fr_fr\/wp-json\/wp\/v2\/product"}],"about":[{"href":"https:\/\/mountlaser.com\/fr_fr\/wp-json\/wp\/v2\/types\/product"}],"replies":[{"embeddable":true,"href":"https:\/\/mountlaser.com\/fr_fr\/wp-json\/wp\/v2\/comments?post=4782"}],"wp:featuredmedia":[{"embeddable":true,"href":"https:\/\/mountlaser.com\/fr_fr\/wp-json\/wp\/v2\/media\/4783"}],"wp:attachment":[{"href":"https:\/\/mountlaser.com\/fr_fr\/wp-json\/wp\/v2\/media?parent=4782"}],"wp:term":[{"taxonomy":"product_brand","embeddable":true,"href":"https:\/\/mountlaser.com\/fr_fr\/wp-json\/wp\/v2\/product_brand?post=4782"},{"taxonomy":"product_cat","embeddable":true,"href":"https:\/\/mountlaser.com\/fr_fr\/wp-json\/wp\/v2\/product_cat?post=4782"},{"taxonomy":"product_tag","embeddable":true,"href":"https:\/\/mountlaser.com\/fr_fr\/wp-json\/wp\/v2\/product_tag?post=4782"}],"curies":[{"name":"wp","href":"https:\/\/api.w.org\/{rel}","templated":true}]}}