{"id":4772,"date":"2025-11-21T08:30:21","date_gmt":"2025-11-21T08:30:21","guid":{"rendered":"https:\/\/mountlaser.com\/?post_type=product&#038;p=4772"},"modified":"2025-11-25T08:16:39","modified_gmt":"2025-11-25T08:16:39","slug":"rotary-laser-krl-410","status":"publish","type":"product","link":"https:\/\/mountlaser.com\/fr_fr\/produit\/rotary-laser-krl-410\/","title":{"rendered":"Laser rotatif KRL-410"},"content":{"rendered":"<p><a href=\"https:\/\/mountlaser.com\/fr_fr\/categorie-produit\/rotary-laser\/\"><strong>Laser rotatif KRL-410<\/strong><\/a> Ce niveau laser rotatif double plan de qualit\u00e9 professionnelle est con\u00e7u pour les travaux de terrassement et de pr\u00e9paration de chantier les plus exigeants. Robuste, il projette un plan laser pr\u00e9cis \u00e0 360\u00b0 aussi bien \u00e0 l&#039;horizontale qu&#039;\u00e0 la verticale, ce qui en fait le niveau laser rotatif id\u00e9al pour le nivellement, les fondations et l&#039;implantation g\u00e9n\u00e9rale en construction. Son syst\u00e8me de nivellement \u00e9lectronique avanc\u00e9, int\u00e9grant un gyroscope et un capteur \u00e0 deux axes, garantit une pr\u00e9cision exceptionnelle de \u00b10,5 mm\/10 m, avec une compensation automatique des irr\u00e9gularit\u00e9s du terrain dans une plage de \u00b15\u00b0.<\/p>\n<p>Disponible en versions laser rouge haute puissance (KRL-410R) et laser vert ultra-lumineux (KRL-410G), ce <a href=\"https:\/\/mountlaser.com\/fr_fr\/\">niveau laser rotatif<\/a> Offrant une visibilit\u00e9 exceptionnelle sur de longues distances, avec une port\u00e9e allant jusqu&#039;\u00e0 1\u00a0000 m\u00e8tres lorsqu&#039;il est utilis\u00e9 avec un d\u00e9tecteur, le d\u00e9tecteur laser rotatif KRL-410 est dot\u00e9 d&#039;une t\u00e9l\u00e9commande int\u00e9gr\u00e9e RC100 permettant aux op\u00e9rateurs de g\u00e9rer toutes les fonctions, y compris le r\u00e9glage critique de la pente bidirectionnelle jusqu&#039;\u00e0 \u00b1101\u00a0\u00b0TP3T, \u00e0 une distance de plus de 150 m\u00e8tres, optimisant ainsi le flux de travail pour toute \u00e9quipe de terrassement. B\u00e9n\u00e9ficiant d&#039;un indice de protection IP65 pour une r\u00e9sistance sup\u00e9rieure \u00e0 la poussi\u00e8re et \u00e0 l&#039;eau, le KRL-410 est con\u00e7u pour \u00eatre le plus fiable.<a href=\"https:\/\/mountlaser.com\/fr_fr\/about-us\/\"><strong> Niveau laser rotatif pour le nivellement<\/strong><\/a> sur n&#039;importe quel chantier, quelles que soient les conditions.<\/p>\n<p>&nbsp;<\/p>\n<p><img fetchpriority=\"high\" decoding=\"async\" class=\"aligncenter wp-image-4776\" src=\"https:\/\/mountlaser.com\/wp-content\/uploads\/2025\/11\/KRL-4104.webp\" alt=\"Rotary laser level for grading\" width=\"500\" height=\"500\" srcset=\"https:\/\/mountlaser.com\/wp-content\/uploads\/2025\/11\/KRL-4104.webp 800w, https:\/\/mountlaser.com\/wp-content\/uploads\/2025\/11\/KRL-4104-300x300.webp 300w, https:\/\/mountlaser.com\/wp-content\/uploads\/2025\/11\/KRL-4104-400x400.webp 400w, https:\/\/mountlaser.com\/wp-content\/uploads\/2025\/11\/KRL-4104-600x600.webp 600w, https:\/\/mountlaser.com\/wp-content\/uploads\/2025\/11\/KRL-4104-150x150.webp 150w, https:\/\/mountlaser.com\/wp-content\/uploads\/2025\/11\/KRL-4104-768x768.webp 768w, https:\/\/mountlaser.com\/wp-content\/uploads\/2025\/11\/KRL-4104-12x12.webp 12w\" sizes=\"(max-width: 500px) 100vw, 500px\" \/><\/p>\n<p><strong>Sp\u00e9cifications du laser rotatif KRL-410<\/strong><\/p>\n<table style=\"height: 703px;\" width=\"942\">\n<tbody>\n<tr>\n<td>Type laser<\/td>\n<td>KRL-410R<\/td>\n<td>KRL-410G<\/td>\n<\/tr>\n<tr>\n<td>Type\/longueur d&#039;onde du laser<\/td>\n<td>Laser rouge (635 nm - 30 mW) Point sup\u00e9rieur<\/td>\n<td>Laser vert (515 nm - 30 mW) Point sup\u00e9rieur<\/td>\n<\/tr>\n<tr>\n<td>Nivellement<\/td>\n<td colspan=\"2\">Nivellement \u00e9lectronique (1 gyroscope + 1 capteur \u00e9lectronique \u00e0 double axe)<\/td>\n<\/tr>\n<tr>\n<td>Plage de nivellement<\/td>\n<td colspan=\"2\">\u00b15\u00b0<\/td>\n<\/tr>\n<tr>\n<td>Pr\u00e9cision de nivellement<\/td>\n<td colspan=\"2\">\u00b10,5 mm\/10 m<\/td>\n<\/tr>\n<tr>\n<td>Diam\u00e8tre de travail (avec LP500)<\/td>\n<td colspan=\"2\">\u22651000m<\/td>\n<\/tr>\n<tr>\n<td>Diam\u00e8tre de travail (avec LP700)<\/td>\n<td colspan=\"2\">\u2265800 m<\/td>\n<\/tr>\n<tr>\n<td>Temp\u00e9rature de fonctionnement<\/td>\n<td colspan=\"2\">-20\u2103\uff5e+50\u2103<\/td>\n<\/tr>\n<tr>\n<td>vitesse de rotation du laser<\/td>\n<td colspan=\"2\">0\/300\/600\/1000\/1500 tr\/min (moteur creux sans balais \u00e0 aimant permanent)<\/td>\n<\/tr>\n<tr>\n<td>balayage de zone<\/td>\n<td colspan=\"2\">15\u00b0\/45\u00b0\/90\u00b0\/180\u00b0<\/td>\n<\/tr>\n<tr>\n<td>R\u00e9glage de l&#039;inclinaison<\/td>\n<td colspan=\"2\">Bidirectionnel<\/td>\n<\/tr>\n<tr>\n<td>Op\u00e9rations sur les pentes<\/td>\n<td colspan=\"2\">Utilisez la t\u00e9l\u00e9commande RC100<\/td>\n<\/tr>\n<tr>\n<td>Fonctionnement de l&#039;unit\u00e9 principale<\/td>\n<td colspan=\"2\">12 touches \/ 5 lumi\u00e8res (Synchronisation avec le signal de la t\u00e9l\u00e9commande)<\/td>\n<\/tr>\n<tr>\n<td>fonctionnement \u00e0 distance<\/td>\n<td colspan=\"2\">12 touches \/ 5 lumi\u00e8res (Synchronisation avec les signaux de l&#039;h\u00f4te Port\u00e9e de la t\u00e9l\u00e9commande \u2265 150 m)<\/td>\n<\/tr>\n<tr>\n<td>M\u00e9thode d&#039;alimentation \u00e9lectrique<\/td>\n<td colspan=\"2\">Lithium (section rempla\u00e7able en une seule pi\u00e8ce) Alimentation secteur directe<\/td>\n<\/tr>\n<tr>\n<td>Dur\u00e9e de fonctionnement du lithium<\/td>\n<td colspan=\"2\">15-20 h (Batterie \u00e0 autonomie prolong\u00e9e en option)<\/td>\n<\/tr>\n<tr>\n<td>M\u00e9thode d&#039;\u00e9talonnage<\/td>\n<td colspan=\"2\">T\u00e9l\u00e9commande \/ Application<\/td>\n<\/tr>\n<tr>\n<td>Conditionnement<\/td>\n<td colspan=\"2\">bo\u00eete en plastique<\/td>\n<\/tr>\n<tr>\n<td>Taille<\/td>\n<td colspan=\"2\">Longueur 232 Largeur 189 Hauteur 227 (mm)<\/td>\n<\/tr>\n<tr>\n<td>Niveau de protection<\/td>\n<td colspan=\"2\">IP65<\/td>\n<\/tr>\n<tr>\n<td>hauteur de chute<\/td>\n<td colspan=\"2\">Machine principale 1M uniquement<\/td>\n<\/tr>\n<tr>\n<td>Plage de r\u00e9glage de la pente<\/td>\n<td colspan=\"2\">\u00b110%<\/td>\n<\/tr>\n<\/tbody>\n<\/table>","protected":false},"excerpt":{"rendered":"<ul>\n<li>Le Mount Laser KRL-410 est un niveau laser rotatif polyvalent et robuste qui excelle en tant que niveau laser rotatif sp\u00e9cialis\u00e9 pour le nivellement.<\/li>\n<li>Options laser doubles\u00a0: choisissez entre un faisceau rouge standard ou un faisceau vert haute visibilit\u00e9 pour une port\u00e9e accrue et une meilleure clart\u00e9.<\/li>\n<li>Longue dur\u00e9e de vie de la batterie : Aliment\u00e9 par une batterie au lithium rechargeable offrant 15 \u00e0 20 heures de fonctionnement continu.<\/li>\n<\/ul>","protected":false},"featured_media":4774,"comment_status":"open","ping_status":"closed","template":"","meta":[],"product_brand":[],"product_cat":[93,137],"product_tag":[],"class_list":{"0":"post-4772","1":"product","2":"type-product","3":"status-publish","4":"has-post-thumbnail","6":"product_cat-rotary-laser","7":"product_cat-rotary-laser-4-series","9":"first","10":"instock","11":"shipping-taxable","12":"product-type-simple"},"_links":{"self":[{"href":"https:\/\/mountlaser.com\/fr_fr\/wp-json\/wp\/v2\/product\/4772","targetHints":{"allow":["GET"]}}],"collection":[{"href":"https:\/\/mountlaser.com\/fr_fr\/wp-json\/wp\/v2\/product"}],"about":[{"href":"https:\/\/mountlaser.com\/fr_fr\/wp-json\/wp\/v2\/types\/product"}],"replies":[{"embeddable":true,"href":"https:\/\/mountlaser.com\/fr_fr\/wp-json\/wp\/v2\/comments?post=4772"}],"wp:featuredmedia":[{"embeddable":true,"href":"https:\/\/mountlaser.com\/fr_fr\/wp-json\/wp\/v2\/media\/4774"}],"wp:attachment":[{"href":"https:\/\/mountlaser.com\/fr_fr\/wp-json\/wp\/v2\/media?parent=4772"}],"wp:term":[{"taxonomy":"product_brand","embeddable":true,"href":"https:\/\/mountlaser.com\/fr_fr\/wp-json\/wp\/v2\/product_brand?post=4772"},{"taxonomy":"product_cat","embeddable":true,"href":"https:\/\/mountlaser.com\/fr_fr\/wp-json\/wp\/v2\/product_cat?post=4772"},{"taxonomy":"product_tag","embeddable":true,"href":"https:\/\/mountlaser.com\/fr_fr\/wp-json\/wp\/v2\/product_tag?post=4772"}],"curies":[{"name":"wp","href":"https:\/\/api.w.org\/{rel}","templated":true}]}}