{"id":4762,"date":"2025-11-21T08:22:21","date_gmt":"2025-11-21T08:22:21","guid":{"rendered":"https:\/\/mountlaser.com\/?post_type=product&#038;p=4762"},"modified":"2025-11-25T08:17:45","modified_gmt":"2025-11-25T08:17:45","slug":"rotary-laser-krl-405","status":"publish","type":"product","link":"https:\/\/mountlaser.com\/fr_fr\/produit\/rotary-laser-krl-405\/","title":{"rendered":"Laser rotatif KRL-405"},"content":{"rendered":"<p><a href=\"https:\/\/mountlaser.com\/fr_fr\/categorie-produit\/rotary-laser\/\"><strong>Laser rotatif KRL-405<\/strong><\/a> Ce laser rotatif horizontal haute performance est un outil professionnel con\u00e7u pour les projets d&#039;implantation et de nivellement de grande envergure. Polyvalent, il projette un plan laser continu \u00e0 360\u00b0, cr\u00e9ant ainsi une r\u00e9f\u00e9rence horizontale pr\u00e9cise sur toute la zone de travail. Ce mod\u00e8le se distingue dans la cat\u00e9gorie des lasers rotatifs autonivelants gr\u00e2ce \u00e0 son syst\u00e8me de nivellement \u00e9lectronique avanc\u00e9. Ce dernier combine un gyroscope et un capteur \u00e0 deux axes pour atteindre une pr\u00e9cision exceptionnelle de \u00b10,5 mm\/10 m dans une plage de nivellement de \u00b15\u00b0.<\/p>\n<p>Disponible en versions laser rouge haute puissance (KRL-405R) et laser vert ultra-lumineux (KRL-405G), ce <a href=\"https:\/\/mountlaser.com\/fr_fr\/\"><strong>Laser rotatif horizontal<\/strong><\/a> Elle assure une excellente visibilit\u00e9 m\u00eame \u00e0 son diam\u00e8tre de travail \u00e9tendu jusqu&#039;\u00e0 1\u00a0000 m\u00e8tres avec un d\u00e9tecteur. Son indice de protection IP65 garantit un fonctionnement fiable dans des conditions m\u00e9t\u00e9orologiques difficiles et sur des chantiers poussi\u00e9reux. Ce puissant ensemble est compl\u00e9t\u00e9 par la t\u00e9l\u00e9commande RC100, qui permet un contr\u00f4le total, y compris le r\u00e9glage de la pente, jusqu&#039;\u00e0 150 m\u00e8tres de distance. <a href=\"https:\/\/mountlaser.com\/fr_fr\/contact-us\/\">KRL-405<\/a> L&#039;un des lasers rotatifs autonivelants les plus performants et les plus faciles \u00e0 utiliser du march\u00e9.<\/p>\n<p><img fetchpriority=\"high\" decoding=\"async\" class=\"aligncenter wp-image-4764\" src=\"https:\/\/mountlaser.com\/wp-content\/uploads\/2025\/11\/KRL-4052.webp\" alt=\"Horizontal Rotary Laser\" width=\"500\" height=\"500\" srcset=\"https:\/\/mountlaser.com\/wp-content\/uploads\/2025\/11\/KRL-4052.webp 800w, https:\/\/mountlaser.com\/wp-content\/uploads\/2025\/11\/KRL-4052-300x300.webp 300w, https:\/\/mountlaser.com\/wp-content\/uploads\/2025\/11\/KRL-4052-400x400.webp 400w, https:\/\/mountlaser.com\/wp-content\/uploads\/2025\/11\/KRL-4052-600x600.webp 600w, https:\/\/mountlaser.com\/wp-content\/uploads\/2025\/11\/KRL-4052-150x150.webp 150w, https:\/\/mountlaser.com\/wp-content\/uploads\/2025\/11\/KRL-4052-768x768.webp 768w, https:\/\/mountlaser.com\/wp-content\/uploads\/2025\/11\/KRL-4052-12x12.webp 12w\" sizes=\"(max-width: 500px) 100vw, 500px\" \/><\/p>\n<p><strong>Sp\u00e9cifications du laser rotatif KRL-405<\/strong><\/p>\n<table style=\"height: 695px;\" width=\"941\">\n<tbody>\n<tr>\n<td>Type laser<\/td>\n<td>KRL-405R<\/td>\n<td>KRL-405G<\/td>\n<\/tr>\n<tr>\n<td>Type\/longueur d&#039;onde du laser<\/td>\n<td>Laser rouge (635 nm - 30 mW)<\/td>\n<td>Laser vert (515 nm - 30 mW)<\/td>\n<\/tr>\n<tr>\n<td>Nivellement<\/td>\n<td colspan=\"2\">Nivellement \u00e9lectronique (1 gyroscope + 1 capteur \u00e9lectronique \u00e0 double axe)<\/td>\n<\/tr>\n<tr>\n<td>Plage de nivellement<\/td>\n<td colspan=\"2\">\u00b15\u00b0<\/td>\n<\/tr>\n<tr>\n<td>Pr\u00e9cision de nivellement<\/td>\n<td colspan=\"2\">\u00b10,5 mm\/10 m<\/td>\n<\/tr>\n<tr>\n<td>Diam\u00e8tre de travail (avec LP500)<\/td>\n<td colspan=\"2\">\u22651000m<\/td>\n<\/tr>\n<tr>\n<td>Diam\u00e8tre de travail (avec LP700)<\/td>\n<td colspan=\"2\">\u2265800 m<\/td>\n<\/tr>\n<tr>\n<td>Temp\u00e9rature de fonctionnement<\/td>\n<td colspan=\"2\">-20\u2103\uff5e+50\u2103<\/td>\n<\/tr>\n<tr>\n<td>vitesse de rotation du laser<\/td>\n<td colspan=\"2\">0\/300\/600\/1000\/1500 tr\/min (moteur creux sans balais \u00e0 aimant permanent)<\/td>\n<\/tr>\n<tr>\n<td>balayage de zone<\/td>\n<td colspan=\"2\">15\u00b0\/45\u00b0\/90\u00b0\/180\u00b0<\/td>\n<\/tr>\n<tr>\n<td>R\u00e9glage de l&#039;inclinaison<\/td>\n<td colspan=\"2\">Bidirectionnel<\/td>\n<\/tr>\n<tr>\n<td>Op\u00e9rations sur les pentes<\/td>\n<td colspan=\"2\">Utilisez la t\u00e9l\u00e9commande RC100<\/td>\n<\/tr>\n<tr>\n<td>Fonctionnement de l&#039;unit\u00e9 principale<\/td>\n<td colspan=\"2\">4 touches \/ 5 voyants (Synchronisation avec le signal de la t\u00e9l\u00e9commande)<\/td>\n<\/tr>\n<tr>\n<td>fonctionnement \u00e0 distance<\/td>\n<td colspan=\"2\">12 touches \/ 5 lumi\u00e8res (Synchronisation avec les signaux de l&#039;h\u00f4te Port\u00e9e de la t\u00e9l\u00e9commande \u2265 150 m)<\/td>\n<\/tr>\n<tr>\n<td>M\u00e9thode d&#039;alimentation \u00e9lectrique<\/td>\n<td colspan=\"2\">Lithium (section rempla\u00e7able en une seule pi\u00e8ce) Alimentation secteur directe<\/td>\n<\/tr>\n<tr>\n<td>Dur\u00e9e de fonctionnement du lithium<\/td>\n<td colspan=\"2\">15-20 h (Batterie \u00e0 autonomie prolong\u00e9e en option)<\/td>\n<\/tr>\n<tr>\n<td>M\u00e9thode d&#039;\u00e9talonnage<\/td>\n<td colspan=\"2\">T\u00e9l\u00e9commande \/ Application<\/td>\n<\/tr>\n<tr>\n<td>Conditionnement<\/td>\n<td colspan=\"2\">bo\u00eete en plastique<\/td>\n<\/tr>\n<tr>\n<td>Taille<\/td>\n<td colspan=\"2\">Longueur 232 Largeur 189 Hauteur 227 (mm)<\/td>\n<\/tr>\n<tr>\n<td>Niveau de protection<\/td>\n<td colspan=\"2\">IP65<\/td>\n<\/tr>\n<tr>\n<td>hauteur de chute<\/td>\n<td colspan=\"2\">Machine principale 1M uniquement<\/td>\n<\/tr>\n<tr>\n<td>Plage de r\u00e9glage de la pente<\/td>\n<td colspan=\"2\">\u00b110%<\/td>\n<\/tr>\n<\/tbody>\n<\/table>","protected":false},"excerpt":{"rendered":"<ul>\n<li>Le laser de montage KRL-405 est un laser rotatif horizontal haut de gamme qui illustre les capacit\u00e9s avanc\u00e9es des lasers rotatifs autonivelants modernes.<\/li>\n<li>Vitesse de rotation r\u00e9glable : Offre cinq vitesses de rotation (0, 300, 600, 1000, 1500 tr\/min) pour une visibilit\u00e9 et une dur\u00e9e de vie de la batterie optimales.<\/li>\n<li>Longue dur\u00e9e de vie de la batterie et protection IP65\u00a0: offre 15 \u00e0 20\u00a0heures de fonctionnement et est hautement prot\u00e9g\u00e9 contre la poussi\u00e8re et les jets d\u2019eau.<\/li>\n<li>Modes de balayage multiples : Peut fonctionner en modes de balayage de zone (15\u00b0, 45\u00b0, 90\u00b0, 180\u00b0) pour des travaux de section sp\u00e9cifiques.<\/li>\n<\/ul>","protected":false},"featured_media":4763,"comment_status":"open","ping_status":"closed","template":"","meta":[],"product_brand":[],"product_cat":[93,137],"product_tag":[],"class_list":{"0":"post-4762","1":"product","2":"type-product","3":"status-publish","4":"has-post-thumbnail","6":"product_cat-rotary-laser","7":"product_cat-rotary-laser-4-series","9":"first","10":"instock","11":"shipping-taxable","12":"product-type-simple"},"_links":{"self":[{"href":"https:\/\/mountlaser.com\/fr_fr\/wp-json\/wp\/v2\/product\/4762","targetHints":{"allow":["GET"]}}],"collection":[{"href":"https:\/\/mountlaser.com\/fr_fr\/wp-json\/wp\/v2\/product"}],"about":[{"href":"https:\/\/mountlaser.com\/fr_fr\/wp-json\/wp\/v2\/types\/product"}],"replies":[{"embeddable":true,"href":"https:\/\/mountlaser.com\/fr_fr\/wp-json\/wp\/v2\/comments?post=4762"}],"wp:featuredmedia":[{"embeddable":true,"href":"https:\/\/mountlaser.com\/fr_fr\/wp-json\/wp\/v2\/media\/4763"}],"wp:attachment":[{"href":"https:\/\/mountlaser.com\/fr_fr\/wp-json\/wp\/v2\/media?parent=4762"}],"wp:term":[{"taxonomy":"product_brand","embeddable":true,"href":"https:\/\/mountlaser.com\/fr_fr\/wp-json\/wp\/v2\/product_brand?post=4762"},{"taxonomy":"product_cat","embeddable":true,"href":"https:\/\/mountlaser.com\/fr_fr\/wp-json\/wp\/v2\/product_cat?post=4762"},{"taxonomy":"product_tag","embeddable":true,"href":"https:\/\/mountlaser.com\/fr_fr\/wp-json\/wp\/v2\/product_tag?post=4762"}],"curies":[{"name":"wp","href":"https:\/\/api.w.org\/{rel}","templated":true}]}}