{"id":4761,"date":"2025-11-21T08:43:14","date_gmt":"2025-11-21T08:43:14","guid":{"rendered":"https:\/\/mountlaser.com\/?post_type=product&#038;p=4761"},"modified":"2025-11-25T08:23:54","modified_gmt":"2025-11-25T08:23:54","slug":"kmr02-machine-control-laser-receivers","status":"publish","type":"product","link":"https:\/\/mountlaser.com\/fr_fr\/produit\/kmr02-machine-control-laser-receivers\/","title":{"rendered":"R\u00e9cepteurs laser de commande de machines KMR02"},"content":{"rendered":"<p>Le <a href=\"https:\/\/mountlaser.com\/fr_fr\/products\/\"><strong>R\u00e9cepteurs laser de commande de machines KMR02<\/strong> <\/a>sont de niveau avanc\u00e9 <a href=\"https:\/\/mountlaser.com\/fr_fr\/\"><strong>R\u00e9cepteur machine<\/strong>s<\/a> Con\u00e7us pour les engins de chantier lourds exigeant un contr\u00f4le de nivellement pr\u00e9cis et fiable, les r\u00e9cepteurs laser KMR02 offrent des performances optimales sur les pelles, niveleuses, bulldozers et \u00e9quipements agricoles. Ils assurent une d\u00e9tection stable des signaux laser rotatifs sur un angle de 360\u00b0. Ces r\u00e9cepteurs haut de gamme garantissent une excellente compatibilit\u00e9 avec les faisceaux de diff\u00e9rentes marques d&#039;instruments laser rotatifs.<\/p>\n<p>Les deux <a href=\"https:\/\/mountlaser.com\/fr_fr\/about-us\/\">KMR02 et KMC02<\/a> Ces mod\u00e8les sont dot\u00e9s d&#039;une large fen\u00eatre de r\u00e9ception, d&#039;un \u00e9cran LED haute luminosit\u00e9 et d&#039;une m\u00e9moire permettant de consulter les donn\u00e9es pr\u00e9c\u00e9demment enregistr\u00e9es. R\u00e9sistants \u00e0 la pluie et aux vibrations, ces r\u00e9cepteurs pour machines sont con\u00e7us pour les environnements ext\u00e9rieurs exigeants. Ils fonctionnent directement sur la batterie du tracteur et disposent d&#039;un syst\u00e8me de fixation s\u00e9curis\u00e9 par pince pour une installation rapide. Gr\u00e2ce \u00e0 leurs deux modes de pr\u00e9cision (mesure fine et mesure grossi\u00e8re), les r\u00e9cepteurs laser de contr\u00f4le de machines KMR02 garantissent une pr\u00e9cision optimale pour diverses applications de terrassement.<\/p>\n<figure id=\"attachment_4768\" aria-describedby=\"caption-attachment-4768\" style=\"width: 500px\" class=\"wp-caption aligncenter\"><img fetchpriority=\"high\" decoding=\"async\" class=\"wp-image-4768\" src=\"https:\/\/mountlaser.com\/wp-content\/uploads\/2025\/11\/KMRC022.webp\" alt=\"KMR02 Machine Control Laser Receivers\" width=\"500\" height=\"500\" srcset=\"https:\/\/mountlaser.com\/wp-content\/uploads\/2025\/11\/KMRC022.webp 800w, https:\/\/mountlaser.com\/wp-content\/uploads\/2025\/11\/KMRC022-300x300.webp 300w, https:\/\/mountlaser.com\/wp-content\/uploads\/2025\/11\/KMRC022-400x400.webp 400w, https:\/\/mountlaser.com\/wp-content\/uploads\/2025\/11\/KMRC022-600x600.webp 600w, https:\/\/mountlaser.com\/wp-content\/uploads\/2025\/11\/KMRC022-150x150.webp 150w, https:\/\/mountlaser.com\/wp-content\/uploads\/2025\/11\/KMRC022-768x768.webp 768w, https:\/\/mountlaser.com\/wp-content\/uploads\/2025\/11\/KMRC022-12x12.webp 12w\" sizes=\"(max-width: 500px) 100vw, 500px\" \/><figcaption id=\"caption-attachment-4768\" class=\"wp-caption-text\">R\u00e9cepteurs laser de commande de machines KMR02<\/figcaption><\/figure>\n<figure id=\"attachment_4771\" aria-describedby=\"caption-attachment-4771\" style=\"width: 500px\" class=\"wp-caption aligncenter\"><img decoding=\"async\" class=\"wp-image-4771\" src=\"https:\/\/mountlaser.com\/wp-content\/uploads\/2025\/11\/KMRC025.webp\" alt=\"KMC02 Machine Control Laser Receivers\" width=\"500\" height=\"500\" srcset=\"https:\/\/mountlaser.com\/wp-content\/uploads\/2025\/11\/KMRC025.webp 800w, https:\/\/mountlaser.com\/wp-content\/uploads\/2025\/11\/KMRC025-300x300.webp 300w, https:\/\/mountlaser.com\/wp-content\/uploads\/2025\/11\/KMRC025-400x400.webp 400w, https:\/\/mountlaser.com\/wp-content\/uploads\/2025\/11\/KMRC025-600x600.webp 600w, https:\/\/mountlaser.com\/wp-content\/uploads\/2025\/11\/KMRC025-150x150.webp 150w, https:\/\/mountlaser.com\/wp-content\/uploads\/2025\/11\/KMRC025-768x768.webp 768w, https:\/\/mountlaser.com\/wp-content\/uploads\/2025\/11\/KMRC025-12x12.webp 12w\" sizes=\"(max-width: 500px) 100vw, 500px\" \/><figcaption id=\"caption-attachment-4771\" class=\"wp-caption-text\">R\u00e9cepteurs laser de commande de machines KMC02<\/figcaption><\/figure>\n<div>\n<table style=\"border-collapse: collapse; width: 631.52pt;\" border=\"0\" width=\"842\" cellspacing=\"0\" cellpadding=\"0\">\n<tbody>\n<tr style=\"height: 17.25pt;\">\n<td class=\"et2\" style=\"height: 17.25pt; width: 322.50pt;\" width=\"430\" height=\"23\">Num\u00e9ro de mod\u00e8le.<\/td>\n<td class=\"et3\" style=\"width: 309.00pt;\" width=\"412\">KMRC02<\/td>\n<\/tr>\n<tr style=\"height: 17.25pt;\">\n<td class=\"et4\" style=\"height: 17.25pt;\" height=\"23\">Plage de fonctionnement<\/td>\n<td class=\"et4\">300 m<\/td>\n<\/tr>\n<tr style=\"height: 17.25pt;\">\n<td class=\"et4\" style=\"height: 17.25pt;\" height=\"23\">Pr\u00e9cision fine<\/td>\n<td class=\"et4\">\u00b12,5 mm \u00e0 15 mm<\/td>\n<\/tr>\n<tr style=\"height: 17.25pt;\">\n<td class=\"et4\" style=\"height: 17.25pt;\" height=\"23\">Pr\u00e9cision grossi\u00e8re<\/td>\n<td class=\"et4\">\u00b110 mm \u00e0 20 mm<\/td>\n<\/tr>\n<tr style=\"height: 17.25pt;\">\n<td class=\"et4\" style=\"height: 17.25pt;\" height=\"23\">Saisir<\/td>\n<td class=\"et4\">10-30 V CC<\/td>\n<\/tr>\n<tr style=\"height: 17.25pt;\">\n<td class=\"et4\" style=\"height: 17.25pt;\" height=\"23\">Taille KMR02<\/td>\n<td class=\"et4\">376\u00d7120\u00d7205 mm<\/td>\n<\/tr>\n<tr style=\"height: 17.25pt;\">\n<td class=\"et4\" style=\"height: 17.25pt;\" height=\"23\">Taille KMC02<\/td>\n<td class=\"et4\">210\u00d7165\u00d798mm<\/td>\n<\/tr>\n<tr style=\"height: 14.25pt;\">\n<td class=\"et4\" style=\"height: 14.25pt;\" height=\"19\">Poids KMRO2<\/td>\n<td class=\"et4\">2,6 kg<\/td>\n<\/tr>\n<tr style=\"height: 14.25pt;\">\n<td class=\"et4\" style=\"height: 14.25pt;\" height=\"19\">Poids KMC02<\/td>\n<td class=\"et4\">2,0 kg<\/td>\n<\/tr>\n<\/tbody>\n<\/table>\n<\/div>","protected":false},"excerpt":{"rendered":"<ul>\n<li>R\u00e9ception du faisceau laser \u00e0 360\u00b0 pour une stabilit\u00e9 de d\u00e9tection maximale<\/li>\n<li>Compatible avec tous les principaux niveaux laser rotatifs<\/li>\n<li>\u00c9cran LED haute luminosit\u00e9 pour une visibilit\u00e9 optimale m\u00eame en plein soleil.<\/li>\n<li>Fonction de m\u00e9moire de donn\u00e9es pour stocker les relev\u00e9s pr\u00e9c\u00e9demment d\u00e9tect\u00e9s<\/li>\n<li>Commande hydraulique manuelle et automatique via le contr\u00f4leur inclus<\/li>\n<li>S\u00e9lection de la vitesse (Rapide \/ Moyenne \/ Lente) pour une r\u00e9activit\u00e9 de notation pr\u00e9cise<\/li>\n<li>L&#039;entr\u00e9e CC 10\u201330 V permet le fonctionnement de la batterie du tracteur<\/li>\n<li>Corps durable, r\u00e9sistant \u00e0 la pluie et aux vibrations<\/li>\n<li>Syst\u00e8me de fixation par pince pour un montage s\u00e9curis\u00e9 des machines<\/li>\n<\/ul>","protected":false},"featured_media":4767,"comment_status":"open","ping_status":"closed","template":"","meta":[],"product_brand":[],"product_cat":[136,94],"product_tag":[],"class_list":{"0":"post-4761","1":"product","2":"type-product","3":"status-publish","4":"has-post-thumbnail","6":"product_cat-machine-control-laser-receivers","7":"product_cat-laser-level-accessory","9":"first","10":"instock","11":"shipping-taxable","12":"product-type-simple"},"_links":{"self":[{"href":"https:\/\/mountlaser.com\/fr_fr\/wp-json\/wp\/v2\/product\/4761","targetHints":{"allow":["GET"]}}],"collection":[{"href":"https:\/\/mountlaser.com\/fr_fr\/wp-json\/wp\/v2\/product"}],"about":[{"href":"https:\/\/mountlaser.com\/fr_fr\/wp-json\/wp\/v2\/types\/product"}],"replies":[{"embeddable":true,"href":"https:\/\/mountlaser.com\/fr_fr\/wp-json\/wp\/v2\/comments?post=4761"}],"wp:featuredmedia":[{"embeddable":true,"href":"https:\/\/mountlaser.com\/fr_fr\/wp-json\/wp\/v2\/media\/4767"}],"wp:attachment":[{"href":"https:\/\/mountlaser.com\/fr_fr\/wp-json\/wp\/v2\/media?parent=4761"}],"wp:term":[{"taxonomy":"product_brand","embeddable":true,"href":"https:\/\/mountlaser.com\/fr_fr\/wp-json\/wp\/v2\/product_brand?post=4761"},{"taxonomy":"product_cat","embeddable":true,"href":"https:\/\/mountlaser.com\/fr_fr\/wp-json\/wp\/v2\/product_cat?post=4761"},{"taxonomy":"product_tag","embeddable":true,"href":"https:\/\/mountlaser.com\/fr_fr\/wp-json\/wp\/v2\/product_tag?post=4761"}],"curies":[{"name":"wp","href":"https:\/\/api.w.org\/{rel}","templated":true}]}}