{"id":4760,"date":"2025-11-21T07:32:16","date_gmt":"2025-11-21T07:32:16","guid":{"rendered":"https:\/\/mountlaser.com\/?post_type=product&#038;p=4760"},"modified":"2025-11-25T08:25:46","modified_gmt":"2025-11-25T08:25:46","slug":"kmr01-machine-control-laser-receivers","status":"publish","type":"product","link":"https:\/\/mountlaser.com\/fr_fr\/produit\/kmr01-machine-control-laser-receivers\/","title":{"rendered":"R\u00e9cepteurs laser de commande de machines KMR01"},"content":{"rendered":"<p>Le <a href=\"https:\/\/mountlaser.com\/fr_fr\/about-us\/\"><strong>R\u00e9cepteur de commande de machine laser rotatif<\/strong><\/a> Cette s\u00e9rie est con\u00e7ue pour un contr\u00f4le de nivellement de haute pr\u00e9cision dans des environnements de construction exigeants. <a href=\"https:\/\/mountlaser.com\/fr_fr\/\">R\u00e9cepteurs laser de commande de machines KMR01<\/a> Offrant une pr\u00e9cision, une durabilit\u00e9 et une compatibilit\u00e9 exceptionnelles, ces r\u00e9cepteurs sont id\u00e9aux pour les excavatrices, les bulldozers et autres engins de chantier. Dot\u00e9 d&#039;une fen\u00eatre de r\u00e9ception de 25 cm assurant une r\u00e9ception \u00e0 360\u00b0, le r\u00e9cepteur laser rotatif pour commande de machine garantit une d\u00e9tection continue et stable des faisceaux laser rotatifs, quelle que soit la marque du niveau laser rotatif utilis\u00e9.<\/p>\n<p>Le <a href=\"https:\/\/mountlaser.com\/fr_fr\/contact-us\/\">R\u00e9cepteurs laser de commande de machines KMR01<\/a> Disponibles en deux mod\u00e8les (KMR01C avec fixation par vis et KMR01M avec fixation magn\u00e9tique puissante), ces r\u00e9cepteurs permettent une installation ais\u00e9e sur diff\u00e9rents types de machines. Dot\u00e9s d&#039;un bo\u00eetier m\u00e9tallique robuste IP66, ils r\u00e9sistent \u00e0 la poussi\u00e8re, \u00e0 l&#039;eau, aux vibrations et aux temp\u00e9ratures de fonctionnement extr\u00eames, de -20 \u00b0C \u00e0 +60 \u00b0C. Chaque r\u00e9cepteur laser rotatif pour la commande de machines est \u00e9quip\u00e9 d&#039;un \u00e9cran d\u00e9port\u00e9 permettant une surveillance en temps r\u00e9el depuis la cabine, pour un confort et une s\u00e9curit\u00e9 d&#039;utilisation optimaux.<\/p>\n<p>Avec des r\u00e9glages de pr\u00e9cision fine de \u00b12 mm \u00e0 \u00b110 mm et de pr\u00e9cision grossi\u00e8re de \u00b15 mm \u00e0 \u00b123 mm, les r\u00e9cepteurs laser de contr\u00f4le machine KMR01 offrent un contr\u00f4le de nivellement fiable. Aliment\u00e9 par une batterie rechargeable NiMH 7,2 V de 2\u00a0500 mAh, le syst\u00e8me offre jusqu&#039;\u00e0 40 heures d&#039;autonomie pour un temps de charge de 15 heures. Compact et robuste (376 \u00d7 180 \u00d7 60 mm pour seulement 3 kg), le KMR01 est con\u00e7u pour une utilisation professionnelle intensive et durable sur les chantiers.<\/p>\n<figure id=\"attachment_4755\" aria-describedby=\"caption-attachment-4755\" style=\"width: 500px\" class=\"wp-caption aligncenter\"><img fetchpriority=\"high\" decoding=\"async\" class=\"wp-image-4755\" src=\"https:\/\/mountlaser.com\/wp-content\/uploads\/2025\/11\/KMR011.webp\" alt=\"KMR01C Machine Control Receiver Rotary Laser\" width=\"500\" height=\"500\" srcset=\"https:\/\/mountlaser.com\/wp-content\/uploads\/2025\/11\/KMR011.webp 800w, https:\/\/mountlaser.com\/wp-content\/uploads\/2025\/11\/KMR011-300x300.webp 300w, https:\/\/mountlaser.com\/wp-content\/uploads\/2025\/11\/KMR011-400x400.webp 400w, https:\/\/mountlaser.com\/wp-content\/uploads\/2025\/11\/KMR011-600x600.webp 600w, https:\/\/mountlaser.com\/wp-content\/uploads\/2025\/11\/KMR011-150x150.webp 150w, https:\/\/mountlaser.com\/wp-content\/uploads\/2025\/11\/KMR011-768x768.webp 768w, https:\/\/mountlaser.com\/wp-content\/uploads\/2025\/11\/KMR011-12x12.webp 12w\" sizes=\"(max-width: 500px) 100vw, 500px\" \/><figcaption id=\"caption-attachment-4755\" class=\"wp-caption-text\">R\u00e9cepteurs laser de commande de machines KMR01C<\/figcaption><\/figure>\n<figure id=\"attachment_4756\" aria-describedby=\"caption-attachment-4756\" style=\"width: 500px\" class=\"wp-caption aligncenter\"><img decoding=\"async\" class=\"wp-image-4756\" src=\"https:\/\/mountlaser.com\/wp-content\/uploads\/2025\/11\/KMR012.webp\" alt=\"KMR01 Machine Control Receiver Rotary Laser\" width=\"500\" height=\"500\" srcset=\"https:\/\/mountlaser.com\/wp-content\/uploads\/2025\/11\/KMR012.webp 800w, https:\/\/mountlaser.com\/wp-content\/uploads\/2025\/11\/KMR012-300x300.webp 300w, https:\/\/mountlaser.com\/wp-content\/uploads\/2025\/11\/KMR012-400x400.webp 400w, https:\/\/mountlaser.com\/wp-content\/uploads\/2025\/11\/KMR012-600x600.webp 600w, https:\/\/mountlaser.com\/wp-content\/uploads\/2025\/11\/KMR012-150x150.webp 150w, https:\/\/mountlaser.com\/wp-content\/uploads\/2025\/11\/KMR012-768x768.webp 768w, https:\/\/mountlaser.com\/wp-content\/uploads\/2025\/11\/KMR012-12x12.webp 12w\" sizes=\"(max-width: 500px) 100vw, 500px\" \/><figcaption id=\"caption-attachment-4756\" class=\"wp-caption-text\">R\u00e9cepteurs laser de commande de machines KMR01M<\/figcaption><\/figure>\n<div>\n<table style=\"border-collapse: collapse; width: 631.52pt;\" border=\"0\" width=\"842\" cellspacing=\"0\" cellpadding=\"0\">\n<tbody>\n<tr style=\"height: 17.25pt;\">\n<td class=\"et2\" style=\"height: 17.25pt; width: 322.50pt;\" width=\"430\" height=\"23\">Num\u00e9ro de mod\u00e8le.<\/td>\n<td class=\"et3\" style=\"width: 309.00pt;\" width=\"412\">KMR01<\/td>\n<\/tr>\n<tr style=\"height: 17.25pt;\">\n<td class=\"et4\" style=\"height: 17.25pt;\" height=\"23\">Pr\u00e9cision fine<\/td>\n<td class=\"et4\">\u00b12 mm \u00e0 \u00b110 mm<\/td>\n<\/tr>\n<tr style=\"height: 17.25pt;\">\n<td class=\"et4\" style=\"height: 17.25pt;\" height=\"23\">Pr\u00e9cision grossi\u00e8re<\/td>\n<td class=\"et4\">\u00b15 mm \u00e0 \u00b123 mm<\/td>\n<\/tr>\n<tr style=\"height: 17.25pt;\">\n<td class=\"et4\" style=\"height: 17.25pt;\" height=\"23\">batterie rechargeable<\/td>\n<td class=\"et4\">Batterie NiMH 7,2 V 2500 mAh<\/td>\n<\/tr>\n<tr style=\"height: 17.25pt;\">\n<td class=\"et4\" style=\"height: 17.25pt;\" height=\"23\">Temps de fonctionnement<\/td>\n<td class=\"et4\">40 h<\/td>\n<\/tr>\n<tr style=\"height: 17.25pt;\">\n<td class=\"et4\" style=\"height: 17.25pt;\" height=\"23\">Temps de charge<\/td>\n<td class=\"et4\">15 h<\/td>\n<\/tr>\n<tr style=\"height: 17.25pt;\">\n<td class=\"et4\" style=\"height: 17.25pt;\" height=\"23\">Temp\u00e9rature de fonctionnement<\/td>\n<td class=\"et4\">-20<span class=\"font4\">\u2103\uff5e<\/span><span class=\"font3\">+60<\/span><span class=\"font4\">\u2103<\/span><\/td>\n<\/tr>\n<tr style=\"height: 14.25pt;\">\n<td class=\"et4\" style=\"height: 14.25pt;\" height=\"19\">Taille<\/td>\n<td class=\"et4\">376 x 180 x 60 mm<\/td>\n<\/tr>\n<tr style=\"height: 14.25pt;\">\n<td class=\"et4\" style=\"height: 14.25pt;\" height=\"19\">Poids<\/td>\n<td class=\"et4\">3 kg<\/td>\n<\/tr>\n<\/tbody>\n<\/table>\n<\/div>","protected":false},"excerpt":{"rendered":"<ul>\n<li>Assure un contr\u00f4le pr\u00e9cis du nivellement pour les engins de chantier.<\/li>\n<li>D\u00e9tecte les faisceaux laser rotatifs de toutes les grandes marques de niveaux laser<\/li>\n<li>Assure une r\u00e9ception \u00e0 360\u00b0 pour un fonctionnement continu et une efficacit\u00e9 accrue<\/li>\n<li>Permet une surveillance claire et pratique depuis la cabine via un \u00e9cran d\u00e9port\u00e9<\/li>\n<li>Offre deux options de montage pour diff\u00e9rents types de machines (pince ou aimant).<\/li>\n<li>Con\u00e7u pour les environnements extr\u00eames avec un bo\u00eetier m\u00e9tallique IP66<\/li>\n<\/ul>","protected":false},"featured_media":4759,"comment_status":"open","ping_status":"closed","template":"","meta":[],"product_brand":[],"product_cat":[136,94],"product_tag":[],"class_list":{"0":"post-4760","1":"product","2":"type-product","3":"status-publish","4":"has-post-thumbnail","6":"product_cat-machine-control-laser-receivers","7":"product_cat-laser-level-accessory","9":"first","10":"instock","11":"shipping-taxable","12":"product-type-simple"},"_links":{"self":[{"href":"https:\/\/mountlaser.com\/fr_fr\/wp-json\/wp\/v2\/product\/4760","targetHints":{"allow":["GET"]}}],"collection":[{"href":"https:\/\/mountlaser.com\/fr_fr\/wp-json\/wp\/v2\/product"}],"about":[{"href":"https:\/\/mountlaser.com\/fr_fr\/wp-json\/wp\/v2\/types\/product"}],"replies":[{"embeddable":true,"href":"https:\/\/mountlaser.com\/fr_fr\/wp-json\/wp\/v2\/comments?post=4760"}],"wp:featuredmedia":[{"embeddable":true,"href":"https:\/\/mountlaser.com\/fr_fr\/wp-json\/wp\/v2\/media\/4759"}],"wp:attachment":[{"href":"https:\/\/mountlaser.com\/fr_fr\/wp-json\/wp\/v2\/media?parent=4760"}],"wp:term":[{"taxonomy":"product_brand","embeddable":true,"href":"https:\/\/mountlaser.com\/fr_fr\/wp-json\/wp\/v2\/product_brand?post=4760"},{"taxonomy":"product_cat","embeddable":true,"href":"https:\/\/mountlaser.com\/fr_fr\/wp-json\/wp\/v2\/product_cat?post=4760"},{"taxonomy":"product_tag","embeddable":true,"href":"https:\/\/mountlaser.com\/fr_fr\/wp-json\/wp\/v2\/product_tag?post=4760"}],"curies":[{"name":"wp","href":"https:\/\/api.w.org\/{rel}","templated":true}]}}