{"id":4750,"date":"2025-11-21T06:19:50","date_gmt":"2025-11-21T06:19:50","guid":{"rendered":"https:\/\/mountlaser.com\/?post_type=product&#038;p=4750"},"modified":"2025-11-25T08:44:48","modified_gmt":"2025-11-25T08:44:48","slug":"rc100-rotary-laser-remote-control","status":"publish","type":"product","link":"https:\/\/mountlaser.com\/fr_fr\/produit\/rc100-rotary-laser-remote-control\/","title":{"rendered":"T\u00e9l\u00e9commande laser rotative RC100"},"content":{"rendered":"<p>Le <a href=\"https:\/\/mountlaser.com\/fr_fr\/products\/\"><strong>T\u00e9l\u00e9commande laser rotative RC100<\/strong><\/a> est compact et fiable <a href=\"https:\/\/mountlaser.com\/fr_fr\/about-us\/\"><strong>Laser t\u00e9l\u00e9command\u00e9<\/strong><\/a> Con\u00e7ue pour une utilisation pr\u00e9cise et pratique des syst\u00e8mes laser rotatifs, la t\u00e9l\u00e9commande laser rotative RC100, gr\u00e2ce \u00e0 sa communication bidirectionnelle, permet de r\u00e9gler les fonctions laser \u00e0 distance, optimisant ainsi le flux de travail sur les chantiers de construction et de nivellement. Cette t\u00e9l\u00e9commande laser est dot\u00e9e de boutons de fonction ind\u00e9pendants pour une utilisation intuitive et d&#039;un indicateur clair en temps r\u00e9el affichant l&#039;\u00e9tat de fonctionnement de la machine principale.<\/p>\n<p>Dot\u00e9 d&#039;un interrupteur marche\/arr\u00eat d\u00e9di\u00e9 et aliment\u00e9 par des piles alcalines AA, le <a href=\"https:\/\/mountlaser.com\/fr_fr\/contact-us\/\">T\u00e9l\u00e9commande laser rotative RC100<\/a> Ce syst\u00e8me garantit des performances fiables dans diverses conditions de chantier. Son rev\u00eatement ext\u00e9rieur en caoutchouc renforce sa durabilit\u00e9 et sa r\u00e9sistance aux chocs, tandis que sa port\u00e9e de \u2265 150 m en fait une solution laser t\u00e9l\u00e9command\u00e9e id\u00e9ale pour les travaux de nivellement rotatif courants. Compatible avec des vitesses de rotation de 300, 600 et 1\u00a0000 tr\/min, il s&#039;adapte \u00e0 diff\u00e9rents environnements de mesure.<\/p>\n<p><img fetchpriority=\"high\" decoding=\"async\" class=\"aligncenter wp-image-4751\" src=\"https:\/\/mountlaser.com\/wp-content\/uploads\/2025\/11\/RC1001.webp\" alt=\"RC100 Rotary Laser Remote Control\" width=\"500\" height=\"500\" srcset=\"https:\/\/mountlaser.com\/wp-content\/uploads\/2025\/11\/RC1001.webp 800w, https:\/\/mountlaser.com\/wp-content\/uploads\/2025\/11\/RC1001-300x300.webp 300w, https:\/\/mountlaser.com\/wp-content\/uploads\/2025\/11\/RC1001-400x400.webp 400w, https:\/\/mountlaser.com\/wp-content\/uploads\/2025\/11\/RC1001-600x600.webp 600w, https:\/\/mountlaser.com\/wp-content\/uploads\/2025\/11\/RC1001-150x150.webp 150w, https:\/\/mountlaser.com\/wp-content\/uploads\/2025\/11\/RC1001-768x768.webp 768w, https:\/\/mountlaser.com\/wp-content\/uploads\/2025\/11\/RC1001-12x12.webp 12w\" sizes=\"(max-width: 500px) 100vw, 500px\" \/><\/p>\n<p>La t\u00e9l\u00e9commande laser rotative RC100 est un dispositif robuste et convivial con\u00e7u pour optimiser l&#039;efficacit\u00e9 des lasers rotatifs. Gr\u00e2ce \u00e0 sa port\u00e9e \u00e9tendue, sa surveillance en temps r\u00e9el et sa protection renforc\u00e9e, elle constitue un accessoire indispensable pour les travaux de nivellement et de construction professionnels.<\/p>","protected":false},"excerpt":{"rendered":"<ul>\n<li>Communication bidirectionnelle pour une commande laser rotative \u00e0 longue distance r\u00e9active<\/li>\n<li>Boutons de fonction ind\u00e9pendants pour un fonctionnement simple et efficace<\/li>\n<li>Voyant lumineux en temps r\u00e9el pour une surveillance rapide de l&#039;\u00e9tat<\/li>\n<li>Interrupteur marche\/arr\u00eat pour une commande claire de la machine<\/li>\n<li>Conception robuste avec rev\u00eatement en caoutchouc pour une meilleure r\u00e9sistance aux chocs<\/li>\n<li>Distance de fonctionnement \u2265 150 m<\/li>\n<li>Compatible avec les vitesses de rotation de 300\/600\/1000 tr\/min<\/li>\n<li>Aliment\u00e9 par des piles alcalines AA standard<\/li>\n<\/ul>","protected":false},"featured_media":4751,"comment_status":"open","ping_status":"closed","template":"","meta":[],"product_brand":[],"product_cat":[135,93],"product_tag":[],"class_list":{"0":"post-4750","1":"product","2":"type-product","3":"status-publish","4":"has-post-thumbnail","6":"product_cat-rotary-laser-remote-control","7":"product_cat-rotary-laser","9":"first","10":"instock","11":"shipping-taxable","12":"product-type-simple"},"_links":{"self":[{"href":"https:\/\/mountlaser.com\/fr_fr\/wp-json\/wp\/v2\/product\/4750","targetHints":{"allow":["GET"]}}],"collection":[{"href":"https:\/\/mountlaser.com\/fr_fr\/wp-json\/wp\/v2\/product"}],"about":[{"href":"https:\/\/mountlaser.com\/fr_fr\/wp-json\/wp\/v2\/types\/product"}],"replies":[{"embeddable":true,"href":"https:\/\/mountlaser.com\/fr_fr\/wp-json\/wp\/v2\/comments?post=4750"}],"wp:featuredmedia":[{"embeddable":true,"href":"https:\/\/mountlaser.com\/fr_fr\/wp-json\/wp\/v2\/media\/4751"}],"wp:attachment":[{"href":"https:\/\/mountlaser.com\/fr_fr\/wp-json\/wp\/v2\/media?parent=4750"}],"wp:term":[{"taxonomy":"product_brand","embeddable":true,"href":"https:\/\/mountlaser.com\/fr_fr\/wp-json\/wp\/v2\/product_brand?post=4750"},{"taxonomy":"product_cat","embeddable":true,"href":"https:\/\/mountlaser.com\/fr_fr\/wp-json\/wp\/v2\/product_cat?post=4750"},{"taxonomy":"product_tag","embeddable":true,"href":"https:\/\/mountlaser.com\/fr_fr\/wp-json\/wp\/v2\/product_tag?post=4750"}],"curies":[{"name":"wp","href":"https:\/\/api.w.org\/{rel}","templated":true}]}}