{"id":4746,"date":"2025-11-21T05:59:04","date_gmt":"2025-11-21T05:59:04","guid":{"rendered":"https:\/\/mountlaser.com\/?post_type=product&#038;p=4746"},"modified":"2025-11-25T08:44:18","modified_gmt":"2025-11-25T08:44:18","slug":"rc200p-rotary-laser-remote-control","status":"publish","type":"product","link":"https:\/\/mountlaser.com\/fr_fr\/produit\/rc200p-rotary-laser-remote-control\/","title":{"rendered":"T\u00e9l\u00e9commande laser rotative RC200P"},"content":{"rendered":"<p>Le <a href=\"https:\/\/mountlaser.com\/fr_fr\/categorie-produit\/rotary-laser\/\"><strong>T\u00e9l\u00e9commande laser rotative RC200P<\/strong><\/a> Le contr\u00f4leur RC200P est une t\u00e9l\u00e9commande professionnelle con\u00e7ue pour assurer un fonctionnement pr\u00e9cis et \u00e0 distance des syst\u00e8mes laser rotatifs. Con\u00e7ue pour les environnements de chantier exigeants, elle offre une communication bidirectionnelle fluide, permettant aux utilisateurs de r\u00e9gler les fonctions et de surveiller l&#039;\u00e9tat du laser \u00e0 des distances de 300 m\u00e8tres ou plus.<\/p>\n<p>Gr\u00e2ce \u00e0 sa disposition intuitive de boutons de fonction ind\u00e9pendants, ce <a href=\"https:\/\/mountlaser.com\/fr_fr\/\"><strong>T\u00e9l\u00e9commande de pr\u00e9cision<\/strong><\/a> Il permet des r\u00e9glages rapides et pr\u00e9cis sans menus complexes. Sa batterie au lithium int\u00e9gr\u00e9e offre une autonomie exceptionnelle, tandis que son bo\u00eetier recouvert de caoutchouc renforce sa durabilit\u00e9 et sa r\u00e9sistance aux chocs. <a href=\"https:\/\/mountlaser.com\/fr_fr\/contact-us\/\">T\u00e9l\u00e9commande laser rotative RC200P<\/a> fiable pour les applications difficiles en mati\u00e8re de construction et d&#039;arpentage.<\/p>\n<p><img fetchpriority=\"high\" decoding=\"async\" class=\"wp-image-4747 aligncenter\" src=\"https:\/\/mountlaser.com\/wp-content\/uploads\/2025\/11\/RC2001.webp\" alt=\"RC200P Rotary Laser Remote Control\" width=\"500\" height=\"500\" srcset=\"https:\/\/mountlaser.com\/wp-content\/uploads\/2025\/11\/RC2001.webp 800w, https:\/\/mountlaser.com\/wp-content\/uploads\/2025\/11\/RC2001-300x300.webp 300w, https:\/\/mountlaser.com\/wp-content\/uploads\/2025\/11\/RC2001-400x400.webp 400w, https:\/\/mountlaser.com\/wp-content\/uploads\/2025\/11\/RC2001-600x600.webp 600w, https:\/\/mountlaser.com\/wp-content\/uploads\/2025\/11\/RC2001-150x150.webp 150w, https:\/\/mountlaser.com\/wp-content\/uploads\/2025\/11\/RC2001-768x768.webp 768w, https:\/\/mountlaser.com\/wp-content\/uploads\/2025\/11\/RC2001-12x12.webp 12w\" sizes=\"(max-width: 500px) 100vw, 500px\" \/><\/p>\n<p>Des voyants d&#039;indication de fonctionnement en temps r\u00e9el et un bouton marche\/arr\u00eat d\u00e9di\u00e9 permettent de visualiser instantan\u00e9ment l&#039;\u00e9tat de fonctionnement de l&#039;unit\u00e9 principale. Gr\u00e2ce \u00e0 ses options de vitesse de rotation du laser (300\/600\/1000\/1500 tr\/min), cette t\u00e9l\u00e9commande de pr\u00e9cision garantit un contr\u00f4le efficace et pr\u00e9cis, aussi bien en int\u00e9rieur qu&#039;en ext\u00e9rieur.<\/p>","protected":false},"excerpt":{"rendered":"<ul>\n<li>Communication bidirectionnelle pour la commande laser rotative \u00e0 longue distance<\/li>\n<li>Boutons de fonction ind\u00e9pendants pour un fonctionnement rapide et pr\u00e9cis<\/li>\n<li>Distance de fonctionnement \u2265 300 m<\/li>\n<li>Voyants lumineux en temps r\u00e9el pour un retour d&#039;\u00e9tat clair<\/li>\n<li>Bouton d&#039;alimentation d\u00e9di\u00e9 pour une surveillance ais\u00e9e de l&#039;\u00e9tat de l&#039;unit\u00e9 principale<\/li>\n<li>Batterie au lithium int\u00e9gr\u00e9e pour une autonomie prolong\u00e9e<\/li>\n<li>Conception r\u00e9sistante aux chocs et rev\u00eatue de caoutchouc<\/li>\n<li>Vitesse de rotation r\u00e9glable\u00a0: 300\/600\/1000\/1500 tr\/min<\/li>\n<\/ul>","protected":false},"featured_media":4747,"comment_status":"open","ping_status":"closed","template":"","meta":[],"product_brand":[],"product_cat":[135,93],"product_tag":[],"class_list":{"0":"post-4746","1":"product","2":"type-product","3":"status-publish","4":"has-post-thumbnail","6":"product_cat-rotary-laser-remote-control","7":"product_cat-rotary-laser","9":"first","10":"instock","11":"shipping-taxable","12":"product-type-simple"},"_links":{"self":[{"href":"https:\/\/mountlaser.com\/fr_fr\/wp-json\/wp\/v2\/product\/4746","targetHints":{"allow":["GET"]}}],"collection":[{"href":"https:\/\/mountlaser.com\/fr_fr\/wp-json\/wp\/v2\/product"}],"about":[{"href":"https:\/\/mountlaser.com\/fr_fr\/wp-json\/wp\/v2\/types\/product"}],"replies":[{"embeddable":true,"href":"https:\/\/mountlaser.com\/fr_fr\/wp-json\/wp\/v2\/comments?post=4746"}],"wp:featuredmedia":[{"embeddable":true,"href":"https:\/\/mountlaser.com\/fr_fr\/wp-json\/wp\/v2\/media\/4747"}],"wp:attachment":[{"href":"https:\/\/mountlaser.com\/fr_fr\/wp-json\/wp\/v2\/media?parent=4746"}],"wp:term":[{"taxonomy":"product_brand","embeddable":true,"href":"https:\/\/mountlaser.com\/fr_fr\/wp-json\/wp\/v2\/product_brand?post=4746"},{"taxonomy":"product_cat","embeddable":true,"href":"https:\/\/mountlaser.com\/fr_fr\/wp-json\/wp\/v2\/product_cat?post=4746"},{"taxonomy":"product_tag","embeddable":true,"href":"https:\/\/mountlaser.com\/fr_fr\/wp-json\/wp\/v2\/product_tag?post=4746"}],"curies":[{"name":"wp","href":"https:\/\/api.w.org\/{rel}","templated":true}]}}