{"id":4738,"date":"2025-11-21T03:29:07","date_gmt":"2025-11-21T03:29:07","guid":{"rendered":"https:\/\/mountlaser.com\/?post_type=product&#038;p=4738"},"modified":"2025-11-25T08:54:51","modified_gmt":"2025-11-25T08:54:51","slug":"rc300p-rotary-laser-remote-control","status":"publish","type":"product","link":"https:\/\/mountlaser.com\/fr_fr\/produit\/rc300p-rotary-laser-remote-control\/","title":{"rendered":"T\u00e9l\u00e9commande laser rotative RC300P"},"content":{"rendered":"<p>Le <a href=\"https:\/\/mountlaser.com\/fr_fr\/\"><strong>T\u00e9l\u00e9commande laser rotative RC300P<\/strong><\/a> La t\u00e9l\u00e9commande laser rotative RC300P est un dispositif de contr\u00f4le avanc\u00e9 con\u00e7u pour une utilisation pr\u00e9cise et \u00e0 longue distance des syst\u00e8mes laser rotatifs. Destin\u00e9e aux applications professionnelles de terrassement, de nivellement et de construction, elle est dot\u00e9e d&#039;un \u00e9cran LCD clair qui permet un r\u00e9glage rapide et intuitif de la pente et des fonctions. Gr\u00e2ce \u00e0 sa technologie de communication bidirectionnelle, cette t\u00e9l\u00e9commande garantit un contr\u00f4le stable et r\u00e9actif, m\u00eame \u00e0 grande distance.<\/p>\n<p>Con\u00e7ue pour les chantiers exigeants, la t\u00e9l\u00e9commande laser rotative RC300P est dot\u00e9e d&#039;un bo\u00eetier robuste recouvert de caoutchouc pour une r\u00e9sistance accrue aux chutes et une durabilit\u00e9 optimale. Elle fait partie d&#039;un syst\u00e8me puissant <a href=\"https:\/\/mountlaser.com\/fr_fr\/contact-us\/\"><strong>T\u00e9l\u00e9commande num\u00e9rique RC300 pour kit laser rotatif<\/strong><\/a>, Il fournit des indicateurs en temps r\u00e9el qui permettent aux utilisateurs de comprendre instantan\u00e9ment l&#039;\u00e9tat de la machine principale, am\u00e9liorant ainsi la s\u00e9curit\u00e9 et l&#039;efficacit\u00e9 op\u00e9rationnelle.<\/p>\n<p><img fetchpriority=\"high\" decoding=\"async\" class=\"aligncenter wp-image-4736\" src=\"https:\/\/mountlaser.com\/wp-content\/uploads\/2025\/11\/RC3002.webp\" alt=\"RC300P Rotary Laser Remote Control\" width=\"500\" height=\"500\" srcset=\"https:\/\/mountlaser.com\/wp-content\/uploads\/2025\/11\/RC3002.webp 800w, https:\/\/mountlaser.com\/wp-content\/uploads\/2025\/11\/RC3002-300x300.webp 300w, https:\/\/mountlaser.com\/wp-content\/uploads\/2025\/11\/RC3002-400x400.webp 400w, https:\/\/mountlaser.com\/wp-content\/uploads\/2025\/11\/RC3002-600x600.webp 600w, https:\/\/mountlaser.com\/wp-content\/uploads\/2025\/11\/RC3002-150x150.webp 150w, https:\/\/mountlaser.com\/wp-content\/uploads\/2025\/11\/RC3002-768x768.webp 768w, https:\/\/mountlaser.com\/wp-content\/uploads\/2025\/11\/RC3002-12x12.webp 12w\" sizes=\"(max-width: 500px) 100vw, 500px\" \/><\/p>\n<p>Qu\u2019il s\u2019agisse de contr\u00f4ler la vitesse de rotation, la pente ou l\u2019alignement, le <a href=\"https:\/\/mountlaser.com\/fr_fr\/categorie-produit\/rotary-laser\/\">T\u00e9l\u00e9commande num\u00e9rique RC300<\/a> La t\u00e9l\u00e9commande num\u00e9rique RC300 pour kit laser rotatif offre une synchronisation parfaite, une communication longue distance et des r\u00e9glages pr\u00e9cis. Les professionnels font confiance \u00e0 cette t\u00e9l\u00e9commande pour optimiser leur productivit\u00e9 et garantir des performances irr\u00e9prochables lors de leurs projets de guidage laser.<\/p>","protected":false},"excerpt":{"rendered":"<ul>\n<li>\u00c9cran LCD clair pour un r\u00e9glage facile de la pente et des ajustements rapides<\/li>\n<li>Communication bidirectionnelle pour un contr\u00f4le stable \u00e0 longue distance (\u2265300 m)<\/li>\n<li>Boutons de fonction ind\u00e9pendants pour un fonctionnement simple et intuitif<\/li>\n<li>Voyants lumineux indiquant le fonctionnement en temps r\u00e9el pour un retour d&#039;information instantan\u00e9 sur l&#039;\u00e9tat de la machine<\/li>\n<li>Bouton d&#039;alimentation d\u00e9di\u00e9 pour surveiller \u00e0 tout moment l&#039;\u00e9tat de fonctionnement du laser<\/li>\n<li>Batterie au lithium int\u00e9gr\u00e9e pour une autonomie ultra-longue<\/li>\n<li>Bo\u00eetier recouvert de caoutchouc pour une meilleure r\u00e9sistance aux chocs et aux chutes<\/li>\n<li>Vitesse de rotation r\u00e9glable\u00a0: 300 \/ 600 \/ 1000 \/ 1500 \/ 3000 tr\/min<\/li>\n<\/ul>","protected":false},"featured_media":4735,"comment_status":"open","ping_status":"closed","template":"","meta":[],"product_brand":[],"product_cat":[135,93],"product_tag":[],"class_list":{"0":"post-4738","1":"product","2":"type-product","3":"status-publish","4":"has-post-thumbnail","6":"product_cat-rotary-laser-remote-control","7":"product_cat-rotary-laser","9":"first","10":"instock","11":"shipping-taxable","12":"product-type-simple"},"_links":{"self":[{"href":"https:\/\/mountlaser.com\/fr_fr\/wp-json\/wp\/v2\/product\/4738","targetHints":{"allow":["GET"]}}],"collection":[{"href":"https:\/\/mountlaser.com\/fr_fr\/wp-json\/wp\/v2\/product"}],"about":[{"href":"https:\/\/mountlaser.com\/fr_fr\/wp-json\/wp\/v2\/types\/product"}],"replies":[{"embeddable":true,"href":"https:\/\/mountlaser.com\/fr_fr\/wp-json\/wp\/v2\/comments?post=4738"}],"wp:featuredmedia":[{"embeddable":true,"href":"https:\/\/mountlaser.com\/fr_fr\/wp-json\/wp\/v2\/media\/4735"}],"wp:attachment":[{"href":"https:\/\/mountlaser.com\/fr_fr\/wp-json\/wp\/v2\/media?parent=4738"}],"wp:term":[{"taxonomy":"product_brand","embeddable":true,"href":"https:\/\/mountlaser.com\/fr_fr\/wp-json\/wp\/v2\/product_brand?post=4738"},{"taxonomy":"product_cat","embeddable":true,"href":"https:\/\/mountlaser.com\/fr_fr\/wp-json\/wp\/v2\/product_cat?post=4738"},{"taxonomy":"product_tag","embeddable":true,"href":"https:\/\/mountlaser.com\/fr_fr\/wp-json\/wp\/v2\/product_tag?post=4738"}],"curies":[{"name":"wp","href":"https:\/\/api.w.org\/{rel}","templated":true}]}}