{"id":4731,"date":"2025-11-21T03:00:54","date_gmt":"2025-11-21T03:00:54","guid":{"rendered":"https:\/\/mountlaser.com\/?post_type=product&#038;p=4731"},"modified":"2025-11-25T08:56:34","modified_gmt":"2025-11-25T08:56:34","slug":"line-laser-kll-800-series","status":"publish","type":"product","link":"https:\/\/mountlaser.com\/fr_fr\/produit\/line-laser-kll-800-series\/","title":{"rendered":"Laser lin\u00e9aire s\u00e9rie KLL-800"},"content":{"rendered":"<p><a href=\"https:\/\/mountlaser.com\/fr_fr\/about-us\/\"><strong>Laser lin\u00e9aire s\u00e9rie KLL-800<\/strong><\/a> Con\u00e7ue pour les professionnels exigeant des performances in\u00e9gal\u00e9es et une autonomie prolong\u00e9e sur chantier, cette gamme premium offre des solutions polyvalentes. Les mod\u00e8les KLL-D801 et D802 permettent de r\u00e9aliser des trac\u00e9s 2D complets \u00e0 8 lignes sur 360\u00b0, tandis que le mod\u00e8le phare KLL-D803 est un niveau laser 3D r\u00e9volutionnaire \u00e0 12 lignes qui projette sur douze surfaces pour une planification spatiale optimale. Disponible en versions \u00e0 faisceau rouge haute puissance et \u00e0 faisceau vert ultra-lumineux, chaque outil de cette gamme est un niveau laser autonivelant de pr\u00e9cision, garantissant une exactitude de \u00b13 mm \u00e0 10 m\u00e8tres en moins de 5 secondes.<\/p>\n<p>Ce qui distingue vraiment <a href=\"https:\/\/mountlaser.com\/fr_fr\/contact-us\/\">S\u00e9rie KLL-800<\/a> Son autonomie exceptionnelle, gr\u00e2ce \u00e0 sa batterie Li-ion haute capacit\u00e9 de 8\u00a0000\u00a0mAh, lui conf\u00e8re jusqu&#039;\u00e0 8\u00a0heures d&#039;utilisation continue. R\u00e9sultat\u00a0: moins d&#039;interruptions et une productivit\u00e9 accrue. Que vous utilisiez un appareil robuste\u2026<strong><a href=\"https:\/\/mountlaser.com\/fr_fr\/categorie-produit\/line-laser\/\"> niveau laser autonivelant<\/a>l<\/strong> Que vous optiez pour le niveau laser 2D ou le niveau laser 3D 12 lignes avanc\u00e9 pour les installations complexes, vous disposez d&#039;un outil con\u00e7u pour durer et offrir une pr\u00e9cision optimale. Gr\u00e2ce \u00e0 son indice de protection IP54, la s\u00e9rie KLL-800 est le choix id\u00e9al pour les professionnels exigeants qui ne font aucun compromis sur la fiabilit\u00e9 et la performance.<\/p>\n<p>&nbsp;<\/p>\n<p>&nbsp;<\/p>\n<p><img fetchpriority=\"high\" decoding=\"async\" class=\"aligncenter wp-image-4732\" src=\"https:\/\/mountlaser.com\/wp-content\/uploads\/2025\/11\/KLL-8001.webp\" alt=\"self-leveling laser level\" width=\"500\" height=\"500\" srcset=\"https:\/\/mountlaser.com\/wp-content\/uploads\/2025\/11\/KLL-8001.webp 800w, https:\/\/mountlaser.com\/wp-content\/uploads\/2025\/11\/KLL-8001-300x300.webp 300w, https:\/\/mountlaser.com\/wp-content\/uploads\/2025\/11\/KLL-8001-400x400.webp 400w, https:\/\/mountlaser.com\/wp-content\/uploads\/2025\/11\/KLL-8001-600x600.webp 600w, https:\/\/mountlaser.com\/wp-content\/uploads\/2025\/11\/KLL-8001-150x150.webp 150w, https:\/\/mountlaser.com\/wp-content\/uploads\/2025\/11\/KLL-8001-768x768.webp 768w, https:\/\/mountlaser.com\/wp-content\/uploads\/2025\/11\/KLL-8001-12x12.webp 12w\" sizes=\"(max-width: 500px) 100vw, 500px\" \/><\/p>\n<p><strong>Sp\u00e9cifications de la s\u00e9rie de lasers lin\u00e9aires KLL-800<\/strong><\/p>\n<table style=\"height: 408px;\" width=\"800\">\n<tbody>\n<tr>\n<td>Num\u00e9ro de mod\u00e8le.<\/td>\n<td>KLL-D801R\/802R\/803R<\/td>\n<td>KLL-D801G\/802G\/803G<\/td>\n<\/tr>\n<tr>\n<td>Source lumineuse<\/td>\n<td>Rayon rouge<\/td>\n<td>Rayon vert<\/td>\n<\/tr>\n<tr>\n<td>Longueur d&#039;onde du laser<\/td>\n<td>635 nm<\/td>\n<td>520 nm<\/td>\n<\/tr>\n<tr>\n<td>Diode laser<\/td>\n<td>100 mW<\/td>\n<td>30 mW<\/td>\n<\/tr>\n<tr>\n<td>Cours de s\u00e9curit\u00e9 laser<\/td>\n<td colspan=\"2\">Classe 2<\/td>\n<\/tr>\n<tr>\n<td>Plage de nivellement :<\/td>\n<td colspan=\"2\">\u00b13\u00b0<\/td>\n<\/tr>\n<tr>\n<td>Temps de nivellement<\/td>\n<td colspan=\"2\">&lt;5 secondes<\/td>\n<\/tr>\n<tr>\n<td>Pr\u00e9cision de nivellement<\/td>\n<td colspan=\"2\">\u00b13 mm\/10 m<\/td>\n<\/tr>\n<tr>\n<td>Pouvoir<\/td>\n<td colspan=\"2\">Batterie Li-ion 21700 3,7 V 8000 mAh<\/td>\n<\/tr>\n<tr>\n<td>Temps de fonctionnement<\/td>\n<td colspan=\"2\">Environ 8h<\/td>\n<\/tr>\n<tr>\n<td>Temp\u00e9rature de fonctionnement<\/td>\n<td colspan=\"2\">-10\u2103\uff5e+50\u2103<\/td>\n<\/tr>\n<tr>\n<td>Filetage de montage<\/td>\n<td colspan=\"2\">1\/4\u2033-20<\/td>\n<\/tr>\n<tr>\n<td>\u00c9tanche<\/td>\n<td colspan=\"2\">IP54<\/td>\n<\/tr>\n<\/tbody>\n<\/table>","protected":false},"excerpt":{"rendered":"<ul>\n<li>Modes de projection avanc\u00e9s : Comprend des mod\u00e8les 2D \u00e0 8 lignes (D801\/802) pour une couverture \u00e0 360\u00b0 et un mod\u00e8le 3D \u00e0 12 lignes (D803) pour une disposition spatiale compl\u00e8te du site.<\/li>\n<li>Niveau laser autonivelant : se nivelle automatiquement dans une plage de \u00b13\u00b0 en moins de 5 secondes, assurant une installation imm\u00e9diate et pr\u00e9cise.<\/li>\n<li>Autonomie de batterie in\u00e9gal\u00e9e\u00a0: Aliment\u00e9 par une batterie Li-ion 21700 de 8\u00a0000\u00a0mAh offrant jusqu\u2019\u00e0 8\u00a0heures de fonctionnement continu.<\/li>\n<\/ul>","protected":false},"featured_media":4734,"comment_status":"open","ping_status":"closed","template":"","meta":[],"product_brand":[],"product_cat":[92],"product_tag":[],"class_list":{"0":"post-4731","1":"product","2":"type-product","3":"status-publish","4":"has-post-thumbnail","6":"product_cat-line-laser","8":"first","9":"instock","10":"shipping-taxable","11":"product-type-simple"},"_links":{"self":[{"href":"https:\/\/mountlaser.com\/fr_fr\/wp-json\/wp\/v2\/product\/4731","targetHints":{"allow":["GET"]}}],"collection":[{"href":"https:\/\/mountlaser.com\/fr_fr\/wp-json\/wp\/v2\/product"}],"about":[{"href":"https:\/\/mountlaser.com\/fr_fr\/wp-json\/wp\/v2\/types\/product"}],"replies":[{"embeddable":true,"href":"https:\/\/mountlaser.com\/fr_fr\/wp-json\/wp\/v2\/comments?post=4731"}],"wp:featuredmedia":[{"embeddable":true,"href":"https:\/\/mountlaser.com\/fr_fr\/wp-json\/wp\/v2\/media\/4734"}],"wp:attachment":[{"href":"https:\/\/mountlaser.com\/fr_fr\/wp-json\/wp\/v2\/media?parent=4731"}],"wp:term":[{"taxonomy":"product_brand","embeddable":true,"href":"https:\/\/mountlaser.com\/fr_fr\/wp-json\/wp\/v2\/product_brand?post=4731"},{"taxonomy":"product_cat","embeddable":true,"href":"https:\/\/mountlaser.com\/fr_fr\/wp-json\/wp\/v2\/product_cat?post=4731"},{"taxonomy":"product_tag","embeddable":true,"href":"https:\/\/mountlaser.com\/fr_fr\/wp-json\/wp\/v2\/product_tag?post=4731"}],"curies":[{"name":"wp","href":"https:\/\/api.w.org\/{rel}","templated":true}]}}