{"id":4726,"date":"2025-11-21T02:33:06","date_gmt":"2025-11-21T02:33:06","guid":{"rendered":"https:\/\/mountlaser.com\/?post_type=product&#038;p=4726"},"modified":"2025-11-25T09:27:24","modified_gmt":"2025-11-25T09:27:24","slug":"line-laser-kll-600-series","status":"publish","type":"product","link":"https:\/\/mountlaser.com\/fr_fr\/produit\/line-laser-kll-600-series\/","title":{"rendered":"Laser lin\u00e9aire s\u00e9rie KLL-600"},"content":{"rendered":"<p>Le <a href=\"https:\/\/mountlaser.com\/fr_fr\/categorie-produit\/line-laser\/\"><strong>Laser lin\u00e9aire s\u00e9rie KLL-600<\/strong><\/a> Cette gamme repr\u00e9sente le nec plus ultra en mati\u00e8re de nivellement laser, con\u00e7ue pour r\u00e9pondre aux besoins vari\u00e9s des projets de construction et de r\u00e9novation modernes. Elle comprend les mod\u00e8les KLL-D601 et D602, des niveleurs laser 2 lignes avanc\u00e9s projetant sur huit surfaces pour une couverture compl\u00e8te \u00e0 360 degr\u00e9s, ainsi que le mod\u00e8le haut de gamme KLL-D603, un outil r\u00e9volutionnaire. <a href=\"https:\/\/mountlaser.com\/fr_fr\/about-us\/\">Niveau laser \u00e0 ligne crois\u00e9e verte 3D<\/a> qui se projette sur douze surfaces pour une configuration spatiale compl\u00e8te et sans pr\u00e9c\u00e9dent.<\/p>\n<p>Disponibles en versions \u00e0 faisceau rouge haute puissance et \u00e0 faisceau vert ultra-lumineux, ces mod\u00e8les garantissent une visibilit\u00e9 optimale quelles que soient les conditions d&#039;\u00e9clairage. Les mod\u00e8les D601 et D602 se distinguent par leur pr\u00e9cision de niveau laser \u00e0 2 lignes, gr\u00e2ce \u00e0 un syst\u00e8me d&#039;auto-nivellement rapide offrant une pr\u00e9cision de \u00b13 mm \u00e0 10 m\u00e8tres en moins de 5 secondes.<\/p>\n<p>&nbsp;<\/p>\n<p><img fetchpriority=\"high\" decoding=\"async\" class=\"aligncenter wp-image-4729\" src=\"https:\/\/mountlaser.com\/wp-content\/uploads\/2025\/11\/KLL-6003.webp\" alt=\"3D Green Cross Line Laser Level\" width=\"500\" height=\"500\" srcset=\"https:\/\/mountlaser.com\/wp-content\/uploads\/2025\/11\/KLL-6003.webp 800w, https:\/\/mountlaser.com\/wp-content\/uploads\/2025\/11\/KLL-6003-300x300.webp 300w, https:\/\/mountlaser.com\/wp-content\/uploads\/2025\/11\/KLL-6003-400x400.webp 400w, https:\/\/mountlaser.com\/wp-content\/uploads\/2025\/11\/KLL-6003-600x600.webp 600w, https:\/\/mountlaser.com\/wp-content\/uploads\/2025\/11\/KLL-6003-150x150.webp 150w, https:\/\/mountlaser.com\/wp-content\/uploads\/2025\/11\/KLL-6003-768x768.webp 768w, https:\/\/mountlaser.com\/wp-content\/uploads\/2025\/11\/KLL-6003-12x12.webp 12w\" sizes=\"(max-width: 500px) 100vw, 500px\" \/><\/p>\n<p>Pour les professionnels qui s&#039;attaquent \u00e0 des projets complexes, le KLL-D603 <a href=\"https:\/\/mountlaser.com\/fr_fr\/\"><strong>Niveau laser \u00e0 ligne crois\u00e9e verte 3D<\/strong><\/a> Cet outil offre une solution optimale pour l&#039;alignement multiplan, tout en conservant une construction robuste conforme \u00e0 la norme IP54, gage de fiabilit\u00e9 sur tous les chantiers. Cette s\u00e9rie est le choix id\u00e9al pour quiconque recherche un niveau laser 2 lignes polyvalent et performant ou une solution compl\u00e8te de niveau laser 3D \u00e0 lignes vertes crois\u00e9es.<\/p>\n<p><strong>Sp\u00e9cifications de la s\u00e9rie de lasers lin\u00e9aires KLL-600<\/strong><\/p>\n<table>\n<tbody>\n<tr>\n<td>Num\u00e9ro de mod\u00e8le.<\/td>\n<td>KLL-D601R\/602R\/603R<\/td>\n<td>KLL-D601G\/602G\/603G<\/td>\n<\/tr>\n<tr>\n<td>Source lumineuse<\/td>\n<td>Rayon rouge<\/td>\n<td>Rayon vert<\/td>\n<\/tr>\n<tr>\n<td>Longueur d&#039;onde du laser<\/td>\n<td>635 nm<\/td>\n<td>520 nm<\/td>\n<\/tr>\n<tr>\n<td>Diode laser<\/td>\n<td>100 mW<\/td>\n<td>30 mW<\/td>\n<\/tr>\n<tr>\n<td>Cours de s\u00e9curit\u00e9 laser<\/td>\n<td colspan=\"2\">Classe 2<\/td>\n<\/tr>\n<tr>\n<td>Plage de nivellement :<\/td>\n<td colspan=\"2\">\u00b13\u00b0<\/td>\n<\/tr>\n<tr>\n<td>Temps de nivellement<\/td>\n<td colspan=\"2\">&lt;5 secondes<\/td>\n<\/tr>\n<tr>\n<td>Pr\u00e9cision de nivellement<\/td>\n<td colspan=\"2\">\u00b13 mm\/10 m<\/td>\n<\/tr>\n<tr>\n<td>Pouvoir<\/td>\n<td colspan=\"2\">Batterie Li-ion 18650 3,7 V 4000 mAh<\/td>\n<\/tr>\n<tr>\n<td>Temps de fonctionnement<\/td>\n<td colspan=\"2\">Environ 4h<\/td>\n<\/tr>\n<tr>\n<td>Temp\u00e9rature de fonctionnement<\/td>\n<td colspan=\"2\">-10\u2103\uff5e+50\u2103<\/td>\n<\/tr>\n<tr>\n<td>Filetage de montage<\/td>\n<td>1\/4\u2033-20\/1\/4\u2033-20\/1\/4\u2033-20 et 5\/8\u2033-11<\/td>\n<td>1\/4\u2033-20 et 5\/8\u2033-11<\/td>\n<\/tr>\n<tr>\n<td>\u00c9tanche<\/td>\n<td colspan=\"2\">IP54<\/td>\n<\/tr>\n<\/tbody>\n<\/table>","protected":false},"excerpt":{"rendered":"<ul>\n<li>Options de double couleur laser\u00a0: choisissez un faisceau rouge haute puissance ou un faisceau vert nettement plus lumineux pour une excellente visibilit\u00e9.<\/li>\n<li>Mise \u00e0 niveau automatique rapide : se nivelle automatiquement \u00e0 \u00b13\u00b0 en moins de 5 secondes pour une installation imm\u00e9diate et pr\u00e9cise.<\/li>\n<li>Batterie rechargeable longue dur\u00e9e : Aliment\u00e9e par une batterie Li-ion de 4000 mAh pour un fonctionnement sans fil prolong\u00e9.<\/li>\n<\/ul>","protected":false},"featured_media":4727,"comment_status":"open","ping_status":"closed","template":"","meta":[],"product_brand":[],"product_cat":[92],"product_tag":[],"class_list":{"0":"post-4726","1":"product","2":"type-product","3":"status-publish","4":"has-post-thumbnail","6":"product_cat-line-laser","8":"first","9":"instock","10":"shipping-taxable","11":"product-type-simple"},"_links":{"self":[{"href":"https:\/\/mountlaser.com\/fr_fr\/wp-json\/wp\/v2\/product\/4726","targetHints":{"allow":["GET"]}}],"collection":[{"href":"https:\/\/mountlaser.com\/fr_fr\/wp-json\/wp\/v2\/product"}],"about":[{"href":"https:\/\/mountlaser.com\/fr_fr\/wp-json\/wp\/v2\/types\/product"}],"replies":[{"embeddable":true,"href":"https:\/\/mountlaser.com\/fr_fr\/wp-json\/wp\/v2\/comments?post=4726"}],"wp:featuredmedia":[{"embeddable":true,"href":"https:\/\/mountlaser.com\/fr_fr\/wp-json\/wp\/v2\/media\/4727"}],"wp:attachment":[{"href":"https:\/\/mountlaser.com\/fr_fr\/wp-json\/wp\/v2\/media?parent=4726"}],"wp:term":[{"taxonomy":"product_brand","embeddable":true,"href":"https:\/\/mountlaser.com\/fr_fr\/wp-json\/wp\/v2\/product_brand?post=4726"},{"taxonomy":"product_cat","embeddable":true,"href":"https:\/\/mountlaser.com\/fr_fr\/wp-json\/wp\/v2\/product_cat?post=4726"},{"taxonomy":"product_tag","embeddable":true,"href":"https:\/\/mountlaser.com\/fr_fr\/wp-json\/wp\/v2\/product_tag?post=4726"}],"curies":[{"name":"wp","href":"https:\/\/api.w.org\/{rel}","templated":true}]}}