{"id":4722,"date":"2025-11-21T02:05:02","date_gmt":"2025-11-21T02:05:02","guid":{"rendered":"https:\/\/mountlaser.com\/?post_type=product&#038;p=4722"},"modified":"2025-11-26T06:31:42","modified_gmt":"2025-11-26T06:31:42","slug":"line-laser-kll-d300-series","status":"publish","type":"product","link":"https:\/\/mountlaser.com\/fr_fr\/produit\/line-laser-kll-d300-series\/","title":{"rendered":"Laser lin\u00e9aire s\u00e9rie KLL-D300"},"content":{"rendered":"<p><strong>Pr\u00e9sentation de la s\u00e9rie de lasers lin\u00e9aires KLL-D300<\/strong><\/p>\n<p>Le <a href=\"https:\/\/mountlaser.com\/fr_fr\/about-us\/\"><strong>Laser lin\u00e9aire s\u00e9rie KLL-D300<\/strong><\/a> red\u00e9finit la pr\u00e9cision et la polyvalence pour les travaux de tra\u00e7age professionnels. Cette gamme compl\u00e8te comprend les niveaux laser de ligne KLL-D301\/302, des mod\u00e8les avanc\u00e9s qui projettent sur huit surfaces pour une couverture \u00e0 360\u00b0, et le r\u00e9volutionnaire<a href=\"https:\/\/mountlaser.com\/fr_fr\/contact-us\/\"> KLL-D303<\/a>, Ce mod\u00e8le 3D projetable sur douze surfaces offre une planification spatiale optimale. Disponible en versions \u00e0 faisceau vert haute visibilit\u00e9 et \u00e0 faisceau rouge standard, cet outil est con\u00e7u pour les chantiers les plus exigeants.<\/p>\n<p>Au c\u0153ur des mod\u00e8les D301 et D302 se trouve leur fonction de laser \u00e0 lignes crois\u00e9es autonivelant haute performance. Ils se nivellent automatiquement \u00e0 \u00b13\u00b0 en moins de 5 secondes, garantissant une pr\u00e9cision de \u00b13 mm\/10 m pour un alignement horizontal et vertical impeccable. Ce syst\u00e8me robuste <a href=\"https:\/\/mountlaser.com\/fr_fr\/categorie-produit\/line-laser\/\"><strong>Laser \u00e0 lignes crois\u00e9es autonivelant<\/strong><\/a> Ce syst\u00e8me, associ\u00e9 \u00e0 un indice de protection IP54, garantit une fiabilit\u00e9 \u00e0 toute \u00e9preuve, m\u00eame dans des conditions difficiles. Pour les professionnels en qu\u00eate de la technologie de pointe en mati\u00e8re de tra\u00e7age, la s\u00e9rie KLL-D300 propose une gamme de niveaux laser adapt\u00e9s \u00e0 tous les projets, des alignements de base \u00e0 la mod\u00e9lisation 3D compl\u00e8te.<\/p>\n<p>&nbsp;<\/p>\n<p><img fetchpriority=\"high\" decoding=\"async\" class=\"aligncenter wp-image-4723\" src=\"https:\/\/mountlaser.com\/wp-content\/uploads\/2025\/11\/KLL-3001.webp\" alt=\"Self-Leveling Cross Line Laser\" width=\"500\" height=\"500\" srcset=\"https:\/\/mountlaser.com\/wp-content\/uploads\/2025\/11\/KLL-3001.webp 800w, https:\/\/mountlaser.com\/wp-content\/uploads\/2025\/11\/KLL-3001-300x300.webp 300w, https:\/\/mountlaser.com\/wp-content\/uploads\/2025\/11\/KLL-3001-400x400.webp 400w, https:\/\/mountlaser.com\/wp-content\/uploads\/2025\/11\/KLL-3001-600x600.webp 600w, https:\/\/mountlaser.com\/wp-content\/uploads\/2025\/11\/KLL-3001-150x150.webp 150w, https:\/\/mountlaser.com\/wp-content\/uploads\/2025\/11\/KLL-3001-768x768.webp 768w, https:\/\/mountlaser.com\/wp-content\/uploads\/2025\/11\/KLL-3001-12x12.webp 12w\" sizes=\"(max-width: 500px) 100vw, 500px\" \/><\/p>\n<p>&nbsp;<\/p>\n<p><strong>Sp\u00e9cifications de la s\u00e9rie de lasers lin\u00e9aires KLL-D300<\/strong><\/p>\n<table>\n<tbody>\n<tr>\n<td>Num\u00e9ro de mod\u00e8le.<\/td>\n<td>KLL-D301R\/D302R\/303R<\/td>\n<td>KLL-D301G\/D302G\/303G<\/td>\n<\/tr>\n<tr>\n<td>Source lumineuse<\/td>\n<td>Rayon rouge<\/td>\n<td>Rayon vert<\/td>\n<\/tr>\n<tr>\n<td>Longueur d&#039;onde du laser<\/td>\n<td>635 nm<\/td>\n<td>520 nm<\/td>\n<\/tr>\n<tr>\n<td>Diode laser<\/td>\n<td>100 mW<\/td>\n<td>30 mW<\/td>\n<\/tr>\n<tr>\n<td>Cours de s\u00e9curit\u00e9 laser<\/td>\n<td colspan=\"2\">Classe 2<\/td>\n<\/tr>\n<tr>\n<td>Plage de nivellement :<\/td>\n<td colspan=\"2\">\u00b13\u00b0<\/td>\n<\/tr>\n<tr>\n<td>Temps de nivellement<\/td>\n<td colspan=\"2\">&lt;5 secondes<\/td>\n<\/tr>\n<tr>\n<td>Pr\u00e9cision de nivellement<\/td>\n<td colspan=\"2\">\u00b13 mm\/10 m<\/td>\n<\/tr>\n<tr>\n<td>Pouvoir<\/td>\n<td colspan=\"2\">Batterie Li-ion 18650 3,7 V 4000 mAh<\/td>\n<\/tr>\n<tr>\n<td>Temps de fonctionnement<\/td>\n<td colspan=\"2\">Environ 4h<\/td>\n<\/tr>\n<tr>\n<td>Temp\u00e9rature de fonctionnement<\/td>\n<td colspan=\"2\">-10\u2103\uff5e+50\u2103<\/td>\n<\/tr>\n<tr>\n<td>Filetage de montage<\/td>\n<td colspan=\"2\">1\/4\u2033-20<\/td>\n<\/tr>\n<tr>\n<td>\u00c9tanche<\/td>\n<td colspan=\"2\">IP54<\/td>\n<\/tr>\n<\/tbody>\n<\/table>","protected":false},"excerpt":{"rendered":"<ul>\n<li>Projection multi-surfaces : Choisissez parmi les mod\u00e8les 2D \u00e0 8 lignes (D301\/302) pour une couverture \u00e0 360\u00b0 ou le mod\u00e8le 3D \u00e0 12 lignes (D303) pour une disposition spatiale compl\u00e8te.<\/li>\n<li>Options laser doubles\u00a0: choisissez un faisceau rouge pour une utilisation standard ou un faisceau vert 6 fois plus lumineux pour une visibilit\u00e9 sup\u00e9rieure.<\/li>\n<li>Auto-nivellement : se nivelle automatiquement dans une plage de \u00b13\u00b0 pour une installation instantan\u00e9e et pr\u00e9cise (&lt;5 sec).<\/li>\n<\/ul>","protected":false},"featured_media":4725,"comment_status":"open","ping_status":"closed","template":"","meta":[],"product_brand":[],"product_cat":[92],"product_tag":[],"class_list":{"0":"post-4722","1":"product","2":"type-product","3":"status-publish","4":"has-post-thumbnail","6":"product_cat-line-laser","8":"first","9":"instock","10":"shipping-taxable","11":"product-type-simple"},"_links":{"self":[{"href":"https:\/\/mountlaser.com\/fr_fr\/wp-json\/wp\/v2\/product\/4722","targetHints":{"allow":["GET"]}}],"collection":[{"href":"https:\/\/mountlaser.com\/fr_fr\/wp-json\/wp\/v2\/product"}],"about":[{"href":"https:\/\/mountlaser.com\/fr_fr\/wp-json\/wp\/v2\/types\/product"}],"replies":[{"embeddable":true,"href":"https:\/\/mountlaser.com\/fr_fr\/wp-json\/wp\/v2\/comments?post=4722"}],"wp:featuredmedia":[{"embeddable":true,"href":"https:\/\/mountlaser.com\/fr_fr\/wp-json\/wp\/v2\/media\/4725"}],"wp:attachment":[{"href":"https:\/\/mountlaser.com\/fr_fr\/wp-json\/wp\/v2\/media?parent=4722"}],"wp:term":[{"taxonomy":"product_brand","embeddable":true,"href":"https:\/\/mountlaser.com\/fr_fr\/wp-json\/wp\/v2\/product_brand?post=4722"},{"taxonomy":"product_cat","embeddable":true,"href":"https:\/\/mountlaser.com\/fr_fr\/wp-json\/wp\/v2\/product_cat?post=4722"},{"taxonomy":"product_tag","embeddable":true,"href":"https:\/\/mountlaser.com\/fr_fr\/wp-json\/wp\/v2\/product_tag?post=4722"}],"curies":[{"name":"wp","href":"https:\/\/api.w.org\/{rel}","templated":true}]}}