{"id":4721,"date":"2025-11-21T02:17:17","date_gmt":"2025-11-21T02:17:17","guid":{"rendered":"https:\/\/mountlaser.com\/?post_type=product&#038;p=4721"},"modified":"2025-11-26T06:29:06","modified_gmt":"2025-11-26T06:29:06","slug":"lp700-rotary-laser-receiver","status":"publish","type":"product","link":"https:\/\/mountlaser.com\/fr_fr\/produit\/lp700-rotary-laser-receiver\/","title":{"rendered":"R\u00e9cepteur laser rotatif LP700"},"content":{"rendered":"<p>Le<a href=\"https:\/\/mountlaser.com\/fr_fr\/\"><strong> R\u00e9cepteur laser rotatif LP700<\/strong><\/a> est une haute pr\u00e9cision<a href=\"https:\/\/mountlaser.com\/fr_fr\/about-us\/\"> <strong>D\u00e9tecteur de niveau laser<\/strong> <\/a>Con\u00e7u pour fournir des mesures stables et pr\u00e9cises dans une vaste gamme d&#039;applications de construction, de topographie et de nivellement ext\u00e9rieur, le r\u00e9cepteur laser rotatif LP700 est dot\u00e9 d&#039;une conception robuste avec rev\u00eatement en caoutchouc. Sa r\u00e9sistance accrue aux chocs le rend fiable m\u00eame dans les environnements de chantier les plus exigeants.<\/p>\n<p>Dot\u00e9 d&#039;un puissant aimant sur sa partie sup\u00e9rieure, ce d\u00e9tecteur de niveau laser offre une excellente ergonomie et se fixe facilement sur les surfaces m\u00e9talliques pour une utilisation mains libres. Le r\u00e9cepteur laser rotatif LP700 offre une port\u00e9e de 600 \u00e0 800 m avec les lasers rotatifs MountLaser et de 600 m ou plus avec d&#039;autres lasers rotatifs, garantissant ainsi une d\u00e9tection longue distance et des performances constantes.<\/p>\n<p><img fetchpriority=\"high\" decoding=\"async\" class=\"aligncenter wp-image-4710\" src=\"https:\/\/mountlaser.com\/wp-content\/uploads\/2025\/11\/LP7004.webp\" alt=\"LP700 Rotary Laser Receiver\" width=\"500\" height=\"500\" srcset=\"https:\/\/mountlaser.com\/wp-content\/uploads\/2025\/11\/LP7004.webp 800w, https:\/\/mountlaser.com\/wp-content\/uploads\/2025\/11\/LP7004-300x300.webp 300w, https:\/\/mountlaser.com\/wp-content\/uploads\/2025\/11\/LP7004-400x400.webp 400w, https:\/\/mountlaser.com\/wp-content\/uploads\/2025\/11\/LP7004-600x600.webp 600w, https:\/\/mountlaser.com\/wp-content\/uploads\/2025\/11\/LP7004-150x150.webp 150w, https:\/\/mountlaser.com\/wp-content\/uploads\/2025\/11\/LP7004-768x768.webp 768w, https:\/\/mountlaser.com\/wp-content\/uploads\/2025\/11\/LP7004-12x12.webp 12w\" sizes=\"(max-width: 500px) 100vw, 500px\" \/><\/p>\n<p>Avec son \u00e9cran clair affichant les informations de distance, sa pince incluse pour une installation facile et son fonctionnement avec des piles AA, ce <a href=\"https:\/\/mountlaser.com\/fr_fr\/products\/\">D\u00e9tecteur de niveau laser<\/a> est con\u00e7u pour la commodit\u00e9, l&#039;efficacit\u00e9 et des performances fiables sur le terrain.<\/p>","protected":false},"excerpt":{"rendered":"<ul>\n<li>D\u00e9tecte rapidement et avec pr\u00e9cision les signaux laser rotatifs<\/li>\n<li>Le bo\u00eetier recouvert de caoutchouc am\u00e9liore la durabilit\u00e9 et la r\u00e9sistance aux chocs<\/li>\n<li>Conception magn\u00e9tique puissante pour une fixation mains libres sur les surfaces m\u00e9talliques<\/li>\n<li>Affiche les informations de distance pour des r\u00e9glages de nivellement pr\u00e9cis.<\/li>\n<li>Grand diam\u00e8tre de travail\u00a0: 600 \u00e0 800\u00a0m avec les lasers rotatifs MountLaser\u00a0; \u2265\u00a0600\u00a0m avec d\u2019autres marques.<\/li>\n<li>Livr\u00e9 avec une pince de fixation pour une installation facile<\/li>\n<li>Aliment\u00e9 par des piles alcalines AA standard<\/li>\n<\/ul>","protected":false},"featured_media":4707,"comment_status":"open","ping_status":"closed","template":"","meta":[],"product_brand":[],"product_cat":[134,93],"product_tag":[],"class_list":{"0":"post-4721","1":"product","2":"type-product","3":"status-publish","4":"has-post-thumbnail","6":"product_cat-rotary-laser-receiver","7":"product_cat-rotary-laser","9":"first","10":"instock","11":"shipping-taxable","12":"product-type-simple"},"_links":{"self":[{"href":"https:\/\/mountlaser.com\/fr_fr\/wp-json\/wp\/v2\/product\/4721","targetHints":{"allow":["GET"]}}],"collection":[{"href":"https:\/\/mountlaser.com\/fr_fr\/wp-json\/wp\/v2\/product"}],"about":[{"href":"https:\/\/mountlaser.com\/fr_fr\/wp-json\/wp\/v2\/types\/product"}],"replies":[{"embeddable":true,"href":"https:\/\/mountlaser.com\/fr_fr\/wp-json\/wp\/v2\/comments?post=4721"}],"wp:featuredmedia":[{"embeddable":true,"href":"https:\/\/mountlaser.com\/fr_fr\/wp-json\/wp\/v2\/media\/4707"}],"wp:attachment":[{"href":"https:\/\/mountlaser.com\/fr_fr\/wp-json\/wp\/v2\/media?parent=4721"}],"wp:term":[{"taxonomy":"product_brand","embeddable":true,"href":"https:\/\/mountlaser.com\/fr_fr\/wp-json\/wp\/v2\/product_brand?post=4721"},{"taxonomy":"product_cat","embeddable":true,"href":"https:\/\/mountlaser.com\/fr_fr\/wp-json\/wp\/v2\/product_cat?post=4721"},{"taxonomy":"product_tag","embeddable":true,"href":"https:\/\/mountlaser.com\/fr_fr\/wp-json\/wp\/v2\/product_tag?post=4721"}],"curies":[{"name":"wp","href":"https:\/\/api.w.org\/{rel}","templated":true}]}}