{"id":4717,"date":"2025-11-21T01:51:49","date_gmt":"2025-11-21T01:51:49","guid":{"rendered":"https:\/\/mountlaser.com\/?post_type=product&#038;p=4717"},"modified":"2025-11-26T06:33:01","modified_gmt":"2025-11-26T06:33:01","slug":"line-laser-kll-012","status":"publish","type":"product","link":"https:\/\/mountlaser.com\/fr_fr\/produit\/line-laser-kll-012\/","title":{"rendered":"Laser lin\u00e9aire KLL-012"},"content":{"rendered":"<p>Le Mont Laser <a href=\"https:\/\/mountlaser.com\/fr_fr\/products\/\"><strong>Laser lin\u00e9aire KLL-012<\/strong><\/a> est polyvalent et convivial <a href=\"https:\/\/mountlaser.com\/fr_fr\/about-us\/\"><strong>Niveaux laser 2D<\/strong><\/a>, Con\u00e7u pour offrir pr\u00e9cision et simplicit\u00e9 dans une multitude de projets de nivellement et d&#039;alignement, cet outil est disponible en deux mod\u00e8les\u00a0: le KLL-012R avec un faisceau rouge standard et le KLL-012G avec un faisceau vert haute visibilit\u00e9, nettement plus lumineux pour une utilisation en environnements bien \u00e9clair\u00e9s. Le KLL-012 fonctionne comme un niveau laser \u00e0 lignes crois\u00e9es de haute pr\u00e9cision, projetant des lignes horizontales et verticales nettes pour des t\u00e2ches essentielles telles que l&#039;accrochage de tableaux, l&#039;installation d&#039;\u00e9tag\u00e8res ou la pose de carrelage.<\/p>\n<p>Ce qui distingue cet instrument dans la cat\u00e9gorie de <a href=\"https:\/\/mountlaser.com\/fr_fr\/contact-us\/\">Niveaux laser 2D<\/a> Son m\u00e9canisme d&#039;auto-nivellement robuste est un atout majeur. Il se nivelle automatiquement \u00e0 \u00b13\u00b0 pr\u00e8s en moins de 5 secondes, garantissant une pr\u00e9cision de \u00b13 mm\/10 m pour des r\u00e9sultats fiables \u00e0 chaque utilisation. Sa construction durable, avec un indice de protection IP54 contre la poussi\u00e8re et l&#039;eau, assure \u00e0 ce niveau laser \u00e0 lignes crois\u00e9es une r\u00e9sistance \u00e0 toute \u00e9preuve sur les chantiers. Pour tout professionnel ou bricoleur \u00e0 la recherche d&#039;un niveau laser 2D fiable et pr\u00e9cis, le KLL-012 offre les fonctionnalit\u00e9s essentielles pour un travail bien fait.<\/p>\n<p><img fetchpriority=\"high\" decoding=\"async\" class=\"aligncenter wp-image-4718\" src=\"https:\/\/mountlaser.com\/wp-content\/uploads\/2025\/11\/KLL-0121.webp\" alt=\"2D Laser Levels\" width=\"500\" height=\"500\" srcset=\"https:\/\/mountlaser.com\/wp-content\/uploads\/2025\/11\/KLL-0121.webp 800w, https:\/\/mountlaser.com\/wp-content\/uploads\/2025\/11\/KLL-0121-300x300.webp 300w, https:\/\/mountlaser.com\/wp-content\/uploads\/2025\/11\/KLL-0121-400x400.webp 400w, https:\/\/mountlaser.com\/wp-content\/uploads\/2025\/11\/KLL-0121-600x600.webp 600w, https:\/\/mountlaser.com\/wp-content\/uploads\/2025\/11\/KLL-0121-150x150.webp 150w, https:\/\/mountlaser.com\/wp-content\/uploads\/2025\/11\/KLL-0121-768x768.webp 768w, https:\/\/mountlaser.com\/wp-content\/uploads\/2025\/11\/KLL-0121-12x12.webp 12w\" sizes=\"(max-width: 500px) 100vw, 500px\" \/><\/p>\n<p>&nbsp;<\/p>\n<p><strong>Sp\u00e9cifications du laser lin\u00e9aire KLL-012<\/strong><\/p>\n<table style=\"height: 423px;\" border=\"0\" width=\"704\">\n<tbody>\n<tr>\n<td class=\"et2\">Num\u00e9ro de mod\u00e8le.<\/td>\n<td class=\"et2\">KLL-012R<\/td>\n<td class=\"et2\">KLL-012G<\/td>\n<\/tr>\n<tr>\n<td class=\"et2\">Source lumineuse<\/td>\n<td class=\"et2\">Rayon rouge<\/td>\n<td class=\"et2\">Rayon vert<\/td>\n<\/tr>\n<tr>\n<td class=\"et2\">Longueur d&#039;onde du laser<\/td>\n<td class=\"et2\">635 nm<\/td>\n<td class=\"et2\">520 nm<\/td>\n<\/tr>\n<tr>\n<td class=\"et2\">Diode laser<\/td>\n<td class=\"et2\">10 mW<\/td>\n<td class=\"et2\">30 mW<\/td>\n<\/tr>\n<tr>\n<td class=\"et2\">Cours de s\u00e9curit\u00e9 laser<\/td>\n<td class=\"et4\" colspan=\"2\">Classe 2<\/td>\n<\/tr>\n<tr>\n<td class=\"et2\">Plage de nivellement :<\/td>\n<td class=\"et4\" colspan=\"2\">\u00b13\u00b0<\/td>\n<\/tr>\n<tr>\n<td class=\"et2\">Temps de nivellement<\/td>\n<td class=\"et4\" colspan=\"2\">&lt;5 secondes<\/td>\n<\/tr>\n<tr>\n<td class=\"et2\">Pr\u00e9cision de nivellement<\/td>\n<td class=\"et4\" colspan=\"2\">\u00b13 mm\/10 m<\/td>\n<\/tr>\n<tr>\n<td class=\"et2\">Pouvoir<\/td>\n<td class=\"et4\" colspan=\"2\">3 piles alcalines AAA<\/td>\n<\/tr>\n<tr>\n<td class=\"et2\">Temps de fonctionnement<\/td>\n<td class=\"et2\">Environ 8h<\/td>\n<td class=\"et2\">Environ 6h<\/td>\n<\/tr>\n<tr>\n<td class=\"et2\">Temp\u00e9rature de fonctionnement<\/td>\n<td class=\"et4\" colspan=\"2\">-10\u2103 \u00e0 +50\u2103<\/td>\n<\/tr>\n<tr>\n<td class=\"et2\">Filetage de montage<\/td>\n<td class=\"et4\" colspan=\"2\">1\/4\u2033-20<\/td>\n<\/tr>\n<tr>\n<td class=\"et2\">\u00c9tanche<\/td>\n<td class=\"et4\" colspan=\"2\">IP54<\/td>\n<\/tr>\n<\/tbody>\n<\/table>","protected":false},"excerpt":{"rendered":"<ul>\n<li>Projection de lignes crois\u00e9es\u00a0: Projette une ligne horizontale et une ligne verticale nettes pour les t\u00e2ches d\u2019alignement essentielles.<\/li>\n<li>Autonivellement : se nivelle automatiquement dans une plage de \u00b13\u00b0 pour une installation imm\u00e9diate et pr\u00e9cise.<\/li>\n<li>Mode manuel\u00a0: Le verrouillage du pendule permet des lignes inclin\u00e9es ou un transport en toute s\u00e9curit\u00e9.<\/li>\n<li>Longue dur\u00e9e de vie de la batterie : Aliment\u00e9 par 3 piles AAA, offrant jusqu&#039;\u00e0 8 heures (rouge) ou 6 heures (vert) de fonctionnement.<\/li>\n<\/ul>","protected":false},"featured_media":4720,"comment_status":"open","ping_status":"closed","template":"","meta":[],"product_brand":[],"product_cat":[92],"product_tag":[],"class_list":{"0":"post-4717","1":"product","2":"type-product","3":"status-publish","4":"has-post-thumbnail","6":"product_cat-line-laser","8":"first","9":"instock","10":"shipping-taxable","11":"product-type-simple"},"_links":{"self":[{"href":"https:\/\/mountlaser.com\/fr_fr\/wp-json\/wp\/v2\/product\/4717","targetHints":{"allow":["GET"]}}],"collection":[{"href":"https:\/\/mountlaser.com\/fr_fr\/wp-json\/wp\/v2\/product"}],"about":[{"href":"https:\/\/mountlaser.com\/fr_fr\/wp-json\/wp\/v2\/types\/product"}],"replies":[{"embeddable":true,"href":"https:\/\/mountlaser.com\/fr_fr\/wp-json\/wp\/v2\/comments?post=4717"}],"wp:featuredmedia":[{"embeddable":true,"href":"https:\/\/mountlaser.com\/fr_fr\/wp-json\/wp\/v2\/media\/4720"}],"wp:attachment":[{"href":"https:\/\/mountlaser.com\/fr_fr\/wp-json\/wp\/v2\/media?parent=4717"}],"wp:term":[{"taxonomy":"product_brand","embeddable":true,"href":"https:\/\/mountlaser.com\/fr_fr\/wp-json\/wp\/v2\/product_brand?post=4717"},{"taxonomy":"product_cat","embeddable":true,"href":"https:\/\/mountlaser.com\/fr_fr\/wp-json\/wp\/v2\/product_cat?post=4717"},{"taxonomy":"product_tag","embeddable":true,"href":"https:\/\/mountlaser.com\/fr_fr\/wp-json\/wp\/v2\/product_tag?post=4717"}],"curies":[{"name":"wp","href":"https:\/\/api.w.org\/{rel}","templated":true}]}}