{"id":4713,"date":"2025-11-21T01:37:15","date_gmt":"2025-11-21T01:37:15","guid":{"rendered":"https:\/\/mountlaser.com\/?post_type=product&#038;p=4713"},"modified":"2025-11-26T06:44:16","modified_gmt":"2025-11-26T06:44:16","slug":"line-laser-kll-015","status":"publish","type":"product","link":"https:\/\/mountlaser.com\/fr_fr\/produit\/line-laser-kll-015\/","title":{"rendered":"Laser lin\u00e9aire KLL-015"},"content":{"rendered":"<p>Le <a href=\"https:\/\/mountlaser.com\/fr_fr\/products\/\"><strong>Laser lin\u00e9aire KLL-015<\/strong><\/a> Le niveau laser pendulaire de Mount Laser est un outil polyvalent et de haute pr\u00e9cision con\u00e7u pour les professionnels exigeants. Ce niveau laser projette cinq lignes laser nettes (trois verticales et deux horizontales) sur toute surface de travail, cr\u00e9ant ainsi un plan de r\u00e9f\u00e9rence \u00e0 360\u00b0 pour les travaux d&#039;agencement complexes. Son syst\u00e8me innovant \u00e0 5 lignes laser acc\u00e9l\u00e8re consid\u00e9rablement la pose de carrelage, de plafonds, de cloisons et bien plus encore.<\/p>\n<p>Dot\u00e9 d&#039;un pendule autonivelant, ce <a href=\"https:\/\/mountlaser.com\/fr_fr\/\"><strong>Niveau laser \u00e0 pendule<\/strong><\/a> Elle garantit une pr\u00e9cision exceptionnelle de \u00b13 mm \u00e0 10 m\u00e8tres et se nivelle automatiquement en moins de 5 secondes. Pour plus de flexibilit\u00e9, le pendule peut \u00eatre verrouill\u00e9 en mode manuel, permettant ainsi de tracer des lignes angulaires. La caract\u00e9ristique remarquable de ce <a href=\"https:\/\/mountlaser.com\/fr_fr\/about-us\/\"><strong>Laser \u00e0 5 lignes<\/strong><\/a> Son atout principal r\u00e9side dans son faisceau vert brillant, six fois plus lumineux que les lasers rouges standard, assurant une visibilit\u00e9 optimale m\u00eame sous un \u00e9clairage int\u00e9rieur intense et sur de longues distances.<\/p>\n<p><img fetchpriority=\"high\" decoding=\"async\" class=\"aligncenter wp-image-4714\" src=\"https:\/\/mountlaser.com\/wp-content\/uploads\/2025\/11\/KLL-0151.webp\" alt=\"5 line Line Laser\" width=\"500\" height=\"500\" srcset=\"https:\/\/mountlaser.com\/wp-content\/uploads\/2025\/11\/KLL-0151.webp 800w, https:\/\/mountlaser.com\/wp-content\/uploads\/2025\/11\/KLL-0151-300x300.webp 300w, https:\/\/mountlaser.com\/wp-content\/uploads\/2025\/11\/KLL-0151-400x400.webp 400w, https:\/\/mountlaser.com\/wp-content\/uploads\/2025\/11\/KLL-0151-600x600.webp 600w, https:\/\/mountlaser.com\/wp-content\/uploads\/2025\/11\/KLL-0151-150x150.webp 150w, https:\/\/mountlaser.com\/wp-content\/uploads\/2025\/11\/KLL-0151-768x768.webp 768w, https:\/\/mountlaser.com\/wp-content\/uploads\/2025\/11\/KLL-0151-12x12.webp 12w\" sizes=\"(max-width: 500px) 100vw, 500px\" \/><\/p>\n<p>&nbsp;<\/p>\n<p><strong>Sp\u00e9cifications du laser lin\u00e9aire KLL-015<\/strong><\/p>\n<table style=\"border-collapse: collapse; width: 544px; height: 406px;\" border=\"0\" width=\"346\" cellspacing=\"0\" cellpadding=\"0\">\n<tbody>\n<tr style=\"height: 19.50pt;\">\n<td class=\"et2\" style=\"height: 19.50pt; width: 135.00pt;\" width=\"180\" height=\"26\">Num\u00e9ro de mod\u00e8le.<\/td>\n<td class=\"et3\" style=\"width: 124.50pt;\" width=\"166\">KLL-015G<\/td>\n<\/tr>\n<tr style=\"height: 19.50pt;\">\n<td class=\"et4\" style=\"height: 19.50pt; width: 135.00pt;\" width=\"180\" height=\"26\">Source lumineuse<\/td>\n<td class=\"et5\" style=\"width: 124.50pt;\" width=\"166\">Rayon vert<\/td>\n<\/tr>\n<tr style=\"height: 19.50pt;\">\n<td class=\"et4\" style=\"height: 19.50pt; width: 135.00pt;\" width=\"180\" height=\"26\">Longueur d&#039;onde du laser<\/td>\n<td class=\"et5\" style=\"width: 124.50pt;\" width=\"166\">520 nm<\/td>\n<\/tr>\n<tr style=\"height: 19.50pt;\">\n<td class=\"et4\" style=\"height: 19.50pt; width: 135.00pt;\" width=\"180\" height=\"26\">Puissance laser<\/td>\n<td class=\"et5\" style=\"width: 124.50pt;\" width=\"166\">30 mW<\/td>\n<\/tr>\n<tr style=\"height: 19.50pt;\">\n<td class=\"et4\" style=\"height: 19.50pt; width: 135.00pt;\" width=\"180\" height=\"26\">Diode laser \u00e0 point de descente<\/td>\n<td class=\"et5\" style=\"width: 124.50pt;\" width=\"166\">Rouge 650 nm 5 mW<\/td>\n<\/tr>\n<tr style=\"height: 19.50pt;\">\n<td class=\"et4\" style=\"height: 19.50pt; width: 135.00pt;\" width=\"180\" height=\"26\">Cours de s\u00e9curit\u00e9 laser<\/td>\n<td class=\"et5\" style=\"width: 124.50pt;\" width=\"166\">Classe 2<\/td>\n<\/tr>\n<tr style=\"height: 19.50pt;\">\n<td class=\"et4\" style=\"height: 19.50pt; width: 135.00pt;\" width=\"180\" height=\"26\">Plage de nivellement<\/td>\n<td class=\"et5\" style=\"width: 124.50pt;\" width=\"166\">\u00b13\u00b0<\/td>\n<\/tr>\n<tr style=\"height: 19.50pt;\">\n<td class=\"et4\" style=\"height: 19.50pt; width: 135.00pt;\" width=\"180\" height=\"26\">Temps de nivellement<\/td>\n<td class=\"et5\" style=\"width: 124.50pt;\" width=\"166\">&lt;5 secondes<\/td>\n<\/tr>\n<tr style=\"height: 19.50pt;\">\n<td class=\"et4\" style=\"height: 19.50pt; width: 135.00pt;\" width=\"180\" height=\"26\">Pr\u00e9cision de nivellement<\/td>\n<td class=\"et5\" style=\"width: 124.50pt;\" width=\"166\">\u00b13 mm\/10 m<\/td>\n<\/tr>\n<tr style=\"height: 38.25pt;\">\n<td class=\"et4\" style=\"height: 38.25pt; width: 135.00pt;\" width=\"180\" height=\"51\">Pouvoir<\/td>\n<td class=\"et5\" style=\"width: 124.50pt;\" width=\"166\">Batterie Li-ion 18650 3,7 V 4000 mAh<\/td>\n<\/tr>\n<tr style=\"height: 19.50pt;\">\n<td class=\"et4\" style=\"height: 19.50pt; width: 135.00pt;\" width=\"180\" height=\"26\">Temps de fonctionnement<\/td>\n<td class=\"et5\" style=\"width: 124.50pt;\" width=\"166\">Environ 6h<\/td>\n<\/tr>\n<tr style=\"height: 19.50pt;\">\n<td class=\"et4\" style=\"height: 19.50pt; width: 135.00pt;\" width=\"180\" height=\"26\">Temp\u00e9rature de fonctionnement<\/td>\n<td class=\"et5\" style=\"width: 124.50pt;\" width=\"166\">-10\u2103\uff5e+50\u2103<\/td>\n<\/tr>\n<tr style=\"height: 19.50pt;\">\n<td class=\"et4\" style=\"height: 19.50pt; width: 135.00pt;\" width=\"180\" height=\"26\">Filetage de montage<\/td>\n<td class=\"et5\" style=\"width: 124.50pt;\" width=\"166\">5\/8\u2033-11<\/td>\n<\/tr>\n<tr style=\"height: 19.50pt;\">\n<td class=\"et4\" style=\"height: 19.50pt; width: 135.00pt;\" width=\"180\" height=\"26\">\u00c9tanche<\/td>\n<td class=\"et5\" style=\"width: 124.50pt;\" width=\"166\">IP54<\/td>\n<\/tr>\n<\/tbody>\n<\/table>","protected":false},"excerpt":{"rendered":"<ul>\n<li>Laser \u00e0 5 lignes\u00a0: Projette deux lignes horizontales et trois lignes verticales pour une couverture compl\u00e8te du trac\u00e9.<\/li>\n<li>Technologie laser verte\u00a0: Comporte un faisceau vert de 520\u00a0nm, 6\u00a0fois plus lumineux que les lasers rouges, pour une visibilit\u00e9 sup\u00e9rieure.<\/li>\n<li>Pendule autonivelant : se nivelle automatiquement dans une plage de \u00b13\u00b0 pour des r\u00e9glages imm\u00e9diats et pr\u00e9cis.<\/li>\n<\/ul>","protected":false},"featured_media":4716,"comment_status":"open","ping_status":"closed","template":"","meta":[],"product_brand":[],"product_cat":[92],"product_tag":[],"class_list":{"0":"post-4713","1":"product","2":"type-product","3":"status-publish","4":"has-post-thumbnail","6":"product_cat-line-laser","8":"first","9":"instock","10":"shipping-taxable","11":"product-type-simple"},"_links":{"self":[{"href":"https:\/\/mountlaser.com\/fr_fr\/wp-json\/wp\/v2\/product\/4713","targetHints":{"allow":["GET"]}}],"collection":[{"href":"https:\/\/mountlaser.com\/fr_fr\/wp-json\/wp\/v2\/product"}],"about":[{"href":"https:\/\/mountlaser.com\/fr_fr\/wp-json\/wp\/v2\/types\/product"}],"replies":[{"embeddable":true,"href":"https:\/\/mountlaser.com\/fr_fr\/wp-json\/wp\/v2\/comments?post=4713"}],"wp:featuredmedia":[{"embeddable":true,"href":"https:\/\/mountlaser.com\/fr_fr\/wp-json\/wp\/v2\/media\/4716"}],"wp:attachment":[{"href":"https:\/\/mountlaser.com\/fr_fr\/wp-json\/wp\/v2\/media?parent=4713"}],"wp:term":[{"taxonomy":"product_brand","embeddable":true,"href":"https:\/\/mountlaser.com\/fr_fr\/wp-json\/wp\/v2\/product_brand?post=4713"},{"taxonomy":"product_cat","embeddable":true,"href":"https:\/\/mountlaser.com\/fr_fr\/wp-json\/wp\/v2\/product_cat?post=4713"},{"taxonomy":"product_tag","embeddable":true,"href":"https:\/\/mountlaser.com\/fr_fr\/wp-json\/wp\/v2\/product_tag?post=4713"}],"curies":[{"name":"wp","href":"https:\/\/api.w.org\/{rel}","templated":true}]}}