{"id":4712,"date":"2025-11-21T01:29:23","date_gmt":"2025-11-21T01:29:23","guid":{"rendered":"https:\/\/mountlaser.com\/?post_type=product&#038;p=4712"},"modified":"2025-11-26T06:45:39","modified_gmt":"2025-11-26T06:45:39","slug":"lp500-rotary-laser-receiver","status":"publish","type":"product","link":"https:\/\/mountlaser.com\/fr_fr\/produit\/lp500-rotary-laser-receiver\/","title":{"rendered":"R\u00e9cepteur laser rotatif LP500"},"content":{"rendered":"<p>Le <a href=\"https:\/\/mountlaser.com\/fr_fr\/\"><strong>R\u00e9cepteur laser rotatif LP500<\/strong> <\/a>est un mod\u00e8le haute performance <a href=\"https:\/\/mountlaser.com\/fr_fr\/products\/\"><strong>R\u00e9cepteur de niveau laser universel<\/strong><\/a> Con\u00e7u pour la d\u00e9tection \u00e0 longue port\u00e9e et un fonctionnement fiable en ext\u00e9rieur, le r\u00e9cepteur laser rotatif LP500 est dot\u00e9 d&#039;un bo\u00eetier robuste recouvert de caoutchouc. Il offre une r\u00e9sistance aux chocs sup\u00e9rieure, garantissant ainsi des performances fiables m\u00eame sur les chantiers les plus difficiles.<\/p>\n<p>Gr\u00e2ce \u00e0 sa conception magn\u00e9tique robuste sur le dessus, ce r\u00e9cepteur de niveau laser universel se fixe solidement aux surfaces m\u00e9talliques pour une utilisation mains libres, am\u00e9liorant ainsi l&#039;efficacit\u00e9 du travail. Associ\u00e9 \u00e0 un laser rotatif MountLaser, le <a href=\"https:\/\/mountlaser.com\/fr_fr\/about-us\/\">R\u00e9cepteur laser rotatif LP500<\/a> offre un diam\u00e8tre d&#039;utilisation de 800 \u00e0 1000 m, et de \u2265600 m avec d&#039;autres lasers rotatifs - id\u00e9al pour la construction, l&#039;arpentage et le nivellement de grandes surfaces.<\/p>\n<p><img fetchpriority=\"high\" decoding=\"async\" class=\"aligncenter wp-image-4703\" src=\"https:\/\/mountlaser.com\/wp-content\/uploads\/2025\/11\/LP5002.webp\" alt=\"LP500 Rotary Laser Receiver\" width=\"500\" height=\"500\" srcset=\"https:\/\/mountlaser.com\/wp-content\/uploads\/2025\/11\/LP5002.webp 800w, https:\/\/mountlaser.com\/wp-content\/uploads\/2025\/11\/LP5002-300x300.webp 300w, https:\/\/mountlaser.com\/wp-content\/uploads\/2025\/11\/LP5002-400x400.webp 400w, https:\/\/mountlaser.com\/wp-content\/uploads\/2025\/11\/LP5002-600x600.webp 600w, https:\/\/mountlaser.com\/wp-content\/uploads\/2025\/11\/LP5002-150x150.webp 150w, https:\/\/mountlaser.com\/wp-content\/uploads\/2025\/11\/LP5002-768x768.webp 768w, https:\/\/mountlaser.com\/wp-content\/uploads\/2025\/11\/LP5002-12x12.webp 12w\" sizes=\"(max-width: 500px) 100vw, 500px\" \/><\/p>\n<p>Le r\u00e9cepteur de niveau laser universel est \u00e9quip\u00e9 d&#039;une pince pour une fixation facile aux mires et fonctionne avec des piles alcalines AA standard, ce qui le rend pratique et fiable pour une utilisation sur le terrain tout au long de la journ\u00e9e.<\/p>","protected":false},"excerpt":{"rendered":"<ul>\n<li>D\u00e9tection \u00e0 longue port\u00e9e\u00a0: 800\u20131000\u00a0m avec les lasers rotatifs MountLaser\u00a0; port\u00e9e de d\u00e9tection \u2265\u00a0600\u00a0m avec d\u2019autres lasers rotatifs.<\/li>\n<li>Corps recouvert de caoutchouc pour une meilleure r\u00e9sistance aux chocs<\/li>\n<li>Conception magn\u00e9tique sup\u00e9rieure robuste pour une fixation s\u00e9curis\u00e9e<\/li>\n<li>Comprend une pince pour les tiges et les applications de nivellement<\/li>\n<li>Fonctionne avec des piles alcalines AA, largement disponibles.<\/li>\n<li>Adapt\u00e9 aux travaux de construction, de terrassement et de topographie en ext\u00e9rieur.<\/li>\n<\/ul>","protected":false},"featured_media":4702,"comment_status":"open","ping_status":"closed","template":"","meta":[],"product_brand":[],"product_cat":[134,93],"product_tag":[],"class_list":{"0":"post-4712","1":"product","2":"type-product","3":"status-publish","4":"has-post-thumbnail","6":"product_cat-rotary-laser-receiver","7":"product_cat-rotary-laser","9":"first","10":"instock","11":"shipping-taxable","12":"product-type-simple"},"_links":{"self":[{"href":"https:\/\/mountlaser.com\/fr_fr\/wp-json\/wp\/v2\/product\/4712","targetHints":{"allow":["GET"]}}],"collection":[{"href":"https:\/\/mountlaser.com\/fr_fr\/wp-json\/wp\/v2\/product"}],"about":[{"href":"https:\/\/mountlaser.com\/fr_fr\/wp-json\/wp\/v2\/types\/product"}],"replies":[{"embeddable":true,"href":"https:\/\/mountlaser.com\/fr_fr\/wp-json\/wp\/v2\/comments?post=4712"}],"wp:featuredmedia":[{"embeddable":true,"href":"https:\/\/mountlaser.com\/fr_fr\/wp-json\/wp\/v2\/media\/4702"}],"wp:attachment":[{"href":"https:\/\/mountlaser.com\/fr_fr\/wp-json\/wp\/v2\/media?parent=4712"}],"wp:term":[{"taxonomy":"product_brand","embeddable":true,"href":"https:\/\/mountlaser.com\/fr_fr\/wp-json\/wp\/v2\/product_brand?post=4712"},{"taxonomy":"product_cat","embeddable":true,"href":"https:\/\/mountlaser.com\/fr_fr\/wp-json\/wp\/v2\/product_cat?post=4712"},{"taxonomy":"product_tag","embeddable":true,"href":"https:\/\/mountlaser.com\/fr_fr\/wp-json\/wp\/v2\/product_tag?post=4712"}],"curies":[{"name":"wp","href":"https:\/\/api.w.org\/{rel}","templated":true}]}}