{"id":4634,"date":"2025-11-20T05:21:31","date_gmt":"2025-11-20T05:21:31","guid":{"rendered":"https:\/\/mountlaser.com\/?post_type=product&#038;p=4634"},"modified":"2025-11-26T07:08:50","modified_gmt":"2025-11-26T07:08:50","slug":"llra02-line-laser-rotating-adapter","status":"publish","type":"product","link":"https:\/\/mountlaser.com\/fr_fr\/produit\/llra02-line-laser-rotating-adapter\/","title":{"rendered":"Adaptateur rotatif pour laser de ligne LLRA02"},"content":{"rendered":"<p>Le <a href=\"https:\/\/mountlaser.com\/fr_fr\/products\/\"><strong>LLRA02 <!--StartFragment --><span class=\"cf0\">Adaptateur rotatif pour laser lin\u00e9aire<\/span><\/strong><\/a><!--EndFragment --> Il s&#039;agit d&#039;une solution de montage de pr\u00e9cision con\u00e7ue pour les professionnels qui exigent un positionnement pr\u00e9cis des outils de mesure laser. <a href=\"https:\/\/mountlaser.com\/fr_fr\/about-us\/\"><strong>Support de tr\u00e9pied m\u00e9tallique pour niveau laser \u00e0 rotation r\u00e9glable<\/strong><\/a> Permet une rotation fluide \u00e0 360\u00b0, offrant aux utilisateurs une flexibilit\u00e9 directionnelle totale pour les t\u00e2ches d&#039;alignement, d&#039;agencement et de nivellement. Dot\u00e9 d&#039;une structure m\u00e9tallique robuste, le LLRA02 <!--StartFragment --><span class=\"cf0\">Adaptateur rotatif pour laser lin\u00e9aire<\/span><!--EndFragment --> assure une stabilit\u00e9 \u00e0 long terme et des performances fiables sur les chantiers.<\/p>\n<p>Dot\u00e9 d&#039;un filetage rotatif universel 1\/4\u2033-20, ce support de tr\u00e9pied m\u00e9tallique pour niveau laser \u00e0 rotation r\u00e9glable se fixe facilement \u00e0 la plupart des syst\u00e8mes de tr\u00e9pieds, niveaux laser et instruments de mesure. LLRA02 <!--StartFragment --><span class=\"cf0\">Adaptateur rotatif pour laser lin\u00e9aire<\/span><!--EndFragment --> permet un r\u00e9glage pr\u00e9cis de l&#039;orientation du laser, ce qui le rend id\u00e9al pour les applications de construction int\u00e9rieure, de charpente, de carrelage et de lev\u00e9s topographiques.<\/p>\n<p><img fetchpriority=\"high\" decoding=\"async\" class=\"aligncenter wp-image-4636\" src=\"https:\/\/mountlaser.com\/wp-content\/uploads\/2025\/11\/LLRA022.webp\" alt=\"LLRA02 Line Laser Rotating Adapter\" width=\"500\" height=\"500\" srcset=\"https:\/\/mountlaser.com\/wp-content\/uploads\/2025\/11\/LLRA022.webp 800w, https:\/\/mountlaser.com\/wp-content\/uploads\/2025\/11\/LLRA022-300x300.webp 300w, https:\/\/mountlaser.com\/wp-content\/uploads\/2025\/11\/LLRA022-400x400.webp 400w, https:\/\/mountlaser.com\/wp-content\/uploads\/2025\/11\/LLRA022-600x600.webp 600w, https:\/\/mountlaser.com\/wp-content\/uploads\/2025\/11\/LLRA022-150x150.webp 150w, https:\/\/mountlaser.com\/wp-content\/uploads\/2025\/11\/LLRA022-768x768.webp 768w, https:\/\/mountlaser.com\/wp-content\/uploads\/2025\/11\/LLRA022-12x12.webp 12w\" sizes=\"(max-width: 500px) 100vw, 500px\" \/><\/p>\n<p>Con\u00e7u pour allier praticit\u00e9 et pr\u00e9cision, ce <a href=\"https:\/\/mountlaser.com\/fr_fr\/contact-us\/\">Support de tr\u00e9pied m\u00e9tallique pour niveau laser \u00e0 rotation r\u00e9glable<\/a> Am\u00e9liore l&#039;adaptabilit\u00e9 des outils tout en conservant un format compact et convivial.<\/p>\n<p>&nbsp;<\/p>","protected":false},"excerpt":{"rendered":"<ul>\n<li>Adaptateur rotatif \u00e0 360\u00b0 pour une orientation laser flexible<\/li>\n<li>Filetage universel 1\/4\u2033-20 compatible avec la plupart des niveaux laser et tr\u00e9pieds<\/li>\n<li>Construction m\u00e9tallique pour une durabilit\u00e9 et une stabilit\u00e9 accrues<\/li>\n<li>Convient aux travaux de construction, d&#039;am\u00e9nagement, de design d&#039;int\u00e9rieur et d&#039;arpentage<\/li>\n<\/ul>","protected":false},"featured_media":4635,"comment_status":"open","ping_status":"closed","template":"","meta":[],"product_brand":[],"product_cat":[94,130],"product_tag":[],"class_list":{"0":"post-4634","1":"product","2":"type-product","3":"status-publish","4":"has-post-thumbnail","6":"product_cat-laser-level-accessory","7":"product_cat-line-laser-rotating-adapter","9":"first","10":"instock","11":"shipping-taxable","12":"product-type-simple"},"_links":{"self":[{"href":"https:\/\/mountlaser.com\/fr_fr\/wp-json\/wp\/v2\/product\/4634","targetHints":{"allow":["GET"]}}],"collection":[{"href":"https:\/\/mountlaser.com\/fr_fr\/wp-json\/wp\/v2\/product"}],"about":[{"href":"https:\/\/mountlaser.com\/fr_fr\/wp-json\/wp\/v2\/types\/product"}],"replies":[{"embeddable":true,"href":"https:\/\/mountlaser.com\/fr_fr\/wp-json\/wp\/v2\/comments?post=4634"}],"wp:featuredmedia":[{"embeddable":true,"href":"https:\/\/mountlaser.com\/fr_fr\/wp-json\/wp\/v2\/media\/4635"}],"wp:attachment":[{"href":"https:\/\/mountlaser.com\/fr_fr\/wp-json\/wp\/v2\/media?parent=4634"}],"wp:term":[{"taxonomy":"product_brand","embeddable":true,"href":"https:\/\/mountlaser.com\/fr_fr\/wp-json\/wp\/v2\/product_brand?post=4634"},{"taxonomy":"product_cat","embeddable":true,"href":"https:\/\/mountlaser.com\/fr_fr\/wp-json\/wp\/v2\/product_cat?post=4634"},{"taxonomy":"product_tag","embeddable":true,"href":"https:\/\/mountlaser.com\/fr_fr\/wp-json\/wp\/v2\/product_tag?post=4634"}],"curies":[{"name":"wp","href":"https:\/\/api.w.org\/{rel}","templated":true}]}}