{"id":4627,"date":"2025-11-20T02:18:38","date_gmt":"2025-11-20T02:18:38","guid":{"rendered":"https:\/\/mountlaser.com\/?post_type=product&#038;p=4627"},"modified":"2025-11-26T07:11:19","modified_gmt":"2025-11-26T07:11:19","slug":"llra09-line-laser-rotating-adapter","status":"publish","type":"product","link":"https:\/\/mountlaser.com\/fr_fr\/produit\/llra09-line-laser-rotating-adapter\/","title":{"rendered":"Adaptateur rotatif pour laser de ligne LLRA09"},"content":{"rendered":"<p>Le <strong><a href=\"https:\/\/mountlaser.com\/fr_fr\/categorie-produit\/laser-level-accessory\/\">LLRA09 <!--StartFragment --><span class=\"cf0\">Adaptateur rotatif pour laser lin\u00e9aire<\/span><\/a><!--EndFragment --><\/strong>\u00a0est un produit durable et con\u00e7u avec pr\u00e9cision<a href=\"https:\/\/mountlaser.com\/fr_fr\/about-us\/\"> <strong>Adaptateur de niveau laser avec base rotative en m\u00e9tal \u00e0 360\u00b0<\/strong><\/a> Con\u00e7u pour les professionnels exigeant un positionnement laser stable, fluide et d&#039;une grande pr\u00e9cision, cet adaptateur de niveau laser avec base rotative \u00e0 360\u00b0 est dot\u00e9 d&#039;une structure m\u00e9tallique robuste. Il offre une rotation sans \u00e0-coups, permettant un alignement d&#039;une pr\u00e9cision exceptionnelle lors des travaux de nivellement, de tra\u00e7age et de construction.<\/p>\n<p>Le LLRA09 <!--StartFragment --><span class=\"cf0\">Adaptateur rotatif pour laser lin\u00e9aire<\/span><!--EndFragment --> Disponible en deux versions pour s&#039;adapter aux diff\u00e9rentes normes de montage\u00a0: LLRA09A avec filetage 1\/4\u2033-20 et LLRA09B avec filetage 5\/8\u2033-11, cet adaptateur est compatible avec une large gamme de niveaux laser et de tr\u00e9pieds. Gr\u00e2ce \u00e0 son m\u00e9canisme de rotation fluide, la base m\u00e9tallique rotative \u00e0 360\u00b0 pour adaptateur de niveau laser garantit des r\u00e9glages d&#039;angle pr\u00e9cis et une stabilit\u00e9 optimale sur tous les chantiers.<\/p>\n<p><img fetchpriority=\"high\" decoding=\"async\" class=\"aligncenter wp-image-4628\" src=\"https:\/\/mountlaser.com\/wp-content\/uploads\/2025\/11\/LLRA091.webp\" alt=\"LLRA09 Line Laser Adapter\" width=\"500\" height=\"500\" srcset=\"https:\/\/mountlaser.com\/wp-content\/uploads\/2025\/11\/LLRA091.webp 800w, https:\/\/mountlaser.com\/wp-content\/uploads\/2025\/11\/LLRA091-300x300.webp 300w, https:\/\/mountlaser.com\/wp-content\/uploads\/2025\/11\/LLRA091-400x400.webp 400w, https:\/\/mountlaser.com\/wp-content\/uploads\/2025\/11\/LLRA091-600x600.webp 600w, https:\/\/mountlaser.com\/wp-content\/uploads\/2025\/11\/LLRA091-150x150.webp 150w, https:\/\/mountlaser.com\/wp-content\/uploads\/2025\/11\/LLRA091-768x768.webp 768w, https:\/\/mountlaser.com\/wp-content\/uploads\/2025\/11\/LLRA091-12x12.webp 12w\" sizes=\"(max-width: 500px) 100vw, 500px\" \/><\/p>\n<p>Con\u00e7u pour les utilisateurs exigeant fiabilit\u00e9 et polyvalence, <a href=\"https:\/\/mountlaser.com\/fr_fr\/contact-us\/\">LLRA09 <!--StartFragment --><span class=\"cf0\">Adaptateur rotatif pour laser lin\u00e9aire<\/span><\/a><!--EndFragment --> Am\u00e9liore l&#039;efficacit\u00e9 du flux de travail gr\u00e2ce \u00e0 une installation rapide, un montage s\u00e9curis\u00e9 et un contr\u00f4le pr\u00e9cis de la rotation.<\/p>","protected":false},"excerpt":{"rendered":"<ul>\n<li>Assure une rotation stable et fluide \u00e0 360\u00b0 pour un alignement laser pr\u00e9cis<\/li>\n<li>Disponible en options de filetage 1\/4\u2033-20 (LLRA09A) et 5\/8\u2033-11 (LLRA09B).<\/li>\n<li>Compatible avec la plupart des niveaux laser, tr\u00e9pieds et syst\u00e8mes de montage.<\/li>\n<li>Id\u00e9al pour le nivellement, l&#039;agencement et les r\u00e9glages d&#039;angles pr\u00e9cis.<\/li>\n<\/ul>","protected":false},"featured_media":4628,"comment_status":"open","ping_status":"closed","template":"","meta":[],"product_brand":[],"product_cat":[130,94],"product_tag":[],"class_list":{"0":"post-4627","1":"product","2":"type-product","3":"status-publish","4":"has-post-thumbnail","6":"product_cat-line-laser-rotating-adapter","7":"product_cat-laser-level-accessory","9":"first","10":"instock","11":"shipping-taxable","12":"product-type-simple"},"_links":{"self":[{"href":"https:\/\/mountlaser.com\/fr_fr\/wp-json\/wp\/v2\/product\/4627","targetHints":{"allow":["GET"]}}],"collection":[{"href":"https:\/\/mountlaser.com\/fr_fr\/wp-json\/wp\/v2\/product"}],"about":[{"href":"https:\/\/mountlaser.com\/fr_fr\/wp-json\/wp\/v2\/types\/product"}],"replies":[{"embeddable":true,"href":"https:\/\/mountlaser.com\/fr_fr\/wp-json\/wp\/v2\/comments?post=4627"}],"wp:featuredmedia":[{"embeddable":true,"href":"https:\/\/mountlaser.com\/fr_fr\/wp-json\/wp\/v2\/media\/4628"}],"wp:attachment":[{"href":"https:\/\/mountlaser.com\/fr_fr\/wp-json\/wp\/v2\/media?parent=4627"}],"wp:term":[{"taxonomy":"product_brand","embeddable":true,"href":"https:\/\/mountlaser.com\/fr_fr\/wp-json\/wp\/v2\/product_brand?post=4627"},{"taxonomy":"product_cat","embeddable":true,"href":"https:\/\/mountlaser.com\/fr_fr\/wp-json\/wp\/v2\/product_cat?post=4627"},{"taxonomy":"product_tag","embeddable":true,"href":"https:\/\/mountlaser.com\/fr_fr\/wp-json\/wp\/v2\/product_tag?post=4627"}],"curies":[{"name":"wp","href":"https:\/\/api.w.org\/{rel}","templated":true}]}}