{"id":4623,"date":"2025-11-20T01:45:28","date_gmt":"2025-11-20T01:45:28","guid":{"rendered":"https:\/\/mountlaser.com\/?post_type=product&#038;p=4623"},"modified":"2025-11-26T07:13:10","modified_gmt":"2025-11-26T07:13:10","slug":"llra04-line-laser-rotating-adapter","status":"publish","type":"product","link":"https:\/\/mountlaser.com\/fr_fr\/produit\/llra04-line-laser-rotating-adapter\/","title":{"rendered":"Adaptateur rotatif pour laser de ligne LLRA04"},"content":{"rendered":"<p>Le <strong><a href=\"https:\/\/mountlaser.com\/fr_fr\/\">LLRA04 <!--StartFragment --><span class=\"cf0\">Adaptateur rotatif pour laser lin\u00e9aire<\/span><\/a><!--EndFragment --><\/strong>\u00a0est un accessoire professionnel con\u00e7u pour assurer un r\u00e9glage rotatif fluide et un positionnement pr\u00e9cis des outils de mesure laser. Con\u00e7u pour \u00eatre polyvalent.<a href=\"https:\/\/mountlaser.com\/fr_fr\/contact-us\/\"> <strong>Base rotative \u00e0 360 degr\u00e9s pour tr\u00e9pied de niveau laser<\/strong><\/a>, Il permet aux utilisateurs de r\u00e9gler avec pr\u00e9cision et facilit\u00e9 la direction et l&#039;angle de leur niveau laser.<\/p>\n<p>Gr\u00e2ce \u00e0 sa construction robuste et \u00e0 son filetage universel 1\/4\u2033-20, le LLRA04 <!--StartFragment --><span class=\"cf0\">Adaptateur rotatif pour laser lin\u00e9aire<\/span><!--EndFragment --> Compatible avec une large gamme de niveaux laser et d&#039;appareils de mesure, ce tr\u00e9pied robuste \u00e0 rotation \u00e0 360\u00b0 pour niveau laser offre une stabilit\u00e9 et une fluidit\u00e9 de rotation optimales, ce qui le rend id\u00e9al pour les applications d&#039;alignement, de tra\u00e7age et de nivellement n\u00e9cessitant un contr\u00f4le directionnel pr\u00e9cis.<\/p>\n<p><img fetchpriority=\"high\" decoding=\"async\" class=\"aligncenter wp-image-4625\" src=\"https:\/\/mountlaser.com\/wp-content\/uploads\/2025\/11\/LLRA042.webp\" alt=\"LLRA04 Line Laser Rotating Adapter\" width=\"500\" height=\"500\" srcset=\"https:\/\/mountlaser.com\/wp-content\/uploads\/2025\/11\/LLRA042.webp 800w, https:\/\/mountlaser.com\/wp-content\/uploads\/2025\/11\/LLRA042-300x300.webp 300w, https:\/\/mountlaser.com\/wp-content\/uploads\/2025\/11\/LLRA042-400x400.webp 400w, https:\/\/mountlaser.com\/wp-content\/uploads\/2025\/11\/LLRA042-600x600.webp 600w, https:\/\/mountlaser.com\/wp-content\/uploads\/2025\/11\/LLRA042-150x150.webp 150w, https:\/\/mountlaser.com\/wp-content\/uploads\/2025\/11\/LLRA042-768x768.webp 768w, https:\/\/mountlaser.com\/wp-content\/uploads\/2025\/11\/LLRA042-12x12.webp 12w\" sizes=\"(max-width: 500px) 100vw, 500px\" \/><\/p>\n<p>Les professionnels du b\u00e2timent, du g\u00e9om\u00e8tre-expert et de l&#039;am\u00e9nagement int\u00e9rieur appr\u00e9cieront la fiabilit\u00e9 et la flexibilit\u00e9 offertes par ce produit. <a href=\"https:\/\/mountlaser.com\/fr_fr\/products\/\">LLRA04 <!--StartFragment --><span class=\"cf0\">Adaptateur rotatif pour laser lin\u00e9aire<\/span><\/a><!--EndFragment -->, garantissant ainsi des performances constantes sur tous les chantiers.<\/p>","protected":false},"excerpt":{"rendered":"<ul>\n<li>Permet une rotation fluide \u00e0 360\u00b0 pour un r\u00e9glage directionnel pr\u00e9cis<\/li>\n<li>Filetage universel 1\/4\u2033-20 compatible avec la plupart des niveaux laser<\/li>\n<li>Am\u00e9liore la pr\u00e9cision lors des t\u00e2ches d&#039;alignement, de nivellement et d&#039;implantation<\/li>\n<li>Id\u00e9al pour une utilisation sur tr\u00e9pieds et syst\u00e8mes de montage<\/li>\n<\/ul>","protected":false},"featured_media":4624,"comment_status":"open","ping_status":"closed","template":"","meta":[],"product_brand":[],"product_cat":[130,94],"product_tag":[],"class_list":{"0":"post-4623","1":"product","2":"type-product","3":"status-publish","4":"has-post-thumbnail","6":"product_cat-line-laser-rotating-adapter","7":"product_cat-laser-level-accessory","9":"first","10":"instock","11":"shipping-taxable","12":"product-type-simple"},"_links":{"self":[{"href":"https:\/\/mountlaser.com\/fr_fr\/wp-json\/wp\/v2\/product\/4623","targetHints":{"allow":["GET"]}}],"collection":[{"href":"https:\/\/mountlaser.com\/fr_fr\/wp-json\/wp\/v2\/product"}],"about":[{"href":"https:\/\/mountlaser.com\/fr_fr\/wp-json\/wp\/v2\/types\/product"}],"replies":[{"embeddable":true,"href":"https:\/\/mountlaser.com\/fr_fr\/wp-json\/wp\/v2\/comments?post=4623"}],"wp:featuredmedia":[{"embeddable":true,"href":"https:\/\/mountlaser.com\/fr_fr\/wp-json\/wp\/v2\/media\/4624"}],"wp:attachment":[{"href":"https:\/\/mountlaser.com\/fr_fr\/wp-json\/wp\/v2\/media?parent=4623"}],"wp:term":[{"taxonomy":"product_brand","embeddable":true,"href":"https:\/\/mountlaser.com\/fr_fr\/wp-json\/wp\/v2\/product_brand?post=4623"},{"taxonomy":"product_cat","embeddable":true,"href":"https:\/\/mountlaser.com\/fr_fr\/wp-json\/wp\/v2\/product_cat?post=4623"},{"taxonomy":"product_tag","embeddable":true,"href":"https:\/\/mountlaser.com\/fr_fr\/wp-json\/wp\/v2\/product_tag?post=4623"}],"curies":[{"name":"wp","href":"https:\/\/api.w.org\/{rel}","templated":true}]}}