{"id":4621,"date":"2025-11-19T08:52:30","date_gmt":"2025-11-19T08:52:30","guid":{"rendered":"https:\/\/mountlaser.com\/?post_type=product&#038;p=4621"},"modified":"2025-11-26T07:36:46","modified_gmt":"2025-11-26T07:36:46","slug":"llra01-line-laser-rotating-adapter","status":"publish","type":"product","link":"https:\/\/mountlaser.com\/fr_fr\/produit\/llra01-line-laser-rotating-adapter\/","title":{"rendered":"Adaptateur rotatif pour laser de ligne LLRA01"},"content":{"rendered":"<p>Le <a href=\"https:\/\/mountlaser.com\/fr_fr\/\"><strong>LLRA01 <!--StartFragment --><span class=\"cf0\">Adaptateur rotatif pour laser lin\u00e9aire<\/span><\/strong><\/a><!--EndFragment --> Le LLRA01 est un accessoire polyvalent et de pr\u00e9cision con\u00e7u pour assurer un montage stable et un r\u00e9glage fin des outils laser. Dot\u00e9 d&#039;un syst\u00e8me \u00e0 double filetage (1\/4\u2033-20 en haut et 5\/8\u2033-11 en bas, diam\u00e8tre ext\u00e9rieur 65 mm), il offre une grande polyvalence. <!--StartFragment --><span class=\"cf0\">Adaptateur rotatif pour laser lin\u00e9aire<\/span><!--EndFragment --> est compatible avec une large gamme de niveaux laser et de tr\u00e9pieds.<\/p>\n<p>Dot\u00e9 d&#039;un adaptateur de niveau laser fluide avec bouton rotatif \u00e0 360\u00b0, cet adaptateur permet aux utilisateurs d&#039;effectuer des r\u00e9glages de rotation pr\u00e9cis pour un alignement et un tra\u00e7age pr\u00e9cis. <strong>Niveau laser <a href=\"https:\/\/mountlaser.com\/fr_fr\/about-us\/\">Adaptateur avec bouton rotatif \u00e0 360\u00b0<\/a><\/strong> assure un r\u00e9glage d&#039;angle facile et pr\u00e9cis, ce qui le rend id\u00e9al pour les travaux de construction, d&#039;am\u00e9nagement int\u00e9rieur, de charpente et de lev\u00e9s topographiques.<\/p>\n<p><img fetchpriority=\"high\" decoding=\"async\" class=\"aligncenter wp-image-4622\" src=\"https:\/\/mountlaser.com\/wp-content\/uploads\/2025\/11\/LLRA011.webp\" alt=\"LLRA01 Line Laser Adapter\" width=\"500\" height=\"500\" srcset=\"https:\/\/mountlaser.com\/wp-content\/uploads\/2025\/11\/LLRA011.webp 800w, https:\/\/mountlaser.com\/wp-content\/uploads\/2025\/11\/LLRA011-300x300.webp 300w, https:\/\/mountlaser.com\/wp-content\/uploads\/2025\/11\/LLRA011-400x400.webp 400w, https:\/\/mountlaser.com\/wp-content\/uploads\/2025\/11\/LLRA011-600x600.webp 600w, https:\/\/mountlaser.com\/wp-content\/uploads\/2025\/11\/LLRA011-150x150.webp 150w, https:\/\/mountlaser.com\/wp-content\/uploads\/2025\/11\/LLRA011-768x768.webp 768w, https:\/\/mountlaser.com\/wp-content\/uploads\/2025\/11\/LLRA011-12x12.webp 12w\" sizes=\"(max-width: 500px) 100vw, 500px\" \/><\/p>\n<p>Qu\u2019il soit utilis\u00e9 sur des tr\u00e9pieds de chantier ou sur des supports au sol, le <a href=\"https:\/\/mountlaser.com\/fr_fr\/products\/\">LLRA01 <!--StartFragment --><span class=\"cf0\">Adaptateur rotatif pour laser lin\u00e9aire<\/span><\/a><!--EndFragment --> Offrant un support stable, un positionnement flexible et une rotation fluide, cet adaptateur de niveau laser fiable avec molette rotative \u00e0 360\u00b0 optimise le flux de travail et garantit des projections laser parfaitement align\u00e9es \u00e0 chaque utilisation.<\/p>","protected":false},"excerpt":{"rendered":"<ul>\n<li>R\u00e9glage rotatif fluide \u00e0 360\u00b0 gr\u00e2ce \u00e0 l&#039;adaptateur de niveau laser avec molette rotative \u00e0 360\u00b0<\/li>\n<li>Filetage sup\u00e9rieur 1\/4\u2033-20 pour une compatibilit\u00e9 universelle avec les niveaux laser<\/li>\n<li>Filetage inf\u00e9rieur 5\/8\u2033-11 (diam\u00e8tre ext\u00e9rieur 65 mm) pour tr\u00e9pieds et bases<\/li>\n<li>Permet un alignement pr\u00e9cis pour les t\u00e2ches de mise en page, de nivellement et d&#039;encadrement<\/li>\n<\/ul>","protected":false},"featured_media":4622,"comment_status":"open","ping_status":"closed","template":"","meta":[],"product_brand":[],"product_cat":[94,130],"product_tag":[],"class_list":{"0":"post-4621","1":"product","2":"type-product","3":"status-publish","4":"has-post-thumbnail","6":"product_cat-laser-level-accessory","7":"product_cat-line-laser-rotating-adapter","9":"first","10":"instock","11":"shipping-taxable","12":"product-type-simple"},"_links":{"self":[{"href":"https:\/\/mountlaser.com\/fr_fr\/wp-json\/wp\/v2\/product\/4621","targetHints":{"allow":["GET"]}}],"collection":[{"href":"https:\/\/mountlaser.com\/fr_fr\/wp-json\/wp\/v2\/product"}],"about":[{"href":"https:\/\/mountlaser.com\/fr_fr\/wp-json\/wp\/v2\/types\/product"}],"replies":[{"embeddable":true,"href":"https:\/\/mountlaser.com\/fr_fr\/wp-json\/wp\/v2\/comments?post=4621"}],"wp:featuredmedia":[{"embeddable":true,"href":"https:\/\/mountlaser.com\/fr_fr\/wp-json\/wp\/v2\/media\/4622"}],"wp:attachment":[{"href":"https:\/\/mountlaser.com\/fr_fr\/wp-json\/wp\/v2\/media?parent=4621"}],"wp:term":[{"taxonomy":"product_brand","embeddable":true,"href":"https:\/\/mountlaser.com\/fr_fr\/wp-json\/wp\/v2\/product_brand?post=4621"},{"taxonomy":"product_cat","embeddable":true,"href":"https:\/\/mountlaser.com\/fr_fr\/wp-json\/wp\/v2\/product_cat?post=4621"},{"taxonomy":"product_tag","embeddable":true,"href":"https:\/\/mountlaser.com\/fr_fr\/wp-json\/wp\/v2\/product_tag?post=4621"}],"curies":[{"name":"wp","href":"https:\/\/api.w.org\/{rel}","templated":true}]}}