{"id":4613,"date":"2025-11-19T07:36:25","date_gmt":"2025-11-19T07:36:25","guid":{"rendered":"https:\/\/mountlaser.com\/?post_type=product&#038;p=4613"},"modified":"2025-11-26T08:12:13","modified_gmt":"2025-11-26T08:12:13","slug":"llra05-line-laser-rotating-adapter","status":"publish","type":"product","link":"https:\/\/mountlaser.com\/fr_fr\/produit\/llra05-line-laser-rotating-adapter\/","title":{"rendered":"Adaptateur rotatif pour laser de ligne LLRA05"},"content":{"rendered":"<p>Le <a href=\"https:\/\/mountlaser.com\/fr_fr\/products\/\"><strong>base laser rotative<\/strong><\/a> LLRA05 est un instrument de haute pr\u00e9cision <a href=\"https:\/\/mountlaser.com\/fr_fr\/about-us\/\"><strong>Base rotative \u00e0 360 degr\u00e9s<\/strong><\/a> Con\u00e7ue pour un positionnement pr\u00e9cis et fluide avec tous types de niveaux laser, cette base laser rotative est id\u00e9ale pour les applications de mesure professionnelles. Elle offre un contr\u00f4le pr\u00e9cis de la rotation, permettant un r\u00e9glage fin de l&#039;alignement et un tra\u00e7age d&#039;une pr\u00e9cision exceptionnelle.<\/p>\n<p>Dot\u00e9e d&#039;une construction robuste et d&#039;un adaptateur rotatif universel pour niveau laser 1\/4\u2033-20, la base rotative \u00e0 360\u00b0 est compatible avec une large gamme de lasers de ligne et de point. Sa conception fiable et stable garantit des performances constantes sur tous les chantiers. Que ce soit pour le nivellement, l&#039;alignement ou le tra\u00e7age, cette base laser rotative offre une fluidit\u00e9 et une r\u00e9p\u00e9tabilit\u00e9 exceptionnelles lors du r\u00e9glage des angles ou de la rotation de l&#039;instrument.<\/p>\n<p><img fetchpriority=\"high\" decoding=\"async\" class=\"aligncenter wp-image-4616\" src=\"https:\/\/mountlaser.com\/wp-content\/uploads\/2025\/11\/LLRA053.webp\" alt=\"LLRA05 Rotating laser base\" width=\"500\" height=\"500\" srcset=\"https:\/\/mountlaser.com\/wp-content\/uploads\/2025\/11\/LLRA053.webp 1000w, https:\/\/mountlaser.com\/wp-content\/uploads\/2025\/11\/LLRA053-300x300.webp 300w, https:\/\/mountlaser.com\/wp-content\/uploads\/2025\/11\/LLRA053-400x400.webp 400w, https:\/\/mountlaser.com\/wp-content\/uploads\/2025\/11\/LLRA053-800x800.webp 800w, https:\/\/mountlaser.com\/wp-content\/uploads\/2025\/11\/LLRA053-600x600.webp 600w, https:\/\/mountlaser.com\/wp-content\/uploads\/2025\/11\/LLRA053-150x150.webp 150w, https:\/\/mountlaser.com\/wp-content\/uploads\/2025\/11\/LLRA053-768x768.webp 768w, https:\/\/mountlaser.com\/wp-content\/uploads\/2025\/11\/LLRA053-12x12.webp 12w\" sizes=\"(max-width: 500px) 100vw, 500px\" \/><\/p>\n<p>Con\u00e7u pour les utilisateurs exigeants, le <a href=\"https:\/\/mountlaser.com\/fr_fr\/contact-us\/\">Base rotative \u00e0 360 degr\u00e9s LLRA05<\/a> Il offre le contr\u00f4le n\u00e9cessaire aux t\u00e2ches de construction, de charpente, d&#039;am\u00e9nagement int\u00e9rieur et de lev\u00e9 topographique o\u00f9 une rotation et un positionnement pr\u00e9cis sont essentiels.<\/p>","protected":false},"excerpt":{"rendered":"<ul>\n<li>Permet une rotation fluide \u00e0 360\u00b0 pour un positionnement laser pr\u00e9cis<\/li>\n<li>Sa structure de haute pr\u00e9cision garantit un alignement et une disposition pr\u00e9cis.<\/li>\n<li>Adaptateur rotatif universel 1\/4\u2033-20 compatible avec la plupart des niveaux laser<\/li>\n<\/ul>","protected":false},"featured_media":4614,"comment_status":"open","ping_status":"closed","template":"","meta":[],"product_brand":[],"product_cat":[94,130],"product_tag":[],"class_list":{"0":"post-4613","1":"product","2":"type-product","3":"status-publish","4":"has-post-thumbnail","6":"product_cat-laser-level-accessory","7":"product_cat-line-laser-rotating-adapter","9":"first","10":"instock","11":"shipping-taxable","12":"product-type-simple"},"_links":{"self":[{"href":"https:\/\/mountlaser.com\/fr_fr\/wp-json\/wp\/v2\/product\/4613","targetHints":{"allow":["GET"]}}],"collection":[{"href":"https:\/\/mountlaser.com\/fr_fr\/wp-json\/wp\/v2\/product"}],"about":[{"href":"https:\/\/mountlaser.com\/fr_fr\/wp-json\/wp\/v2\/types\/product"}],"replies":[{"embeddable":true,"href":"https:\/\/mountlaser.com\/fr_fr\/wp-json\/wp\/v2\/comments?post=4613"}],"wp:featuredmedia":[{"embeddable":true,"href":"https:\/\/mountlaser.com\/fr_fr\/wp-json\/wp\/v2\/media\/4614"}],"wp:attachment":[{"href":"https:\/\/mountlaser.com\/fr_fr\/wp-json\/wp\/v2\/media?parent=4613"}],"wp:term":[{"taxonomy":"product_brand","embeddable":true,"href":"https:\/\/mountlaser.com\/fr_fr\/wp-json\/wp\/v2\/product_brand?post=4613"},{"taxonomy":"product_cat","embeddable":true,"href":"https:\/\/mountlaser.com\/fr_fr\/wp-json\/wp\/v2\/product_cat?post=4613"},{"taxonomy":"product_tag","embeddable":true,"href":"https:\/\/mountlaser.com\/fr_fr\/wp-json\/wp\/v2\/product_tag?post=4613"}],"curies":[{"name":"wp","href":"https:\/\/api.w.org\/{rel}","templated":true}]}}