{"id":4600,"date":"2025-11-19T05:44:02","date_gmt":"2025-11-19T05:44:02","guid":{"rendered":"https:\/\/mountlaser.com\/?post_type=product&#038;p=4600"},"modified":"2025-11-26T08:13:47","modified_gmt":"2025-11-26T08:13:47","slug":"llb25-line-laser-bracket","status":"publish","type":"product","link":"https:\/\/mountlaser.com\/fr_fr\/produit\/llb25-line-laser-bracket\/","title":{"rendered":"Support laser LLB25"},"content":{"rendered":"<p>Le <a href=\"https:\/\/mountlaser.com\/fr_fr\/about-us\/\"><strong>Support laser LLB25<\/strong><\/a> est durable et polyvalent <a href=\"https:\/\/mountlaser.com\/fr_fr\/categorie-produit\/laser-level-accessory\/\"><strong>Support magn\u00e9tique en L<\/strong><\/a> Con\u00e7u pour offrir un support de montage fiable pour une large gamme d&#039;outils laser lin\u00e9aires, le support laser lin\u00e9aire LLB25 est dot\u00e9 d&#039;une base magn\u00e9tique puissante et d&#039;un filetage universel 1\/4\u2033-20. Il assure une fixation s\u00e9curis\u00e9e sur les surfaces m\u00e9talliques et un positionnement stable lors des op\u00e9rations de nivellement et d&#039;alignement.<\/p>\n<p>Disponible en deux mod\u00e8les (LLB25A et LLB25AB), ce support magn\u00e9tique en L offre une compatibilit\u00e9 accrue et des options de montage flexibles pour s&#039;adapter \u00e0 diff\u00e9rentes conditions de chantier. Que ce soit pour la construction, l&#039;am\u00e9nagement int\u00e9rieur ou les travaux d&#039;alignement professionnels, le support laser LLB25 garantit des performances constantes, une installation facile et un maintien fiable pour les applications de mesure de pr\u00e9cision.<\/p>\n<figure id=\"attachment_4602\" aria-describedby=\"caption-attachment-4602\" style=\"width: 500px\" class=\"wp-caption aligncenter\"><img fetchpriority=\"high\" decoding=\"async\" class=\"wp-image-4602\" src=\"https:\/\/mountlaser.com\/wp-content\/uploads\/2025\/11\/WB25A2.webp\" alt=\"LLB25 Line Laser Bracket\" width=\"500\" height=\"500\" srcset=\"https:\/\/mountlaser.com\/wp-content\/uploads\/2025\/11\/WB25A2.webp 1000w, https:\/\/mountlaser.com\/wp-content\/uploads\/2025\/11\/WB25A2-300x300.webp 300w, https:\/\/mountlaser.com\/wp-content\/uploads\/2025\/11\/WB25A2-400x400.webp 400w, https:\/\/mountlaser.com\/wp-content\/uploads\/2025\/11\/WB25A2-800x800.webp 800w, https:\/\/mountlaser.com\/wp-content\/uploads\/2025\/11\/WB25A2-600x600.webp 600w, https:\/\/mountlaser.com\/wp-content\/uploads\/2025\/11\/WB25A2-150x150.webp 150w, https:\/\/mountlaser.com\/wp-content\/uploads\/2025\/11\/WB25A2-768x768.webp 768w, https:\/\/mountlaser.com\/wp-content\/uploads\/2025\/11\/WB25A2-12x12.webp 12w\" sizes=\"(max-width: 500px) 100vw, 500px\" \/><figcaption id=\"caption-attachment-4602\" class=\"wp-caption-text\">Support laser de ligne LLB25A<\/figcaption><\/figure>\n<figure id=\"attachment_4609\" aria-describedby=\"caption-attachment-4609\" style=\"width: 500px\" class=\"wp-caption aligncenter\"><img decoding=\"async\" class=\"wp-image-4609\" src=\"https:\/\/mountlaser.com\/wp-content\/uploads\/2025\/11\/WB25B2.webp\" alt=\"LLB25 Line Laser Bracket\" width=\"500\" height=\"500\" srcset=\"https:\/\/mountlaser.com\/wp-content\/uploads\/2025\/11\/WB25B2.webp 1000w, https:\/\/mountlaser.com\/wp-content\/uploads\/2025\/11\/WB25B2-300x300.webp 300w, https:\/\/mountlaser.com\/wp-content\/uploads\/2025\/11\/WB25B2-400x400.webp 400w, https:\/\/mountlaser.com\/wp-content\/uploads\/2025\/11\/WB25B2-800x800.webp 800w, https:\/\/mountlaser.com\/wp-content\/uploads\/2025\/11\/WB25B2-600x600.webp 600w, https:\/\/mountlaser.com\/wp-content\/uploads\/2025\/11\/WB25B2-150x150.webp 150w, https:\/\/mountlaser.com\/wp-content\/uploads\/2025\/11\/WB25B2-768x768.webp 768w, https:\/\/mountlaser.com\/wp-content\/uploads\/2025\/11\/WB25B2-12x12.webp 12w\" sizes=\"(max-width: 500px) 100vw, 500px\" \/><figcaption id=\"caption-attachment-4609\" class=\"wp-caption-text\">Support laser de ligne LLB25AB<\/figcaption><\/figure>\n<p>Con\u00e7u pour une longue dur\u00e9e de vie, le design magn\u00e9tique en forme de L du support assure une fixation ferme et un positionnement stable, ce qui en fait <a href=\"https:\/\/mountlaser.com\/fr_fr\/contact-us\/\">Support magn\u00e9tique en L<\/a> Un accessoire indispensable pour les utilisateurs de niveaux laser qui recherchent une efficacit\u00e9 et une pr\u00e9cision accrues.<\/p>","protected":false},"excerpt":{"rendered":"<ul>\n<li>Base magn\u00e9tique puissante pour une fixation s\u00e9curis\u00e9e sur les surfaces m\u00e9talliques<\/li>\n<li>Filetage universel 1\/4\u2033-20 compatible avec la plupart des outils de niveau laser<\/li>\n<li>Disponible en LLB25A et LLB25AB pour r\u00e9pondre \u00e0 diff\u00e9rents besoins d&#039;application<\/li>\n<li>Conception robuste en forme de L pour des performances fiables<\/li>\n<\/ul>","protected":false},"featured_media":4602,"comment_status":"open","ping_status":"closed","template":"","meta":[],"product_brand":[],"product_cat":[94,129],"product_tag":[],"class_list":{"0":"post-4600","1":"product","2":"type-product","3":"status-publish","4":"has-post-thumbnail","6":"product_cat-laser-level-accessory","7":"product_cat-line-laser-bracket","9":"first","10":"instock","11":"shipping-taxable","12":"product-type-simple"},"_links":{"self":[{"href":"https:\/\/mountlaser.com\/fr_fr\/wp-json\/wp\/v2\/product\/4600","targetHints":{"allow":["GET"]}}],"collection":[{"href":"https:\/\/mountlaser.com\/fr_fr\/wp-json\/wp\/v2\/product"}],"about":[{"href":"https:\/\/mountlaser.com\/fr_fr\/wp-json\/wp\/v2\/types\/product"}],"replies":[{"embeddable":true,"href":"https:\/\/mountlaser.com\/fr_fr\/wp-json\/wp\/v2\/comments?post=4600"}],"wp:featuredmedia":[{"embeddable":true,"href":"https:\/\/mountlaser.com\/fr_fr\/wp-json\/wp\/v2\/media\/4602"}],"wp:attachment":[{"href":"https:\/\/mountlaser.com\/fr_fr\/wp-json\/wp\/v2\/media?parent=4600"}],"wp:term":[{"taxonomy":"product_brand","embeddable":true,"href":"https:\/\/mountlaser.com\/fr_fr\/wp-json\/wp\/v2\/product_brand?post=4600"},{"taxonomy":"product_cat","embeddable":true,"href":"https:\/\/mountlaser.com\/fr_fr\/wp-json\/wp\/v2\/product_cat?post=4600"},{"taxonomy":"product_tag","embeddable":true,"href":"https:\/\/mountlaser.com\/fr_fr\/wp-json\/wp\/v2\/product_tag?post=4600"}],"curies":[{"name":"wp","href":"https:\/\/api.w.org\/{rel}","templated":true}]}}