{"id":4563,"date":"2025-11-18T07:33:34","date_gmt":"2025-11-18T07:33:34","guid":{"rendered":"https:\/\/mountlaser.com\/?post_type=product&#038;p=4563"},"modified":"2025-11-26T08:38:58","modified_gmt":"2025-11-26T08:38:58","slug":"llb19-line-laser-bracket","status":"publish","type":"product","link":"https:\/\/mountlaser.com\/fr_fr\/produit\/llb19-line-laser-bracket\/","title":{"rendered":"Support laser de ligne LLB19"},"content":{"rendered":"<p>Le <a href=\"https:\/\/mountlaser.com\/fr_fr\/\"><strong>Support magn\u00e9tique \u00e0 360 degr\u00e9s pour niveau laser<\/strong><\/a> est un accessoire de montage polyvalent con\u00e7u pour une installation laser pr\u00e9cise et flexible. Dot\u00e9 d&#039;une structure magn\u00e9tique en L robuste, il assure une fixation s\u00fbre sur les surfaces m\u00e9talliques, rendant les t\u00e2ches d&#039;alignement plus rapides et plus efficaces. <a href=\"https:\/\/mountlaser.com\/fr_fr\/about-us\/\"><strong>Plateforme \u00e9l\u00e9vatrice laser LLB19<\/strong><\/a> Fonctionne parfaitement avec ce support magn\u00e9tique \u00e0 360 degr\u00e9s pour niveau laser, offrant un r\u00e9glage stable de la hauteur et un positionnement adaptable aux diff\u00e9rents besoins des chantiers.<\/p>\n<p>Dot\u00e9e d&#039;un support en L robuste avec aimant et d&#039;un filetage 1\/4\u2033-20, la plateforme \u00e9l\u00e9vatrice pour laser de ligne LLB19 est compatible avec une large gamme d&#039;outils laser de ligne. Associ\u00e9e au support magn\u00e9tique \u00e0 360\u00b0 pour niveau laser, elle permet un positionnement sous tous les angles, une pr\u00e9cision de nivellement accrue et une fixation fiable, m\u00eame dans des environnements difficiles. Con\u00e7u pour les travaux de construction, d&#039;implantation et d&#039;installation int\u00e9rieure, ce syst\u00e8me offre une stabilit\u00e9 exceptionnelle et une grande facilit\u00e9 de positionnement.<\/p>\n<p><img fetchpriority=\"high\" decoding=\"async\" class=\"aligncenter wp-image-4564\" src=\"https:\/\/mountlaser.com\/wp-content\/uploads\/2025\/11\/WB-19A1.webp\" alt=\"LLB19 360 degree magnetic bracket for laser level\" width=\"500\" height=\"500\" srcset=\"https:\/\/mountlaser.com\/wp-content\/uploads\/2025\/11\/WB-19A1.webp 1000w, https:\/\/mountlaser.com\/wp-content\/uploads\/2025\/11\/WB-19A1-300x300.webp 300w, https:\/\/mountlaser.com\/wp-content\/uploads\/2025\/11\/WB-19A1-400x400.webp 400w, https:\/\/mountlaser.com\/wp-content\/uploads\/2025\/11\/WB-19A1-800x800.webp 800w, https:\/\/mountlaser.com\/wp-content\/uploads\/2025\/11\/WB-19A1-600x600.webp 600w, https:\/\/mountlaser.com\/wp-content\/uploads\/2025\/11\/WB-19A1-150x150.webp 150w, https:\/\/mountlaser.com\/wp-content\/uploads\/2025\/11\/WB-19A1-768x768.webp 768w, https:\/\/mountlaser.com\/wp-content\/uploads\/2025\/11\/WB-19A1-12x12.webp 12w\" sizes=\"(max-width: 500px) 100vw, 500px\" \/><\/p>\n<p>Le <a href=\"https:\/\/mountlaser.com\/fr_fr\/products\/\">Plateforme \u00e9l\u00e9vatrice laser LLB19<\/a> et sa combinaison de support magn\u00e9tique offre aux utilisateurs professionnels une solution pratique, r\u00e9glable et s\u00fbre pour sur\u00e9lever et positionner les niveaux laser avec confiance et pr\u00e9cision.<\/p>","protected":false},"excerpt":{"rendered":"<ul>\n<li>Permet une fixation magn\u00e9tique \u00e0 360 degr\u00e9s sur les surfaces m\u00e9talliques<\/li>\n<li>Permet le r\u00e9glage en hauteur gr\u00e2ce \u00e0 la plateforme \u00e9l\u00e9vatrice laser LLB19.<\/li>\n<li>Le support magn\u00e9tique en L robuste assure une fixation ferme et stable.<\/li>\n<li>Dot\u00e9 d&#039;un filetage 1\/4\u2033-20 pour une compatibilit\u00e9 laser universelle<\/li>\n<li>Id\u00e9al pour les applications de construction, d&#039;am\u00e9nagement int\u00e9rieur et d&#039;alignement<\/li>\n<\/ul>","protected":false},"featured_media":4564,"comment_status":"open","ping_status":"closed","template":"","meta":[],"product_brand":[],"product_cat":[129,94],"product_tag":[],"class_list":{"0":"post-4563","1":"product","2":"type-product","3":"status-publish","4":"has-post-thumbnail","6":"product_cat-line-laser-bracket","7":"product_cat-laser-level-accessory","9":"first","10":"instock","11":"shipping-taxable","12":"product-type-simple"},"_links":{"self":[{"href":"https:\/\/mountlaser.com\/fr_fr\/wp-json\/wp\/v2\/product\/4563","targetHints":{"allow":["GET"]}}],"collection":[{"href":"https:\/\/mountlaser.com\/fr_fr\/wp-json\/wp\/v2\/product"}],"about":[{"href":"https:\/\/mountlaser.com\/fr_fr\/wp-json\/wp\/v2\/types\/product"}],"replies":[{"embeddable":true,"href":"https:\/\/mountlaser.com\/fr_fr\/wp-json\/wp\/v2\/comments?post=4563"}],"wp:featuredmedia":[{"embeddable":true,"href":"https:\/\/mountlaser.com\/fr_fr\/wp-json\/wp\/v2\/media\/4564"}],"wp:attachment":[{"href":"https:\/\/mountlaser.com\/fr_fr\/wp-json\/wp\/v2\/media?parent=4563"}],"wp:term":[{"taxonomy":"product_brand","embeddable":true,"href":"https:\/\/mountlaser.com\/fr_fr\/wp-json\/wp\/v2\/product_brand?post=4563"},{"taxonomy":"product_cat","embeddable":true,"href":"https:\/\/mountlaser.com\/fr_fr\/wp-json\/wp\/v2\/product_cat?post=4563"},{"taxonomy":"product_tag","embeddable":true,"href":"https:\/\/mountlaser.com\/fr_fr\/wp-json\/wp\/v2\/product_tag?post=4563"}],"curies":[{"name":"wp","href":"https:\/\/api.w.org\/{rel}","templated":true}]}}