{"id":4548,"date":"2025-11-18T03:08:35","date_gmt":"2025-11-18T03:08:35","guid":{"rendered":"https:\/\/mountlaser.com\/?post_type=product&#038;p=4548"},"modified":"2025-11-26T08:40:58","modified_gmt":"2025-11-26T08:40:58","slug":"llb06-line-laser-bracket-2","status":"publish","type":"product","link":"https:\/\/mountlaser.com\/fr_fr\/produit\/llb06-line-laser-bracket-2\/","title":{"rendered":"Support laser de ligne LLB06"},"content":{"rendered":"<p>Le <a href=\"https:\/\/mountlaser.com\/fr_fr\/products\/\"><strong>Plateforme \u00e9l\u00e9vatrice laser LLB06<\/strong><\/a> est polyvalent <a href=\"https:\/\/mountlaser.com\/fr_fr\/\"><strong>\u00e9querre r\u00e9glable<\/strong><\/a> Con\u00e7ue pour offrir une flexibilit\u00e9 de positionnement maximale pour une large gamme d&#039;applications de niveaux laser, la plateforme de levage pour laser de ligne LLB06 est dot\u00e9e d&#039;une base magn\u00e9tique robuste qui assure une fixation s\u00e9curis\u00e9e sur les surfaces m\u00e9talliques. Les utilisateurs peuvent ainsi r\u00e9aliser des travaux de nivellement, d&#039;alignement et de tra\u00e7age avec une stabilit\u00e9 accrue.<\/p>\n<p>Con\u00e7u pour une pr\u00e9cision professionnelle, ce support d&#039;angle r\u00e9glable permet des angles de travail de 0\u00b0 \u00e0 90\u00b0, assurant un positionnement pr\u00e9cis m\u00eame dans des espaces complexes ou restreints. La plateforme \u00e9l\u00e9vatrice laser LLB06 est \u00e9galement fournie avec un adaptateur 1\/4\u2033-20 et un adaptateur 5\/8\u2033-11, la rendant compatible avec la plupart des niveaux laser commerciaux du march\u00e9.<\/p>\n<p><img fetchpriority=\"high\" decoding=\"async\" class=\"aligncenter wp-image-4549\" src=\"https:\/\/mountlaser.com\/wp-content\/uploads\/2025\/11\/WB-061.webp\" alt=\"LLB06 Line Laser Lifting Platform\" width=\"500\" height=\"500\" srcset=\"https:\/\/mountlaser.com\/wp-content\/uploads\/2025\/11\/WB-061.webp 1000w, https:\/\/mountlaser.com\/wp-content\/uploads\/2025\/11\/WB-061-300x300.webp 300w, https:\/\/mountlaser.com\/wp-content\/uploads\/2025\/11\/WB-061-400x400.webp 400w, https:\/\/mountlaser.com\/wp-content\/uploads\/2025\/11\/WB-061-800x800.webp 800w, https:\/\/mountlaser.com\/wp-content\/uploads\/2025\/11\/WB-061-600x600.webp 600w, https:\/\/mountlaser.com\/wp-content\/uploads\/2025\/11\/WB-061-150x150.webp 150w, https:\/\/mountlaser.com\/wp-content\/uploads\/2025\/11\/WB-061-768x768.webp 768w, https:\/\/mountlaser.com\/wp-content\/uploads\/2025\/11\/WB-061-12x12.webp 12w\" sizes=\"(max-width: 500px) 100vw, 500px\" \/><\/p>\n<p>Durable, stable et facile \u00e0 utiliser, ce support d&#039;angle r\u00e9glable est id\u00e9al pour les professionnels de la construction, de la r\u00e9novation et de l&#039;am\u00e9nagement int\u00e9rieur qui ont besoin de solutions de fixation fiables pour leurs outils laser. Qu&#039;il soit utilis\u00e9 sur des murs, des colonnes ou des structures m\u00e9talliques, <a href=\"https:\/\/mountlaser.com\/fr_fr\/contact-us\/\">Plateforme \u00e9l\u00e9vatrice laser LLB06<\/a> offre des performances constantes et une grande adaptabilit\u00e9.<\/p>","protected":false},"excerpt":{"rendered":"<ul>\n<li>Permet un positionnement flexible des outils laser avec un angle r\u00e9glable de 0\u00b0 \u00e0 90\u00b0.<\/li>\n<li>Base magn\u00e9tique puissante pour une fixation s\u00e9curis\u00e9e sur les surfaces m\u00e9talliques<\/li>\n<li>Compatible avec la plupart des niveaux laser via des adaptateurs 1\/4\u2033-20 et 5\/8\u2033-11<\/li>\n<li>Permet des t\u00e2ches pr\u00e9cises d&#039;alignement, de mise en page et de nivellement<\/li>\n<li>Sa structure robuste garantit des performances stables et constantes<\/li>\n<\/ul>","protected":false},"featured_media":4549,"comment_status":"open","ping_status":"closed","template":"","meta":[],"product_brand":[],"product_cat":[94,129],"product_tag":[],"class_list":{"0":"post-4548","1":"product","2":"type-product","3":"status-publish","4":"has-post-thumbnail","6":"product_cat-laser-level-accessory","7":"product_cat-line-laser-bracket","9":"first","10":"instock","11":"shipping-taxable","12":"product-type-simple"},"_links":{"self":[{"href":"https:\/\/mountlaser.com\/fr_fr\/wp-json\/wp\/v2\/product\/4548","targetHints":{"allow":["GET"]}}],"collection":[{"href":"https:\/\/mountlaser.com\/fr_fr\/wp-json\/wp\/v2\/product"}],"about":[{"href":"https:\/\/mountlaser.com\/fr_fr\/wp-json\/wp\/v2\/types\/product"}],"replies":[{"embeddable":true,"href":"https:\/\/mountlaser.com\/fr_fr\/wp-json\/wp\/v2\/comments?post=4548"}],"wp:featuredmedia":[{"embeddable":true,"href":"https:\/\/mountlaser.com\/fr_fr\/wp-json\/wp\/v2\/media\/4549"}],"wp:attachment":[{"href":"https:\/\/mountlaser.com\/fr_fr\/wp-json\/wp\/v2\/media?parent=4548"}],"wp:term":[{"taxonomy":"product_brand","embeddable":true,"href":"https:\/\/mountlaser.com\/fr_fr\/wp-json\/wp\/v2\/product_brand?post=4548"},{"taxonomy":"product_cat","embeddable":true,"href":"https:\/\/mountlaser.com\/fr_fr\/wp-json\/wp\/v2\/product_cat?post=4548"},{"taxonomy":"product_tag","embeddable":true,"href":"https:\/\/mountlaser.com\/fr_fr\/wp-json\/wp\/v2\/product_tag?post=4548"}],"curies":[{"name":"wp","href":"https:\/\/api.w.org\/{rel}","templated":true}]}}