{"id":4524,"date":"2025-11-18T01:31:54","date_gmt":"2025-11-18T01:31:54","guid":{"rendered":"https:\/\/mountlaser.com\/?post_type=product&#038;p=4524"},"modified":"2025-11-26T08:46:28","modified_gmt":"2025-11-26T08:46:28","slug":"alp02-line-laser-lifting-platform","status":"publish","type":"product","link":"https:\/\/mountlaser.com\/fr_fr\/produit\/alp02-line-laser-lifting-platform\/","title":{"rendered":"Plateforme \u00e9l\u00e9vatrice laser ALP02 Line"},"content":{"rendered":"<p>L&#039;ALP02 est un appareil robuste et de conception pr\u00e9cise. <a href=\"https:\/\/mountlaser.com\/fr_fr\/\"><strong>Support de levage de laboratoire<\/strong> <\/a>Con\u00e7u pour sur\u00e9lever et ajuster avec pr\u00e9cision la hauteur des outils laser pour un alignement pr\u00e9cis, ce support de laboratoire est fabriqu\u00e9 en aluminium de haute qualit\u00e9 et \u00e9quip\u00e9 d&#039;un patin de protection. Il offre un support stable et sans rayures pour les instruments laser sensibles. Gr\u00e2ce \u00e0 son m\u00e9canisme de levage fluide, <a href=\"https:\/\/mountlaser.com\/fr_fr\/about-us\/\"><strong>Plateforme \u00e9l\u00e9vatrice \u00e0 niveau laser r\u00e9glable<\/strong><\/a> permet aux utilisateurs d&#039;effectuer des modifications de hauteur pr\u00e9cises et sans effort, garantissant un positionnement optimal pour les t\u00e2ches d&#039;agencement, de nivellement et de mesure.<\/p>\n<p>Avec une hauteur de travail de 90 mm, la plateforme \u00e9l\u00e9vatrice \u00e0 niveau laser r\u00e9glable offre une excellente adaptabilit\u00e9 pour les projets int\u00e9rieurs et ext\u00e9rieurs. Que ce soit pour la construction, la r\u00e9novation ou l&#039;am\u00e9nagement int\u00e9rieur, ce support de laboratoire garantit une performance fiable et une pr\u00e9cision constante. Sa conception robuste et antid\u00e9rapante en fait l&#039;accessoire id\u00e9al pour les professionnels exigeant un contr\u00f4le pr\u00e9cis de la hauteur au laser sur tous les chantiers.<\/p>\n<p><img fetchpriority=\"high\" decoding=\"async\" class=\"aligncenter wp-image-4529\" src=\"https:\/\/mountlaser.com\/wp-content\/uploads\/2025\/11\/APL025.webp\" alt=\"ALP02 Lab Jack Stand\" width=\"500\" height=\"500\" srcset=\"https:\/\/mountlaser.com\/wp-content\/uploads\/2025\/11\/APL025.webp 1000w, https:\/\/mountlaser.com\/wp-content\/uploads\/2025\/11\/APL025-300x300.webp 300w, https:\/\/mountlaser.com\/wp-content\/uploads\/2025\/11\/APL025-400x400.webp 400w, https:\/\/mountlaser.com\/wp-content\/uploads\/2025\/11\/APL025-800x800.webp 800w, https:\/\/mountlaser.com\/wp-content\/uploads\/2025\/11\/APL025-600x600.webp 600w, https:\/\/mountlaser.com\/wp-content\/uploads\/2025\/11\/APL025-150x150.webp 150w, https:\/\/mountlaser.com\/wp-content\/uploads\/2025\/11\/APL025-768x768.webp 768w, https:\/\/mountlaser.com\/wp-content\/uploads\/2025\/11\/APL025-12x12.webp 12w\" sizes=\"(max-width: 500px) 100vw, 500px\" \/><\/p>\n<p>Con\u00e7ue pour la simplicit\u00e9, la durabilit\u00e9 et la pr\u00e9cision, la plateforme \u00e9l\u00e9vatrice \u00e0 niveau laser de r\u00e9glage am\u00e9liore l&#039;efficacit\u00e9 du flux de travail et garantit votre <a href=\"https:\/\/mountlaser.com\/fr_fr\/products\/\">niveau laser<\/a> reste stable et parfaitement align\u00e9e pendant son fonctionnement.<\/p>","protected":false},"excerpt":{"rendered":"<ul>\n<li>Sa construction en aluminium garantit robustesse, stabilit\u00e9 et longue dur\u00e9e de vie.<\/li>\n<li>Le coussinet de protection emp\u00eache le glissement et prot\u00e8ge les instruments laser<\/li>\n<li>Hauteur de travail fixe de 90 mm avec commande de levage progressive<\/li>\n<li>Convient pour la construction, la d\u00e9coration int\u00e9rieure, le lev\u00e9 topographique et une utilisation professionnelle sur les chantiers.<\/li>\n<\/ul>","protected":false},"featured_media":4525,"comment_status":"open","ping_status":"closed","template":"","meta":[],"product_brand":[],"product_cat":[128,94],"product_tag":[],"class_list":{"0":"post-4524","1":"product","2":"type-product","3":"status-publish","4":"has-post-thumbnail","6":"product_cat-line-laser-lifting-platform","7":"product_cat-laser-level-accessory","9":"first","10":"instock","11":"shipping-taxable","12":"product-type-simple"},"_links":{"self":[{"href":"https:\/\/mountlaser.com\/fr_fr\/wp-json\/wp\/v2\/product\/4524","targetHints":{"allow":["GET"]}}],"collection":[{"href":"https:\/\/mountlaser.com\/fr_fr\/wp-json\/wp\/v2\/product"}],"about":[{"href":"https:\/\/mountlaser.com\/fr_fr\/wp-json\/wp\/v2\/types\/product"}],"replies":[{"embeddable":true,"href":"https:\/\/mountlaser.com\/fr_fr\/wp-json\/wp\/v2\/comments?post=4524"}],"wp:featuredmedia":[{"embeddable":true,"href":"https:\/\/mountlaser.com\/fr_fr\/wp-json\/wp\/v2\/media\/4525"}],"wp:attachment":[{"href":"https:\/\/mountlaser.com\/fr_fr\/wp-json\/wp\/v2\/media?parent=4524"}],"wp:term":[{"taxonomy":"product_brand","embeddable":true,"href":"https:\/\/mountlaser.com\/fr_fr\/wp-json\/wp\/v2\/product_brand?post=4524"},{"taxonomy":"product_cat","embeddable":true,"href":"https:\/\/mountlaser.com\/fr_fr\/wp-json\/wp\/v2\/product_cat?post=4524"},{"taxonomy":"product_tag","embeddable":true,"href":"https:\/\/mountlaser.com\/fr_fr\/wp-json\/wp\/v2\/product_tag?post=4524"}],"curies":[{"name":"wp","href":"https:\/\/api.w.org\/{rel}","templated":true}]}}