{"id":4516,"date":"2025-11-17T09:10:31","date_gmt":"2025-11-17T09:10:31","guid":{"rendered":"https:\/\/mountlaser.com\/?post_type=product&#038;p=4516"},"modified":"2025-11-26T08:47:32","modified_gmt":"2025-11-26T08:47:32","slug":"gls112-aluminum-prism-pole","status":"publish","type":"product","link":"https:\/\/mountlaser.com\/fr_fr\/produit\/gls112-aluminum-prism-pole\/","title":{"rendered":"Poteau prismatique en aluminium GLS112"},"content":{"rendered":"<p>Pr\u00e9sentation de<a href=\"https:\/\/mountlaser.com\/fr_fr\/\"> <strong>Poteau prismatique en aluminium GLS112<\/strong><\/a>, Con\u00e7ue pour les g\u00e9om\u00e8tres professionnels exigeant une port\u00e9e exceptionnelle sans compromis sur la stabilit\u00e9 ni la pr\u00e9cision, cette perche robuste et r\u00e9sistante est fabriqu\u00e9e en aluminium durable, ce qui en fait le choix id\u00e9al pour les projets o\u00f9 la hauteur et la fiabilit\u00e9 sont essentielles.<\/p>\n<p>Ce mod\u00e8le illustre la conception sup\u00e9rieure d&#039;un <a href=\"https:\/\/mountlaser.com\/fr_fr\/products\/\"><strong>Poteau prismatique en aluminium de style suisse<\/strong><\/a>, Dot\u00e9 d&#039;un adaptateur suisse de pr\u00e9cision assurant une connexion s\u00fbre et universelle \u00e0 votre prisme, ce manche \u00e0 prisme en aluminium de style suisse garantit un ajustement parfait, \u00e9liminant tout jeu et assurant des mesures toujours pr\u00e9cises. Sa fiabilit\u00e9 est encore renforc\u00e9e par sa construction en aluminium haute r\u00e9sistance, qui lui conf\u00e8re la rigidit\u00e9 n\u00e9cessaire pour une utilisation prolong\u00e9e \u00e0 sa hauteur maximale de 3,6 m\u00e8tres (12 pieds).<\/p>\n<p>Pour une pr\u00e9cision optimale quelle que soit la hauteur, le GLS112 est \u00e9quip\u00e9 d&#039;une fiole circulaire de 76 cm (30 pouces) pour un nivellement pr\u00e9cis. Il dispose d&#039;une double graduation claire en centim\u00e8tres et en pieds pour une lecture polyvalente et est disponible en diam\u00e8tres de 19, 25 et 32 mm pour r\u00e9pondre \u00e0 divers besoins.<\/p>\n<p>&nbsp;<\/p>\n<p>&nbsp;<\/p>\n<p><img fetchpriority=\"high\" decoding=\"async\" class=\"aligncenter wp-image-4518\" src=\"https:\/\/mountlaser.com\/wp-content\/uploads\/2025\/11\/GLS112\uff082\uff09.webp\" alt=\"Aluminum Swiss Style Prism Pole\" width=\"500\" height=\"500\" srcset=\"https:\/\/mountlaser.com\/wp-content\/uploads\/2025\/11\/GLS112\uff082\uff09.webp 1000w, https:\/\/mountlaser.com\/wp-content\/uploads\/2025\/11\/GLS112\uff082\uff09-300x300.webp 300w, https:\/\/mountlaser.com\/wp-content\/uploads\/2025\/11\/GLS112\uff082\uff09-400x400.webp 400w, https:\/\/mountlaser.com\/wp-content\/uploads\/2025\/11\/GLS112\uff082\uff09-800x800.webp 800w, https:\/\/mountlaser.com\/wp-content\/uploads\/2025\/11\/GLS112\uff082\uff09-600x600.webp 600w, https:\/\/mountlaser.com\/wp-content\/uploads\/2025\/11\/GLS112\uff082\uff09-150x150.webp 150w, https:\/\/mountlaser.com\/wp-content\/uploads\/2025\/11\/GLS112\uff082\uff09-768x768.webp 768w, https:\/\/mountlaser.com\/wp-content\/uploads\/2025\/11\/GLS112\uff082\uff09-12x12.webp 12w\" sizes=\"(max-width: 500px) 100vw, 500px\" \/><\/p>\n<p><a href=\"https:\/\/mountlaser.com\/fr_fr\/contact-us\/\"><strong>Sp\u00e9cifications du poteau prismatique en aluminium GLS112<\/strong><\/a><\/p>\n<table style=\"border-collapse: collapse; width: 741.77pt;\" border=\"0\" width=\"989\" cellspacing=\"0\" cellpadding=\"0\">\n<tbody>\n<tr style=\"height: 14.25pt;\">\n<td class=\"et2\" style=\"height: 14.25pt; width: 142.50pt;\" width=\"190\" height=\"19\">NOMBRE<\/td>\n<td class=\"et2\" style=\"width: 127.50pt;\" width=\"170\">LONGUEUR<\/td>\n<td class=\"et2\" style=\"width: 126.00pt;\" width=\"168\">MAT\u00c9RIEL<\/td>\n<td class=\"et2\" style=\"width: 135.00pt;\" width=\"180\">DIPL\u00d4M\u00c9S<\/td>\n<td class=\"et2\" style=\"width: 124.50pt;\" width=\"166\">ADAPTATEUR<\/td>\n<td class=\"et2\" style=\"width: 86.25pt;\" width=\"115\">DIAM\u00c8TRE<\/td>\n<\/tr>\n<tr style=\"height: 14.25pt;\">\n<td class=\"et2\" style=\"height: 14.25pt;\" height=\"19\">GLS112<\/td>\n<td class=\"et2\">3,6 m (12 pieds)<\/td>\n<td class=\"et2\">Aluminium<\/td>\n<td class=\"et3\">cm\/pi<\/td>\n<td class=\"et3\">suisse<\/td>\n<td class=\"et3\">19\/25\/32 mm<\/td>\n<\/tr>\n<\/tbody>\n<\/table>","protected":false},"excerpt":{"rendered":"<ul>\n<li>Fournit une plateforme stable et de grande port\u00e9e (3,6 m \/ 12 pieds) pour les prismes de lev\u00e9.<\/li>\n<li>Assure un alignement vertical pr\u00e9cis gr\u00e2ce \u00e0 un flacon circulaire de 30 pouces.<\/li>\n<li>Offre une fixation s\u00fbre et universelle gr\u00e2ce \u00e0 son adaptateur suisse compatible avec les prismes standard.<\/li>\n<\/ul>","protected":false},"featured_media":4517,"comment_status":"open","ping_status":"closed","template":"","meta":[],"product_brand":[],"product_cat":[89,124],"product_tag":[],"class_list":{"0":"post-4516","1":"product","2":"type-product","3":"status-publish","4":"has-post-thumbnail","6":"product_cat-surveying-pole-rod","7":"product_cat-aluminum-fiberglass-prism-pole","9":"first","10":"instock","11":"shipping-taxable","12":"product-type-simple"},"_links":{"self":[{"href":"https:\/\/mountlaser.com\/fr_fr\/wp-json\/wp\/v2\/product\/4516","targetHints":{"allow":["GET"]}}],"collection":[{"href":"https:\/\/mountlaser.com\/fr_fr\/wp-json\/wp\/v2\/product"}],"about":[{"href":"https:\/\/mountlaser.com\/fr_fr\/wp-json\/wp\/v2\/types\/product"}],"replies":[{"embeddable":true,"href":"https:\/\/mountlaser.com\/fr_fr\/wp-json\/wp\/v2\/comments?post=4516"}],"wp:featuredmedia":[{"embeddable":true,"href":"https:\/\/mountlaser.com\/fr_fr\/wp-json\/wp\/v2\/media\/4517"}],"wp:attachment":[{"href":"https:\/\/mountlaser.com\/fr_fr\/wp-json\/wp\/v2\/media?parent=4516"}],"wp:term":[{"taxonomy":"product_brand","embeddable":true,"href":"https:\/\/mountlaser.com\/fr_fr\/wp-json\/wp\/v2\/product_brand?post=4516"},{"taxonomy":"product_cat","embeddable":true,"href":"https:\/\/mountlaser.com\/fr_fr\/wp-json\/wp\/v2\/product_cat?post=4516"},{"taxonomy":"product_tag","embeddable":true,"href":"https:\/\/mountlaser.com\/fr_fr\/wp-json\/wp\/v2\/product_tag?post=4516"}],"curies":[{"name":"wp","href":"https:\/\/api.w.org\/{rel}","templated":true}]}}