{"id":4498,"date":"2025-11-17T08:56:11","date_gmt":"2025-11-17T08:56:11","guid":{"rendered":"https:\/\/mountlaser.com\/?post_type=product&#038;p=4498"},"modified":"2025-11-26T08:50:16","modified_gmt":"2025-11-26T08:50:16","slug":"gls111-aluminum-prism-pole","status":"publish","type":"product","link":"https:\/\/mountlaser.com\/fr_fr\/produit\/gls111-aluminum-prism-pole\/","title":{"rendered":"Poteau prismatique en aluminium GLS111"},"content":{"rendered":"<p>Rencontrez le <a href=\"https:\/\/mountlaser.com\/fr_fr\/products\/\"><strong>Poteau prismatique en aluminium GLS111<\/strong><\/a>, Solution polyvalente et robuste pour les g\u00e9om\u00e8tres exigeant une grande adaptabilit\u00e9 sans compromis sur la pr\u00e9cision, cette perche l\u00e9g\u00e8re et r\u00e9sistante est con\u00e7ue pour une durabilit\u00e9 et une performance optimale sur le terrain, ce qui en fait un outil indispensable pour tout projet de mesure.<\/p>\n<p>Le principal atout de ce mod\u00e8le r\u00e9side dans sa conception t\u00e9lescopique innovante. La perche t\u00e9lescopique GLS111 se d\u00e9ploie sans effort jusqu&#039;\u00e0 une hauteur de 2,6 m\u00e8tres, permettant un ajustement rapide \u00e0 la hauteur de travail souhait\u00e9e. Une fois repli\u00e9e, elle se transporte facilement et de mani\u00e8re compacte. Gr\u00e2ce \u00e0 sa conception pratique, la perche t\u00e9lescopique GLS111 vous permet de n&#039;emporter qu&#039;une seule perche sur le chantier, au lieu de plusieurs perches de longueur fixe.<\/p>\n<p>Pour une pr\u00e9cision verticale garantie, le <a href=\"https:\/\/mountlaser.com\/fr_fr\/about-us\/\"><strong>P\u00f4le prismatique t\u00e9lescopique GLS111<\/strong><\/a> Ce prisme est fourni avec un flacon circulaire fiable de 76 cm (30 pouces), garantissant un nivellement parfait pour chaque mesure. Fabriqu\u00e9 en aluminium haute r\u00e9sistance, il supporte une utilisation quotidienne tout en restant suffisamment l\u00e9ger pour un confort optimal tout au long de la journ\u00e9e. Il est dot\u00e9 d&#039;un adaptateur suisse standard pour une large compatibilit\u00e9 et est disponible en diam\u00e8tres de 25 et 32 mm, avec des graduations claires en centim\u00e8tres et en pieds pour une utilisation polyvalente.<\/p>\n<p>&nbsp;<\/p>\n<p><img fetchpriority=\"high\" decoding=\"async\" class=\"aligncenter wp-image-4503\" src=\"https:\/\/mountlaser.com\/wp-content\/uploads\/2025\/11\/GLS1113.webp\" alt=\"GLS111 Telescopic Prism Pole\" width=\"500\" height=\"500\" srcset=\"https:\/\/mountlaser.com\/wp-content\/uploads\/2025\/11\/GLS1113.webp 1000w, https:\/\/mountlaser.com\/wp-content\/uploads\/2025\/11\/GLS1113-300x300.webp 300w, https:\/\/mountlaser.com\/wp-content\/uploads\/2025\/11\/GLS1113-400x400.webp 400w, https:\/\/mountlaser.com\/wp-content\/uploads\/2025\/11\/GLS1113-800x800.webp 800w, https:\/\/mountlaser.com\/wp-content\/uploads\/2025\/11\/GLS1113-600x600.webp 600w, https:\/\/mountlaser.com\/wp-content\/uploads\/2025\/11\/GLS1113-150x150.webp 150w, https:\/\/mountlaser.com\/wp-content\/uploads\/2025\/11\/GLS1113-768x768.webp 768w, https:\/\/mountlaser.com\/wp-content\/uploads\/2025\/11\/GLS1113-12x12.webp 12w\" sizes=\"(max-width: 500px) 100vw, 500px\" \/><\/p>\n<p><a href=\"https:\/\/mountlaser.com\/fr_fr\/contact-us\/\"><strong>Sp\u00e9cifications du poteau prismatique en aluminium GLS111<\/strong><\/a><\/p>\n<table style=\"border-collapse: collapse; width: 741.77pt;\" border=\"0\" width=\"989\" cellspacing=\"0\" cellpadding=\"0\">\n<tbody>\n<tr style=\"height: 14.25pt;\">\n<td class=\"et2\" style=\"height: 14.25pt; width: 142.50pt;\" width=\"190\" height=\"19\">NOMBRE<\/td>\n<td class=\"et2\" style=\"width: 127.50pt;\" width=\"170\">LONGUEUR<\/td>\n<td class=\"et2\" style=\"width: 126.00pt;\" width=\"168\">MAT\u00c9RIEL<\/td>\n<td class=\"et2\" style=\"width: 135.00pt;\" width=\"180\">DIPL\u00d4M\u00c9S<\/td>\n<td class=\"et2\" style=\"width: 124.50pt;\" width=\"166\">ADAPTATEUR<\/td>\n<td class=\"et2\" style=\"width: 86.25pt;\" width=\"115\">DIAM\u00c8TRE<\/td>\n<\/tr>\n<tr style=\"height: 14.25pt;\">\n<td class=\"et2\" style=\"height: 14.25pt;\" height=\"19\">GLS111<\/td>\n<td class=\"et2\">2,6 m (8,5 pi)<\/td>\n<td class=\"et2\">Aluminium<\/td>\n<td class=\"et3\">cm\/pi<\/td>\n<td class=\"et3\">suisse<\/td>\n<td class=\"et3\">25\/32 mm<\/td>\n<\/tr>\n<\/tbody>\n<\/table>","protected":false},"excerpt":{"rendered":"<ul>\n<li>Gr\u00e2ce \u00e0 sa conception t\u00e9lescopique, elle offre une plateforme r\u00e9glable et stable pour les prismes de topographie.<\/li>\n<li>Assure un alignement vertical pr\u00e9cis gr\u00e2ce \u00e0 un flacon circulaire int\u00e9gr\u00e9 de 30 pouces.<\/li>\n<li>Offre des r\u00e9glages de hauteur faciles, d&#039;une taille de transport compacte \u00e0 une hauteur de travail compl\u00e8te de 2,6 m (8,5 pi).<\/li>\n<\/ul>","protected":false},"featured_media":4499,"comment_status":"open","ping_status":"closed","template":"","meta":[],"product_brand":[],"product_cat":[89,124],"product_tag":[],"class_list":{"0":"post-4498","1":"product","2":"type-product","3":"status-publish","4":"has-post-thumbnail","6":"product_cat-surveying-pole-rod","7":"product_cat-aluminum-fiberglass-prism-pole","9":"first","10":"instock","11":"shipping-taxable","12":"product-type-simple"},"_links":{"self":[{"href":"https:\/\/mountlaser.com\/fr_fr\/wp-json\/wp\/v2\/product\/4498","targetHints":{"allow":["GET"]}}],"collection":[{"href":"https:\/\/mountlaser.com\/fr_fr\/wp-json\/wp\/v2\/product"}],"about":[{"href":"https:\/\/mountlaser.com\/fr_fr\/wp-json\/wp\/v2\/types\/product"}],"replies":[{"embeddable":true,"href":"https:\/\/mountlaser.com\/fr_fr\/wp-json\/wp\/v2\/comments?post=4498"}],"wp:featuredmedia":[{"embeddable":true,"href":"https:\/\/mountlaser.com\/fr_fr\/wp-json\/wp\/v2\/media\/4499"}],"wp:attachment":[{"href":"https:\/\/mountlaser.com\/fr_fr\/wp-json\/wp\/v2\/media?parent=4498"}],"wp:term":[{"taxonomy":"product_brand","embeddable":true,"href":"https:\/\/mountlaser.com\/fr_fr\/wp-json\/wp\/v2\/product_brand?post=4498"},{"taxonomy":"product_cat","embeddable":true,"href":"https:\/\/mountlaser.com\/fr_fr\/wp-json\/wp\/v2\/product_cat?post=4498"},{"taxonomy":"product_tag","embeddable":true,"href":"https:\/\/mountlaser.com\/fr_fr\/wp-json\/wp\/v2\/product_tag?post=4498"}],"curies":[{"name":"wp","href":"https:\/\/api.w.org\/{rel}","templated":true}]}}