{"id":4497,"date":"2025-11-17T08:56:31","date_gmt":"2025-11-17T08:56:31","guid":{"rendered":"https:\/\/mountlaser.com\/?post_type=product&#038;p=4497"},"modified":"2025-11-26T08:49:16","modified_gmt":"2025-11-26T08:49:16","slug":"alp01-line-laser-lifting-platform","status":"publish","type":"product","link":"https:\/\/mountlaser.com\/fr_fr\/produit\/alp01-line-laser-lifting-platform\/","title":{"rendered":"Plateforme \u00e9l\u00e9vatrice laser ALP01"},"content":{"rendered":"<p>Le <a href=\"https:\/\/mountlaser.com\/fr_fr\/\"><strong>Plateforme \u00e9l\u00e9vatrice ALP01 pour niveau laser<\/strong><\/a> est un produit de conception pr\u00e9cise <a href=\"https:\/\/mountlaser.com\/fr_fr\/about-us\/\"><strong>cric de laboratoire<\/strong><\/a> Con\u00e7u pour assurer un support stable et r\u00e9glable en hauteur pour les outils de nivellement laser, ce v\u00e9rin de laboratoire en aluminium robuste offre un contr\u00f4le pr\u00e9cis et fiable de la hauteur, id\u00e9al pour le r\u00e9glage fin du laser lors de travaux de construction, d&#039;implantation et d&#039;alignement en int\u00e9rieur.<\/p>\n<p>Gr\u00e2ce \u00e0 sa conception compacte et \u00e0 sa hauteur de travail de 90 mm, la plateforme \u00e9l\u00e9vatrice ALP01 pour niveau laser permet des r\u00e9glages verticaux pr\u00e9cis, garantissant ainsi un positionnement exact des lignes laser. Sa structure robuste en aluminium assure une grande durabilit\u00e9 tout en conservant une portabilit\u00e9 optimale sur le chantier.<\/p>\n<p><img fetchpriority=\"high\" decoding=\"async\" class=\"aligncenter wp-image-4514\" src=\"https:\/\/mountlaser.com\/wp-content\/uploads\/2025\/11\/APL019.webp\" alt=\"ALP01 lab jack\" width=\"500\" height=\"500\" srcset=\"https:\/\/mountlaser.com\/wp-content\/uploads\/2025\/11\/APL019.webp 1000w, https:\/\/mountlaser.com\/wp-content\/uploads\/2025\/11\/APL019-300x300.webp 300w, https:\/\/mountlaser.com\/wp-content\/uploads\/2025\/11\/APL019-400x400.webp 400w, https:\/\/mountlaser.com\/wp-content\/uploads\/2025\/11\/APL019-800x800.webp 800w, https:\/\/mountlaser.com\/wp-content\/uploads\/2025\/11\/APL019-600x600.webp 600w, https:\/\/mountlaser.com\/wp-content\/uploads\/2025\/11\/APL019-150x150.webp 150w, https:\/\/mountlaser.com\/wp-content\/uploads\/2025\/11\/APL019-768x768.webp 768w, https:\/\/mountlaser.com\/wp-content\/uploads\/2025\/11\/APL019-12x12.webp 12w\" sizes=\"(max-width: 500px) 100vw, 500px\" \/><\/p>\n<p>Con\u00e7u pour les professionnels exigeants en mati\u00e8re de pr\u00e9cision, le <a href=\"https:\/\/mountlaser.com\/fr_fr\/contact-us\/\">Plateforme \u00e9l\u00e9vatrice ALP01 pour niveau laser<\/a> Il offre des performances constantes et un support stable, ce qui en fait un cric de laboratoire essentiel pour les outils laser utilis\u00e9s dans les travaux de mesure et de nivellement.<\/p>","protected":false},"excerpt":{"rendered":"<ul>\n<li>Permet un positionnement en hauteur r\u00e9glable pour les niveaux laser<\/li>\n<li>M\u00e9canisme de levage fluide et stable pour un alignement vertical pr\u00e9cis<\/li>\n<li>Construction robuste en aluminium pour une durabilit\u00e9 et une portabilit\u00e9 optimales.<\/li>\n<li>Hauteur de travail : 90 mm<\/li>\n<li>Id\u00e9al pour le nivellement, l&#039;agencement, la pose de carrelage et l&#039;alignement int\u00e9rieur<\/li>\n<li>Am\u00e9liore la pr\u00e9cision en permettant des r\u00e9glages fins de la hauteur.<\/li>\n<\/ul>","protected":false},"featured_media":4510,"comment_status":"open","ping_status":"closed","template":"","meta":[],"product_brand":[],"product_cat":[94,128],"product_tag":[],"class_list":{"0":"post-4497","1":"product","2":"type-product","3":"status-publish","4":"has-post-thumbnail","6":"product_cat-laser-level-accessory","7":"product_cat-line-laser-lifting-platform","9":"first","10":"instock","11":"shipping-taxable","12":"product-type-simple"},"_links":{"self":[{"href":"https:\/\/mountlaser.com\/fr_fr\/wp-json\/wp\/v2\/product\/4497","targetHints":{"allow":["GET"]}}],"collection":[{"href":"https:\/\/mountlaser.com\/fr_fr\/wp-json\/wp\/v2\/product"}],"about":[{"href":"https:\/\/mountlaser.com\/fr_fr\/wp-json\/wp\/v2\/types\/product"}],"replies":[{"embeddable":true,"href":"https:\/\/mountlaser.com\/fr_fr\/wp-json\/wp\/v2\/comments?post=4497"}],"wp:featuredmedia":[{"embeddable":true,"href":"https:\/\/mountlaser.com\/fr_fr\/wp-json\/wp\/v2\/media\/4510"}],"wp:attachment":[{"href":"https:\/\/mountlaser.com\/fr_fr\/wp-json\/wp\/v2\/media?parent=4497"}],"wp:term":[{"taxonomy":"product_brand","embeddable":true,"href":"https:\/\/mountlaser.com\/fr_fr\/wp-json\/wp\/v2\/product_brand?post=4497"},{"taxonomy":"product_cat","embeddable":true,"href":"https:\/\/mountlaser.com\/fr_fr\/wp-json\/wp\/v2\/product_cat?post=4497"},{"taxonomy":"product_tag","embeddable":true,"href":"https:\/\/mountlaser.com\/fr_fr\/wp-json\/wp\/v2\/product_tag?post=4497"}],"curies":[{"name":"wp","href":"https:\/\/api.w.org\/{rel}","templated":true}]}}