{"id":4494,"date":"2025-11-17T07:52:44","date_gmt":"2025-11-17T07:52:44","guid":{"rendered":"https:\/\/mountlaser.com\/?post_type=product&#038;p=4494"},"modified":"2025-11-26T09:00:12","modified_gmt":"2025-11-26T09:00:12","slug":"gls12-aluminum-prism-pole","status":"publish","type":"product","link":"https:\/\/mountlaser.com\/fr_fr\/produit\/gls12-aluminum-prism-pole\/","title":{"rendered":"Poteau prismatique en aluminium GLS12"},"content":{"rendered":"<p>Pr\u00e9cision et durabilit\u00e9 r\u00e9unies : le m\u00e2t prismatique en aluminium GLS12<\/p>\n<p>Am\u00e9liorez vos projets de lev\u00e9s et de mesures gr\u00e2ce \u00e0 <a href=\"https:\/\/mountlaser.com\/fr_fr\/products\/\"><strong>Poteau prismatique en aluminium GLS12<\/strong><\/a>, Un outil con\u00e7u pour une stabilit\u00e9 et une pr\u00e9cision exceptionnelles. Cette perche en aluminium haute r\u00e9sistance est con\u00e7ue pour r\u00e9sister aux conditions difficiles du terrain tout en offrant la fiabilit\u00e9 exig\u00e9e par les professionnels.<\/p>\n<p>L&#039;un des principaux atouts de cette perche est son m\u00e9canisme de verrouillage suisse Snap Lock Prism Pole. Ce syst\u00e8me de verrouillage sophistiqu\u00e9 garantit une installation rapide et s\u00fbre, permettant des r\u00e9glages de hauteur rapides sans compromettre la rigidit\u00e9 ni l&#039;alignement. La pr\u00e9cision du <a href=\"https:\/\/mountlaser.com\/fr_fr\/about-us\/\"><strong>Poteau prismatique \u00e0 verrouillage rapide de style suisse<\/strong><\/a> Sa conception garantit la stabilit\u00e9 de votre prisme, m\u00eame dans des conditions difficiles.<\/p>\n<p>Pour une pr\u00e9cision in\u00e9gal\u00e9e dans chaque t\u00e2che, <a href=\"https:\/\/mountlaser.com\/fr_fr\/\">Poteau prismatique en aluminium GLS12<\/a> Ce niveleur est \u00e9quip\u00e9 d&#039;une fiole circulaire de 76 cm (30 pouces) pour une mise \u00e0 niveau pr\u00e9cise. Fabriqu\u00e9 en aluminium robuste, il offre un \u00e9quilibre optimal entre l\u00e9g\u00e8ret\u00e9 et durabilit\u00e9. La perche est dot\u00e9e d&#039;un adaptateur suisse pour une compatibilit\u00e9 universelle et est disponible en diam\u00e8tres de 18 et 25 mm.<\/p>\n<p><img fetchpriority=\"high\" decoding=\"async\" class=\"aligncenter wp-image-4495\" src=\"https:\/\/mountlaser.com\/wp-content\/uploads\/2025\/11\/IMG_3171.webp\" alt=\"Swiss Style Snap Lock Prism Pole\" width=\"500\" height=\"500\" srcset=\"https:\/\/mountlaser.com\/wp-content\/uploads\/2025\/11\/IMG_3171.webp 800w, https:\/\/mountlaser.com\/wp-content\/uploads\/2025\/11\/IMG_3171-300x300.webp 300w, https:\/\/mountlaser.com\/wp-content\/uploads\/2025\/11\/IMG_3171-400x400.webp 400w, https:\/\/mountlaser.com\/wp-content\/uploads\/2025\/11\/IMG_3171-600x600.webp 600w, https:\/\/mountlaser.com\/wp-content\/uploads\/2025\/11\/IMG_3171-150x150.webp 150w, https:\/\/mountlaser.com\/wp-content\/uploads\/2025\/11\/IMG_3171-768x768.webp 768w, https:\/\/mountlaser.com\/wp-content\/uploads\/2025\/11\/IMG_3171-12x12.webp 12w\" sizes=\"(max-width: 500px) 100vw, 500px\" \/><\/p>\n<p><strong>Sp\u00e9cifications du poteau prismatique en aluminium GLS12<\/strong><\/p>\n<table style=\"border-collapse: collapse; width: 741.77pt;\" border=\"0\" width=\"989\" cellspacing=\"0\" cellpadding=\"0\">\n<tbody>\n<tr style=\"height: 14.25pt;\">\n<td class=\"et2\" style=\"height: 14.25pt; width: 142.50pt;\" width=\"190\" height=\"19\">NOMBRE<\/td>\n<td class=\"et2\" style=\"width: 127.50pt;\" width=\"170\">LONGUEUR<\/td>\n<td class=\"et2\" style=\"width: 126.00pt;\" width=\"168\">MAT\u00c9RIEL<\/td>\n<td class=\"et2\" style=\"width: 135.00pt;\" width=\"180\">DIPL\u00d4M\u00c9S<\/td>\n<td class=\"et2\" style=\"width: 124.50pt;\" width=\"166\">ADAPTATEUR<\/td>\n<td class=\"et2\" style=\"width: 86.25pt;\" width=\"115\">DIAM\u00c8TRE<\/td>\n<\/tr>\n<tr style=\"height: 14.25pt;\">\n<td class=\"et2\" style=\"height: 14.25pt;\" height=\"19\">GLS12<\/td>\n<td class=\"et2\">2,0 m<\/td>\n<td class=\"et2\">Aluminium<\/td>\n<td class=\"et3\">cm<\/td>\n<td class=\"et3\">suisse<\/td>\n<td class=\"et3\">18\/25 mm<\/td>\n<\/tr>\n<\/tbody>\n<\/table>\n<p>&nbsp;<\/p>","protected":false},"excerpt":{"rendered":"<ul>\n<li>Fournit une plateforme stable et r\u00e9glable pour le montage de prismes topographiques.<\/li>\n<li>Assure un alignement vertical pr\u00e9cis gr\u00e2ce \u00e0 son flacon circulaire int\u00e9gr\u00e9 de 30 pouces.<\/li>\n<li>Permet un r\u00e9glage rapide et s\u00fbr de la hauteur gr\u00e2ce au m\u00e9canisme de verrouillage \u00e0 enclenchement de style suisse.<\/li>\n<\/ul>","protected":false},"featured_media":4495,"comment_status":"open","ping_status":"closed","template":"","meta":[],"product_brand":[],"product_cat":[89,124],"product_tag":[],"class_list":{"0":"post-4494","1":"product","2":"type-product","3":"status-publish","4":"has-post-thumbnail","6":"product_cat-surveying-pole-rod","7":"product_cat-aluminum-fiberglass-prism-pole","9":"first","10":"instock","11":"shipping-taxable","12":"product-type-simple"},"_links":{"self":[{"href":"https:\/\/mountlaser.com\/fr_fr\/wp-json\/wp\/v2\/product\/4494","targetHints":{"allow":["GET"]}}],"collection":[{"href":"https:\/\/mountlaser.com\/fr_fr\/wp-json\/wp\/v2\/product"}],"about":[{"href":"https:\/\/mountlaser.com\/fr_fr\/wp-json\/wp\/v2\/types\/product"}],"replies":[{"embeddable":true,"href":"https:\/\/mountlaser.com\/fr_fr\/wp-json\/wp\/v2\/comments?post=4494"}],"wp:featuredmedia":[{"embeddable":true,"href":"https:\/\/mountlaser.com\/fr_fr\/wp-json\/wp\/v2\/media\/4495"}],"wp:attachment":[{"href":"https:\/\/mountlaser.com\/fr_fr\/wp-json\/wp\/v2\/media?parent=4494"}],"wp:term":[{"taxonomy":"product_brand","embeddable":true,"href":"https:\/\/mountlaser.com\/fr_fr\/wp-json\/wp\/v2\/product_brand?post=4494"},{"taxonomy":"product_cat","embeddable":true,"href":"https:\/\/mountlaser.com\/fr_fr\/wp-json\/wp\/v2\/product_cat?post=4494"},{"taxonomy":"product_tag","embeddable":true,"href":"https:\/\/mountlaser.com\/fr_fr\/wp-json\/wp\/v2\/product_tag?post=4494"}],"curies":[{"name":"wp","href":"https:\/\/api.w.org\/{rel}","templated":true}]}}