{"id":4485,"date":"2025-11-17T07:41:43","date_gmt":"2025-11-17T07:41:43","guid":{"rendered":"https:\/\/mountlaser.com\/?post_type=product&#038;p=4485"},"modified":"2025-11-26T09:01:10","modified_gmt":"2025-11-26T09:01:10","slug":"ltp03-laser-target-plate","status":"publish","type":"product","link":"https:\/\/mountlaser.com\/fr_fr\/produit\/ltp03-laser-target-plate\/","title":{"rendered":"Plaque cible laser LTP03"},"content":{"rendered":"<p data-start=\"194\" data-end=\"576\">Le <a href=\"https:\/\/mountlaser.com\/fr_fr\/\"><strong data-start=\"198\" data-end=\"226\">Plaque cible laser LTP03<\/strong><\/a> est durable et tr\u00e8s visible <a href=\"https:\/\/mountlaser.com\/fr_fr\/about-us\/\"><strong data-start=\"259\" data-end=\"287\">Cible laser<\/strong><\/a> Con\u00e7ue pour am\u00e9liorer la d\u00e9tection du faisceau laser lors de diverses op\u00e9rations de mesure et d&#039;alignement, la plaque cible laser LTP03, gr\u00e2ce \u00e0 sa surface r\u00e9fl\u00e9chissante \u00e0 contraste \u00e9lev\u00e9, optimise la nettet\u00e9 des lignes laser, facilitant et am\u00e9liorant la pr\u00e9cision des mesures \u00e0 longue distance et en environnement lumineux.<\/p>\n<p data-start=\"578\" data-end=\"949\">Pour r\u00e9pondre aux diff\u00e9rents besoins d&#039;application, la cible laser LTP03 est disponible en deux couleurs\u00a0: rouge et blanc, offrant une visibilit\u00e9 optimale dans diverses conditions de travail. De plus, cette cible laser est propos\u00e9e en trois tailles (150\u00a0mm, 200\u00a0mm et 300\u00a0mm), ce qui la rend adaptable aux environnements de chantier et aux exigences des projets.<\/p>\n<p data-start=\"951\" data-end=\"1200\"><img fetchpriority=\"high\" decoding=\"async\" class=\"aligncenter wp-image-4490\" src=\"https:\/\/mountlaser.com\/wp-content\/uploads\/2025\/11\/LTP035.webp\" alt=\"LTP03 Laser Target Plate\" width=\"500\" height=\"500\" srcset=\"https:\/\/mountlaser.com\/wp-content\/uploads\/2025\/11\/LTP035.webp 1000w, https:\/\/mountlaser.com\/wp-content\/uploads\/2025\/11\/LTP035-300x300.webp 300w, https:\/\/mountlaser.com\/wp-content\/uploads\/2025\/11\/LTP035-400x400.webp 400w, https:\/\/mountlaser.com\/wp-content\/uploads\/2025\/11\/LTP035-800x800.webp 800w, https:\/\/mountlaser.com\/wp-content\/uploads\/2025\/11\/LTP035-600x600.webp 600w, https:\/\/mountlaser.com\/wp-content\/uploads\/2025\/11\/LTP035-150x150.webp 150w, https:\/\/mountlaser.com\/wp-content\/uploads\/2025\/11\/LTP035-768x768.webp 768w, https:\/\/mountlaser.com\/wp-content\/uploads\/2025\/11\/LTP035-12x12.webp 12w\" sizes=\"(max-width: 500px) 100vw, 500px\" \/><\/p>\n<p data-start=\"951\" data-end=\"1200\">Con\u00e7u pour les professionnels de la construction, de l&#039;am\u00e9nagement et de la topographie, ce <a href=\"https:\/\/mountlaser.com\/fr_fr\/products\/\">Cible laser<\/a> Il offre un contraste am\u00e9lior\u00e9, des graduations faciles \u00e0 lire et une performance stable. Sa conception robuste garantit une utilisation fiable aussi bien \u00e0 l&#039;int\u00e9rieur qu&#039;\u00e0 l&#039;ext\u00e9rieur.<\/p>","protected":false},"excerpt":{"rendered":"<ul>\n<li>Am\u00e9liore la visibilit\u00e9 des lignes laser \u00e0 longue distance ou dans des environnements tr\u00e8s lumineux<\/li>\n<li>La surface r\u00e9fl\u00e9chissante am\u00e9liore le contraste pour un alignement pr\u00e9cis<\/li>\n<li>Disponible en rouge et blanc<\/li>\n<li>Disponible en trois tailles : 150 mm, 200 mm, 300 mm<\/li>\n<li>Graduations claires pour un positionnement de r\u00e9f\u00e9rence pr\u00e9cis<\/li>\n<li>Convient aux travaux de nivellement, d&#039;implantation et d&#039;arpentage<\/li>\n<li>Durable et stable pour une utilisation int\u00e9rieure et ext\u00e9rieure<\/li>\n<\/ul>","protected":false},"featured_media":4490,"comment_status":"open","ping_status":"closed","template":"","meta":[],"product_brand":[],"product_cat":[94,127],"product_tag":[],"class_list":{"0":"post-4485","1":"product","2":"type-product","3":"status-publish","4":"has-post-thumbnail","6":"product_cat-laser-level-accessory","7":"product_cat-laser-target","9":"first","10":"instock","11":"shipping-taxable","12":"product-type-simple"},"_links":{"self":[{"href":"https:\/\/mountlaser.com\/fr_fr\/wp-json\/wp\/v2\/product\/4485","targetHints":{"allow":["GET"]}}],"collection":[{"href":"https:\/\/mountlaser.com\/fr_fr\/wp-json\/wp\/v2\/product"}],"about":[{"href":"https:\/\/mountlaser.com\/fr_fr\/wp-json\/wp\/v2\/types\/product"}],"replies":[{"embeddable":true,"href":"https:\/\/mountlaser.com\/fr_fr\/wp-json\/wp\/v2\/comments?post=4485"}],"wp:featuredmedia":[{"embeddable":true,"href":"https:\/\/mountlaser.com\/fr_fr\/wp-json\/wp\/v2\/media\/4490"}],"wp:attachment":[{"href":"https:\/\/mountlaser.com\/fr_fr\/wp-json\/wp\/v2\/media?parent=4485"}],"wp:term":[{"taxonomy":"product_brand","embeddable":true,"href":"https:\/\/mountlaser.com\/fr_fr\/wp-json\/wp\/v2\/product_brand?post=4485"},{"taxonomy":"product_cat","embeddable":true,"href":"https:\/\/mountlaser.com\/fr_fr\/wp-json\/wp\/v2\/product_cat?post=4485"},{"taxonomy":"product_tag","embeddable":true,"href":"https:\/\/mountlaser.com\/fr_fr\/wp-json\/wp\/v2\/product_tag?post=4485"}],"curies":[{"name":"wp","href":"https:\/\/api.w.org\/{rel}","templated":true}]}}