{"id":4475,"date":"2025-11-17T05:34:16","date_gmt":"2025-11-17T05:34:16","guid":{"rendered":"https:\/\/mountlaser.com\/?post_type=product&#038;p=4475"},"modified":"2025-11-26T09:03:55","modified_gmt":"2025-11-26T09:03:55","slug":"ltp01-laser-target-plate","status":"publish","type":"product","link":"https:\/\/mountlaser.com\/fr_fr\/produit\/ltp01-laser-target-plate\/","title":{"rendered":"Plaque cible laser LTP01"},"content":{"rendered":"<p>Le <a href=\"https:\/\/mountlaser.com\/fr_fr\/products\/\"><strong>Plaque cible laser LTP01<\/strong><\/a> est un professionnel <a href=\"https:\/\/mountlaser.com\/fr_fr\/\"><strong>Cible de niveau laser<\/strong><\/a> Con\u00e7ue pour optimiser la visibilit\u00e9 du laser et am\u00e9liorer la pr\u00e9cision des mesures dans diverses conditions de chantier, cette plaque cible laser LTP01 robuste est dot\u00e9e d&#039;une surface r\u00e9fl\u00e9chissante \u00e0 contraste \u00e9lev\u00e9 qui capture clairement les lignes laser, facilitant ainsi et am\u00e9liorant la pr\u00e9cision des op\u00e9rations de nivellement et d&#039;alignement \u00e0 longue distance.<\/p>\n<p>Pour r\u00e9pondre aux diff\u00e9rents besoins d&#039;application, la cible laser LTP01 est disponible en deux couleurs\u00a0: rouge pour les lignes laser rouges et verte pour les lignes laser vertes. Utilis\u00e9e en int\u00e9rieur comme en ext\u00e9rieur, cette cible laser garantit une clart\u00e9 optimale en am\u00e9liorant le contraste du faisceau laser, notamment en environnement lumineux ou \u00e0 longue distance.<\/p>\n<p><img fetchpriority=\"high\" decoding=\"async\" class=\"aligncenter wp-image-4470\" src=\"https:\/\/mountlaser.com\/wp-content\/uploads\/2025\/11\/LTP013.webp\" alt=\"LTP01 laser target plate\" width=\"500\" height=\"500\" srcset=\"https:\/\/mountlaser.com\/wp-content\/uploads\/2025\/11\/LTP013.webp 1000w, https:\/\/mountlaser.com\/wp-content\/uploads\/2025\/11\/LTP013-300x300.webp 300w, https:\/\/mountlaser.com\/wp-content\/uploads\/2025\/11\/LTP013-400x400.webp 400w, https:\/\/mountlaser.com\/wp-content\/uploads\/2025\/11\/LTP013-800x800.webp 800w, https:\/\/mountlaser.com\/wp-content\/uploads\/2025\/11\/LTP013-600x600.webp 600w, https:\/\/mountlaser.com\/wp-content\/uploads\/2025\/11\/LTP013-150x150.webp 150w, https:\/\/mountlaser.com\/wp-content\/uploads\/2025\/11\/LTP013-768x768.webp 768w, https:\/\/mountlaser.com\/wp-content\/uploads\/2025\/11\/LTP013-12x12.webp 12w\" sizes=\"(max-width: 500px) 100vw, 500px\" \/><\/p>\n<p>Con\u00e7u pour les travaux de construction, d&#039;am\u00e9nagement int\u00e9rieur et de lev\u00e9s topographiques, ce <a href=\"https:\/\/mountlaser.com\/fr_fr\/contact-us\/\">Cible de niveau laser<\/a> Il offre un positionnement stable, des marquages faciles \u00e0 lire et des performances constantes, ce qui en fait un accessoire essentiel pour les professionnels qui d\u00e9pendent de mesures laser pr\u00e9cises.<\/p>","protected":false},"excerpt":{"rendered":"<ul>\n<li>Am\u00e9liore la visibilit\u00e9 des lignes laser \u00e0 longue distance ou dans des environnements tr\u00e8s lumineux.<\/li>\n<li>La surface r\u00e9fl\u00e9chissante am\u00e9liore le contraste pour les outils laser rouges et verts.<\/li>\n<li>Disponible en rouge (pour les lignes laser rouges) et en vert (pour les lignes laser vertes).<\/li>\n<li>Graduations claires pour un alignement et un r\u00e9f\u00e9rencement pr\u00e9cis.<\/li>\n<li>Conception stable pour une utilisation int\u00e9rieure et ext\u00e9rieure<\/li>\n<li>Id\u00e9al pour les t\u00e2ches de nivellement, d&#039;agencement et d&#039;alignement<\/li>\n<\/ul>","protected":false},"featured_media":4469,"comment_status":"open","ping_status":"closed","template":"","meta":[],"product_brand":[],"product_cat":[127,94],"product_tag":[],"class_list":{"0":"post-4475","1":"product","2":"type-product","3":"status-publish","4":"has-post-thumbnail","6":"product_cat-laser-target","7":"product_cat-laser-level-accessory","9":"first","10":"instock","11":"shipping-taxable","12":"product-type-simple"},"_links":{"self":[{"href":"https:\/\/mountlaser.com\/fr_fr\/wp-json\/wp\/v2\/product\/4475","targetHints":{"allow":["GET"]}}],"collection":[{"href":"https:\/\/mountlaser.com\/fr_fr\/wp-json\/wp\/v2\/product"}],"about":[{"href":"https:\/\/mountlaser.com\/fr_fr\/wp-json\/wp\/v2\/types\/product"}],"replies":[{"embeddable":true,"href":"https:\/\/mountlaser.com\/fr_fr\/wp-json\/wp\/v2\/comments?post=4475"}],"wp:featuredmedia":[{"embeddable":true,"href":"https:\/\/mountlaser.com\/fr_fr\/wp-json\/wp\/v2\/media\/4469"}],"wp:attachment":[{"href":"https:\/\/mountlaser.com\/fr_fr\/wp-json\/wp\/v2\/media?parent=4475"}],"wp:term":[{"taxonomy":"product_brand","embeddable":true,"href":"https:\/\/mountlaser.com\/fr_fr\/wp-json\/wp\/v2\/product_brand?post=4475"},{"taxonomy":"product_cat","embeddable":true,"href":"https:\/\/mountlaser.com\/fr_fr\/wp-json\/wp\/v2\/product_cat?post=4475"},{"taxonomy":"product_tag","embeddable":true,"href":"https:\/\/mountlaser.com\/fr_fr\/wp-json\/wp\/v2\/product_tag?post=4475"}],"curies":[{"name":"wp","href":"https:\/\/api.w.org\/{rel}","templated":true}]}}