{"id":4466,"date":"2025-11-17T04:56:35","date_gmt":"2025-11-17T04:56:35","guid":{"rendered":"https:\/\/mountlaser.com\/?post_type=product&#038;p=4466"},"modified":"2025-11-26T09:04:52","modified_gmt":"2025-11-26T09:04:52","slug":"lg01-laser-glasses","status":"publish","type":"product","link":"https:\/\/mountlaser.com\/fr_fr\/produit\/lg01-laser-glasses\/","title":{"rendered":"Lunettes laser LG01"},"content":{"rendered":"<p>D\u00e9couvrez une visibilit\u00e9 accrue et une pr\u00e9cision am\u00e9lior\u00e9e sur vos chantiers gr\u00e2ce \u00e0 notre <a href=\"https:\/\/mountlaser.com\/fr_fr\/\"><strong>Lunettes laser<\/strong><\/a>, Con\u00e7ues sp\u00e9cifiquement pour les professionnels utilisant des outils laser, ces lunettes de protection laser haut de gamme r\u00e9duisent les interf\u00e9rences de la lumi\u00e8re ambiante, permettant ainsi une vision plus nette et plus pr\u00e9cise du faisceau laser, m\u00eame en pleine lumi\u00e8re.<\/p>\n<p>Notre <a href=\"https:\/\/mountlaser.com\/fr_fr\/about-us\/\">mod\u00e8le LG01<\/a> Disponibles en deux coloris (verre rouge pour les lasers rouges et verre vert pour les lasers verts), ces lunettes laser garantissent une performance optimale pour toutes les applications laser. Que vous travailliez en int\u00e9rieur ou en ext\u00e9rieur, elles offrent une protection oculaire fiable et une visibilit\u00e9 accrue des lignes laser.<\/p>\n<p><img fetchpriority=\"high\" decoding=\"async\" class=\"aligncenter wp-image-4463\" src=\"https:\/\/mountlaser.com\/wp-content\/uploads\/2025\/11\/LG015.webp\" alt=\"LG01 Laser glasses\" width=\"500\" height=\"500\" srcset=\"https:\/\/mountlaser.com\/wp-content\/uploads\/2025\/11\/LG015.webp 1000w, https:\/\/mountlaser.com\/wp-content\/uploads\/2025\/11\/LG015-300x300.webp 300w, https:\/\/mountlaser.com\/wp-content\/uploads\/2025\/11\/LG015-400x400.webp 400w, https:\/\/mountlaser.com\/wp-content\/uploads\/2025\/11\/LG015-800x800.webp 800w, https:\/\/mountlaser.com\/wp-content\/uploads\/2025\/11\/LG015-600x600.webp 600w, https:\/\/mountlaser.com\/wp-content\/uploads\/2025\/11\/LG015-150x150.webp 150w, https:\/\/mountlaser.com\/wp-content\/uploads\/2025\/11\/LG015-768x768.webp 768w, https:\/\/mountlaser.com\/wp-content\/uploads\/2025\/11\/LG015-12x12.webp 12w\" sizes=\"(max-width: 500px) 100vw, 500px\" \/><\/p>\n<p>Con\u00e7u pour la durabilit\u00e9 et le confort, le <a href=\"https:\/\/mountlaser.com\/fr_fr\/contact-us\/\"><strong>Lunettes de s\u00e9curit\u00e9 laser<\/strong><\/a> Con\u00e7ues pour \u00eatre l\u00e9g\u00e8res, ergonomiques et tr\u00e8s r\u00e9sistantes aux chocs, ces lunettes permettent de travailler de longues heures sans fatigue. Gr\u00e2ce \u00e0 leur technologie de filtrage optimis\u00e9e, elles am\u00e9liorent le contraste des lignes laser, rendant ainsi les t\u00e2ches de nivellement, d&#039;alignement et de tra\u00e7age plus rapides et plus pr\u00e9cises.<\/p>","protected":false},"excerpt":{"rendered":"<ul>\n<li>Am\u00e9liore la visibilit\u00e9 des lignes laser dans des conditions d&#039;\u00e9clairage intenses ou difficiles.<\/li>\n<li>Filtre les longueurs d&#039;onde sp\u00e9cifiques de la lumi\u00e8re ambiante pour des lignes laser rouges ou vertes plus nettes.<\/li>\n<li>Assure une protection oculaire fiable lors des mesures laser.<\/li>\n<li>Disponible en options rouge (pour les lignes laser rouges) et verte (pour les lignes laser vertes).<\/li>\n<li>L\u00e9ger, durable et confortable pour une utilisation prolong\u00e9e<\/li>\n<\/ul>","protected":false},"featured_media":4460,"comment_status":"open","ping_status":"closed","template":"","meta":[],"product_brand":[],"product_cat":[94,126],"product_tag":[],"class_list":{"0":"post-4466","1":"product","2":"type-product","3":"status-publish","4":"has-post-thumbnail","6":"product_cat-laser-level-accessory","7":"product_cat-laser-glasses","9":"first","10":"instock","11":"shipping-taxable","12":"product-type-simple"},"_links":{"self":[{"href":"https:\/\/mountlaser.com\/fr_fr\/wp-json\/wp\/v2\/product\/4466","targetHints":{"allow":["GET"]}}],"collection":[{"href":"https:\/\/mountlaser.com\/fr_fr\/wp-json\/wp\/v2\/product"}],"about":[{"href":"https:\/\/mountlaser.com\/fr_fr\/wp-json\/wp\/v2\/types\/product"}],"replies":[{"embeddable":true,"href":"https:\/\/mountlaser.com\/fr_fr\/wp-json\/wp\/v2\/comments?post=4466"}],"wp:featuredmedia":[{"embeddable":true,"href":"https:\/\/mountlaser.com\/fr_fr\/wp-json\/wp\/v2\/media\/4460"}],"wp:attachment":[{"href":"https:\/\/mountlaser.com\/fr_fr\/wp-json\/wp\/v2\/media?parent=4466"}],"wp:term":[{"taxonomy":"product_brand","embeddable":true,"href":"https:\/\/mountlaser.com\/fr_fr\/wp-json\/wp\/v2\/product_brand?post=4466"},{"taxonomy":"product_cat","embeddable":true,"href":"https:\/\/mountlaser.com\/fr_fr\/wp-json\/wp\/v2\/product_cat?post=4466"},{"taxonomy":"product_tag","embeddable":true,"href":"https:\/\/mountlaser.com\/fr_fr\/wp-json\/wp\/v2\/product_tag?post=4466"}],"curies":[{"name":"wp","href":"https:\/\/api.w.org\/{rel}","templated":true}]}}