{"id":4457,"date":"2025-11-17T02:50:14","date_gmt":"2025-11-17T02:50:14","guid":{"rendered":"https:\/\/mountlaser.com\/?post_type=product&#038;p=4457"},"modified":"2025-11-26T09:13:03","modified_gmt":"2025-11-26T09:13:03","slug":"f550-photoelectric-integrated-tube","status":"publish","type":"product","link":"https:\/\/mountlaser.com\/fr_fr\/produit\/f550-photoelectric-integrated-tube\/","title":{"rendered":"Tube photo\u00e9lectrique int\u00e9gr\u00e9 F550"},"content":{"rendered":"<p>Le <a href=\"https:\/\/mountlaser.com\/fr_fr\/\"><strong>Tube photo\u00e9lectrique int\u00e9gr\u00e9 F550<\/strong><\/a> Le F550 est un accessoire de d\u00e9tection haute performance con\u00e7u sp\u00e9cifiquement pour l&#039;\u00e9talonnage d&#039;instruments de collimation de pr\u00e9cision. Dot\u00e9 d&#039;un support de montage stable et d&#039;une colonne de support, le F550 garantit une installation s\u00e9curis\u00e9e et une d\u00e9tection optique fiable lors des proc\u00e9dures d&#039;alignement. En tant que module de d\u00e9tection avanc\u00e9, <a href=\"https:\/\/mountlaser.com\/fr_fr\/products\/\"><strong>Tube photo\u00e9lectrique int\u00e9gr\u00e9 F550 pour collimateur laser<\/strong><\/a> Elle am\u00e9liore la sensibilit\u00e9 de mesure, ce qui la rend id\u00e9ale pour les laboratoires d&#039;\u00e9talonnage, les centres de r\u00e9paration d&#039;instruments topographiques et les environnements de m\u00e9trologie.<\/p>\n<p><img fetchpriority=\"high\" decoding=\"async\" class=\"aligncenter wp-image-4454\" src=\"https:\/\/mountlaser.com\/wp-content\/uploads\/2025\/11\/1-3-F550_\u526f\u672c.webp\" alt=\"F550 Photoelectric Integrated Tube\" width=\"500\" height=\"500\" srcset=\"https:\/\/mountlaser.com\/wp-content\/uploads\/2025\/11\/1-3-F550_\u526f\u672c.webp 800w, https:\/\/mountlaser.com\/wp-content\/uploads\/2025\/11\/1-3-F550_\u526f\u672c-300x300.webp 300w, https:\/\/mountlaser.com\/wp-content\/uploads\/2025\/11\/1-3-F550_\u526f\u672c-400x400.webp 400w, https:\/\/mountlaser.com\/wp-content\/uploads\/2025\/11\/1-3-F550_\u526f\u672c-600x600.webp 600w, https:\/\/mountlaser.com\/wp-content\/uploads\/2025\/11\/1-3-F550_\u526f\u672c-150x150.webp 150w, https:\/\/mountlaser.com\/wp-content\/uploads\/2025\/11\/1-3-F550_\u526f\u672c-768x768.webp 768w, https:\/\/mountlaser.com\/wp-content\/uploads\/2025\/11\/1-3-F550_\u526f\u672c-12x12.webp 12w\" sizes=\"(max-width: 500px) 100vw, 500px\" \/><\/p>\n<p>Con\u00e7u pour la compatibilit\u00e9 et la pr\u00e9cision, le <a href=\"https:\/\/mountlaser.com\/fr_fr\/contact-us\/\">Tube photo\u00e9lectrique int\u00e9gr\u00e9 F550<\/a> Le tube photo\u00e9lectrique int\u00e9gr\u00e9 pour collimateur laser offre un retour d&#039;information rapide et fiable lors de l&#039;\u00e9talonnage des stations totales, des niveaux et autres appareils optiques. Sa r\u00e9ponse optique optimis\u00e9e et sa structure m\u00e9canique robuste en font un accessoire indispensable pour un alignement optique pr\u00e9cis et constant.<\/p>","protected":false},"excerpt":{"rendered":"<ul>\n<li>Fournit une d\u00e9tection photo\u00e9lectrique haute sensibilit\u00e9 pour les syst\u00e8mes de collimateurs laser<\/li>\n<li>Am\u00e9liore la pr\u00e9cision de l&#039;alignement et la r\u00e9p\u00e9tabilit\u00e9 de l&#039;\u00e9talonnage<\/li>\n<li>Livr\u00e9 avec un support et un pilier de maintien robustes pour une fixation s\u00e9curis\u00e9e.<\/li>\n<li>Permet un retour d&#039;information fiable lors de la collimation des instruments topographiques<\/li>\n<li>Con\u00e7u pour les environnements d&#039;\u00e9talonnage professionnels exigeant une grande pr\u00e9cision<\/li>\n<\/ul>","protected":false},"featured_media":4454,"comment_status":"open","ping_status":"closed","template":"","meta":[],"product_brand":[],"product_cat":[125,71],"product_tag":[],"class_list":{"0":"post-4457","1":"product","2":"type-product","3":"status-publish","4":"has-post-thumbnail","6":"product_cat-collimator-instrument","7":"product_cat-calibration-testing-instrument","9":"first","10":"instock","11":"shipping-taxable","12":"product-type-simple"},"_links":{"self":[{"href":"https:\/\/mountlaser.com\/fr_fr\/wp-json\/wp\/v2\/product\/4457","targetHints":{"allow":["GET"]}}],"collection":[{"href":"https:\/\/mountlaser.com\/fr_fr\/wp-json\/wp\/v2\/product"}],"about":[{"href":"https:\/\/mountlaser.com\/fr_fr\/wp-json\/wp\/v2\/types\/product"}],"replies":[{"embeddable":true,"href":"https:\/\/mountlaser.com\/fr_fr\/wp-json\/wp\/v2\/comments?post=4457"}],"wp:featuredmedia":[{"embeddable":true,"href":"https:\/\/mountlaser.com\/fr_fr\/wp-json\/wp\/v2\/media\/4454"}],"wp:attachment":[{"href":"https:\/\/mountlaser.com\/fr_fr\/wp-json\/wp\/v2\/media?parent=4457"}],"wp:term":[{"taxonomy":"product_brand","embeddable":true,"href":"https:\/\/mountlaser.com\/fr_fr\/wp-json\/wp\/v2\/product_brand?post=4457"},{"taxonomy":"product_cat","embeddable":true,"href":"https:\/\/mountlaser.com\/fr_fr\/wp-json\/wp\/v2\/product_cat?post=4457"},{"taxonomy":"product_tag","embeddable":true,"href":"https:\/\/mountlaser.com\/fr_fr\/wp-json\/wp\/v2\/product_tag?post=4457"}],"curies":[{"name":"wp","href":"https:\/\/api.w.org\/{rel}","templated":true}]}}