{"id":4451,"date":"2025-11-17T02:33:56","date_gmt":"2025-11-17T02:33:56","guid":{"rendered":"https:\/\/mountlaser.com\/?post_type=product&#038;p=4451"},"modified":"2025-11-26T09:14:20","modified_gmt":"2025-11-26T09:14:20","slug":"tb550-photoelectric-integrated-tube","status":"publish","type":"product","link":"https:\/\/mountlaser.com\/fr_fr\/produit\/tb550-photoelectric-integrated-tube\/","title":{"rendered":"Tube photo\u00e9lectrique int\u00e9gr\u00e9 TB550"},"content":{"rendered":"<p>Le <a href=\"https:\/\/mountlaser.com\/fr_fr\/\"><strong>Tube photo\u00e9lectrique int\u00e9gr\u00e9 TB550<\/strong><\/a> Le TB550 est un accessoire sp\u00e9cialis\u00e9 con\u00e7u pour am\u00e9liorer la pr\u00e9cision et la capacit\u00e9 de d\u00e9tection des syst\u00e8mes de collimation modernes. Fabriqu\u00e9 avec une construction robuste et fourni avec un support de montage d\u00e9di\u00e9, le TB550 garantit une installation stable et des performances fiables en environnement d&#039;\u00e9talonnage. Accessoire de pr\u00e9cision, <a href=\"https:\/\/mountlaser.com\/fr_fr\/products\/\"><strong>Tube photo\u00e9lectrique int\u00e9gr\u00e9 TB550 pour collimateur laser<\/strong><\/a> Elle prend en charge la d\u00e9tection optique haute sensibilit\u00e9, ce qui la rend id\u00e9ale pour les laboratoires, les centres de r\u00e9paration d&#039;instruments et les applications de m\u00e9trologie.<\/p>\n<p><img fetchpriority=\"high\" decoding=\"async\" class=\"aligncenter wp-image-4453\" src=\"https:\/\/mountlaser.com\/wp-content\/uploads\/2025\/11\/1-2-TB550_\u526f\u672c1.webp\" alt=\"TB550 Photoelectric Integrated Tube\" width=\"500\" height=\"500\" srcset=\"https:\/\/mountlaser.com\/wp-content\/uploads\/2025\/11\/1-2-TB550_\u526f\u672c1.webp 800w, https:\/\/mountlaser.com\/wp-content\/uploads\/2025\/11\/1-2-TB550_\u526f\u672c1-300x300.webp 300w, https:\/\/mountlaser.com\/wp-content\/uploads\/2025\/11\/1-2-TB550_\u526f\u672c1-400x400.webp 400w, https:\/\/mountlaser.com\/wp-content\/uploads\/2025\/11\/1-2-TB550_\u526f\u672c1-600x600.webp 600w, https:\/\/mountlaser.com\/wp-content\/uploads\/2025\/11\/1-2-TB550_\u526f\u672c1-150x150.webp 150w, https:\/\/mountlaser.com\/wp-content\/uploads\/2025\/11\/1-2-TB550_\u526f\u672c1-768x768.webp 768w, https:\/\/mountlaser.com\/wp-content\/uploads\/2025\/11\/1-2-TB550_\u526f\u672c1-12x12.webp 12w\" sizes=\"(max-width: 500px) 100vw, 500px\" \/><\/p>\n<p>Associ\u00e9 \u00e0 un syst\u00e8me de collimation, le <a href=\"https:\/\/mountlaser.com\/fr_fr\/contact-us\/\">Tube photo\u00e9lectrique int\u00e9gr\u00e9 TB550<\/a> Le tube photo\u00e9lectrique int\u00e9gr\u00e9 TB550 pour collimateur laser offre un retour d&#039;information plus pr\u00e9cis sur l&#039;alignement et une meilleure coh\u00e9rence des mesures. Sa technologie de d\u00e9tection photo\u00e9lectrique avanc\u00e9e garantit une collecte de donn\u00e9es claire, r\u00e9active et reproductible. Pour les professionnels exigeant des accessoires de d\u00e9tection fiables, le tube photo\u00e9lectrique int\u00e9gr\u00e9 TB550 pour collimateur laser repr\u00e9sente une am\u00e9lioration essentielle de tout processus d&#039;\u00e9talonnage.<\/p>","protected":false},"excerpt":{"rendered":"<ul>\n<li>Fournit une d\u00e9tection optique haute sensibilit\u00e9 pour les instruments de collimation<\/li>\n<li>Am\u00e9liore la pr\u00e9cision des mesures et la r\u00e9p\u00e9tabilit\u00e9 de l&#039;\u00e9talonnage<\/li>\n<li>Comprend un support de montage robuste pour une installation s\u00fbre et stable.<\/li>\n<li>Am\u00e9liore le retour d&#039;information visuel et \u00e9lectronique lors de l&#039;alignement des instruments<\/li>\n<li>Compatible avec divers syst\u00e8mes de collimateurs laser pour une utilit\u00e9 \u00e9tendue<\/li>\n<\/ul>","protected":false},"featured_media":4452,"comment_status":"open","ping_status":"closed","template":"","meta":[],"product_brand":[],"product_cat":[125,71],"product_tag":[],"class_list":{"0":"post-4451","1":"product","2":"type-product","3":"status-publish","4":"has-post-thumbnail","6":"product_cat-collimator-instrument","7":"product_cat-calibration-testing-instrument","9":"first","10":"instock","11":"shipping-taxable","12":"product-type-simple"},"_links":{"self":[{"href":"https:\/\/mountlaser.com\/fr_fr\/wp-json\/wp\/v2\/product\/4451","targetHints":{"allow":["GET"]}}],"collection":[{"href":"https:\/\/mountlaser.com\/fr_fr\/wp-json\/wp\/v2\/product"}],"about":[{"href":"https:\/\/mountlaser.com\/fr_fr\/wp-json\/wp\/v2\/types\/product"}],"replies":[{"embeddable":true,"href":"https:\/\/mountlaser.com\/fr_fr\/wp-json\/wp\/v2\/comments?post=4451"}],"wp:featuredmedia":[{"embeddable":true,"href":"https:\/\/mountlaser.com\/fr_fr\/wp-json\/wp\/v2\/media\/4452"}],"wp:attachment":[{"href":"https:\/\/mountlaser.com\/fr_fr\/wp-json\/wp\/v2\/media?parent=4451"}],"wp:term":[{"taxonomy":"product_brand","embeddable":true,"href":"https:\/\/mountlaser.com\/fr_fr\/wp-json\/wp\/v2\/product_brand?post=4451"},{"taxonomy":"product_cat","embeddable":true,"href":"https:\/\/mountlaser.com\/fr_fr\/wp-json\/wp\/v2\/product_cat?post=4451"},{"taxonomy":"product_tag","embeddable":true,"href":"https:\/\/mountlaser.com\/fr_fr\/wp-json\/wp\/v2\/product_tag?post=4451"}],"curies":[{"name":"wp","href":"https:\/\/api.w.org\/{rel}","templated":true}]}}